{"id":2449,"date":"2025-07-18T08:22:52","date_gmt":"2025-07-18T08:22:52","guid":{"rendered":"https:\/\/ecavix.com\/?post_type=product&#038;p=2449"},"modified":"2025-08-05T06:50:08","modified_gmt":"2025-08-05T06:50:08","slug":"batterie-rechargeable-au-lithium-pour-velo-electrique-250-1000w","status":"publish","type":"product","link":"https:\/\/ecavix.com\/fr\/product\/lithium-rechargeable-battery-for-250-1000w-electric-bike\/","title":{"rendered":"Batterie rechargeable au lithium pour v\u00e9lo \u00e9lectrique 250-1000 W"},"content":{"rendered":"<br \/>\n<h1>Batterie lithium 36V pour v\u00e9lo \u00e9lectrique<\/h1>\n<h2>Aper\u00e7u du produit<\/h2>\n<table>\n<tr>\n<th>Mod\u00e8le<\/th>\n<td>DL-3610<\/td>\n<\/tr>\n<tr>\n<th>Type de batterie<\/th>\n<td>Batterie au lithium 18650<\/td>\n<\/tr>\n<tr>\n<th>Tension nominale<\/th>\n<td>36V<\/td>\n<\/tr>\n<tr>\n<th>Capacit\u00e9 nominale<\/th>\n<td>10Ah,15Ah<\/td>\n<\/tr>\n<tr>\n<th>Configuration<\/th>\n<td>10S4P (10 s\u00e9ries, 4 parall\u00e8les)<\/td>\n<\/tr>\n<tr>\n<th>Tension de charge<\/th>\n<td>42V<\/td>\n<\/tr>\n<tr>\n<th>Courant de charge standard<\/th>\n<td>2A<\/td>\n<\/tr>\n<tr>\n<th>Courant de d\u00e9charge continu<\/th>\n<td>15A,30A<\/td>\n<\/tr>\n<tr>\n<th>Tension de coupure de la d\u00e9charge<\/th>\n<td>28V<\/td>\n<\/tr>\n<tr>\n<th>Cycle de vie<\/th>\n<td>500 cycles<\/td>\n<\/tr>\n<tr>\n<th>Garantie<\/th>\n<td>1 an<\/td>\n<\/tr>\n<tr>\n<th>Protection du BMS<\/th>\n<td>Surcharge, surd\u00e9charge, surintensit\u00e9, court-circuit<\/td>\n<\/tr>\n<tr>\n<th>Puissance du moteur<\/th>\n<td>250W-1000W<\/td>\n<\/tr>\n<tr>\n<th>Temp\u00e9rature de charge<\/th>\n<td>0\u00b0C ~ 45\u00b0C<\/td>\n<\/tr>\n<tr>\n<th>Temp\u00e9rature de refoulement<\/th>\n<td>-20\u00b0C ~ 60\u00b0C<\/td>\n<\/tr>\n<tr>\n<th>Poids<\/th>\n<td>3,5 kg - 4 kg<\/td>\n<\/tr>\n<tr>\n<th>Dimensions<\/th>\n<td>367 \u00d7 90 \u00d7 111 mm<\/td>\n<\/tr>\n<tr>\n<th>Couleur<\/th>\n<td>Noir<\/td>\n<\/tr>\n<tr>\n<th>Origine<\/th>\n<td>Chine<\/td>\n<\/tr>\n<tr>\n<th>Port<\/th>\n<td>Shenzhen, Chine<\/td>\n<\/tr>\n<tr>\n<th>Capacit\u00e9 de production<\/th>\n<td>5000 PCS\/semaine<\/td>\n<\/tr>\n<tr>\n<th>Conditions de paiement<\/th>\n<td>L\/C, T\/T, D\/P, Western Union, Paypal, Money Gram, Cash<\/td>\n<\/tr>\n<tr>\n<th>Emballage<\/th>\n<td>EPE Pearl Cotton + Cartons \u00e9pais<\/td>\n<\/tr>\n<\/table>\n<h2>Caract\u00e9ristiques principales<\/h2>\n<div class=\"features-grid\">\n<div class=\"feature-box\">\n<h3>Une alimentation fiable<\/h3>\n<p>Sortie 36V stable avec une capacit\u00e9 de 10Ah, id\u00e9ale pour les v\u00e9los \u00e9lectriques jusqu'\u00e0 1000W de puissance moteur.<\/p>\n<\/p><\/div>\n<div class=\"feature-box\">\n<h3>Bo\u00eetier durable<\/h3>\n<p>La coque protectrice avec emballage en mousse EPE garantit un transport s\u00fbr et une utilisation durable.<\/p>\n<\/p><\/div>\n<div class=\"feature-box\">\n<h3>Protection s\u00fbre du BMS<\/h3>\n<p>BMS int\u00e9gr\u00e9 pour la protection contre la surcharge, la surd\u00e9charge et les courts-circuits.<\/p>\n<\/p><\/div>\n<div class=\"feature-box\">\n<h3>Compact et l\u00e9ger<\/h3>\n<p>Seulement 3,5 kg et facile \u00e0 installer sur les v\u00e9los \u00e9lectriques standard.<\/p>\n<\/p><\/div>\n<\/p><\/div>\n<h2>Applications<\/h2>\n<ul>\n<li>V\u00e9los \u00e9lectriques (moteurs 250W - 1000W)<\/li>\n<li>Dispositifs personnels de mobilit\u00e9 \u00e9lectronique<\/li>\n<li>V\u00e9los \u00e9lectriques de loisir et de banlieue<\/li>\n<li>V\u00e9hicules \u00e9lectriques l\u00e9gers<\/li>\n<\/ul>","protected":false},"excerpt":{"rendered":"<p>Batterie lithium rechargeable 36V 10Ah 15AH avec cellules 18650 et configuration 10S4P, id\u00e9ale pour les v\u00e9los \u00e9lectriques 250W-1000W. Fiable, l\u00e9g\u00e8re et durable.<\/p>","protected":false},"featured_media":3052,"comment_status":"closed","ping_status":"closed","template":"","meta":{"_uag_custom_page_level_css":"","neve_meta_sidebar":"","neve_meta_container":"","neve_meta_enable_content_width":"off","neve_meta_content_width":100,"neve_meta_title_alignment":"","neve_meta_author_avatar":"","neve_post_elements_order":"","neve_meta_disable_header":"","neve_meta_disable_footer":"","neve_meta_disable_title":""},"product_brand":[],"product_cat":[47,45,43],"product_tag":[],"class_list":{"0":"post-2449","1":"product","2":"type-product","3":"status-publish","4":"has-post-thumbnail","6":"product_cat-36v-e-bike-battery","7":"product_cat-e-bike-battery","8":"product_cat-power-battery","10":"first","11":"instock","12":"shipping-taxable","13":"product-type-simple"},"uagb_featured_image_src":{"full":["https:\/\/ecavix.com\/wp-content\/uploads\/2025\/07\/ElectricBicycle04-scaled.jpg",2560,1844,false],"thumbnail":["https:\/\/ecavix.com\/wp-content\/uploads\/2025\/07\/ElectricBicycle04-150x150.jpg",150,150,true],"medium":["https:\/\/ecavix.com\/wp-content\/uploads\/2025\/07\/ElectricBicycle04-300x216.jpg",300,216,true],"medium_large":["https:\/\/ecavix.com\/wp-content\/uploads\/2025\/07\/ElectricBicycle04-768x553.jpg",768,553,true],"large":["https:\/\/ecavix.com\/wp-content\/uploads\/2025\/07\/ElectricBicycle04-1024x738.jpg",1024,738,true],"1536x1536":["https:\/\/ecavix.com\/wp-content\/uploads\/2025\/07\/ElectricBicycle04-1536x1107.jpg",1536,1107,true],"2048x2048":["https:\/\/ecavix.com\/wp-content\/uploads\/2025\/07\/ElectricBicycle04-2048x1475.jpg",2048,1475,true],"trp-custom-language-flag":["https:\/\/ecavix.com\/wp-content\/uploads\/2025\/07\/ElectricBicycle04-scaled.jpg",18,12,false],"neve-blog":["https:\/\/ecavix.com\/wp-content\/uploads\/2025\/07\/ElectricBicycle04-930x620.jpg",930,620,true],"woocommerce_thumbnail":["https:\/\/ecavix.com\/wp-content\/uploads\/2025\/07\/ElectricBicycle04-300x300.jpg",300,300,true],"woocommerce_single":["https:\/\/ecavix.com\/wp-content\/uploads\/2025\/07\/ElectricBicycle04-600x432.jpg",600,432,true],"woocommerce_gallery_thumbnail":["https:\/\/ecavix.com\/wp-content\/uploads\/2025\/07\/ElectricBicycle04-100x100.jpg",100,100,true]},"uagb_author_info":{"display_name":"solvitaenergylimited@gmail.com","author_link":"https:\/\/ecavix.com\/fr\/author\/"},"uagb_comment_info":0,"uagb_excerpt":"36V 10Ah 15AH rechargeable lithium battery with 18650 cells and 10S4P configuration, ideal for 250W\u20131000W electric bikes. Reliable, lightweight, and long-lasting.","_links":{"self":[{"href":"https:\/\/ecavix.com\/fr\/wp-json\/wp\/v2\/product\/2449","targetHints":{"allow":["GET"]}}],"collection":[{"href":"https:\/\/ecavix.com\/fr\/wp-json\/wp\/v2\/product"}],"about":[{"href":"https:\/\/ecavix.com\/fr\/wp-json\/wp\/v2\/types\/product"}],"replies":[{"embeddable":true,"href":"https:\/\/ecavix.com\/fr\/wp-json\/wp\/v2\/comments?post=2449"}],"wp:featuredmedia":[{"embeddable":true,"href":"https:\/\/ecavix.com\/fr\/wp-json\/wp\/v2\/media\/3052"}],"wp:attachment":[{"href":"https:\/\/ecavix.com\/fr\/wp-json\/wp\/v2\/media?parent=2449"}],"wp:term":[{"taxonomy":"product_brand","embeddable":true,"href":"https:\/\/ecavix.com\/fr\/wp-json\/wp\/v2\/product_brand?post=2449"},{"taxonomy":"product_cat","embeddable":true,"href":"https:\/\/ecavix.com\/fr\/wp-json\/wp\/v2\/product_cat?post=2449"},{"taxonomy":"product_tag","embeddable":true,"href":"https:\/\/ecavix.com\/fr\/wp-json\/wp\/v2\/product_tag?post=2449"}],"curies":[{"name":"wp","href":"https:\/\/api.w.org\/{rel}","templated":true}]}}