{"id":2407,"date":"2025-07-18T06:42:36","date_gmt":"2025-07-18T06:42:36","guid":{"rendered":"https:\/\/ecavix.com\/?post_type=product&#038;p=2407"},"modified":"2025-07-18T06:43:22","modified_gmt":"2025-07-18T06:43:22","slug":"batterie-lithium-ion-48v-48v20ah-batterie-velo-scooter-electrique-1000w-48v","status":"publish","type":"product","link":"https:\/\/ecavix.com\/fr\/product\/48v-lithium-ion-battery-48v20ah-bike-battery-electric-scooter-1000w-48v\/","title":{"rendered":"Batterie lithium-ion 48 V Batterie de v\u00e9lo 48 V 20 Ah Scooter \u00e9lectrique 1000 W 48 V"},"content":{"rendered":"<br \/>\n<h1>Batterie Lithium Ion 48V 20Ah pour scooter \u00e9lectrique et Ebike<\/h1>\n<div class=\"share-buttons\">\n    <!-- ShareThis BEGIN --><\/p>\n<div class=\"sharethis-inline-share-buttons\"><\/div>\n<p>    <script type=\"text\/javascript\" src=\"https:\/\/platform-api.sharethis.com\/js\/sharethis.js#property=YOUR_PROPERTY_KEY&#038;product=inline-share-buttons\" async=\"async\"><\/script><br \/>\n    <!-- ShareThis END -->\n  <\/div>\n<h2>Aper\u00e7u du produit<\/h2>\n<table>\n<tr>\n<th>Mod\u00e8le<\/th>\n<td>DL-4820<\/td>\n<\/tr>\n<tr>\n<th>Tension nominale<\/th>\n<td>48V<\/td>\n<\/tr>\n<tr>\n<th>Tension de charge<\/th>\n<td>54.6V<\/td>\n<\/tr>\n<tr>\n<th>Capacit\u00e9 nominale<\/th>\n<td>20Ah (Min)<\/td>\n<\/tr>\n<tr>\n<th>Type de batterie<\/th>\n<td>Li-ion (cellules 18650)<\/td>\n<\/tr>\n<tr>\n<th>Configuration<\/th>\n<td>13S8P<\/td>\n<\/tr>\n<tr>\n<th>Courant de charge maximal<\/th>\n<td>4A<\/td>\n<\/tr>\n<tr>\n<th>Courant de d\u00e9charge maximal<\/th>\n<td>40A<\/td>\n<\/tr>\n<tr>\n<th>Tension de coupure de la d\u00e9charge<\/th>\n<td>39V<\/td>\n<\/tr>\n<tr>\n<th>Temp\u00e9rature de charge<\/th>\n<td>0~45\u00b0C<\/td>\n<\/tr>\n<tr>\n<th>Temp\u00e9rature de refoulement<\/th>\n<td>-20~60\u00b0C<\/td>\n<\/tr>\n<tr>\n<th>Temp\u00e9rature de stockage<\/th>\n<td>-20~35\u00b0C (6 mois)<\/td>\n<\/tr>\n<tr>\n<th>Cycle de vie<\/th>\n<td>&gt;500 cycles<\/td>\n<\/tr>\n<tr>\n<th>Poids<\/th>\n<td>6kg<\/td>\n<\/tr>\n<tr>\n<th>Dimensions<\/th>\n<td>300\u00d7135\u00d770mm<\/td>\n<\/tr>\n<tr>\n<th>Application<\/th>\n<td>Scooter \u00e9lectrique 1000W, Ebike<\/td>\n<\/tr>\n<tr>\n<th>Marque d\u00e9pos\u00e9e<\/th>\n<td>Delong<\/td>\n<\/tr>\n<tr>\n<th>Origine<\/th>\n<td>Chine<\/td>\n<\/tr>\n<tr>\n<th>Port<\/th>\n<td>Shenzhen, Chine<\/td>\n<\/tr>\n<tr>\n<th>Conditions de paiement<\/th>\n<td>T\/T, Paypal<\/td>\n<\/tr>\n<\/table>\n<h2>Caract\u00e9ristiques principales<\/h2>\n<div class=\"features-grid\">\n<div class=\"feature-box\">\n<h3>Protection stable du BMS<\/h3>\n<p>Comprend une protection contre les courts-circuits, les surcharges, les surd\u00e9charges et les surintensit\u00e9s pour une utilisation s\u00fbre et fiable.<\/p>\n<\/p><\/div>\n<div class=\"feature-box\">\n<h3>Puissance de sortie<\/h3>\n<p>Prend en charge des moteurs jusqu'\u00e0 1000W avec une d\u00e9charge continue de 40A, id\u00e9al pour les v\u00e9hicules \u00e9lectriques de haute performance.<\/p>\n<\/p><\/div>\n<div class=\"feature-box\">\n<h3>Cycle de vie long<\/h3>\n<p>Plus de 500 cycles garantissent une utilisation \u00e0 long terme et une maintenance r\u00e9duite.<\/p>\n<\/p><\/div>\n<div class=\"feature-box\">\n<h3>Options personnalis\u00e9es<\/h3>\n<p>Disponible en 10Ah, 11Ah, 12Ah, 15Ah, 24V, 36V, 48V ; personnalisation accept\u00e9e pour la tension, la capacit\u00e9 et la forme.<\/p>\n<\/p><\/div>\n<\/p><\/div>\n<h2>Domaines d'application<\/h2>\n<ul>\n<li>Scooters \u00e9lectriques (jusqu'\u00e0 1000W)<\/li>\n<li>V\u00e9los \u00e9lectriques<\/li>\n<li>Appareils de mobilit\u00e9 \u00e9lectrique<\/li>\n<li>Syst\u00e8mes de stockage d'\u00e9nergie portables<\/li>\n<\/ul>\n<h2>Pourquoi choisir cette batterie ?<\/h2>\n<ul>\n<li>\u00c9l\u00e9ments de batterie 18650 compacts et cylindriques<\/li>\n<li>Densit\u00e9 \u00e9nerg\u00e9tique \u00e9lev\u00e9e par volume<\/li>\n<li>Alimentation en tension l\u00e9g\u00e8re et stable<\/li>\n<li>Pas d'effet m\u00e9moire, facile \u00e0 recharger \u00e0 tout moment<\/li>\n<li>Conforme aux normes environnementales RoHS<\/li>\n<\/ul>","protected":false},"excerpt":{"rendered":"<p>Batterie lithium-ion 48V d'une capacit\u00e9 de 20Ah pour les v\u00e9los et scooters \u00e9lectriques de 1000W. Densit\u00e9 \u00e9nerg\u00e9tique \u00e9lev\u00e9e, BMS fiable et dur\u00e9e de vie de plus de 500 cycles.<\/p>","protected":false},"featured_media":2284,"comment_status":"open","ping_status":"closed","template":"","meta":{"_uag_custom_page_level_css":"","neve_meta_sidebar":"","neve_meta_container":"","neve_meta_enable_content_width":"off","neve_meta_content_width":100,"neve_meta_title_alignment":"","neve_meta_author_avatar":"","neve_post_elements_order":"","neve_meta_disable_header":"","neve_meta_disable_footer":"","neve_meta_disable_title":""},"product_brand":[],"product_cat":[43],"product_tag":[],"class_list":{"0":"post-2407","1":"product","2":"type-product","3":"status-publish","4":"has-post-thumbnail","6":"product_cat-power-battery","8":"first","9":"instock","10":"shipping-taxable","11":"product-type-simple"},"uagb_featured_image_src":{"full":["https:\/\/ecavix.com\/wp-content\/uploads\/2025\/07\/59-2V-25-6ah-Rechargeable-Lithium-Ion-Battery-Pack-for-18650-Battery-Pack5-800-800.png",550,550,false],"thumbnail":["https:\/\/ecavix.com\/wp-content\/uploads\/2025\/07\/59-2V-25-6ah-Rechargeable-Lithium-Ion-Battery-Pack-for-18650-Battery-Pack5-800-800-150x150.png",150,150,true],"medium":["https:\/\/ecavix.com\/wp-content\/uploads\/2025\/07\/59-2V-25-6ah-Rechargeable-Lithium-Ion-Battery-Pack-for-18650-Battery-Pack5-800-800-300x300.png",300,300,true],"medium_large":["https:\/\/ecavix.com\/wp-content\/uploads\/2025\/07\/59-2V-25-6ah-Rechargeable-Lithium-Ion-Battery-Pack-for-18650-Battery-Pack5-800-800.png",550,550,false],"large":["https:\/\/ecavix.com\/wp-content\/uploads\/2025\/07\/59-2V-25-6ah-Rechargeable-Lithium-Ion-Battery-Pack-for-18650-Battery-Pack5-800-800.png",550,550,false],"1536x1536":["https:\/\/ecavix.com\/wp-content\/uploads\/2025\/07\/59-2V-25-6ah-Rechargeable-Lithium-Ion-Battery-Pack-for-18650-Battery-Pack5-800-800.png",550,550,false],"2048x2048":["https:\/\/ecavix.com\/wp-content\/uploads\/2025\/07\/59-2V-25-6ah-Rechargeable-Lithium-Ion-Battery-Pack-for-18650-Battery-Pack5-800-800.png",550,550,false],"trp-custom-language-flag":["https:\/\/ecavix.com\/wp-content\/uploads\/2025\/07\/59-2V-25-6ah-Rechargeable-Lithium-Ion-Battery-Pack-for-18650-Battery-Pack5-800-800.png",12,12,false],"neve-blog":["https:\/\/ecavix.com\/wp-content\/uploads\/2025\/07\/59-2V-25-6ah-Rechargeable-Lithium-Ion-Battery-Pack-for-18650-Battery-Pack5-800-800.png",550,550,false],"woocommerce_thumbnail":["https:\/\/ecavix.com\/wp-content\/uploads\/2025\/07\/59-2V-25-6ah-Rechargeable-Lithium-Ion-Battery-Pack-for-18650-Battery-Pack5-800-800-300x300.png",300,300,true],"woocommerce_single":["https:\/\/ecavix.com\/wp-content\/uploads\/2025\/07\/59-2V-25-6ah-Rechargeable-Lithium-Ion-Battery-Pack-for-18650-Battery-Pack5-800-800.png",550,550,false],"woocommerce_gallery_thumbnail":["https:\/\/ecavix.com\/wp-content\/uploads\/2025\/07\/59-2V-25-6ah-Rechargeable-Lithium-Ion-Battery-Pack-for-18650-Battery-Pack5-800-800-100x100.png",100,100,true]},"uagb_author_info":{"display_name":"solvitaenergylimited@gmail.com","author_link":"https:\/\/ecavix.com\/fr\/author\/"},"uagb_comment_info":0,"uagb_excerpt":"48V lithium-ion battery pack with 20Ah capacity for 1000W electric bikes and scooters. High energy density, reliable BMS, and over 500 cycles lifespan.","_links":{"self":[{"href":"https:\/\/ecavix.com\/fr\/wp-json\/wp\/v2\/product\/2407","targetHints":{"allow":["GET"]}}],"collection":[{"href":"https:\/\/ecavix.com\/fr\/wp-json\/wp\/v2\/product"}],"about":[{"href":"https:\/\/ecavix.com\/fr\/wp-json\/wp\/v2\/types\/product"}],"replies":[{"embeddable":true,"href":"https:\/\/ecavix.com\/fr\/wp-json\/wp\/v2\/comments?post=2407"}],"wp:featuredmedia":[{"embeddable":true,"href":"https:\/\/ecavix.com\/fr\/wp-json\/wp\/v2\/media\/2284"}],"wp:attachment":[{"href":"https:\/\/ecavix.com\/fr\/wp-json\/wp\/v2\/media?parent=2407"}],"wp:term":[{"taxonomy":"product_brand","embeddable":true,"href":"https:\/\/ecavix.com\/fr\/wp-json\/wp\/v2\/product_brand?post=2407"},{"taxonomy":"product_cat","embeddable":true,"href":"https:\/\/ecavix.com\/fr\/wp-json\/wp\/v2\/product_cat?post=2407"},{"taxonomy":"product_tag","embeddable":true,"href":"https:\/\/ecavix.com\/fr\/wp-json\/wp\/v2\/product_tag?post=2407"}],"curies":[{"name":"wp","href":"https:\/\/api.w.org\/{rel}","templated":true}]}}