{"id":2400,"date":"2025-07-18T06:30:23","date_gmt":"2025-07-18T06:30:23","guid":{"rendered":"https:\/\/ecavix.com\/?post_type=product&#038;p=2400"},"modified":"2025-07-18T06:30:23","modified_gmt":"2025-07-18T06:30:23","slug":"batterie-rechargeable-lifepo4-48v-20ah-avec-long-cycle-de-vie","status":"publish","type":"product","link":"https:\/\/ecavix.com\/fr\/product\/rechargeable-lifepo4-battery-48v-20ah-with-long-cycle-life\/","title":{"rendered":"Batterie rechargeable LiFePO4 48V 20ah \u00e0 long cycle de vie"},"content":{"rendered":"<h1>Batterie rechargeable LiFePO4 48V 20Ah<\/h1>\n<h2>Aper\u00e7u du produit<\/h2>\n<table>\n<tr>\n<th>Mod\u00e8le<\/th>\n<td>DL-LFP13S<\/td>\n<\/tr>\n<tr>\n<th>Tension nominale<\/th>\n<td>48V<\/td>\n<\/tr>\n<tr>\n<th>Capacit\u00e9 nominale<\/th>\n<td>20Ah<\/td>\n<\/tr>\n<tr>\n<th>Type de batterie<\/th>\n<td>LiFePO4<\/td>\n<\/tr>\n<tr>\n<th>Cellule d'assemblage<\/th>\n<td>15S1P<\/td>\n<\/tr>\n<tr>\n<th>Courant continu maximal<\/th>\n<td>40A<\/td>\n<\/tr>\n<tr>\n<th>Surintensit\u00e9<\/th>\n<td>120A<\/td>\n<\/tr>\n<tr>\n<th>Tension de coupure<\/th>\n<td>40V \u00b11V<\/td>\n<\/tr>\n<tr>\n<th>Tension de charge<\/th>\n<td>58,4V \u00b10,2V<\/td>\n<\/tr>\n<tr>\n<th>Courant de charge recommand\u00e9<\/th>\n<td>4A<\/td>\n<\/tr>\n<tr>\n<th>Temps de charge<\/th>\n<td>5,5 heures<\/td>\n<\/tr>\n<tr>\n<th>Poids<\/th>\n<td>\u2264 8kg<\/td>\n<\/tr>\n<tr>\n<th>Dimensions<\/th>\n<td>253mm x 164mm x 116mm<\/td>\n<\/tr>\n<tr>\n<th>R\u00e9sistance interne<\/th>\n<td>\u2264 80m\u03a9<\/td>\n<\/tr>\n<tr>\n<th>Taux d'autod\u00e9charge<\/th>\n<td>\u2264 5% par mois<\/td>\n<\/tr>\n<\/table>\n<h2>Applications<\/h2>\n<ul>\n<li>Syst\u00e8mes d'\u00e9nergie solaire<\/li>\n<li>V\u00e9hicules \u00e9lectriques<\/li>\n<li>Outils \u00e9lectriques<\/li>\n<li>Bateaux \u00e9lectriques<\/li>\n<li>Voitures de golf<\/li>\n<\/ul>\n<h2>Caract\u00e9ristiques g\u00e9n\u00e9rales<\/h2>\n<div class=\"features-grid\">\n<div class=\"feature-box\">\n<h3>Longue dur\u00e9e de vie<\/h3>\n<p>Avec plus de 500 cycles, cette batterie garantit une long\u00e9vit\u00e9 et des performances constantes tout au long de son utilisation.<\/p>\n<\/p><\/div>\n<div class=\"feature-box\">\n<h3>Une performance efficace<\/h3>\n<p>L'assemblage 15S1P de cellules LiFePO4 de haute qualit\u00e9 permet un stockage d'\u00e9nergie et des taux de d\u00e9charge efficaces.<\/p>\n<\/p><\/div>\n<div class=\"feature-box\">\n<h3>S\u00fbr et fiable<\/h3>\n<p>BMS int\u00e9gr\u00e9 pour la protection contre la surcharge, la surd\u00e9charge et les courts-circuits.<\/p>\n<\/p><\/div>\n<div class=\"feature-box\">\n<h3>Chargement rapide<\/h3>\n<p>Temps de charge standard de 5,5 heures avec un courant de charge recommand\u00e9 de 4A.<\/p>\n<\/p><\/div>\n<\/p><\/div>\n<h2>Pourquoi nous choisir ?<\/h2>\n<ul>\n<li>Certifications : CE, RoHS, FCC<\/li>\n<li>Recyclable et respectueux de l'environnement<\/li>\n<li>Des performances fiables pour une utilisation \u00e0 long terme<\/li>\n<li>Tension, capacit\u00e9 et configuration personnalis\u00e9es disponibles<\/li>\n<li>Syst\u00e8me de gestion de la batterie (BMS) s\u00fbr et efficace<\/li>\n<li>Garantie d'un an et excellent service apr\u00e8s-vente<\/li>\n<\/ul>\n<h2>Exp\u00e9dition et emballage<\/h2>\n<p>Nous proposons des options d'exp\u00e9dition fiables dans le monde entier :<\/p>\n<ul>\n<li>Petites commandes : exp\u00e9di\u00e9es par voie a\u00e9rienne (DHL, UPS, FedEx)<\/li>\n<li>Commandes importantes : exp\u00e9di\u00e9es par voie maritime (d\u00e9lai de livraison : 30 \u00e0 45 jours)<\/li>\n<\/ul>","protected":false},"excerpt":{"rendered":"<p>Batterie rechargeable LiFePO4 48V 20Ah haute performance avec une longue dur\u00e9e de vie, id\u00e9ale pour diverses applications.<\/p>","protected":false},"featured_media":2384,"comment_status":"open","ping_status":"closed","template":"","meta":{"_uag_custom_page_level_css":"","neve_meta_sidebar":"","neve_meta_container":"","neve_meta_enable_content_width":"off","neve_meta_content_width":100,"neve_meta_title_alignment":"","neve_meta_author_avatar":"","neve_post_elements_order":"","neve_meta_disable_header":"","neve_meta_disable_footer":"","neve_meta_disable_title":""},"product_brand":[],"product_cat":[53,43,55],"product_tag":[],"class_list":{"0":"post-2400","1":"product","2":"type-product","3":"status-publish","4":"has-post-thumbnail","6":"product_cat-low-speed-electric-vehicle-battery","7":"product_cat-power-battery","8":"product_cat-scooter-battery","10":"first","11":"instock","12":"shipping-taxable","13":"product-type-simple"},"uagb_featured_image_src":{"full":["https:\/\/ecavix.com\/wp-content\/uploads\/2025\/07\/36V-High-Capacity-Lithium-Battery-Pack-for-Electricnics3-800-800.webp",550,550,false],"thumbnail":["https:\/\/ecavix.com\/wp-content\/uploads\/2025\/07\/36V-High-Capacity-Lithium-Battery-Pack-for-Electricnics3-800-800-150x150.webp",150,150,true],"medium":["https:\/\/ecavix.com\/wp-content\/uploads\/2025\/07\/36V-High-Capacity-Lithium-Battery-Pack-for-Electricnics3-800-800-300x300.webp",300,300,true],"medium_large":["https:\/\/ecavix.com\/wp-content\/uploads\/2025\/07\/36V-High-Capacity-Lithium-Battery-Pack-for-Electricnics3-800-800.webp",550,550,false],"large":["https:\/\/ecavix.com\/wp-content\/uploads\/2025\/07\/36V-High-Capacity-Lithium-Battery-Pack-for-Electricnics3-800-800.webp",550,550,false],"1536x1536":["https:\/\/ecavix.com\/wp-content\/uploads\/2025\/07\/36V-High-Capacity-Lithium-Battery-Pack-for-Electricnics3-800-800.webp",550,550,false],"2048x2048":["https:\/\/ecavix.com\/wp-content\/uploads\/2025\/07\/36V-High-Capacity-Lithium-Battery-Pack-for-Electricnics3-800-800.webp",550,550,false],"trp-custom-language-flag":["https:\/\/ecavix.com\/wp-content\/uploads\/2025\/07\/36V-High-Capacity-Lithium-Battery-Pack-for-Electricnics3-800-800.webp",12,12,false],"neve-blog":["https:\/\/ecavix.com\/wp-content\/uploads\/2025\/07\/36V-High-Capacity-Lithium-Battery-Pack-for-Electricnics3-800-800.webp",550,550,false],"woocommerce_thumbnail":["https:\/\/ecavix.com\/wp-content\/uploads\/2025\/07\/36V-High-Capacity-Lithium-Battery-Pack-for-Electricnics3-800-800-300x300.webp",300,300,true],"woocommerce_single":["https:\/\/ecavix.com\/wp-content\/uploads\/2025\/07\/36V-High-Capacity-Lithium-Battery-Pack-for-Electricnics3-800-800.webp",550,550,false],"woocommerce_gallery_thumbnail":["https:\/\/ecavix.com\/wp-content\/uploads\/2025\/07\/36V-High-Capacity-Lithium-Battery-Pack-for-Electricnics3-800-800-100x100.webp",100,100,true]},"uagb_author_info":{"display_name":"solvitaenergylimited@gmail.com","author_link":"https:\/\/ecavix.com\/fr\/author\/"},"uagb_comment_info":0,"uagb_excerpt":"High-performance 48V 20Ah LiFePO4 rechargeable battery pack with long cycle life, ideal for various applications.","_links":{"self":[{"href":"https:\/\/ecavix.com\/fr\/wp-json\/wp\/v2\/product\/2400","targetHints":{"allow":["GET"]}}],"collection":[{"href":"https:\/\/ecavix.com\/fr\/wp-json\/wp\/v2\/product"}],"about":[{"href":"https:\/\/ecavix.com\/fr\/wp-json\/wp\/v2\/types\/product"}],"replies":[{"embeddable":true,"href":"https:\/\/ecavix.com\/fr\/wp-json\/wp\/v2\/comments?post=2400"}],"wp:featuredmedia":[{"embeddable":true,"href":"https:\/\/ecavix.com\/fr\/wp-json\/wp\/v2\/media\/2384"}],"wp:attachment":[{"href":"https:\/\/ecavix.com\/fr\/wp-json\/wp\/v2\/media?parent=2400"}],"wp:term":[{"taxonomy":"product_brand","embeddable":true,"href":"https:\/\/ecavix.com\/fr\/wp-json\/wp\/v2\/product_brand?post=2400"},{"taxonomy":"product_cat","embeddable":true,"href":"https:\/\/ecavix.com\/fr\/wp-json\/wp\/v2\/product_cat?post=2400"},{"taxonomy":"product_tag","embeddable":true,"href":"https:\/\/ecavix.com\/fr\/wp-json\/wp\/v2\/product_tag?post=2400"}],"curies":[{"name":"wp","href":"https:\/\/api.w.org\/{rel}","templated":true}]}}