{"id":2391,"date":"2025-07-18T06:22:44","date_gmt":"2025-07-18T06:22:44","guid":{"rendered":"https:\/\/ecavix.com\/?post_type=product&#038;p=2391"},"modified":"2025-07-18T06:22:45","modified_gmt":"2025-07-18T06:22:45","slug":"10s5p-36v-12ah-batterie-rechargeable-18650-lithium-ion","status":"publish","type":"product","link":"https:\/\/ecavix.com\/fr\/product\/10s5p-36v-12ah-rechargeable-18650-lithium-ion-battery-pack\/","title":{"rendered":"10s5p 36V 12ah Batterie rechargeable au lithium-ion 18650"},"content":{"rendered":"<br \/>\n<h1>Batterie au lithium-ion 36V 12Ah<\/h1>\n<h2>Aper\u00e7u du produit<\/h2>\n<table>\n<tr>\n<th>Mod\u00e8le de batterie<\/th>\n<td>DEL-36V12AH<\/td>\n<\/tr>\n<tr>\n<th>Tension nominale<\/th>\n<td>36V<\/td>\n<\/tr>\n<tr>\n<th>Tension de charge compl\u00e8te<\/th>\n<td>42V<\/td>\n<\/tr>\n<tr>\n<th>Capacit\u00e9 nominale<\/th>\n<td>12 Ah<\/td>\n<\/tr>\n<tr>\n<th>Type de batterie<\/th>\n<td>\u00c9l\u00e9ments de batterie au lithium-ion 18650<\/td>\n<\/tr>\n<tr>\n<th>Configuration de la batterie<\/th>\n<td>10S5P (ou \u00e0 personnaliser)<\/td>\n<\/tr>\n<tr>\n<th>Courant de charge\/d\u00e9charge maximal<\/th>\n<td>5A (r\u00e9glable)<\/td>\n<\/tr>\n<tr>\n<th>Cellules de batterie<\/th>\n<td>\u00c9l\u00e9ments au lithium-ion 18650 de qualit\u00e9 A<\/td>\n<\/tr>\n<tr>\n<th>PCM<\/th>\n<td>PCM 36V Grade A avec protection contre la surcharge\/d\u00e9charge et protection contre la surchauffe<\/td>\n<\/tr>\n<tr>\n<th>Poids<\/th>\n<td>Non fourni<\/td>\n<\/tr>\n<tr>\n<th>Dimensions<\/th>\n<td>Personnalisable<\/td>\n<\/tr>\n<tr>\n<th>Couleur<\/th>\n<td>Bleu ou sur mesure<\/td>\n<\/tr>\n<tr>\n<th>Garantie<\/th>\n<td>1 an<\/td>\n<\/tr>\n<\/table>\n<h2>Applications<\/h2>\n<ul>\n<li>Syst\u00e8mes d'\u00e9clairage LED et lampadaires solaires<\/li>\n<li>VTR\/TV, magn\u00e9tophones et radios portables<\/li>\n<li>Outils \u00e9lectriques, tondeuses \u00e0 gazon, aspirateurs<\/li>\n<li>Appareils photo et mat\u00e9riel photographique<\/li>\n<li>\u00c9quipement de mesure portable<\/li>\n<li>Divers jouets \u00e9lectriques et \u00e9quipements de loisirs<\/li>\n<li>Alimentation sans interruption (ASI)<\/li>\n<li>\u00c9quipements \u00e9lectriques et de communication<\/li>\n<li>Syst\u00e8mes d'\u00e9clairage de secours<\/li>\n<\/ul>\n<h2>Pourquoi nous choisir ?<\/h2>\n<ul>\n<li>Solutions de batteries sur mesure depuis 2007<\/li>\n<li>Cellules au lithium 18650 de haute qualit\u00e9, Grade A<\/li>\n<li>PCM int\u00e9gr\u00e9 pour la s\u00e9curit\u00e9 : Protection contre la surcharge, la surd\u00e9charge et la surchauffe<\/li>\n<li>Garantie d'un an avec un excellent service client\u00e8le<\/li>\n<li>Configurations et tailles de batteries personnalisables<\/li>\n<li>Efficacit\u00e9 \u00e9lev\u00e9e et longue dur\u00e9e de vie de la batterie<\/li>\n<\/ul>\n<h2>Exp\u00e9dition et emballage<\/h2>\n<p>Nos batteries sont emball\u00e9es en toute s\u00e9curit\u00e9 dans un emballage d'exportation standard, ce qui garantit un transport s\u00fbr. Nous proposons une exp\u00e9dition rapide par DHL, UPS, FedEx ou par fret maritime pour les commandes en gros.<\/p>\n<h3>M\u00e9thodes d'exp\u00e9dition<\/h3>\n<ul>\n<li>Petites commandes : exp\u00e9di\u00e9es par voie a\u00e9rienne (DHL, UPS, FedEx)<\/li>\n<li>Commandes importantes : exp\u00e9di\u00e9es par voie maritime (d\u00e9lai de livraison : 30 \u00e0 45 jours)<\/li>\n<\/ul>","protected":false},"excerpt":{"rendered":"<p>Batterie lithium-ion 36V 12Ah haute performance pour outils \u00e9lectriques, lampes solaires et autres applications.<\/p>","protected":false},"featured_media":2395,"comment_status":"open","ping_status":"closed","template":"","meta":{"_uag_custom_page_level_css":"","neve_meta_sidebar":"","neve_meta_container":"","neve_meta_enable_content_width":"off","neve_meta_content_width":100,"neve_meta_title_alignment":"","neve_meta_author_avatar":"","neve_post_elements_order":"","neve_meta_disable_header":"","neve_meta_disable_footer":"","neve_meta_disable_title":""},"product_brand":[],"product_cat":[53,43,55],"product_tag":[],"class_list":{"0":"post-2391","1":"product","2":"type-product","3":"status-publish","4":"has-post-thumbnail","6":"product_cat-low-speed-electric-vehicle-battery","7":"product_cat-power-battery","8":"product_cat-scooter-battery","10":"first","11":"instock","12":"shipping-taxable","13":"product-type-simple"},"uagb_featured_image_src":{"full":["https:\/\/ecavix.com\/wp-content\/uploads\/2025\/07\/10s5p-36V-12ah-Rechargeable-18650-Lithium-Ion-Battery-Pack3-800-800.webp",550,550,false],"thumbnail":["https:\/\/ecavix.com\/wp-content\/uploads\/2025\/07\/10s5p-36V-12ah-Rechargeable-18650-Lithium-Ion-Battery-Pack3-800-800-150x150.webp",150,150,true],"medium":["https:\/\/ecavix.com\/wp-content\/uploads\/2025\/07\/10s5p-36V-12ah-Rechargeable-18650-Lithium-Ion-Battery-Pack3-800-800-300x300.webp",300,300,true],"medium_large":["https:\/\/ecavix.com\/wp-content\/uploads\/2025\/07\/10s5p-36V-12ah-Rechargeable-18650-Lithium-Ion-Battery-Pack3-800-800.webp",550,550,false],"large":["https:\/\/ecavix.com\/wp-content\/uploads\/2025\/07\/10s5p-36V-12ah-Rechargeable-18650-Lithium-Ion-Battery-Pack3-800-800.webp",550,550,false],"1536x1536":["https:\/\/ecavix.com\/wp-content\/uploads\/2025\/07\/10s5p-36V-12ah-Rechargeable-18650-Lithium-Ion-Battery-Pack3-800-800.webp",550,550,false],"2048x2048":["https:\/\/ecavix.com\/wp-content\/uploads\/2025\/07\/10s5p-36V-12ah-Rechargeable-18650-Lithium-Ion-Battery-Pack3-800-800.webp",550,550,false],"trp-custom-language-flag":["https:\/\/ecavix.com\/wp-content\/uploads\/2025\/07\/10s5p-36V-12ah-Rechargeable-18650-Lithium-Ion-Battery-Pack3-800-800.webp",12,12,false],"neve-blog":["https:\/\/ecavix.com\/wp-content\/uploads\/2025\/07\/10s5p-36V-12ah-Rechargeable-18650-Lithium-Ion-Battery-Pack3-800-800.webp",550,550,false],"woocommerce_thumbnail":["https:\/\/ecavix.com\/wp-content\/uploads\/2025\/07\/10s5p-36V-12ah-Rechargeable-18650-Lithium-Ion-Battery-Pack3-800-800-300x300.webp",300,300,true],"woocommerce_single":["https:\/\/ecavix.com\/wp-content\/uploads\/2025\/07\/10s5p-36V-12ah-Rechargeable-18650-Lithium-Ion-Battery-Pack3-800-800.webp",550,550,false],"woocommerce_gallery_thumbnail":["https:\/\/ecavix.com\/wp-content\/uploads\/2025\/07\/10s5p-36V-12ah-Rechargeable-18650-Lithium-Ion-Battery-Pack3-800-800-100x100.webp",100,100,true]},"uagb_author_info":{"display_name":"solvitaenergylimited@gmail.com","author_link":"https:\/\/ecavix.com\/fr\/author\/"},"uagb_comment_info":0,"uagb_excerpt":"High-performance 36V 12Ah lithium-ion battery pack for electric tools, solar lights, and other applications.","_links":{"self":[{"href":"https:\/\/ecavix.com\/fr\/wp-json\/wp\/v2\/product\/2391","targetHints":{"allow":["GET"]}}],"collection":[{"href":"https:\/\/ecavix.com\/fr\/wp-json\/wp\/v2\/product"}],"about":[{"href":"https:\/\/ecavix.com\/fr\/wp-json\/wp\/v2\/types\/product"}],"replies":[{"embeddable":true,"href":"https:\/\/ecavix.com\/fr\/wp-json\/wp\/v2\/comments?post=2391"}],"wp:featuredmedia":[{"embeddable":true,"href":"https:\/\/ecavix.com\/fr\/wp-json\/wp\/v2\/media\/2395"}],"wp:attachment":[{"href":"https:\/\/ecavix.com\/fr\/wp-json\/wp\/v2\/media?parent=2391"}],"wp:term":[{"taxonomy":"product_brand","embeddable":true,"href":"https:\/\/ecavix.com\/fr\/wp-json\/wp\/v2\/product_brand?post=2391"},{"taxonomy":"product_cat","embeddable":true,"href":"https:\/\/ecavix.com\/fr\/wp-json\/wp\/v2\/product_cat?post=2391"},{"taxonomy":"product_tag","embeddable":true,"href":"https:\/\/ecavix.com\/fr\/wp-json\/wp\/v2\/product_tag?post=2391"}],"curies":[{"name":"wp","href":"https:\/\/api.w.org\/{rel}","templated":true}]}}