{"id":2385,"date":"2025-07-18T06:19:22","date_gmt":"2025-07-18T06:19:22","guid":{"rendered":"https:\/\/ecavix.com\/?post_type=product&#038;p=2385"},"modified":"2025-07-18T06:20:12","modified_gmt":"2025-07-18T06:20:12","slug":"batterie-lithium-ion-lipo4-haute-tension-36-v-10-ah-avec-fils-pcb","status":"publish","type":"product","link":"https:\/\/ecavix.com\/fr\/product\/36v-10ah-high-voltage-lifepo4-lithium-li-ion-battery-with-pcb-wires\/","title":{"rendered":"36V 10ah Batterie haute tension LiFePO4 Lithium Li Ion avec fils PCB"},"content":{"rendered":"<br \/>\n<h1>Batterie lithium LiFePO4 36 V 10 Ah<\/h1>\n<h2>Aper\u00e7u du produit<\/h2>\n<table>\n<tr>\n<th>Mod\u00e8le de batterie<\/th>\n<td>Del-3610E<\/td>\n<\/tr>\n<tr>\n<th>Tension nominale<\/th>\n<td>36V<\/td>\n<\/tr>\n<tr>\n<th>Capacit\u00e9 nominale<\/th>\n<td>10Ah<\/td>\n<\/tr>\n<tr>\n<th>Type de batterie<\/th>\n<td>LiFePO4 (phosphate de fer lithi\u00e9)<\/td>\n<\/tr>\n<tr>\n<th>Configuration de la batterie<\/th>\n<td>11S3P + PCM<\/td>\n<\/tr>\n<tr>\n<th>Courant de d\u00e9charge maximal<\/th>\n<td>2C (20A)<\/td>\n<\/tr>\n<tr>\n<th>Courant de charge<\/th>\n<td>0,2 C (2 A), charge rapide : 0,5 C (5 A)<\/td>\n<\/tr>\n<tr>\n<th>Poids<\/th>\n<td>2,7 kg<\/td>\n<\/tr>\n<tr>\n<th>Dimensions<\/th>\n<td>294 mm x 83 mm x 70 mm<\/td>\n<\/tr>\n<tr>\n<th>R\u00e9sistance int\u00e9rieure<\/th>\n<td>150 m\u03a9<\/td>\n<\/tr>\n<tr>\n<th>Tension de coupure de la d\u00e9charge<\/th>\n<td>2,0 \u00b1 0,06 V<\/td>\n<\/tr>\n<tr>\n<th>Tension de protection de charge<\/th>\n<td>3,65 \u00b1 0,03 V<\/td>\n<\/tr>\n<tr>\n<th>Temp\u00e9rature de fonctionnement (d\u00e9charge)<\/th>\n<td>De -20\u00b0C \u00e0 60\u00b0C<\/td>\n<\/tr>\n<tr>\n<th>Temp\u00e9rature de fonctionnement (charge)<\/th>\n<td>0 \u00b0C \u00e0 45 \u00b0C<\/td>\n<\/tr>\n<tr>\n<th>Temp\u00e9rature de stockage<\/th>\n<td>23 \u00b1 5 \u00b0C<\/td>\n<\/tr>\n<tr>\n<th>Cycle de vie<\/th>\n<td>800 cycles<\/td>\n<\/tr>\n<tr>\n<th>Garantie<\/th>\n<td>13 mois<\/td>\n<\/tr>\n<tr>\n<th>Certification<\/th>\n<td>CE, RoHS, MSDS, UN38.3, FCC, KC<\/td>\n<\/tr>\n<\/table>\n<h2>Pourquoi nous choisir ?<\/h2>\n<ul>\n<li>Pr\u00e9sente dans le secteur des batteries sur mesure depuis 2007<\/li>\n<li>\u00c9chantillons gratuits pour les commandes inf\u00e9rieures \u00e0 5 USD<\/li>\n<li>Sp\u00e9cifications pr\u00e9cises et honn\u00eates concernant la capacit\u00e9 de la batterie<\/li>\n<li>Syst\u00e8mes de gestion de batterie (BMS) de haute qualit\u00e9 \u00e9quivalents \u00e0 Seiko<\/li>\n<li>Performances de la batterie finie test\u00e9es selon les normes UL, CE, KPS et KC<\/li>\n<li>Certifi\u00e9 ISO9001-2008 pour la gestion de la qualit\u00e9<\/li>\n<li>Usine 5S sans poussi\u00e8re avec une conception de processus \u00e0 la pointe de la technologie<\/li>\n<li>Contr\u00f4le qualit\u00e9 100%<\/li>\n<li>Garantie d'un an, avec 10 ans d'assistance technique<\/li>\n<\/ul>\n<h2>Caract\u00e9ristiques principales<\/h2>\n<div class=\"features-grid\">\n<div class=\"feature-box\">\n      <strong>Recyclable et respectueux de l'environnement<\/strong><br \/>\n      La batterie LiFePO4 est recyclable et a un impact environnemental moindre par rapport aux autres compos\u00e9s chimiques lithium-ion.\n    <\/div>\n<div class=\"feature-box\">\n      <strong>S\u00fbr et fiable<\/strong><br \/>\n      Le BMS assure une protection contre les d\u00e9charges excessives, les surcharges et les courts-circuits pour des normes de s\u00e9curit\u00e9 \u00e9lev\u00e9es.\n    <\/div>\n<div class=\"feature-box\">\n      <strong>Longue dur\u00e9e de vie<\/strong><br \/>\n      Avec 800 cycles, la batterie reste efficace pendant de nombreuses ann\u00e9es, ce qui r\u00e9duit la n\u00e9cessit\u00e9 de la remplacer fr\u00e9quemment.\n    <\/div>\n<div class=\"feature-box\">\n      <strong>Large tol\u00e9rance de temp\u00e9rature<\/strong><br \/>\n      Fonctionne \u00e0 haute et basse temp\u00e9rature, ce qui le rend adapt\u00e9 \u00e0 diverses applications ext\u00e9rieures.\n    <\/div>\n<div class=\"feature-box\">\n      <strong>Capacit\u00e9 de charge rapide<\/strong><br \/>\n      Prend en charge la recharge rapide, r\u00e9duisant ainsi les temps d'arr\u00eat entre deux utilisations.\n    <\/div>\n<div class=\"feature-box\">\n      <strong>Compact et l\u00e9ger<\/strong><br \/>\n      La batterie est l\u00e9g\u00e8re (2,7 kg) et compacte, id\u00e9ale pour les v\u00e9los \u00e9lectriques, les outils \u00e9lectriques et le stockage d'\u00e9nergie solaire.\n    <\/div>\n<\/p><\/div>\n<h2>Applications<\/h2>\n<ul>\n<li>V\u00e9los \u00e9lectriques<\/li>\n<li>Syst\u00e8mes de stockage d'\u00e9nergie solaire<\/li>\n<li>Outils \u00e9lectriques<\/li>\n<\/ul>\n<h2>Exp\u00e9dition et emballage<\/h2>\n<p>La batterie lithium LiFePO4 36 V 10 Ah est emball\u00e9e de mani\u00e8re s\u00e9curis\u00e9e dans un emballage standard pour l'exportation. Nous proposons l'exp\u00e9dition via diff\u00e9rents transporteurs tels que DHL, UPS, FedEx ou par voie maritime pour les commandes en gros.<\/p>\n<h3>M\u00e9thodes d'exp\u00e9dition<\/h3>\n<ul>\n<li>Petites commandes : exp\u00e9di\u00e9es par voie a\u00e9rienne (DHL, UPS, FedEx)<\/li>\n<li>Commandes importantes : exp\u00e9di\u00e9es par voie maritime (d\u00e9lai de livraison : 30 \u00e0 45 jours)<\/li>\n<\/ul>","protected":false},"excerpt":{"rendered":"<p>Batterie lithium LiFePO4 haute performance 36 V 10 Ah pour v\u00e9los \u00e9lectriques, stockage d'\u00e9nergie solaire et outils \u00e9lectriques.<\/p>","protected":false},"featured_media":2389,"comment_status":"open","ping_status":"closed","template":"","meta":{"_uag_custom_page_level_css":"","neve_meta_sidebar":"","neve_meta_container":"","neve_meta_enable_content_width":"off","neve_meta_content_width":100,"neve_meta_title_alignment":"","neve_meta_author_avatar":"","neve_post_elements_order":"","neve_meta_disable_header":"","neve_meta_disable_footer":"","neve_meta_disable_title":""},"product_brand":[],"product_cat":[53,43,55],"product_tag":[],"class_list":{"0":"post-2385","1":"product","2":"type-product","3":"status-publish","4":"has-post-thumbnail","6":"product_cat-low-speed-electric-vehicle-battery","7":"product_cat-power-battery","8":"product_cat-scooter-battery","10":"first","11":"instock","12":"shipping-taxable","13":"product-type-simple"},"uagb_featured_image_src":{"full":["https:\/\/ecavix.com\/wp-content\/uploads\/2025\/07\/36V-10ah-High-Voltage-LiFePO4-Lithium-Li-Ion-Battery-with-PCB-Wires5-800-800.webp",550,550,false],"thumbnail":["https:\/\/ecavix.com\/wp-content\/uploads\/2025\/07\/36V-10ah-High-Voltage-LiFePO4-Lithium-Li-Ion-Battery-with-PCB-Wires5-800-800-150x150.webp",150,150,true],"medium":["https:\/\/ecavix.com\/wp-content\/uploads\/2025\/07\/36V-10ah-High-Voltage-LiFePO4-Lithium-Li-Ion-Battery-with-PCB-Wires5-800-800-300x300.webp",300,300,true],"medium_large":["https:\/\/ecavix.com\/wp-content\/uploads\/2025\/07\/36V-10ah-High-Voltage-LiFePO4-Lithium-Li-Ion-Battery-with-PCB-Wires5-800-800.webp",550,550,false],"large":["https:\/\/ecavix.com\/wp-content\/uploads\/2025\/07\/36V-10ah-High-Voltage-LiFePO4-Lithium-Li-Ion-Battery-with-PCB-Wires5-800-800.webp",550,550,false],"1536x1536":["https:\/\/ecavix.com\/wp-content\/uploads\/2025\/07\/36V-10ah-High-Voltage-LiFePO4-Lithium-Li-Ion-Battery-with-PCB-Wires5-800-800.webp",550,550,false],"2048x2048":["https:\/\/ecavix.com\/wp-content\/uploads\/2025\/07\/36V-10ah-High-Voltage-LiFePO4-Lithium-Li-Ion-Battery-with-PCB-Wires5-800-800.webp",550,550,false],"trp-custom-language-flag":["https:\/\/ecavix.com\/wp-content\/uploads\/2025\/07\/36V-10ah-High-Voltage-LiFePO4-Lithium-Li-Ion-Battery-with-PCB-Wires5-800-800.webp",12,12,false],"neve-blog":["https:\/\/ecavix.com\/wp-content\/uploads\/2025\/07\/36V-10ah-High-Voltage-LiFePO4-Lithium-Li-Ion-Battery-with-PCB-Wires5-800-800.webp",550,550,false],"woocommerce_thumbnail":["https:\/\/ecavix.com\/wp-content\/uploads\/2025\/07\/36V-10ah-High-Voltage-LiFePO4-Lithium-Li-Ion-Battery-with-PCB-Wires5-800-800-300x300.webp",300,300,true],"woocommerce_single":["https:\/\/ecavix.com\/wp-content\/uploads\/2025\/07\/36V-10ah-High-Voltage-LiFePO4-Lithium-Li-Ion-Battery-with-PCB-Wires5-800-800.webp",550,550,false],"woocommerce_gallery_thumbnail":["https:\/\/ecavix.com\/wp-content\/uploads\/2025\/07\/36V-10ah-High-Voltage-LiFePO4-Lithium-Li-Ion-Battery-with-PCB-Wires5-800-800-100x100.webp",100,100,true]},"uagb_author_info":{"display_name":"solvitaenergylimited@gmail.com","author_link":"https:\/\/ecavix.com\/fr\/author\/"},"uagb_comment_info":0,"uagb_excerpt":"High-performance 36V 10Ah LiFePO4 lithium battery pack for e-bikes, solar power storage, and power tools.","_links":{"self":[{"href":"https:\/\/ecavix.com\/fr\/wp-json\/wp\/v2\/product\/2385","targetHints":{"allow":["GET"]}}],"collection":[{"href":"https:\/\/ecavix.com\/fr\/wp-json\/wp\/v2\/product"}],"about":[{"href":"https:\/\/ecavix.com\/fr\/wp-json\/wp\/v2\/types\/product"}],"replies":[{"embeddable":true,"href":"https:\/\/ecavix.com\/fr\/wp-json\/wp\/v2\/comments?post=2385"}],"wp:featuredmedia":[{"embeddable":true,"href":"https:\/\/ecavix.com\/fr\/wp-json\/wp\/v2\/media\/2389"}],"wp:attachment":[{"href":"https:\/\/ecavix.com\/fr\/wp-json\/wp\/v2\/media?parent=2385"}],"wp:term":[{"taxonomy":"product_brand","embeddable":true,"href":"https:\/\/ecavix.com\/fr\/wp-json\/wp\/v2\/product_brand?post=2385"},{"taxonomy":"product_cat","embeddable":true,"href":"https:\/\/ecavix.com\/fr\/wp-json\/wp\/v2\/product_cat?post=2385"},{"taxonomy":"product_tag","embeddable":true,"href":"https:\/\/ecavix.com\/fr\/wp-json\/wp\/v2\/product_tag?post=2385"}],"curies":[{"name":"wp","href":"https:\/\/api.w.org\/{rel}","templated":true}]}}