{"id":2344,"date":"2025-07-18T05:37:24","date_gmt":"2025-07-18T05:37:24","guid":{"rendered":"https:\/\/ecavix.com\/?post_type=product&#038;p=2344"},"modified":"2025-07-18T05:37:24","modified_gmt":"2025-07-18T05:37:24","slug":"10s6p-hot-selling-rechargeable-36v-15ah-18650-lithium-battery-pack-for-electric-bike","status":"publish","type":"product","link":"https:\/\/ecavix.com\/fr\/product\/10s6p-hot-selling-rechargeable-36v-15ah-18650-lithium-battery-pack-for-electric-bike\/","title":{"rendered":"10s6p Hot Selling Rechargeable 36V 15ah 18650 Lithium Battery Pack for Electric Bike"},"content":{"rendered":"<br \/>\n<h1>Batterie au lithium 36V 15Ah pour v\u00e9lo \u00e9lectrique (DL-3615)<\/h1>\n<h2>Aper\u00e7u du produit<\/h2>\n<table>\n<tr>\n<th>Tension nominale<\/th>\n<td>36V<\/td>\n<\/tr>\n<tr>\n<th>Tension de charge<\/th>\n<td>42V<\/td>\n<\/tr>\n<tr>\n<th>Capacit\u00e9 nominale<\/th>\n<td>15Ah<\/td>\n<\/tr>\n<tr>\n<th>Chimie des batteries<\/th>\n<td>Li-ion<\/td>\n<\/tr>\n<tr>\n<th>Configuration de la batterie<\/th>\n<td>10S6P<\/td>\n<\/tr>\n<tr>\n<th>Dimension de la batterie<\/th>\n<td>196 x 115 x 67 mm<\/td>\n<\/tr>\n<tr>\n<th>Poids<\/th>\n<td>2,812 kg<\/td>\n<\/tr>\n<tr>\n<th>Courant de charge standard<\/th>\n<td>3A<\/td>\n<\/tr>\n<tr>\n<th>Courant de d\u00e9charge continu<\/th>\n<td>15A-20A<\/td>\n<\/tr>\n<tr>\n<th>Tension de coupure de d\u00e9charge<\/th>\n<td>25V<\/td>\n<\/tr>\n<tr>\n<th>M\u00e9thode d'imputation<\/th>\n<td>CC\/CV<\/td>\n<\/tr>\n<tr>\n<th>Cycle de vie<\/th>\n<td>500 cycles<\/td>\n<\/tr>\n<tr>\n<th>Temp\u00e9rature de charge<\/th>\n<td>0\u00b0C ~ +45\u00b0C<\/td>\n<\/tr>\n<tr>\n<th>Temp\u00e9rature de refoulement<\/th>\n<td>-10\u00b0C ~ +60\u00b0C<\/td>\n<\/tr>\n<\/table>\n<h2>Performances en mati\u00e8re de s\u00e9curit\u00e9<\/h2>\n<ul>\n<li>Test de surcharge : pas d'incendie, pas d'explosion<\/li>\n<li>Test de surcharge : pas d'incendie, pas d'explosion<\/li>\n<li>Test de court-circuit : pas d'incendie, pas d'explosion<\/li>\n<li>Test de chute : pas de feu, pas d'explosion<\/li>\n<li>Test d'\u00e9crasement : pas d'incendie, pas d'explosion<\/li>\n<li>Test de perforation \u00e0 l'aiguille : pas d'incendie, pas d'explosion<\/li>\n<\/ul>\n<h2>Caract\u00e9ristiques principales<\/h2>\n<div class=\"features-grid\">\n<div class=\"feature-box\">\n      <strong>Longue dur\u00e9e de vie et grande capacit\u00e9<\/strong><br \/>\n      Cellules de haute qualit\u00e9 pour une longue dur\u00e9e de vie et une grande capacit\u00e9 de stockage d'\u00e9nergie.\n    <\/div>\n<div class=\"feature-box\">\n      <strong>Faible autod\u00e9charge<\/strong><br \/>\n      Excellentes performances m\u00eame \u00e0 basse temp\u00e9rature, avec une autod\u00e9charge minimale.\n    <\/div>\n<div class=\"feature-box\">\n      <strong>Forte acceptation de la charge<\/strong><br \/>\n      Prise en charge des capacit\u00e9s de charge rapide pour un d\u00e9lai d'ex\u00e9cution plus court.\n    <\/div>\n<div class=\"feature-box\">\n      <strong>R\u00e9sistance \u00e0 la surcharge<\/strong><br \/>\n      Con\u00e7ue pour r\u00e9sister \u00e0 la surd\u00e9charge et offrir une excellente r\u00e9tention de charge.\n    <\/div>\n<div class=\"feature-box\">\n      <strong>Sans entretien<\/strong><br \/>\n      Aucun entretien \u00e0 l'acide ou \u00e0 l'eau n'est n\u00e9cessaire pendant l'utilisation.\n    <\/div>\n<div class=\"feature-box\">\n      <strong>Excellente d\u00e9charge \u00e0 grand courant<\/strong><br \/>\n      Id\u00e9al pour les applications n\u00e9cessitant un d\u00e9marrage et une mont\u00e9e en puissance \u00e0 fort courant.\n    <\/div>\n<\/p><\/div>\n<h2>Applications<\/h2>\n<ul>\n<li>V\u00e9hicules \u00e9lectriques (v\u00e9los \u00e9lectriques, scooters \u00e9lectriques, motos \u00e9lectriques, voiturettes de golf)<\/li>\n<li>Outils \u00e9lectriques (perceuses, scies, tondeuses \u00e0 gazon)<\/li>\n<li>V\u00e9hicules et jouets t\u00e9l\u00e9command\u00e9s<\/li>\n<li>Syst\u00e8mes d'\u00e9nergie solaire et \u00e9quipements de stockage d'\u00e9nergie<\/li>\n<li>Dispositifs \u00e9lectroniques et m\u00e9dicaux (lampes LED, lampes de secours)<\/li>\n<\/ul>\n<h2>Avantages<\/h2>\n<ul>\n<li>Densit\u00e9 \u00e9nerg\u00e9tique \u00e9lev\u00e9e pour des conceptions compactes et l\u00e9g\u00e8res<\/li>\n<li>Longue dur\u00e9e de vie : Plus de 500 cycles de charge et de d\u00e9charge<\/li>\n<li>S\u00fbre et fiable gr\u00e2ce \u00e0 la protection int\u00e9gr\u00e9e contre les surcharges, les d\u00e9charges excessives et les courts-circuits.<\/li>\n<li>Bonne performance dans une large gamme de temp\u00e9ratures<\/li>\n<li>Respectueux de l'environnement, sans mati\u00e8res dangereuses<\/li>\n<\/ul>\n<h2>Emballage et exp\u00e9dition<\/h2>\n<p>La batterie au lithium 36V 15Ah est emball\u00e9e dans un carton d'exportation standard pour la s\u00e9curit\u00e9 pendant le transport. Nous offrons une vari\u00e9t\u00e9 d'options d'exp\u00e9dition en fonction de la quantit\u00e9 command\u00e9e.<\/p>\n<h3>M\u00e9thodes d'exp\u00e9dition<\/h3>\n<ul>\n<li>Pour les petites commandes : envoi par avion (DHL, FedEx, UPS)<\/li>\n<li>Pour les commandes importantes : exp\u00e9dition par voie maritime (d\u00e9lai de livraison estim\u00e9 : 30-45 jours)<\/li>\n<\/ul>","protected":false},"excerpt":{"rendered":"<p>Batterie lithium-ion 36V 15Ah de haute qualit\u00e9 pour v\u00e9hicules \u00e9lectriques, offrant une longue dur\u00e9e de vie, d'excellentes performances de d\u00e9charge et des caract\u00e9ristiques de s\u00e9curit\u00e9. Id\u00e9al pour les v\u00e9los \u00e9lectriques, les scooters et les outils \u00e9lectriques.<\/p>","protected":false},"featured_media":2245,"comment_status":"open","ping_status":"closed","template":"","meta":{"_uag_custom_page_level_css":"","neve_meta_sidebar":"","neve_meta_container":"","neve_meta_enable_content_width":"off","neve_meta_content_width":100,"neve_meta_title_alignment":"","neve_meta_author_avatar":"","neve_post_elements_order":"","neve_meta_disable_header":"","neve_meta_disable_footer":"","neve_meta_disable_title":""},"product_brand":[],"product_cat":[47,45,53,43,55],"product_tag":[],"class_list":{"0":"post-2344","1":"product","2":"type-product","3":"status-publish","4":"has-post-thumbnail","6":"product_cat-36v-e-bike-battery","7":"product_cat-e-bike-battery","8":"product_cat-low-speed-electric-vehicle-battery","9":"product_cat-power-battery","10":"product_cat-scooter-battery","12":"first","13":"instock","14":"shipping-taxable","15":"product-type-simple"},"uagb_featured_image_src":{"full":["https:\/\/ecavix.com\/wp-content\/uploads\/2025\/07\/36V-15ah-Electric-Bike-Li-Ion-Battery1-800-800.webp",550,550,false],"thumbnail":["https:\/\/ecavix.com\/wp-content\/uploads\/2025\/07\/36V-15ah-Electric-Bike-Li-Ion-Battery1-800-800-150x150.webp",150,150,true],"medium":["https:\/\/ecavix.com\/wp-content\/uploads\/2025\/07\/36V-15ah-Electric-Bike-Li-Ion-Battery1-800-800-300x300.webp",300,300,true],"medium_large":["https:\/\/ecavix.com\/wp-content\/uploads\/2025\/07\/36V-15ah-Electric-Bike-Li-Ion-Battery1-800-800.webp",550,550,false],"large":["https:\/\/ecavix.com\/wp-content\/uploads\/2025\/07\/36V-15ah-Electric-Bike-Li-Ion-Battery1-800-800.webp",550,550,false],"1536x1536":["https:\/\/ecavix.com\/wp-content\/uploads\/2025\/07\/36V-15ah-Electric-Bike-Li-Ion-Battery1-800-800.webp",550,550,false],"2048x2048":["https:\/\/ecavix.com\/wp-content\/uploads\/2025\/07\/36V-15ah-Electric-Bike-Li-Ion-Battery1-800-800.webp",550,550,false],"trp-custom-language-flag":["https:\/\/ecavix.com\/wp-content\/uploads\/2025\/07\/36V-15ah-Electric-Bike-Li-Ion-Battery1-800-800.webp",12,12,false],"neve-blog":["https:\/\/ecavix.com\/wp-content\/uploads\/2025\/07\/36V-15ah-Electric-Bike-Li-Ion-Battery1-800-800.webp",550,550,false],"woocommerce_thumbnail":["https:\/\/ecavix.com\/wp-content\/uploads\/2025\/07\/36V-15ah-Electric-Bike-Li-Ion-Battery1-800-800-300x300.webp",300,300,true],"woocommerce_single":["https:\/\/ecavix.com\/wp-content\/uploads\/2025\/07\/36V-15ah-Electric-Bike-Li-Ion-Battery1-800-800.webp",550,550,false],"woocommerce_gallery_thumbnail":["https:\/\/ecavix.com\/wp-content\/uploads\/2025\/07\/36V-15ah-Electric-Bike-Li-Ion-Battery1-800-800-100x100.webp",100,100,true]},"uagb_author_info":{"display_name":"solvitaenergylimited@gmail.com","author_link":"https:\/\/ecavix.com\/fr\/author\/"},"uagb_comment_info":0,"uagb_excerpt":"High-quality 36V 15Ah lithium-ion battery pack for electric vehicles, offering long cycle life, excellent discharge performance, and safety features. Ideal for e-bikes, scooters, and power tools.","_links":{"self":[{"href":"https:\/\/ecavix.com\/fr\/wp-json\/wp\/v2\/product\/2344","targetHints":{"allow":["GET"]}}],"collection":[{"href":"https:\/\/ecavix.com\/fr\/wp-json\/wp\/v2\/product"}],"about":[{"href":"https:\/\/ecavix.com\/fr\/wp-json\/wp\/v2\/types\/product"}],"replies":[{"embeddable":true,"href":"https:\/\/ecavix.com\/fr\/wp-json\/wp\/v2\/comments?post=2344"}],"wp:featuredmedia":[{"embeddable":true,"href":"https:\/\/ecavix.com\/fr\/wp-json\/wp\/v2\/media\/2245"}],"wp:attachment":[{"href":"https:\/\/ecavix.com\/fr\/wp-json\/wp\/v2\/media?parent=2344"}],"wp:term":[{"taxonomy":"product_brand","embeddable":true,"href":"https:\/\/ecavix.com\/fr\/wp-json\/wp\/v2\/product_brand?post=2344"},{"taxonomy":"product_cat","embeddable":true,"href":"https:\/\/ecavix.com\/fr\/wp-json\/wp\/v2\/product_cat?post=2344"},{"taxonomy":"product_tag","embeddable":true,"href":"https:\/\/ecavix.com\/fr\/wp-json\/wp\/v2\/product_tag?post=2344"}],"curies":[{"name":"wp","href":"https:\/\/api.w.org\/{rel}","templated":true}]}}