{"id":2341,"date":"2025-07-18T03:45:37","date_gmt":"2025-07-18T03:45:37","guid":{"rendered":"https:\/\/ecavix.com\/?post_type=product&#038;p=2341"},"modified":"2025-07-18T03:45:37","modified_gmt":"2025-07-18T03:45:37","slug":"batterie-lithium-ion-24v-a-cycle-profond-20ah-18650-batterie-lithium-rechargeable-pour-e-bike","status":"publish","type":"product","link":"https:\/\/ecavix.com\/fr\/product\/deep-cycle-24v-custom-lithium-ion-battery-pack-20ah-18650-rechargeable-lithium-battery-pack-for-e-bike\/","title":{"rendered":"Batterie Lithium Ion \u00e0 cycle profond 24V 20ah 18650 Batterie Lithium rechargeable pour E Bike"},"content":{"rendered":"<h1>Batterie lithium-ion 24V 20Ah (DL-2420)<\/h1>\n<h2>Aper\u00e7u du produit<\/h2>\n<table>\n<tr>\n<th>Tension nominale<\/th>\n<td>24V<\/td>\n<\/tr>\n<tr>\n<th>Capacit\u00e9 nominale<\/th>\n<td>20Ah<\/td>\n<\/tr>\n<tr>\n<th>Cycle de vie<\/th>\n<td>500+ cycles<\/td>\n<\/tr>\n<tr>\n<th>Dur\u00e9e de stockage<\/th>\n<td>1 an \u00e0 25\u00b0C<\/td>\n<\/tr>\n<tr>\n<th>Dimensions<\/th>\n<td>43x21x27 cm (personnalisable)<\/td>\n<\/tr>\n<tr>\n<th>Courant de charge<\/th>\n<td>4A max<\/td>\n<\/tr>\n<tr>\n<th>Temps de charge<\/th>\n<td>2-3 heures<\/td>\n<\/tr>\n<tr>\n<th>Temp\u00e9rature de fonctionnement<\/th>\n<td>Charge : -20 \u00b0C \u00e0 45 \u00b0C, d\u00e9charge : -30 \u00b0C \u00e0 55 \u00b0C<\/td>\n<\/tr>\n<tr>\n<th>Poids<\/th>\n<td>Environ 3 kg<\/td>\n<\/tr>\n<\/table>\n<h2>Caract\u00e9ristiques principales<\/h2>\n<div class=\"features-grid\">\n<div class=\"feature-box\">\n      <strong>Densit\u00e9 \u00e9nerg\u00e9tique \u00e9lev\u00e9e<\/strong><br \/>\n      Le bloc-batterie pr\u00e9sente une densit\u00e9 \u00e9nerg\u00e9tique \u00e9lev\u00e9e pour une alimentation de longue dur\u00e9e.\n    <\/div>\n<div class=\"feature-box\">\n      <strong>Charge rapide<\/strong><br \/>\n      Peut \u00eatre compl\u00e8tement charg\u00e9 en 2 \u00e0 3 heures avec une tension nominale de 4,2 par cellule.\n    <\/div>\n<div class=\"feature-box\">\n      <strong>Longue dur\u00e9e de vie<\/strong><br \/>\n      Plus de 500 cycles de charge et de d\u00e9charge, conservant \u226560% de la capacit\u00e9 d'origine.\n    <\/div>\n<div class=\"feature-box\">\n      <strong>Respect de l'environnement<\/strong><br \/>\n      Ne contient pas de mercure et ne pr\u00e9sente aucun risque d'incendie, d'explosion ou de fuite.\n    <\/div>\n<div class=\"feature-box\">\n      <strong>Excellente s\u00e9curit\u00e9<\/strong><br \/>\n      Comprend des puces \u00e0 double circuit int\u00e9gr\u00e9 avec protection contre les courts-circuits, les surcharges, les surintensit\u00e9s et les surcharges.\n    <\/div>\n<div class=\"feature-box\">\n      <strong>Faible taux d'autod\u00e9charge<\/strong><br \/>\n      La batterie a un faible taux d'autod\u00e9charge, ce qui lui permet de conserver son \u00e9nergie au fil du temps.\n    <\/div>\n<\/p><\/div>\n<h2>Applications<\/h2>\n<h3>V\u00e9hicules et outils \u00e9lectriques<\/h3>\n<ul>\n<li>Scooters \u00e9lectriques, motos, bateaux<\/li>\n<li>V\u00e9hicules \u00e9lectriques : V\u00e9los \u00e9lectriques, voiturettes de golf<\/li>\n<li>Outils \u00e9lectriques : Perceuses, scies, etc.<\/li>\n<\/ul>\n<h3>Stockage de l'\u00e9nergie<\/h3>\n<ul>\n<li>Syst\u00e8mes d'\u00e9nergie solaire et \u00e9olienne<\/li>\n<li>Syst\u00e8mes d'alimentation de secours<\/li>\n<\/ul>\n<h3>Autres applications<\/h3>\n<ul>\n<li>Jouets \u00e9lectroniques<\/li>\n<li>Syst\u00e8mes d'alimentation sans interruption (ASI) et de t\u00e9l\u00e9communication<\/li>\n<\/ul>\n<h2>Avantages<\/h2>\n<ul>\n<li>Densit\u00e9 \u00e9nerg\u00e9tique et tension de sortie \u00e9lev\u00e9es<\/li>\n<li>Capacit\u00e9 de charge rapide, peut charger jusqu'\u00e0 90% en seulement 10 minutes<\/li>\n<li>Respectueux de l'environnement, s\u00fbrs et exempts de mat\u00e9riaux nocifs tels que le plomb ou le cadmium.<\/li>\n<li>Fiable, durable et capable de taux de d\u00e9charge \u00e9lev\u00e9s<\/li>\n<li>Fonctions de protection avanc\u00e9es pour garantir la s\u00e9curit\u00e9 et la fiabilit\u00e9 pendant l'utilisation<\/li>\n<\/ul>\n<h2>Emballage et exp\u00e9dition<\/h2>\n<p>La batterie au lithium-ion 24V 20Ah est emball\u00e9e en toute s\u00e9curit\u00e9 dans des cartons d'exportation. Les options d'exp\u00e9dition sont disponibles par voie a\u00e9rienne ou maritime en fonction du volume et de l'urgence de la commande.<\/p>\n<h3>M\u00e9thodes d'exp\u00e9dition<\/h3>\n<ul>\n<li>Petites commandes : exp\u00e9di\u00e9es par avion (DHL, FedEx, UPS)<\/li>\n<li>Commandes importantes : exp\u00e9dition par voie maritime (d\u00e9lai de livraison estim\u00e9 : 30-45 jours)<\/li>\n<\/ul>","protected":false},"excerpt":{"rendered":"<p>Batterie lithium-ion 24V 20Ah pour scooters \u00e9lectriques, motos, bateaux et autres. Rechargeable, haute densit\u00e9 \u00e9nerg\u00e9tique, charge rapide, avec d'excellentes caract\u00e9ristiques de s\u00e9curit\u00e9.<\/p>","protected":false},"featured_media":2244,"comment_status":"open","ping_status":"closed","template":"","meta":{"_uag_custom_page_level_css":"","neve_meta_sidebar":"","neve_meta_container":"","neve_meta_enable_content_width":"off","neve_meta_content_width":100,"neve_meta_title_alignment":"","neve_meta_author_avatar":"","neve_post_elements_order":"","neve_meta_disable_header":"","neve_meta_disable_footer":"","neve_meta_disable_title":""},"product_brand":[],"product_cat":[53,43,55],"product_tag":[],"class_list":{"0":"post-2341","1":"product","2":"type-product","3":"status-publish","4":"has-post-thumbnail","6":"product_cat-low-speed-electric-vehicle-battery","7":"product_cat-power-battery","8":"product_cat-scooter-battery","10":"first","11":"instock","12":"shipping-taxable","13":"product-type-simple"},"uagb_featured_image_src":{"full":["https:\/\/ecavix.com\/wp-content\/uploads\/2025\/07\/36V-15ah-Electric-Bike-Li-Ion-Battery0-800-800.webp",550,550,false],"thumbnail":["https:\/\/ecavix.com\/wp-content\/uploads\/2025\/07\/36V-15ah-Electric-Bike-Li-Ion-Battery0-800-800-150x150.webp",150,150,true],"medium":["https:\/\/ecavix.com\/wp-content\/uploads\/2025\/07\/36V-15ah-Electric-Bike-Li-Ion-Battery0-800-800-300x300.webp",300,300,true],"medium_large":["https:\/\/ecavix.com\/wp-content\/uploads\/2025\/07\/36V-15ah-Electric-Bike-Li-Ion-Battery0-800-800.webp",550,550,false],"large":["https:\/\/ecavix.com\/wp-content\/uploads\/2025\/07\/36V-15ah-Electric-Bike-Li-Ion-Battery0-800-800.webp",550,550,false],"1536x1536":["https:\/\/ecavix.com\/wp-content\/uploads\/2025\/07\/36V-15ah-Electric-Bike-Li-Ion-Battery0-800-800.webp",550,550,false],"2048x2048":["https:\/\/ecavix.com\/wp-content\/uploads\/2025\/07\/36V-15ah-Electric-Bike-Li-Ion-Battery0-800-800.webp",550,550,false],"trp-custom-language-flag":["https:\/\/ecavix.com\/wp-content\/uploads\/2025\/07\/36V-15ah-Electric-Bike-Li-Ion-Battery0-800-800.webp",12,12,false],"neve-blog":["https:\/\/ecavix.com\/wp-content\/uploads\/2025\/07\/36V-15ah-Electric-Bike-Li-Ion-Battery0-800-800.webp",550,550,false],"woocommerce_thumbnail":["https:\/\/ecavix.com\/wp-content\/uploads\/2025\/07\/36V-15ah-Electric-Bike-Li-Ion-Battery0-800-800-300x300.webp",300,300,true],"woocommerce_single":["https:\/\/ecavix.com\/wp-content\/uploads\/2025\/07\/36V-15ah-Electric-Bike-Li-Ion-Battery0-800-800.webp",550,550,false],"woocommerce_gallery_thumbnail":["https:\/\/ecavix.com\/wp-content\/uploads\/2025\/07\/36V-15ah-Electric-Bike-Li-Ion-Battery0-800-800-100x100.webp",100,100,true]},"uagb_author_info":{"display_name":"solvitaenergylimited@gmail.com","author_link":"https:\/\/ecavix.com\/fr\/author\/"},"uagb_comment_info":0,"uagb_excerpt":"24V 20Ah lithium-ion battery pack for electric scooters, motorcycles, boats, and more. Rechargeable, high energy density, fast charging, with excellent safety features.","_links":{"self":[{"href":"https:\/\/ecavix.com\/fr\/wp-json\/wp\/v2\/product\/2341","targetHints":{"allow":["GET"]}}],"collection":[{"href":"https:\/\/ecavix.com\/fr\/wp-json\/wp\/v2\/product"}],"about":[{"href":"https:\/\/ecavix.com\/fr\/wp-json\/wp\/v2\/types\/product"}],"replies":[{"embeddable":true,"href":"https:\/\/ecavix.com\/fr\/wp-json\/wp\/v2\/comments?post=2341"}],"wp:featuredmedia":[{"embeddable":true,"href":"https:\/\/ecavix.com\/fr\/wp-json\/wp\/v2\/media\/2244"}],"wp:attachment":[{"href":"https:\/\/ecavix.com\/fr\/wp-json\/wp\/v2\/media?parent=2341"}],"wp:term":[{"taxonomy":"product_brand","embeddable":true,"href":"https:\/\/ecavix.com\/fr\/wp-json\/wp\/v2\/product_brand?post=2341"},{"taxonomy":"product_cat","embeddable":true,"href":"https:\/\/ecavix.com\/fr\/wp-json\/wp\/v2\/product_cat?post=2341"},{"taxonomy":"product_tag","embeddable":true,"href":"https:\/\/ecavix.com\/fr\/wp-json\/wp\/v2\/product_tag?post=2341"}],"curies":[{"name":"wp","href":"https:\/\/api.w.org\/{rel}","templated":true}]}}