{"id":2340,"date":"2025-07-18T03:43:36","date_gmt":"2025-07-18T03:43:36","guid":{"rendered":"https:\/\/ecavix.com\/?post_type=product&#038;p=2340"},"modified":"2025-07-18T03:43:36","modified_gmt":"2025-07-18T03:43:36","slug":"batteries-lithium-ion-12-v-20-ah-30-ah-40-ah-18650-pack-batterie-lithium-ion-pour-scooter-electrique","status":"publish","type":"product","link":"https:\/\/ecavix.com\/fr\/product\/li-ion-batteries-12v-20ah-30ah-40ah-18650-lithium-ion-battery-pack-for-scooter-ebike\/","title":{"rendered":"Batteries Li-ion 12V 20ah 30ah 40ah 18650 Lithium Ion Battery Pack pour Scooter Ebike"},"content":{"rendered":"<h1>Batterie lithium-ion 12 V 20 Ah (DL-1220)<\/h1>\n<h2>Aper\u00e7u du produit<\/h2>\n<table>\n<tr>\n<th>Tension nominale<\/th>\n<td>12V<\/td>\n<\/tr>\n<tr>\n<th>Capacit\u00e9 nominale<\/th>\n<td>20Ah<\/td>\n<\/tr>\n<tr>\n<th>Tension d'entr\u00e9e<\/th>\n<td>12.6V<\/td>\n<\/tr>\n<tr>\n<th>Tension de sortie<\/th>\n<td>9 V \u2013 12,6 V<\/td>\n<\/tr>\n<tr>\n<th>Dimensions<\/th>\n<td>145 mm x 85 mm x 70 mm (personnalisable)<\/td>\n<\/tr>\n<tr>\n<th>Courant de charge continu maximal<\/th>\n<td>20 A \u2013 40 A<\/td>\n<\/tr>\n<tr>\n<th>Courant de d\u00e9charge maximal<\/th>\n<td>60A<\/td>\n<\/tr>\n<tr>\n<th>Courant de charge<\/th>\n<td>4A<\/td>\n<\/tr>\n<tr>\n<th>Temps de charge<\/th>\n<td>Environ 6 heures<\/td>\n<\/tr>\n<tr>\n<th>Temp\u00e9rature de fonctionnement<\/th>\n<td>Charge : -20 \u00b0C \u00e0 45 \u00b0C, d\u00e9charge : -30 \u00b0C \u00e0 55 \u00b0C<\/td>\n<\/tr>\n<tr>\n<th>Cycle de vie<\/th>\n<td>Plus de 500 cycles<\/td>\n<\/tr>\n<tr>\n<th>Poids<\/th>\n<td>1,5 kg (environ)<\/td>\n<\/tr>\n<\/table>\n<h2>Caract\u00e9ristiques principales<\/h2>\n<div class=\"features-grid\">\n<div class=\"feature-box\">\n      <strong>Long cycle de vie et grande capacit\u00e9<\/strong><br \/>\n      Offre une longue dur\u00e9e de vie et une grande capacit\u00e9 pour une utilisation intensive.\n    <\/div>\n<div class=\"feature-box\">\n      <strong>Performances \u00e0 basse temp\u00e9rature<\/strong><br \/>\n      Excellentes performances de d\u00e9charge, m\u00eame \u00e0 basse temp\u00e9rature.\n    <\/div>\n<div class=\"feature-box\">\n      <strong>Chargement rapide<\/strong><br \/>\n      Forte acceptation de la recharge et capacit\u00e9 de recharge rapide.\n    <\/div>\n<div class=\"feature-box\">\n      <strong>Sans entretien<\/strong><br \/>\n      Pas besoin d'entretien \u00e0 l'acide ou \u00e0 l'eau pendant l'utilisation.\n    <\/div>\n<div class=\"feature-box\">\n      <strong>Excellentes performances de d\u00e9charge<\/strong><br \/>\n      D\u00e9charge de courant \u00e9lev\u00e9 exceptionnelle, id\u00e9ale pour le d\u00e9marrage et la mont\u00e9e en puissance.\n    <\/div>\n<div class=\"feature-box\">\n      <strong>S\u00fbr et respectueux de l'environnement<\/strong><br \/>\n      Aucun risque d'explosion ou d'incendie, et sans danger pour l'environnement.\n    <\/div>\n<\/p><\/div>\n<h2>Applications<\/h2>\n<h3>Applications de propulsion \u00e9lectrique<\/h3>\n<ul>\n<li>Batteries de d\u00e9marrage pour moteurs<\/li>\n<li>Autobus commerciaux et transport en commun<\/li>\n<li>V\u00e9los \u00e9lectriques, trottinettes \u00e9lectriques, voiturettes de golf, etc.<\/li>\n<li>Camions \u00e9lectriques, balayeuses et nettoyeurs de sol<\/li>\n<li>Robots intellectuels<\/li>\n<li>Outils \u00e9lectriques (perceuses \u00e9lectriques, jouets, etc.)<\/li>\n<\/ul>\n<h3>Stockage de l'\u00e9nergie<\/h3>\n<ul>\n<li>Syst\u00e8mes d'\u00e9nergie solaire et \u00e9olienne<\/li>\n<li>Grille urbaine (activ\u00e9e\/d\u00e9sactiv\u00e9e)<\/li>\n<\/ul>\n<h3>Syst\u00e8mes de secours et UPS<\/h3>\n<ul>\n<li>Bases de t\u00e9l\u00e9communications, syst\u00e8mes CATV, \u00e9quipements m\u00e9dicaux<\/li>\n<li>\u00c9quipement militaire, centres de serveurs<\/li>\n<\/ul>\n<h3>Autres applications<\/h3>\n<ul>\n<li>S\u00e9curit\u00e9 et \u00e9lectronique<\/li>\n<li>Point de vente mobile, \u00e9clairage minier, \u00e9clairage de secours \u00e0 LED<\/li>\n<\/ul>\n<h2>Pourquoi choisir notre batterie lithium-ion 12 V ?<\/h2>\n<ul>\n<li>Capacit\u00e9 de charge rapide et faible taux d'autod\u00e9charge<\/li>\n<li>Plus de 500 cycles de charge-d\u00e9charge pour une durabilit\u00e9 accrue<\/li>\n<li>Large plage de temp\u00e9ratures pour des performances fiables<\/li>\n<li>Conception s\u00fbre et \u00e9cologique, sans risque d'incendie ou d'explosion<\/li>\n<li>Disponible en tailles et configurations personnalisables<\/li>\n<\/ul>\n<h2>Emballage et exp\u00e9dition<\/h2>\n<p>La batterie lithium-ion 12 V 20 Ah est emball\u00e9e dans un carton d'exportation. Nous proposons des m\u00e9thodes d'exp\u00e9dition fiables en fonction de la taille et de l'urgence de la commande.<\/p>\n<h3>M\u00e9thodes d'exp\u00e9dition<\/h3>\n<ul>\n<li>Petites commandes : exp\u00e9di\u00e9es par avion (DHL, FedEx, UPS)<\/li>\n<li>Commandes importantes : exp\u00e9dition par voie maritime (d\u00e9lai de livraison estim\u00e9 : 30-45 jours)<\/li>\n<\/ul>","protected":false},"excerpt":{"rendered":"<p>Batterie lithium-ion rechargeable 12 V 20 Ah, con\u00e7ue pour les syst\u00e8mes solaires, les bateaux t\u00e9l\u00e9command\u00e9s et divers v\u00e9hicules \u00e9lectriques, offrant une longue dur\u00e9e de vie, d'excellentes performances de d\u00e9charge et des avantages environnementaux.<\/p>","protected":false},"featured_media":2296,"comment_status":"open","ping_status":"closed","template":"","meta":{"_uag_custom_page_level_css":"","neve_meta_sidebar":"","neve_meta_container":"","neve_meta_enable_content_width":"off","neve_meta_content_width":100,"neve_meta_title_alignment":"","neve_meta_author_avatar":"","neve_post_elements_order":"","neve_meta_disable_header":"","neve_meta_disable_footer":"","neve_meta_disable_title":""},"product_brand":[],"product_cat":[53,43,55],"product_tag":[],"class_list":{"0":"post-2340","1":"product","2":"type-product","3":"status-publish","4":"has-post-thumbnail","6":"product_cat-low-speed-electric-vehicle-battery","7":"product_cat-power-battery","8":"product_cat-scooter-battery","10":"first","11":"instock","12":"shipping-taxable","13":"product-type-simple"},"uagb_featured_image_src":{"full":["https:\/\/ecavix.com\/wp-content\/uploads\/2025\/07\/Rechargeable-Electric-Bike-Battery-12V-24ah0-800-800.webp",550,550,false],"thumbnail":["https:\/\/ecavix.com\/wp-content\/uploads\/2025\/07\/Rechargeable-Electric-Bike-Battery-12V-24ah0-800-800-150x150.webp",150,150,true],"medium":["https:\/\/ecavix.com\/wp-content\/uploads\/2025\/07\/Rechargeable-Electric-Bike-Battery-12V-24ah0-800-800-300x300.webp",300,300,true],"medium_large":["https:\/\/ecavix.com\/wp-content\/uploads\/2025\/07\/Rechargeable-Electric-Bike-Battery-12V-24ah0-800-800.webp",550,550,false],"large":["https:\/\/ecavix.com\/wp-content\/uploads\/2025\/07\/Rechargeable-Electric-Bike-Battery-12V-24ah0-800-800.webp",550,550,false],"1536x1536":["https:\/\/ecavix.com\/wp-content\/uploads\/2025\/07\/Rechargeable-Electric-Bike-Battery-12V-24ah0-800-800.webp",550,550,false],"2048x2048":["https:\/\/ecavix.com\/wp-content\/uploads\/2025\/07\/Rechargeable-Electric-Bike-Battery-12V-24ah0-800-800.webp",550,550,false],"trp-custom-language-flag":["https:\/\/ecavix.com\/wp-content\/uploads\/2025\/07\/Rechargeable-Electric-Bike-Battery-12V-24ah0-800-800.webp",12,12,false],"neve-blog":["https:\/\/ecavix.com\/wp-content\/uploads\/2025\/07\/Rechargeable-Electric-Bike-Battery-12V-24ah0-800-800.webp",550,550,false],"woocommerce_thumbnail":["https:\/\/ecavix.com\/wp-content\/uploads\/2025\/07\/Rechargeable-Electric-Bike-Battery-12V-24ah0-800-800-300x300.webp",300,300,true],"woocommerce_single":["https:\/\/ecavix.com\/wp-content\/uploads\/2025\/07\/Rechargeable-Electric-Bike-Battery-12V-24ah0-800-800.webp",550,550,false],"woocommerce_gallery_thumbnail":["https:\/\/ecavix.com\/wp-content\/uploads\/2025\/07\/Rechargeable-Electric-Bike-Battery-12V-24ah0-800-800-100x100.webp",100,100,true]},"uagb_author_info":{"display_name":"solvitaenergylimited@gmail.com","author_link":"https:\/\/ecavix.com\/fr\/author\/"},"uagb_comment_info":0,"uagb_excerpt":"12V 20Ah rechargeable lithium-ion battery pack, designed for solar systems, remote control boats, and various electric vehicles with long cycle life, excellent discharge performance, and environmental benefits.","_links":{"self":[{"href":"https:\/\/ecavix.com\/fr\/wp-json\/wp\/v2\/product\/2340","targetHints":{"allow":["GET"]}}],"collection":[{"href":"https:\/\/ecavix.com\/fr\/wp-json\/wp\/v2\/product"}],"about":[{"href":"https:\/\/ecavix.com\/fr\/wp-json\/wp\/v2\/types\/product"}],"replies":[{"embeddable":true,"href":"https:\/\/ecavix.com\/fr\/wp-json\/wp\/v2\/comments?post=2340"}],"wp:featuredmedia":[{"embeddable":true,"href":"https:\/\/ecavix.com\/fr\/wp-json\/wp\/v2\/media\/2296"}],"wp:attachment":[{"href":"https:\/\/ecavix.com\/fr\/wp-json\/wp\/v2\/media?parent=2340"}],"wp:term":[{"taxonomy":"product_brand","embeddable":true,"href":"https:\/\/ecavix.com\/fr\/wp-json\/wp\/v2\/product_brand?post=2340"},{"taxonomy":"product_cat","embeddable":true,"href":"https:\/\/ecavix.com\/fr\/wp-json\/wp\/v2\/product_cat?post=2340"},{"taxonomy":"product_tag","embeddable":true,"href":"https:\/\/ecavix.com\/fr\/wp-json\/wp\/v2\/product_tag?post=2340"}],"curies":[{"name":"wp","href":"https:\/\/api.w.org\/{rel}","templated":true}]}}