{"id":2335,"date":"2025-07-18T03:34:48","date_gmt":"2025-07-18T03:34:48","guid":{"rendered":"https:\/\/ecavix.com\/?post_type=product&#038;p=2335"},"modified":"2025-07-18T03:34:48","modified_gmt":"2025-07-18T03:34:48","slug":"vente-en-gros-de-batterie-lithium-12-v-10-ah-pour-pulverisateur-agricole","status":"publish","type":"product","link":"https:\/\/ecavix.com\/fr\/product\/wholesales-12v-10ah-lithium-battery-pack-for-agriculture-sprayer\/","title":{"rendered":"Batterie au lithium 12V 10ah pour pulv\u00e9risateur agricole en gros"},"content":{"rendered":"<h1>Batterie lithium-ion 12 V 10 Ah pour pulv\u00e9risateur agricole (del18650)<\/h1>\n<h2>Aper\u00e7u du produit<\/h2>\n<table>\n<tr>\n<th>Tension nominale<\/th>\n<td>12V<\/td>\n<\/tr>\n<tr>\n<th>Tension de fonctionnement<\/th>\n<td>12,6V-9V<\/td>\n<\/tr>\n<tr>\n<th>Capacit\u00e9 nominale<\/th>\n<td>10 Ah (personnalisable de 7 Ah \u00e0 18 Ah)<\/td>\n<\/tr>\n<tr>\n<th>Courant de d\u00e9charge<\/th>\n<td>0,5 C-1 C (personnalisable jusqu'\u00e0 3 C pour le d\u00e9marrage du moteur)<\/td>\n<\/tr>\n<tr>\n<th>Tension de coupure de la charge<\/th>\n<td>12.6V<\/td>\n<\/tr>\n<tr>\n<th>Courant de charge<\/th>\n<td>Max 2.5A<\/td>\n<\/tr>\n<tr>\n<th>M\u00e9thode d'imputation<\/th>\n<td>CC\/CV - Courant constant\/Tension constante<\/td>\n<\/tr>\n<tr>\n<th>Temp\u00e9rature de charge<\/th>\n<td>0\u00baC - 40\u00baC<\/td>\n<\/tr>\n<tr>\n<th>Temp\u00e9rature de refoulement<\/th>\n<td>-20 \u00b0C \u00e0 +60 \u00b0C<\/td>\n<\/tr>\n<tr>\n<th>Dur\u00e9e de la charge<\/th>\n<td>4 \u00e0 5 heures (standard)<\/td>\n<\/tr>\n<tr>\n<th>Cycle de vie<\/th>\n<td>Plus de 500 cycles<\/td>\n<\/tr>\n<tr>\n<th>Dimensions<\/th>\n<td>148 mm x 64 mm x 94 mm (L x l x H)<\/td>\n<\/tr>\n<\/table>\n<h2>Caract\u00e9ristiques principales<\/h2>\n<div class=\"features-grid\">\n<div class=\"feature-box\">\n      <strong>Syst\u00e8me BMS stable<\/strong><br \/>\n      \u00c9quip\u00e9 d'une protection contre les courts-circuits, les surcharges, les d\u00e9charges excessives et les surintensit\u00e9s, ainsi que d'un BMS int\u00e9gr\u00e9 de 60 A pour l'\u00e9quilibrage.\n    <\/div>\n<div class=\"feature-box\">\n      <strong>Longue dur\u00e9e de vie<\/strong><br \/>\n      Offre plus de 500 cycles, garantissant une fiabilit\u00e9 \u00e0 long terme.\n    <\/div>\n<div class=\"feature-box\">\n      <strong>Tol\u00e9rance \u00e0 la temp\u00e9rature<\/strong><br \/>\n      Fonctionne bien \u00e0 des temp\u00e9ratures extr\u00eames, de -20 \u00b0C \u00e0 +60 \u00b0C pour la d\u00e9charge et de 0 \u00b0C \u00e0 40 \u00b0C pour la charge.\n    <\/div>\n<div class=\"feature-box\">\n      <strong>Pas d'effet m\u00e9moire<\/strong><br \/>\n      Garantit des performances optimales sans risque d'effets m\u00e9moire.\n    <\/div>\n<div class=\"feature-box\">\n      <strong>Capacit\u00e9s personnalisables<\/strong><br \/>\n      Disponible dans des capacit\u00e9s personnalisables allant de 7 Ah \u00e0 18 Ah en fonction de vos besoins sp\u00e9cifiques.\n    <\/div>\n<div class=\"feature-box\">\n      <strong>Applications polyvalentes<\/strong><br \/>\n      Convient aux pulv\u00e9risateurs agricoles, aux appareils l\u00e9gers, aux onduleurs, aux cam\u00e9ras de surveillance et autres appareils \u00e9lectriques.\n    <\/div>\n<\/p><\/div>\n<h2>Applications<\/h2>\n<ul>\n<li>Pulv\u00e9risateurs agricoles<\/li>\n<li>Syst\u00e8mes d'\u00e9nergie solaire<\/li>\n<li>V\u00e9hicules \u00e9lectriques<\/li>\n<li>Appareils portables (lampes, appareils photo, etc.)<\/li>\n<li>Outils \u00e9lectriques<\/li>\n<\/ul>\n<h2>Pourquoi choisir notre batterie lithium-ion 12 V 10 Ah ?<\/h2>\n<ul>\n<li>Syst\u00e8me BMS stable et fiable pour une s\u00e9curit\u00e9 renforc\u00e9e<\/li>\n<li>Capacit\u00e9 et d\u00e9bits personnalisables pour diff\u00e9rentes applications<\/li>\n<li>Convient \u00e0 une utilisation dans des conditions environnementales difficiles<\/li>\n<li>Une longue dur\u00e9e de vie garantit des \u00e9conomies et une efficacit\u00e9 \u00e0 long terme.<\/li>\n<li>L'absence d'effet m\u00e9moire garantit une capacit\u00e9 maximale dans le temps.<\/li>\n<\/ul>\n<h2>Emballage et exp\u00e9dition<\/h2>\n<p>La batterie lithium-ion 12 V 10 Ah est soigneusement emball\u00e9e dans un emballage standard pour l'exportation afin de garantir une livraison en toute s\u00e9curit\u00e9. Les options d'exp\u00e9dition comprennent le fret a\u00e9rien et maritime, en fonction de la taille et de l'urgence de la commande.<\/p>\n<h3>M\u00e9thodes d'exp\u00e9dition<\/h3>\n<ul>\n<li>Petites commandes : exp\u00e9di\u00e9es par avion (DHL, FedEx, UPS)<\/li>\n<li>Commandes importantes : exp\u00e9dition par voie maritime (d\u00e9lai de livraison estim\u00e9 : 30-45 jours)<\/li>\n<\/ul>","protected":false},"excerpt":{"rendered":"<p>Batterie lithium-ion 12 V 10 Ah pour pulv\u00e9risateurs agricoles, dot\u00e9e d'un syst\u00e8me BMS stable, d'une longue dur\u00e9e de vie et d'une excellente r\u00e9sistance \u00e0 la temp\u00e9rature. Personnalisable pour diverses applications.<\/p>","protected":false},"featured_media":2337,"comment_status":"open","ping_status":"closed","template":"","meta":{"_uag_custom_page_level_css":"","neve_meta_sidebar":"","neve_meta_container":"","neve_meta_enable_content_width":"off","neve_meta_content_width":100,"neve_meta_title_alignment":"","neve_meta_author_avatar":"","neve_post_elements_order":"","neve_meta_disable_header":"","neve_meta_disable_footer":"","neve_meta_disable_title":""},"product_brand":[],"product_cat":[53,43,55],"product_tag":[],"class_list":{"0":"post-2335","1":"product","2":"type-product","3":"status-publish","4":"has-post-thumbnail","6":"product_cat-low-speed-electric-vehicle-battery","7":"product_cat-power-battery","8":"product_cat-scooter-battery","10":"first","11":"instock","12":"shipping-taxable","13":"product-type-simple"},"uagb_featured_image_src":{"full":["https:\/\/ecavix.com\/wp-content\/uploads\/2025\/07\/Wholesales-12V-10ah-Lithium-Battery-Pack-for-Agriculture-Sprayer4-800-800.webp",550,467,false],"thumbnail":["https:\/\/ecavix.com\/wp-content\/uploads\/2025\/07\/Wholesales-12V-10ah-Lithium-Battery-Pack-for-Agriculture-Sprayer4-800-800-150x150.webp",150,150,true],"medium":["https:\/\/ecavix.com\/wp-content\/uploads\/2025\/07\/Wholesales-12V-10ah-Lithium-Battery-Pack-for-Agriculture-Sprayer4-800-800-300x255.webp",300,255,true],"medium_large":["https:\/\/ecavix.com\/wp-content\/uploads\/2025\/07\/Wholesales-12V-10ah-Lithium-Battery-Pack-for-Agriculture-Sprayer4-800-800.webp",550,467,false],"large":["https:\/\/ecavix.com\/wp-content\/uploads\/2025\/07\/Wholesales-12V-10ah-Lithium-Battery-Pack-for-Agriculture-Sprayer4-800-800.webp",550,467,false],"1536x1536":["https:\/\/ecavix.com\/wp-content\/uploads\/2025\/07\/Wholesales-12V-10ah-Lithium-Battery-Pack-for-Agriculture-Sprayer4-800-800.webp",550,467,false],"2048x2048":["https:\/\/ecavix.com\/wp-content\/uploads\/2025\/07\/Wholesales-12V-10ah-Lithium-Battery-Pack-for-Agriculture-Sprayer4-800-800.webp",550,467,false],"trp-custom-language-flag":["https:\/\/ecavix.com\/wp-content\/uploads\/2025\/07\/Wholesales-12V-10ah-Lithium-Battery-Pack-for-Agriculture-Sprayer4-800-800.webp",14,12,false],"neve-blog":["https:\/\/ecavix.com\/wp-content\/uploads\/2025\/07\/Wholesales-12V-10ah-Lithium-Battery-Pack-for-Agriculture-Sprayer4-800-800.webp",550,467,false],"woocommerce_thumbnail":["https:\/\/ecavix.com\/wp-content\/uploads\/2025\/07\/Wholesales-12V-10ah-Lithium-Battery-Pack-for-Agriculture-Sprayer4-800-800-300x300.webp",300,300,true],"woocommerce_single":["https:\/\/ecavix.com\/wp-content\/uploads\/2025\/07\/Wholesales-12V-10ah-Lithium-Battery-Pack-for-Agriculture-Sprayer4-800-800.webp",550,467,false],"woocommerce_gallery_thumbnail":["https:\/\/ecavix.com\/wp-content\/uploads\/2025\/07\/Wholesales-12V-10ah-Lithium-Battery-Pack-for-Agriculture-Sprayer4-800-800-100x100.webp",100,100,true]},"uagb_author_info":{"display_name":"solvitaenergylimited@gmail.com","author_link":"https:\/\/ecavix.com\/fr\/author\/"},"uagb_comment_info":0,"uagb_excerpt":"12V 10Ah lithium-ion battery pack for agriculture sprayers, featuring a stable BMS system, long cycle life, and excellent temperature resistance. Customizable for various applications.","_links":{"self":[{"href":"https:\/\/ecavix.com\/fr\/wp-json\/wp\/v2\/product\/2335","targetHints":{"allow":["GET"]}}],"collection":[{"href":"https:\/\/ecavix.com\/fr\/wp-json\/wp\/v2\/product"}],"about":[{"href":"https:\/\/ecavix.com\/fr\/wp-json\/wp\/v2\/types\/product"}],"replies":[{"embeddable":true,"href":"https:\/\/ecavix.com\/fr\/wp-json\/wp\/v2\/comments?post=2335"}],"wp:featuredmedia":[{"embeddable":true,"href":"https:\/\/ecavix.com\/fr\/wp-json\/wp\/v2\/media\/2337"}],"wp:attachment":[{"href":"https:\/\/ecavix.com\/fr\/wp-json\/wp\/v2\/media?parent=2335"}],"wp:term":[{"taxonomy":"product_brand","embeddable":true,"href":"https:\/\/ecavix.com\/fr\/wp-json\/wp\/v2\/product_brand?post=2335"},{"taxonomy":"product_cat","embeddable":true,"href":"https:\/\/ecavix.com\/fr\/wp-json\/wp\/v2\/product_cat?post=2335"},{"taxonomy":"product_tag","embeddable":true,"href":"https:\/\/ecavix.com\/fr\/wp-json\/wp\/v2\/product_tag?post=2335"}],"curies":[{"name":"wp","href":"https:\/\/api.w.org\/{rel}","templated":true}]}}