{"id":2317,"date":"2025-07-18T03:03:22","date_gmt":"2025-07-18T03:03:22","guid":{"rendered":"https:\/\/ecavix.com\/?post_type=product&#038;p=2317"},"modified":"2025-07-18T03:06:09","modified_gmt":"2025-07-18T03:06:09","slug":"batterie-lithium-ion-rechargeable-18650-12-v-6600-mah-a-prix-dusine-pour-outils-electriques-a-eclairage-led","status":"publish","type":"product","link":"https:\/\/ecavix.com\/fr\/product\/factory-price-rechargeable-18650-lithium-ion-12v-6600mah-li-ion-battery-pack-for-led-light-power-tools-batteries\/","title":{"rendered":"Batterie rechargeable 18650 Lithium Ion 12V 6600mAh Li Ion \u00e0 prix d'usine pour \u00e9clairage LED Batteries pour outils \u00e9lectriques"},"content":{"rendered":"<br \/>\n<h1>Batterie rechargeable 18650 Lithium Ion 12V 6600mAh Li Ion \u00e0 prix d'usine pour \u00e9clairage LED Batteries pour outils \u00e9lectriques <\/h1>\n<h2>Aper\u00e7u du produit<\/h2>\n<table>\n<tr>\n<th>Tension nominale<\/th>\n<td>12V<\/td>\n<\/tr>\n<tr>\n<th>Capacit\u00e9 nominale<\/th>\n<td>6600 mAh (personnalisable)<\/td>\n<\/tr>\n<tr>\n<th>R\u00e9sistance interne<\/th>\n<td>150 m\u03a9<\/td>\n<\/tr>\n<tr>\n<th>Tension de d\u00e9charge limit\u00e9e<\/th>\n<td>11 V<\/td>\n<\/tr>\n<tr>\n<th>Charge \u00e0 tension limit\u00e9e<\/th>\n<td>16.8V<\/td>\n<\/tr>\n<tr>\n<th>Courant de charge standard<\/th>\n<td>0,5 A<\/td>\n<\/tr>\n<tr>\n<th>Courant de fonctionnement continu<\/th>\n<td>7,8 A<\/td>\n<\/tr>\n<tr>\n<th>Courant de d\u00e9charge en rafale<\/th>\n<td>1,5 A<\/td>\n<\/tr>\n<tr>\n<th>M\u00e9thode d'imputation<\/th>\n<td>CC\/CV (courant constant\/tension constante)<\/td>\n<\/tr>\n<tr>\n<th>Poids<\/th>\n<td>1,5 kg<\/td>\n<\/tr>\n<tr>\n<th>Temp\u00e9rature de fonctionnement (charge)<\/th>\n<td>0 \u00b0C \u00e0 50 \u00b0C<\/td>\n<\/tr>\n<tr>\n<th>Temp\u00e9rature de fonctionnement (d\u00e9charge)<\/th>\n<td>-20 \u00b0C \u00e0 60 \u00b0C<\/td>\n<\/tr>\n<tr>\n<th>Temp\u00e9rature de stockage<\/th>\n<td>-10 \u00b0C \u00e0 40 \u00b0C<\/td>\n<\/tr>\n<tr>\n<th>Cycle de vie<\/th>\n<td>Plus de 500 \u00e0 800 cycles (avec une capacit\u00e9 restante sup\u00e9rieure \u00e0 951 TP3T)<\/td>\n<\/tr>\n<tr>\n<th>Certification<\/th>\n<td>CE, RoHS, UN38.3, MSDS<\/td>\n<\/tr>\n<\/table>\n<h2>Caract\u00e9ristiques principales<\/h2>\n<div class=\"features-grid\">\n<div class=\"feature-box\">\n      <strong>Longue dur\u00e9e de vie<\/strong><br \/>\n      Plus de 500 \u00e0 800 cycles de charge\/d\u00e9charge, garantissant des performances fiables et durables.\n    <\/div>\n<div class=\"feature-box\">\n      <strong>D\u00e9bit moyen<\/strong><br \/>\n      Convient \u00e0 une large gamme d'applications telles que les lampes LED, les outils \u00e9lectriques et les v\u00e9hicules \u00e9lectriques.\n    <\/div>\n<div class=\"feature-box\">\n      <strong>Stable et s\u00fbr<\/strong><br \/>\n      Le syst\u00e8me de gestion de batterie (BMS) int\u00e9gr\u00e9 assure une protection contre les surcharges, les d\u00e9charges excessives et les courts-circuits.\n    <\/div>\n<div class=\"feature-box\">\n      <strong>Large gamme de temp\u00e9ratures<\/strong><br \/>\n      Peut fonctionner efficacement \u00e0 des temp\u00e9ratures comprises entre -20 \u00b0C et 60 \u00b0C.\n    <\/div>\n<div class=\"feature-box\">\n      <strong>Personnalisable<\/strong><br \/>\n      Capacit\u00e9 et dimensions personnalisables pour r\u00e9pondre \u00e0 des exigences sp\u00e9cifiques.\n    <\/div>\n<div class=\"feature-box\">\n      <strong>Respect de l'environnement<\/strong><br \/>\n      Conforme aux certifications CE, RoHS, UN38.3 et MSDS pour une utilisation s\u00fbre et respectueuse de l'environnement.\n    <\/div>\n<\/p><\/div>\n<h2>Applications<\/h2>\n<ul>\n<li>Lampes LED<\/li>\n<li>Outils \u00e9lectriques<\/li>\n<li>V\u00e9los \u00e9lectriques<\/li>\n<li>Appareils GPS<\/li>\n<\/ul>\n<h2>Pourquoi choisir notre batterie 12 V 6600 mAh ?<\/h2>\n<ul>\n<li>Performances fiables avec plus de 500 \u00e0 800 cycles de charge<\/li>\n<li>Options OEM\/ODM flexibles pour r\u00e9pondre \u00e0 des besoins sp\u00e9cifiques<\/li>\n<li>Syst\u00e8me de gestion de batterie (BMS) robuste pour la protection<\/li>\n<li>Large plage de temp\u00e9ratures de fonctionnement pour une grande polyvalence<\/li>\n<li>Conforme aux certifications internationales (CE, RoHS, UN38.3, MSDS)<\/li>\n<\/ul>\n<h2>Emballage et exp\u00e9dition<\/h2>\n<p>Nous proposons des emballages standard ou personnalis\u00e9s en fonction de vos besoins. Nous exp\u00e9dions dans le monde entier, avec des options de livraison par voie a\u00e9rienne ou maritime.<\/p>\n<h3>M\u00e9thodes d'exp\u00e9dition<\/h3>\n<ul>\n<li>Commandes d'\u00e9chantillons : Exp\u00e9dition par UPS, DHL ou FedEx (service porte-\u00e0-porte)<\/li>\n<li>Commandes en gros : Exp\u00e9dition par voie maritime (d\u00e9lai de livraison : 30-45 jours)<\/li>\n<\/ul>","protected":false},"excerpt":{"rendered":"<p>Batterie rechargeable 18650 lithium-ion 12 V 6600 mAh \u00e0 prix d'usine pour lampes LED, outils \u00e9lectriques, v\u00e9los \u00e9lectriques, GPS et autres applications. Fiable et durable, avec une dur\u00e9e de vie de 500 \u00e0 800 cycles.<\/p>","protected":false},"featured_media":2320,"comment_status":"open","ping_status":"closed","template":"","meta":{"_uag_custom_page_level_css":"","neve_meta_sidebar":"","neve_meta_container":"","neve_meta_enable_content_width":"off","neve_meta_content_width":100,"neve_meta_title_alignment":"","neve_meta_author_avatar":"","neve_post_elements_order":"","neve_meta_disable_header":"","neve_meta_disable_footer":"","neve_meta_disable_title":""},"product_brand":[],"product_cat":[53,43,55],"product_tag":[64,67,68],"class_list":{"0":"post-2317","1":"product","2":"type-product","3":"status-publish","4":"has-post-thumbnail","6":"product_cat-low-speed-electric-vehicle-battery","7":"product_cat-power-battery","8":"product_cat-scooter-battery","9":"product_tag-battery","10":"product_tag-eco","11":"product_tag-green","13":"first","14":"instock","15":"shipping-taxable","16":"product-type-simple"},"uagb_featured_image_src":{"full":["https:\/\/ecavix.com\/wp-content\/uploads\/2025\/07\/Factory-Price-Rechargeable-18650-Lithium-Ion-12V-6600mAh-Li-Ion-Battery-Pack-for-LED-Light-Power-Too-800-800-3.webp",550,550,false],"thumbnail":["https:\/\/ecavix.com\/wp-content\/uploads\/2025\/07\/Factory-Price-Rechargeable-18650-Lithium-Ion-12V-6600mAh-Li-Ion-Battery-Pack-for-LED-Light-Power-Too-800-800-3-150x150.webp",150,150,true],"medium":["https:\/\/ecavix.com\/wp-content\/uploads\/2025\/07\/Factory-Price-Rechargeable-18650-Lithium-Ion-12V-6600mAh-Li-Ion-Battery-Pack-for-LED-Light-Power-Too-800-800-3-300x300.webp",300,300,true],"medium_large":["https:\/\/ecavix.com\/wp-content\/uploads\/2025\/07\/Factory-Price-Rechargeable-18650-Lithium-Ion-12V-6600mAh-Li-Ion-Battery-Pack-for-LED-Light-Power-Too-800-800-3.webp",550,550,false],"large":["https:\/\/ecavix.com\/wp-content\/uploads\/2025\/07\/Factory-Price-Rechargeable-18650-Lithium-Ion-12V-6600mAh-Li-Ion-Battery-Pack-for-LED-Light-Power-Too-800-800-3.webp",550,550,false],"1536x1536":["https:\/\/ecavix.com\/wp-content\/uploads\/2025\/07\/Factory-Price-Rechargeable-18650-Lithium-Ion-12V-6600mAh-Li-Ion-Battery-Pack-for-LED-Light-Power-Too-800-800-3.webp",550,550,false],"2048x2048":["https:\/\/ecavix.com\/wp-content\/uploads\/2025\/07\/Factory-Price-Rechargeable-18650-Lithium-Ion-12V-6600mAh-Li-Ion-Battery-Pack-for-LED-Light-Power-Too-800-800-3.webp",550,550,false],"trp-custom-language-flag":["https:\/\/ecavix.com\/wp-content\/uploads\/2025\/07\/Factory-Price-Rechargeable-18650-Lithium-Ion-12V-6600mAh-Li-Ion-Battery-Pack-for-LED-Light-Power-Too-800-800-3.webp",12,12,false],"neve-blog":["https:\/\/ecavix.com\/wp-content\/uploads\/2025\/07\/Factory-Price-Rechargeable-18650-Lithium-Ion-12V-6600mAh-Li-Ion-Battery-Pack-for-LED-Light-Power-Too-800-800-3.webp",550,550,false],"woocommerce_thumbnail":["https:\/\/ecavix.com\/wp-content\/uploads\/2025\/07\/Factory-Price-Rechargeable-18650-Lithium-Ion-12V-6600mAh-Li-Ion-Battery-Pack-for-LED-Light-Power-Too-800-800-3-300x300.webp",300,300,true],"woocommerce_single":["https:\/\/ecavix.com\/wp-content\/uploads\/2025\/07\/Factory-Price-Rechargeable-18650-Lithium-Ion-12V-6600mAh-Li-Ion-Battery-Pack-for-LED-Light-Power-Too-800-800-3.webp",550,550,false],"woocommerce_gallery_thumbnail":["https:\/\/ecavix.com\/wp-content\/uploads\/2025\/07\/Factory-Price-Rechargeable-18650-Lithium-Ion-12V-6600mAh-Li-Ion-Battery-Pack-for-LED-Light-Power-Too-800-800-3-100x100.webp",100,100,true]},"uagb_author_info":{"display_name":"solvitaenergylimited@gmail.com","author_link":"https:\/\/ecavix.com\/fr\/author\/"},"uagb_comment_info":0,"uagb_excerpt":"Factory price rechargeable 18650 lithium ion 12V 6600mAh battery pack for LED lights, power tools, E-bikes, GPS, and other applications. Reliable and durable with a cycle life of 500-800 times.","_links":{"self":[{"href":"https:\/\/ecavix.com\/fr\/wp-json\/wp\/v2\/product\/2317","targetHints":{"allow":["GET"]}}],"collection":[{"href":"https:\/\/ecavix.com\/fr\/wp-json\/wp\/v2\/product"}],"about":[{"href":"https:\/\/ecavix.com\/fr\/wp-json\/wp\/v2\/types\/product"}],"replies":[{"embeddable":true,"href":"https:\/\/ecavix.com\/fr\/wp-json\/wp\/v2\/comments?post=2317"}],"wp:featuredmedia":[{"embeddable":true,"href":"https:\/\/ecavix.com\/fr\/wp-json\/wp\/v2\/media\/2320"}],"wp:attachment":[{"href":"https:\/\/ecavix.com\/fr\/wp-json\/wp\/v2\/media?parent=2317"}],"wp:term":[{"taxonomy":"product_brand","embeddable":true,"href":"https:\/\/ecavix.com\/fr\/wp-json\/wp\/v2\/product_brand?post=2317"},{"taxonomy":"product_cat","embeddable":true,"href":"https:\/\/ecavix.com\/fr\/wp-json\/wp\/v2\/product_cat?post=2317"},{"taxonomy":"product_tag","embeddable":true,"href":"https:\/\/ecavix.com\/fr\/wp-json\/wp\/v2\/product_tag?post=2317"}],"curies":[{"name":"wp","href":"https:\/\/api.w.org\/{rel}","templated":true}]}}