{"id":2315,"date":"2025-07-18T02:51:42","date_gmt":"2025-07-18T02:51:42","guid":{"rendered":"https:\/\/ecavix.com\/?post_type=product&#038;p=2315"},"modified":"2025-07-18T02:56:57","modified_gmt":"2025-07-18T02:56:57","slug":"batterie-rechargeable-pour-velo-electrique-12-v-24-ah","status":"publish","type":"product","link":"https:\/\/ecavix.com\/fr\/product\/rechargeable-electric-bike-battery-12v-24ah\/","title":{"rendered":"Batterie rechargeable pour v\u00e9lo \u00e9lectrique 12 V 24 Ah"},"content":{"rendered":"<br \/>\n<h1>Batterie rechargeable pour v\u00e9lo \u00e9lectrique 12 V 24 Ah<\/h1>\n<h2>Aper\u00e7u du produit<\/h2>\n<table>\n<tr>\n<th>Tension nominale<\/th>\n<td>12V<\/td>\n<\/tr>\n<tr>\n<th>Tension de fonctionnement<\/th>\n<td>12,6 V \u2013 9 V<\/td>\n<\/tr>\n<tr>\n<th>Capacit\u00e9 nominale<\/th>\n<td>24 Ah (disponible : 20 Ah, 40 Ah, 60 Ah, 100 Ah, etc.)<\/td>\n<\/tr>\n<tr>\n<th>Tension de coupure de la charge<\/th>\n<td>12.6V<\/td>\n<\/tr>\n<tr>\n<th>Courant de charge<\/th>\n<td>2,5 A max.<\/td>\n<\/tr>\n<tr>\n<th>M\u00e9thode d'imputation<\/th>\n<td>CC\/CV (courant constant \/ tension constante)<\/td>\n<\/tr>\n<tr>\n<th>Temp\u00e9rature de charge<\/th>\n<td>0\u00baC - 40\u00baC<\/td>\n<\/tr>\n<tr>\n<th>Temp\u00e9rature de refoulement<\/th>\n<td>-20\u00baC ~ +60\u00baC<\/td>\n<\/tr>\n<tr>\n<th>Dur\u00e9e de la charge<\/th>\n<td>4-5 heures (standard)<\/td>\n<\/tr>\n<tr>\n<th>Cycle de vie<\/th>\n<td>Plus de 500 cycles<\/td>\n<\/tr>\n<tr>\n<th>Poids<\/th>\n<td>Personnalisable<\/td>\n<\/tr>\n<tr>\n<th>Taille<\/th>\n<td>118 x 78 x 68 mm<\/td>\n<\/tr>\n<tr>\n<th>Type de prise<\/th>\n<td>\u00c9tats-Unis, Royaume-Uni, UE, etc.<\/td>\n<\/tr>\n<tr>\n<th>Recyclable<\/th>\n<td>Oui<\/td>\n<\/tr>\n<tr>\n<th>Certifications<\/th>\n<td>CE, RoHS, FCC<\/td>\n<\/tr>\n<tr>\n<th>Type de chargeur<\/th>\n<td>Chargeur \u00e9lectrique<\/td>\n<\/tr>\n<tr>\n<th>Style de chargeur<\/th>\n<td>Chargeur simple<\/td>\n<\/tr>\n<\/table>\n<h2>Caract\u00e9ristiques principales<\/h2>\n<div class=\"features-grid\">\n<div class=\"feature-box\">\n      <strong>Haute efficacit\u00e9<\/strong><br \/>\n      La batterie fonctionne avec un rendement \u226599%, offrant une conversion d'\u00e9nergie optimale pour votre v\u00e9lo \u00e9lectrique.\n    <\/div>\n<div class=\"feature-box\">\n      <strong>Longue dur\u00e9e de vie<\/strong><br \/>\n      Cette batterie est con\u00e7ue pour une longue dur\u00e9e de vie avec plus de 500 cycles de charge\/d\u00e9charge, garantissant ainsi sa durabilit\u00e9.\n    <\/div>\n<div class=\"feature-box\">\n      <strong>Large gamme de temp\u00e9ratures<\/strong><br \/>\n      Convient pour une utilisation \u00e0 des temp\u00e9ratures extr\u00eames, avec une large plage allant de -20 \u00b0C \u00e0 +60 \u00b0C pour la d\u00e9charge.\n    <\/div>\n<div class=\"feature-box\">\n      <strong>Recyclable<\/strong><br \/>\n      La batterie est enti\u00e8rement recyclable, ce qui en fait un choix \u00e9cologique pour les v\u00e9los \u00e9lectriques.\n    <\/div>\n<div class=\"feature-box\">\n      <strong>Chargement rapide<\/strong><br \/>\n      Se recharge compl\u00e8tement en 4 \u00e0 5 heures gr\u00e2ce \u00e0 la m\u00e9thode \u00e0 courant constant\/tension constante (CC\/CV), garantissant une disponibilit\u00e9 rapide.\n    <\/div>\n<div class=\"feature-box\">\n      <strong>S\u00e9curit\u00e9 certifi\u00e9e<\/strong><br \/>\n      Avec des certifications telles que CE, RoHS et FCC, la batterie r\u00e9pond aux normes de s\u00e9curit\u00e9 internationales.\n    <\/div>\n<\/p><\/div>\n<h2>Principales applications<\/h2>\n<ul>\n<li>V\u00e9los \u00e9lectriques<\/li>\n<li>Scooters \u00e9lectriques<\/li>\n<li>Motos \u00e9lectriques<\/li>\n<li>Syst\u00e8mes d'\u00e9nergie solaire<\/li>\n<\/ul>\n<h2>Pourquoi choisir notre batterie au lithium 12 V 24 Ah ?<\/h2>\n<ul>\n<li>Haute efficacit\u00e9 avec une perte d'\u00e9nergie minimale<\/li>\n<li>Longue dur\u00e9e de vie de plus de 500 cycles de charge<\/li>\n<li>Large plage de temp\u00e9ratures de fonctionnement, adapt\u00e9e \u00e0 tous les climats<\/li>\n<li>\u00c9cologique et recyclable<\/li>\n<li>Capacit\u00e9s de recharge rapide<\/li>\n<li>Certifi\u00e9 mondialement pour sa s\u00e9curit\u00e9 et sa qualit\u00e9<\/li>\n<\/ul>\n<h2>Emballage et exp\u00e9dition<\/h2>\n<p>La batterie est emball\u00e9e dans un carton d'exportation standard pour garantir la s\u00e9curit\u00e9 pendant le transport. Des options d'emballage personnalis\u00e9es sont disponibles sur demande.<\/p>\n<h3>M\u00e9thodes d'exp\u00e9dition<\/h3>\n<ul>\n<li>Commandes d'\u00e9chantillons : Exp\u00e9dition par UPS, DHL ou FedEx (service porte-\u00e0-porte)<\/li>\n<li>Commandes en gros : Exp\u00e9dition par voie maritime (d\u00e9lai de livraison : 30-45 jours)<\/li>\n<\/ul>","protected":false},"excerpt":{"rendered":"<p>Batterie rechargeable 12 V 24 Ah pour v\u00e9lo \u00e9lectrique, haute efficacit\u00e9, longue dur\u00e9e de vie et performances de charge\/d\u00e9charge stables. Disponible en plusieurs capacit\u00e9s. Certifi\u00e9e CE, RoHS et FCC.<\/p>","protected":false},"featured_media":2238,"comment_status":"open","ping_status":"closed","template":"","meta":{"_uag_custom_page_level_css":"","neve_meta_sidebar":"","neve_meta_container":"","neve_meta_enable_content_width":"off","neve_meta_content_width":100,"neve_meta_title_alignment":"","neve_meta_author_avatar":"","neve_post_elements_order":"","neve_meta_disable_header":"","neve_meta_disable_footer":"","neve_meta_disable_title":""},"product_brand":[],"product_cat":[53,43,55],"product_tag":[],"class_list":{"0":"post-2315","1":"product","2":"type-product","3":"status-publish","4":"has-post-thumbnail","6":"product_cat-low-speed-electric-vehicle-battery","7":"product_cat-power-battery","8":"product_cat-scooter-battery","10":"first","11":"instock","12":"shipping-taxable","13":"product-type-simple"},"uagb_featured_image_src":{"full":["https:\/\/ecavix.com\/wp-content\/uploads\/2025\/07\/24V-10ah-Li-Ion-Ebike-Battery-Pack0-800-800-1.webp",550,550,false],"thumbnail":["https:\/\/ecavix.com\/wp-content\/uploads\/2025\/07\/24V-10ah-Li-Ion-Ebike-Battery-Pack0-800-800-1-150x150.webp",150,150,true],"medium":["https:\/\/ecavix.com\/wp-content\/uploads\/2025\/07\/24V-10ah-Li-Ion-Ebike-Battery-Pack0-800-800-1-300x300.webp",300,300,true],"medium_large":["https:\/\/ecavix.com\/wp-content\/uploads\/2025\/07\/24V-10ah-Li-Ion-Ebike-Battery-Pack0-800-800-1.webp",550,550,false],"large":["https:\/\/ecavix.com\/wp-content\/uploads\/2025\/07\/24V-10ah-Li-Ion-Ebike-Battery-Pack0-800-800-1.webp",550,550,false],"1536x1536":["https:\/\/ecavix.com\/wp-content\/uploads\/2025\/07\/24V-10ah-Li-Ion-Ebike-Battery-Pack0-800-800-1.webp",550,550,false],"2048x2048":["https:\/\/ecavix.com\/wp-content\/uploads\/2025\/07\/24V-10ah-Li-Ion-Ebike-Battery-Pack0-800-800-1.webp",550,550,false],"trp-custom-language-flag":["https:\/\/ecavix.com\/wp-content\/uploads\/2025\/07\/24V-10ah-Li-Ion-Ebike-Battery-Pack0-800-800-1.webp",12,12,false],"neve-blog":["https:\/\/ecavix.com\/wp-content\/uploads\/2025\/07\/24V-10ah-Li-Ion-Ebike-Battery-Pack0-800-800-1.webp",550,550,false],"woocommerce_thumbnail":["https:\/\/ecavix.com\/wp-content\/uploads\/2025\/07\/24V-10ah-Li-Ion-Ebike-Battery-Pack0-800-800-1-300x300.webp",300,300,true],"woocommerce_single":["https:\/\/ecavix.com\/wp-content\/uploads\/2025\/07\/24V-10ah-Li-Ion-Ebike-Battery-Pack0-800-800-1.webp",550,550,false],"woocommerce_gallery_thumbnail":["https:\/\/ecavix.com\/wp-content\/uploads\/2025\/07\/24V-10ah-Li-Ion-Ebike-Battery-Pack0-800-800-1-100x100.webp",100,100,true]},"uagb_author_info":{"display_name":"solvitaenergylimited@gmail.com","author_link":"https:\/\/ecavix.com\/fr\/author\/"},"uagb_comment_info":0,"uagb_excerpt":"12V 24Ah rechargeable electric bike battery with high efficiency, long cycle life, and stable charge\/discharge performance. Available in multiple capacities. CE, RoHS, and FCC certified.","_links":{"self":[{"href":"https:\/\/ecavix.com\/fr\/wp-json\/wp\/v2\/product\/2315","targetHints":{"allow":["GET"]}}],"collection":[{"href":"https:\/\/ecavix.com\/fr\/wp-json\/wp\/v2\/product"}],"about":[{"href":"https:\/\/ecavix.com\/fr\/wp-json\/wp\/v2\/types\/product"}],"replies":[{"embeddable":true,"href":"https:\/\/ecavix.com\/fr\/wp-json\/wp\/v2\/comments?post=2315"}],"wp:featuredmedia":[{"embeddable":true,"href":"https:\/\/ecavix.com\/fr\/wp-json\/wp\/v2\/media\/2238"}],"wp:attachment":[{"href":"https:\/\/ecavix.com\/fr\/wp-json\/wp\/v2\/media?parent=2315"}],"wp:term":[{"taxonomy":"product_brand","embeddable":true,"href":"https:\/\/ecavix.com\/fr\/wp-json\/wp\/v2\/product_brand?post=2315"},{"taxonomy":"product_cat","embeddable":true,"href":"https:\/\/ecavix.com\/fr\/wp-json\/wp\/v2\/product_cat?post=2315"},{"taxonomy":"product_tag","embeddable":true,"href":"https:\/\/ecavix.com\/fr\/wp-json\/wp\/v2\/product_tag?post=2315"}],"curies":[{"name":"wp","href":"https:\/\/api.w.org\/{rel}","templated":true}]}}