{"id":2310,"date":"2025-07-18T02:45:40","date_gmt":"2025-07-18T02:45:40","guid":{"rendered":"https:\/\/ecavix.com\/?post_type=product&#038;p=2310"},"modified":"2025-07-18T02:45:40","modified_gmt":"2025-07-18T02:45:40","slug":"batterie-rechargeable-li-ion-12v-20ah-batterie-lithium","status":"publish","type":"product","link":"https:\/\/ecavix.com\/fr\/product\/rechargeable-li-ion-battery-12v-20ah-lithium-battery-pack\/","title":{"rendered":"Batterie rechargeable Li-ion 12V 20ah Batterie Lithium"},"content":{"rendered":"<br \/>\n<h1>Batterie rechargeable 12V 20Ah au lithium-ion pour syst\u00e8me solaire et bateaux t\u00e9l\u00e9command\u00e9s<\/h1>\n<h2>Aper\u00e7u du produit<\/h2>\n<table>\n<tr>\n<th>Tension nominale<\/th>\n<td>12V<\/td>\n<\/tr>\n<tr>\n<th>Capacit\u00e9 nominale<\/th>\n<td>20Ah<\/td>\n<\/tr>\n<tr>\n<th>Type de cellule nominale<\/th>\n<td>Lithium-ion polym\u00e8re (Li-ion)<\/td>\n<\/tr>\n<tr>\n<th>Configuration<\/th>\n<td>3S2P<\/td>\n<\/tr>\n<tr>\n<th>Entr\u00e9e de charge<\/th>\n<td>12.6V<\/td>\n<\/tr>\n<tr>\n<th>Tension de sortie<\/th>\n<td>9 V \u2013 12,6 V<\/td>\n<\/tr>\n<tr>\n<th>Dimensions<\/th>\n<td>145 x 85 x 70mm (sur mesure)<\/td>\n<\/tr>\n<tr>\n<th>Courant de charge continu<\/th>\n<td>20 A \u2013 40 A<\/td>\n<\/tr>\n<tr>\n<th>Courant de d\u00e9charge max. Courant de d\u00e9charge<\/th>\n<td>60A<\/td>\n<\/tr>\n<tr>\n<th>Courant de charge<\/th>\n<td>4A<\/td>\n<\/tr>\n<tr>\n<th>Cycle de vie<\/th>\n<td>Plus de 500 cycles<\/td>\n<\/tr>\n<tr>\n<th>Temps de charge<\/th>\n<td>Environ 6 heures<\/td>\n<\/tr>\n<tr>\n<th>Poids<\/th>\n<td>Environ 1,5 kg<\/td>\n<\/tr>\n<tr>\n<th>Temp\u00e9rature de fonctionnement<\/th>\n<td>\n      Charge : -20\u00baC ~ 45\u00baC<br \/>\n      D\u00e9charge : -30\u00baC ~ 55\u00baC\n    <\/td>\n<\/tr>\n<tr>\n<th>Certifications<\/th>\n<td>CE, RoHS, FCC<\/td>\n<\/tr>\n<\/table>\n<h2>Caract\u00e9ristiques principales<\/h2>\n<div class=\"features-grid\">\n<div class=\"feature-box\">\n      <strong>Long cycle de vie<\/strong><br \/>\n      La batterie offre une dur\u00e9e de vie impressionnante de plus de 500 cycles de charge\/d\u00e9charge, garantissant long\u00e9vit\u00e9 et fiabilit\u00e9.\n    <\/div>\n<div class=\"feature-box\">\n      <strong>Faible autod\u00e9charge<\/strong><br \/>\n      Excellentes performances m\u00eame \u00e0 basse temp\u00e9rature, avec une autod\u00e9charge minimale pour une utilisation \u00e0 long terme.\n    <\/div>\n<div class=\"feature-box\">\n      <strong>Chargement rapide<\/strong><br \/>\n      La batterie est capable de se charger en 6 heures environ, ce qui constitue une solution rapide pour le stockage de l'\u00e9nergie.\n    <\/div>\n<div class=\"feature-box\">\n      <strong>Respect de l'environnement<\/strong><br \/>\n      Fabriqu\u00e9 avec des mat\u00e9riaux respectueux de l'environnement, il n'a pas besoin d'\u00eatre entretenu avec de l'acide ou de l'eau.\n    <\/div>\n<div class=\"feature-box\">\n      <strong>Performance de d\u00e9charge \u00e9lev\u00e9e<\/strong><br \/>\n      Avec des performances de d\u00e9charge \u00e0 courant \u00e9lev\u00e9, il est parfait pour les applications n\u00e9cessitant des capacit\u00e9s de d\u00e9marrage et d'escalade.\n    <\/div>\n<div class=\"feature-box\">\n      <strong>S\u00e9curit\u00e9 et fiabilit\u00e9<\/strong><br \/>\n      La batterie est con\u00e7ue pour \u00eatre s\u00fbre et fiable, sans risque d'explosion ou d'incendie dans des conditions normales d'utilisation.\n    <\/div>\n<\/p><\/div>\n<h2>Principales applications<\/h2>\n<ul>\n<li>V\u00e9hicules \u00e9lectriques (voiturettes de golf, v\u00e9los \u00e9lectriques, scooters, etc.)<\/li>\n<li>Syst\u00e8mes d'\u00e9nergie solaire<\/li>\n<li>Syst\u00e8mes de stockage de l'\u00e9nergie (solaire et \u00e9olienne)<\/li>\n<li>Bateaux t\u00e9l\u00e9command\u00e9s<\/li>\n<li>Syst\u00e8mes d'alimentation sans interruption (ASI) et de secours<\/li>\n<li>Outils \u00e9lectriques (perceuses \u00e9lectriques, jouets)<\/li>\n<li>Robots, AGV et autres<\/li>\n<\/ul>\n<h2>Pourquoi choisir notre batterie lithium-ion 12V 20Ah ?<\/h2>\n<ul>\n<li>Haute capacit\u00e9 et faible autod\u00e9charge, parfaites pour une utilisation \u00e0 long terme dans diverses applications.<\/li>\n<li>Excellente performance \u00e0 haute d\u00e9charge pour le d\u00e9marrage des moteurs et l'escalade.<\/li>\n<li>Fiable et s\u00fbr, sans risque d'explosion ou d'incendie.<\/li>\n<li>Large plage de temp\u00e9ratures de fonctionnement pour les environnements difficiles.<\/li>\n<li>Respectueux de l'environnement et sans entretien.<\/li>\n<\/ul>\n<h2>Emballage et exp\u00e9dition<\/h2>\n<p>La batterie est solidement emball\u00e9e dans des cartons de qualit\u00e9 export pour garantir la s\u00e9curit\u00e9 pendant le transport. Des options d'emballage personnalis\u00e9es sont disponibles sur demande.<\/p>\n<h3>M\u00e9thodes d'exp\u00e9dition<\/h3>\n<ul>\n<li>Commandes d'\u00e9chantillons : Exp\u00e9dition par UPS, DHL ou FedEx (service porte-\u00e0-porte)<\/li>\n<li>Commandes en gros : Exp\u00e9dition par voie maritime (d\u00e9lai de livraison : 30-45 jours)<\/li>\n<\/ul>","protected":false},"excerpt":{"rendered":"<p>Batterie lithium-ion rechargeable 12V 20Ah de haute qualit\u00e9, con\u00e7ue pour les syst\u00e8mes solaires, les bateaux t\u00e9l\u00e9command\u00e9s, etc. Faible taux de d\u00e9charge, longue dur\u00e9e de vie et large plage de temp\u00e9rature.<\/p>","protected":false},"featured_media":2311,"comment_status":"open","ping_status":"closed","template":"","meta":{"_uag_custom_page_level_css":"","neve_meta_sidebar":"","neve_meta_container":"","neve_meta_enable_content_width":"off","neve_meta_content_width":100,"neve_meta_title_alignment":"","neve_meta_author_avatar":"","neve_post_elements_order":"","neve_meta_disable_header":"","neve_meta_disable_footer":"","neve_meta_disable_title":""},"product_brand":[],"product_cat":[53,43,55],"product_tag":[],"class_list":{"0":"post-2310","1":"product","2":"type-product","3":"status-publish","4":"has-post-thumbnail","6":"product_cat-low-speed-electric-vehicle-battery","7":"product_cat-power-battery","8":"product_cat-scooter-battery","10":"first","11":"instock","12":"shipping-taxable","13":"product-type-simple"},"uagb_featured_image_src":{"full":["https:\/\/ecavix.com\/wp-content\/uploads\/2025\/07\/Rechargeable-Li-ion-Battery-12V-20ah-Lithium-Battery-Pack.webp",1000,1000,false],"thumbnail":["https:\/\/ecavix.com\/wp-content\/uploads\/2025\/07\/Rechargeable-Li-ion-Battery-12V-20ah-Lithium-Battery-Pack-150x150.webp",150,150,true],"medium":["https:\/\/ecavix.com\/wp-content\/uploads\/2025\/07\/Rechargeable-Li-ion-Battery-12V-20ah-Lithium-Battery-Pack-300x300.webp",300,300,true],"medium_large":["https:\/\/ecavix.com\/wp-content\/uploads\/2025\/07\/Rechargeable-Li-ion-Battery-12V-20ah-Lithium-Battery-Pack-768x768.webp",768,768,true],"large":["https:\/\/ecavix.com\/wp-content\/uploads\/2025\/07\/Rechargeable-Li-ion-Battery-12V-20ah-Lithium-Battery-Pack.webp",1000,1000,false],"1536x1536":["https:\/\/ecavix.com\/wp-content\/uploads\/2025\/07\/Rechargeable-Li-ion-Battery-12V-20ah-Lithium-Battery-Pack.webp",1000,1000,false],"2048x2048":["https:\/\/ecavix.com\/wp-content\/uploads\/2025\/07\/Rechargeable-Li-ion-Battery-12V-20ah-Lithium-Battery-Pack.webp",1000,1000,false],"trp-custom-language-flag":["https:\/\/ecavix.com\/wp-content\/uploads\/2025\/07\/Rechargeable-Li-ion-Battery-12V-20ah-Lithium-Battery-Pack.webp",12,12,false],"neve-blog":["https:\/\/ecavix.com\/wp-content\/uploads\/2025\/07\/Rechargeable-Li-ion-Battery-12V-20ah-Lithium-Battery-Pack-930x620.webp",930,620,true],"woocommerce_thumbnail":["https:\/\/ecavix.com\/wp-content\/uploads\/2025\/07\/Rechargeable-Li-ion-Battery-12V-20ah-Lithium-Battery-Pack-300x300.webp",300,300,true],"woocommerce_single":["https:\/\/ecavix.com\/wp-content\/uploads\/2025\/07\/Rechargeable-Li-ion-Battery-12V-20ah-Lithium-Battery-Pack-600x600.webp",600,600,true],"woocommerce_gallery_thumbnail":["https:\/\/ecavix.com\/wp-content\/uploads\/2025\/07\/Rechargeable-Li-ion-Battery-12V-20ah-Lithium-Battery-Pack-100x100.webp",100,100,true]},"uagb_author_info":{"display_name":"solvitaenergylimited@gmail.com","author_link":"https:\/\/ecavix.com\/fr\/author\/"},"uagb_comment_info":0,"uagb_excerpt":"High-quality 12V 20Ah rechargeable lithium-ion battery pack, designed for solar systems, remote control boats, and more. Low discharge rate, long lifecycle, and wide temperature range.","_links":{"self":[{"href":"https:\/\/ecavix.com\/fr\/wp-json\/wp\/v2\/product\/2310","targetHints":{"allow":["GET"]}}],"collection":[{"href":"https:\/\/ecavix.com\/fr\/wp-json\/wp\/v2\/product"}],"about":[{"href":"https:\/\/ecavix.com\/fr\/wp-json\/wp\/v2\/types\/product"}],"replies":[{"embeddable":true,"href":"https:\/\/ecavix.com\/fr\/wp-json\/wp\/v2\/comments?post=2310"}],"wp:featuredmedia":[{"embeddable":true,"href":"https:\/\/ecavix.com\/fr\/wp-json\/wp\/v2\/media\/2311"}],"wp:attachment":[{"href":"https:\/\/ecavix.com\/fr\/wp-json\/wp\/v2\/media?parent=2310"}],"wp:term":[{"taxonomy":"product_brand","embeddable":true,"href":"https:\/\/ecavix.com\/fr\/wp-json\/wp\/v2\/product_brand?post=2310"},{"taxonomy":"product_cat","embeddable":true,"href":"https:\/\/ecavix.com\/fr\/wp-json\/wp\/v2\/product_cat?post=2310"},{"taxonomy":"product_tag","embeddable":true,"href":"https:\/\/ecavix.com\/fr\/wp-json\/wp\/v2\/product_tag?post=2310"}],"curies":[{"name":"wp","href":"https:\/\/api.w.org\/{rel}","templated":true}]}}