{"id":2286,"date":"2025-07-18T02:17:32","date_gmt":"2025-07-18T02:17:32","guid":{"rendered":"https:\/\/ecavix.com\/?post_type=product&#038;p=2286"},"modified":"2025-07-18T02:17:32","modified_gmt":"2025-07-18T02:17:32","slug":"72v-20ah-batterie-lithium-ion-remplacement-de-la-batterie-plomb-acide","status":"publish","type":"product","link":"https:\/\/ecavix.com\/fr\/product\/72v-20ah-lithium-ion-battery-pack-replacement-for-lead-acid-battery\/","title":{"rendered":"72V 20ah Batterie Lithium Ion Remplacement de la Batterie Plomb Acide"},"content":{"rendered":"<h1>72V 20Ah Batterie Lithium Ion<\/h1>\n<h2>Aper\u00e7u du produit<\/h2>\n<table>\n<tr>\n<th>Tension nominale<\/th>\n<td>72V<\/td>\n<\/tr>\n<tr>\n<th>Capacit\u00e9 nominale<\/th>\n<td>20Ah (personnalisable)<\/td>\n<\/tr>\n<tr>\n<th>Courant de charge continu<\/th>\n<td>20A<\/td>\n<\/tr>\n<tr>\n<th>Protection contre les surintensit\u00e9s<\/th>\n<td>30-40A (r\u00e9glable)<\/td>\n<\/tr>\n<tr>\n<th>Puissance du moteur adapt\u00e9e<\/th>\n<td>\u22641000W<\/td>\n<\/tr>\n<tr>\n<th>Tension de charge maximale<\/th>\n<td>84V<\/td>\n<\/tr>\n<tr>\n<th>Courant de charge<\/th>\n<td>2.0-4.0A<\/td>\n<\/tr>\n<tr>\n<th>M\u00e9thode d'imputation<\/th>\n<td>CC\/CV (courant constant et tension constante)<\/td>\n<\/tr>\n<tr>\n<th>Temp\u00e9rature de charge<\/th>\n<td>0~45\u00baC, 45~85% RH<\/td>\n<\/tr>\n<tr>\n<th>Temp\u00e9rature de refoulement<\/th>\n<td>-20~55\u00baC, 45~85% RH<\/td>\n<\/tr>\n<tr>\n<th>Temp\u00e9rature de stockage<\/th>\n<td>-20~+55\u00baC (1 mois), -20~+45\u00baC (3 mois)<\/td>\n<\/tr>\n<tr>\n<th>Taille<\/th>\n<td>235*196*170mm<\/td>\n<\/tr>\n<tr>\n<th>Poids<\/th>\n<td>10kg<\/td>\n<\/tr>\n<tr>\n<th>Garantie<\/th>\n<td>12 mois<\/td>\n<\/tr>\n<\/table>\n<h2>Caract\u00e9ristiques principales<\/h2>\n<div class=\"features-grid\">\n<div class=\"feature-box\">\n      <strong>Densit\u00e9 \u00e9nerg\u00e9tique \u00e9lev\u00e9e<\/strong><br \/>\n      La batterie pr\u00e9sente une densit\u00e9 \u00e9nerg\u00e9tique \u00e9lev\u00e9e, ce qui la rend id\u00e9ale pour les v\u00e9hicules \u00e9lectriques, les scooters et d'autres applications \u00e0 forte puissance.\n    <\/div>\n<div class=\"feature-box\">\n      <strong>Longue dur\u00e9e de vie<\/strong><br \/>\n      Avec une dur\u00e9e de vie de plus de 500-1000 cycles de charge\/d\u00e9charge, cette batterie offre des performances durables et fiables.\n    <\/div>\n<div class=\"feature-box\">\n      <strong>Chargement rapide<\/strong><br \/>\n      La batterie peut \u00eatre charg\u00e9e jusqu'\u00e0 90% en seulement 10 minutes, offrant une disponibilit\u00e9 rapide pour votre v\u00e9hicule \u00e9lectrique.\n    <\/div>\n<div class=\"feature-box\">\n      <strong>Excellente s\u00e9curit\u00e9<\/strong><br \/>\n      \u00c9quip\u00e9e d'une double puce \u00e9lectronique, la batterie poss\u00e8de des protections int\u00e9gr\u00e9es contre les courts-circuits, la surcharge, la surintensit\u00e9 et la surcharge.\n    <\/div>\n<div class=\"feature-box\">\n      <strong>L\u00e9ger et compact<\/strong><br \/>\n      Alternative plus l\u00e9g\u00e8re aux batteries plomb-acide traditionnelles, elle offre une capacit\u00e9 \u00e9lev\u00e9e sans poids suppl\u00e9mentaire.\n    <\/div>\n<div class=\"feature-box\">\n      <strong>Respect de l'environnement<\/strong><br \/>\n      La batterie ne contient pas de mercure ni d'autres produits chimiques nocifs, ce qui la rend \u00e9cologique et sans danger pour l'environnement.\n    <\/div>\n<\/p><\/div>\n<h2>Principales applications<\/h2>\n<ul>\n<li>Scooters \u00e9lectriques<\/li>\n<li>Motos \u00e9lectriques<\/li>\n<li>Voiturettes de golf<\/li>\n<li>Bateaux \u00e9lectriques<\/li>\n<li>V\u00e9hicules \u00e9lectriques<\/li>\n<li>Outils \u00e9lectriques et jouets \u00e9lectroniques<\/li>\n<\/ul>\n<h2>Pourquoi choisir notre batterie 72V 20Ah ?<\/h2>\n<ul>\n<li>Tension de sortie et densit\u00e9 \u00e9nerg\u00e9tique \u00e9lev\u00e9es pour de meilleures performances<\/li>\n<li>Batterie longue dur\u00e9e avec plus de 500-1000 cycles<\/li>\n<li>Respectueux de l'environnement, sans mati\u00e8res dangereuses comme le plomb ou le cadmium<\/li>\n<li>Protection int\u00e9gr\u00e9e contre les surcharges, les surintensit\u00e9s et les courts-circuits pour un fonctionnement plus s\u00fbr<\/li>\n<li>Capacit\u00e9 de charge rapide, charge compl\u00e8te en seulement 2 \u00e0 3 heures<\/li>\n<li>Des prix comp\u00e9titifs et des performances fiables<\/li>\n<\/ul>\n<h2>Emballage et exp\u00e9dition<\/h2>\n<p>La batterie est solidement emball\u00e9e dans un carton d'exportation pour garantir une livraison en toute s\u00e9curit\u00e9. Des options d'emballage personnalis\u00e9es sont disponibles sur demande.<\/p>\n<h3>M\u00e9thodes d'exp\u00e9dition<\/h3>\n<ul>\n<li>\u00c9chantillons : Exp\u00e9dition par UPS, DHL ou FedEx (service porte-\u00e0-porte)<\/li>\n<li>Commandes en gros : Exp\u00e9dition par voie maritime (d\u00e9lai de livraison : 30-45 jours)<\/li>\n<\/ul>","protected":false},"excerpt":{"rendered":"<p>Batterie au lithium-ion 72V 20Ah pour v\u00e9los \u00e9lectriques, scooters et voiturettes de golf. Haute densit\u00e9 \u00e9nerg\u00e9tique, charge rapide, longue dur\u00e9e de vie et excellentes caract\u00e9ristiques de s\u00e9curit\u00e9. Remplace les batteries plomb-acide.<\/p>","protected":false},"featured_media":2287,"comment_status":"open","ping_status":"closed","template":"","meta":{"_uag_custom_page_level_css":"","neve_meta_sidebar":"","neve_meta_container":"","neve_meta_enable_content_width":"off","neve_meta_content_width":100,"neve_meta_title_alignment":"","neve_meta_author_avatar":"","neve_post_elements_order":"","neve_meta_disable_header":"","neve_meta_disable_footer":"","neve_meta_disable_title":""},"product_brand":[],"product_cat":[50,45,43],"product_tag":[60,62],"class_list":{"0":"post-2286","1":"product","2":"type-product","3":"status-publish","4":"has-post-thumbnail","6":"product_cat-72v-e-bike-battery","7":"product_cat-e-bike-battery","8":"product_cat-power-battery","9":"product_tag-72v","10":"product_tag-ebike","12":"first","13":"instock","14":"shipping-taxable","15":"product-type-simple"},"uagb_featured_image_src":{"full":["https:\/\/ecavix.com\/wp-content\/uploads\/2025\/07\/72V-20ah-Lithium-Ion-Battery-Pack-Replacement-for-Lead-Acid-Battery-1.webp",1000,1000,false],"thumbnail":["https:\/\/ecavix.com\/wp-content\/uploads\/2025\/07\/72V-20ah-Lithium-Ion-Battery-Pack-Replacement-for-Lead-Acid-Battery-1-150x150.webp",150,150,true],"medium":["https:\/\/ecavix.com\/wp-content\/uploads\/2025\/07\/72V-20ah-Lithium-Ion-Battery-Pack-Replacement-for-Lead-Acid-Battery-1-300x300.webp",300,300,true],"medium_large":["https:\/\/ecavix.com\/wp-content\/uploads\/2025\/07\/72V-20ah-Lithium-Ion-Battery-Pack-Replacement-for-Lead-Acid-Battery-1-768x768.webp",768,768,true],"large":["https:\/\/ecavix.com\/wp-content\/uploads\/2025\/07\/72V-20ah-Lithium-Ion-Battery-Pack-Replacement-for-Lead-Acid-Battery-1.webp",1000,1000,false],"1536x1536":["https:\/\/ecavix.com\/wp-content\/uploads\/2025\/07\/72V-20ah-Lithium-Ion-Battery-Pack-Replacement-for-Lead-Acid-Battery-1.webp",1000,1000,false],"2048x2048":["https:\/\/ecavix.com\/wp-content\/uploads\/2025\/07\/72V-20ah-Lithium-Ion-Battery-Pack-Replacement-for-Lead-Acid-Battery-1.webp",1000,1000,false],"trp-custom-language-flag":["https:\/\/ecavix.com\/wp-content\/uploads\/2025\/07\/72V-20ah-Lithium-Ion-Battery-Pack-Replacement-for-Lead-Acid-Battery-1.webp",12,12,false],"neve-blog":["https:\/\/ecavix.com\/wp-content\/uploads\/2025\/07\/72V-20ah-Lithium-Ion-Battery-Pack-Replacement-for-Lead-Acid-Battery-1-930x620.webp",930,620,true],"woocommerce_thumbnail":["https:\/\/ecavix.com\/wp-content\/uploads\/2025\/07\/72V-20ah-Lithium-Ion-Battery-Pack-Replacement-for-Lead-Acid-Battery-1-300x300.webp",300,300,true],"woocommerce_single":["https:\/\/ecavix.com\/wp-content\/uploads\/2025\/07\/72V-20ah-Lithium-Ion-Battery-Pack-Replacement-for-Lead-Acid-Battery-1-600x600.webp",600,600,true],"woocommerce_gallery_thumbnail":["https:\/\/ecavix.com\/wp-content\/uploads\/2025\/07\/72V-20ah-Lithium-Ion-Battery-Pack-Replacement-for-Lead-Acid-Battery-1-100x100.webp",100,100,true]},"uagb_author_info":{"display_name":"solvitaenergylimited@gmail.com","author_link":"https:\/\/ecavix.com\/fr\/author\/"},"uagb_comment_info":0,"uagb_excerpt":"72V 20Ah Lithium Ion Battery Pack for Electric Bikes, Scooters, and Golf Carts. High energy density, fast charging, long cycle life, and excellent security features. Replacement for lead-acid batteries.","_links":{"self":[{"href":"https:\/\/ecavix.com\/fr\/wp-json\/wp\/v2\/product\/2286","targetHints":{"allow":["GET"]}}],"collection":[{"href":"https:\/\/ecavix.com\/fr\/wp-json\/wp\/v2\/product"}],"about":[{"href":"https:\/\/ecavix.com\/fr\/wp-json\/wp\/v2\/types\/product"}],"replies":[{"embeddable":true,"href":"https:\/\/ecavix.com\/fr\/wp-json\/wp\/v2\/comments?post=2286"}],"wp:featuredmedia":[{"embeddable":true,"href":"https:\/\/ecavix.com\/fr\/wp-json\/wp\/v2\/media\/2287"}],"wp:attachment":[{"href":"https:\/\/ecavix.com\/fr\/wp-json\/wp\/v2\/media?parent=2286"}],"wp:term":[{"taxonomy":"product_brand","embeddable":true,"href":"https:\/\/ecavix.com\/fr\/wp-json\/wp\/v2\/product_brand?post=2286"},{"taxonomy":"product_cat","embeddable":true,"href":"https:\/\/ecavix.com\/fr\/wp-json\/wp\/v2\/product_cat?post=2286"},{"taxonomy":"product_tag","embeddable":true,"href":"https:\/\/ecavix.com\/fr\/wp-json\/wp\/v2\/product_tag?post=2286"}],"curies":[{"name":"wp","href":"https:\/\/api.w.org\/{rel}","templated":true}]}}