{"id":2285,"date":"2025-07-18T02:14:14","date_gmt":"2025-07-18T02:14:14","guid":{"rendered":"https:\/\/ecavix.com\/?post_type=product&#038;p=2285"},"modified":"2025-07-18T02:14:14","modified_gmt":"2025-07-18T02:14:14","slug":"16s8p-1500w-rechargeable-li-ion-cycle-profond-59-2v-25-6ah-lithium-18650-battery-pack","status":"publish","type":"product","link":"https:\/\/ecavix.com\/fr\/product\/16s8p-1500w-rechargeable-li-ion-deep-cycle-59-2v-25-6ah-lithium-18650-battery-pack\/","title":{"rendered":"16s8p 1500W Rechargeable Li-ion Deep Cycle 59.2V 25.6ah Lithium 18650 Battery Pack"},"content":{"rendered":"<br \/>\n<h1>59.2V 25.6Ah 1500W Batterie Li-ion rechargeable (16S8P)<\/h1>\n<h2>Aper\u00e7u du produit<\/h2>\n<table>\n<tr>\n<th>Tension nominale<\/th>\n<td>59.2V<\/td>\n<\/tr>\n<tr>\n<th>Capacit\u00e9 nominale<\/th>\n<td>25,6Ah<\/td>\n<\/tr>\n<tr>\n<th>Taille<\/th>\n<td>435*140*60mm<\/td>\n<\/tr>\n<tr>\n<th>Poids<\/th>\n<td>6,5 kg<\/td>\n<\/tr>\n<tr>\n<th>Configuration de la batterie<\/th>\n<td>16S8P<\/td>\n<\/tr>\n<tr>\n<th>Tension maximale de protection de la charge<\/th>\n<td>59.2V<\/td>\n<\/tr>\n<tr>\n<th>Courant de charge<\/th>\n<td>1C<\/td>\n<\/tr>\n<tr>\n<th>Temps de charge<\/th>\n<td>1-2 heures<\/td>\n<\/tr>\n<tr>\n<th>M\u00e9thode d'imputation<\/th>\n<td>CC-CV (courant constant et tension constante)<\/td>\n<\/tr>\n<tr>\n<th>Courant de d\u00e9charge maximal<\/th>\n<td>2A<\/td>\n<\/tr>\n<tr>\n<th>Dur\u00e9e du cycle de recharge<\/th>\n<td>Plus de 500 cycles<\/td>\n<\/tr>\n<tr>\n<th>Temp\u00e9rature de fonctionnement<\/th>\n<td>Charge : 0~45\u00b0C, D\u00e9charge : -20~60\u00b0C<\/td>\n<\/tr>\n<tr>\n<th>Temp\u00e9rature de stockage<\/th>\n<td>-20~60\u00b0C (1 mois), -20~45\u00b0C (3 mois)<\/td>\n<\/tr>\n<tr>\n<th>Fonctions de protection<\/th>\n<td>Surcharge, d\u00e9charge, surcharge, court-circuit<\/td>\n<\/tr>\n<tr>\n<th>Garantie<\/th>\n<td>12 mois<\/td>\n<\/tr>\n<\/table>\n<h2>Caract\u00e9ristiques principales<\/h2>\n<div class=\"features-grid\">\n<div class=\"feature-box\">\n      <strong>Densit\u00e9 \u00e9nerg\u00e9tique \u00e9lev\u00e9e<\/strong><br \/>\n      La batterie offre une excellente densit\u00e9 \u00e9nerg\u00e9tique, ce qui la rend id\u00e9ale pour les applications n\u00e9cessitant une puissance \u00e9lev\u00e9e, comme les v\u00e9hicules \u00e9lectriques.\n    <\/div>\n<div class=\"feature-box\">\n      <strong>Longue dur\u00e9e de vie<\/strong><br \/>\n      Plus de 500 cycles de charge\/d\u00e9charge, conservant plus de 80% de sa capacit\u00e9 d'origine.\n    <\/div>\n<div class=\"feature-box\">\n      <strong>Autod\u00e9charge minimale<\/strong><br \/>\n      Taux d'autod\u00e9charge extr\u00eamement faible (&lt;10% par mois), ce qui garantit que la batterie reste pr\u00eate \u00e0 l&#039;emploi.\n    <\/div>\n<div class=\"feature-box\">\n      <strong>Large gamme de temp\u00e9ratures de fonctionnement<\/strong><br \/>\n      Fonctionne de -20\u00b0C \u00e0 +60\u00b0C, ce qui le rend adapt\u00e9 \u00e0 divers climats et environnements difficiles.\n    <\/div>\n<div class=\"feature-box\">\n      <strong>Pas d'effet m\u00e9moire<\/strong><br \/>\n      La batterie peut \u00eatre charg\u00e9e ou d\u00e9charg\u00e9e \u00e0 tout moment sans affecter sa dur\u00e9e de vie ou ses performances.\n    <\/div>\n<div class=\"feature-box\">\n      <strong>S\u00e9curit\u00e9 \u00e9lev\u00e9e<\/strong><br \/>\n      Le BMS int\u00e9gr\u00e9 garantit la s\u00e9curit\u00e9 de la batterie dans toutes les conditions, sans risque d'incendie ou d'explosion.\n    <\/div>\n<\/p><\/div>\n<h2>Applications<\/h2>\n<ul>\n<li>V\u00e9hicules \u00e9lectriques (VE)<\/li>\n<li>Syst\u00e8mes de stockage d'\u00e9nergie<\/li>\n<li>Outils \u00e9lectriques portables<\/li>\n<li>Syst\u00e8mes UPS<\/li>\n<li>Syst\u00e8mes d'\u00e9clairage \u00e0 LED<\/li>\n<li>Applications de haute puissance<\/li>\n<\/ul>\n<h2>Pourquoi choisir notre batterie ?<\/h2>\n<ul>\n<li>Tension de fonctionnement \u00e9lev\u00e9e pour une plus grande puissance de sortie<\/li>\n<li>Longue dur\u00e9e de vie de plus de 500 cycles de charge\/d\u00e9charge<\/li>\n<li>Faible autod\u00e9charge, excellent pour le stockage \u00e0 long terme<\/li>\n<li>Large plage de temp\u00e9ratures, garantissant la fiabilit\u00e9 dans toutes les conditions<\/li>\n<li>Respectueux de l'environnement et s\u00fbr, sans risque d'incendie ou d'explosion<\/li>\n<li>Prix comp\u00e9titifs et livraison rapide<\/li>\n<\/ul>\n<h2>Emballage et exp\u00e9dition<\/h2>\n<p>La batterie est emball\u00e9e de mani\u00e8re s\u00e9curis\u00e9e pour garantir un transport sans risque. Des options d'emballage personnalis\u00e9es sont disponibles sur demande.<\/p>\n<h3>M\u00e9thodes d'exp\u00e9dition<\/h3>\n<ul>\n<li>\u00c9chantillons : Exp\u00e9dition par UPS, DHL ou FedEx (service porte-\u00e0-porte)<\/li>\n<li>Commandes en gros : Exp\u00e9dition par voie maritime (d\u00e9lai de livraison : 30-45 jours)<\/li>\n<\/ul>","protected":false},"excerpt":{"rendered":"<p>Batterie rechargeable Li-ion \u00e0 cycle profond 59,2V 25,6Ah de haute performance pour les v\u00e9hicules \u00e9lectriques, les syst\u00e8mes de stockage d'\u00e9nergie et les applications de haute puissance. Offre une longue dur\u00e9e de vie, une protection contre la surcharge et une large plage de temp\u00e9ratures.<\/p>","protected":false},"featured_media":2284,"comment_status":"open","ping_status":"closed","template":"","meta":{"_uag_custom_page_level_css":"","neve_meta_sidebar":"","neve_meta_container":"","neve_meta_enable_content_width":"off","neve_meta_content_width":100,"neve_meta_title_alignment":"","neve_meta_author_avatar":"","neve_post_elements_order":"","neve_meta_disable_header":"","neve_meta_disable_footer":"","neve_meta_disable_title":""},"product_brand":[],"product_cat":[49,45,43],"product_tag":[],"class_list":{"0":"post-2285","1":"product","2":"type-product","3":"status-publish","4":"has-post-thumbnail","6":"product_cat-60v-e-bike-battery","7":"product_cat-e-bike-battery","8":"product_cat-power-battery","10":"first","11":"instock","12":"shipping-taxable","13":"product-type-simple"},"uagb_featured_image_src":{"full":["https:\/\/ecavix.com\/wp-content\/uploads\/2025\/07\/59-2V-25-6ah-Rechargeable-Lithium-Ion-Battery-Pack-for-18650-Battery-Pack5-800-800.png",550,550,false],"thumbnail":["https:\/\/ecavix.com\/wp-content\/uploads\/2025\/07\/59-2V-25-6ah-Rechargeable-Lithium-Ion-Battery-Pack-for-18650-Battery-Pack5-800-800-150x150.png",150,150,true],"medium":["https:\/\/ecavix.com\/wp-content\/uploads\/2025\/07\/59-2V-25-6ah-Rechargeable-Lithium-Ion-Battery-Pack-for-18650-Battery-Pack5-800-800-300x300.png",300,300,true],"medium_large":["https:\/\/ecavix.com\/wp-content\/uploads\/2025\/07\/59-2V-25-6ah-Rechargeable-Lithium-Ion-Battery-Pack-for-18650-Battery-Pack5-800-800.png",550,550,false],"large":["https:\/\/ecavix.com\/wp-content\/uploads\/2025\/07\/59-2V-25-6ah-Rechargeable-Lithium-Ion-Battery-Pack-for-18650-Battery-Pack5-800-800.png",550,550,false],"1536x1536":["https:\/\/ecavix.com\/wp-content\/uploads\/2025\/07\/59-2V-25-6ah-Rechargeable-Lithium-Ion-Battery-Pack-for-18650-Battery-Pack5-800-800.png",550,550,false],"2048x2048":["https:\/\/ecavix.com\/wp-content\/uploads\/2025\/07\/59-2V-25-6ah-Rechargeable-Lithium-Ion-Battery-Pack-for-18650-Battery-Pack5-800-800.png",550,550,false],"trp-custom-language-flag":["https:\/\/ecavix.com\/wp-content\/uploads\/2025\/07\/59-2V-25-6ah-Rechargeable-Lithium-Ion-Battery-Pack-for-18650-Battery-Pack5-800-800.png",12,12,false],"neve-blog":["https:\/\/ecavix.com\/wp-content\/uploads\/2025\/07\/59-2V-25-6ah-Rechargeable-Lithium-Ion-Battery-Pack-for-18650-Battery-Pack5-800-800.png",550,550,false],"woocommerce_thumbnail":["https:\/\/ecavix.com\/wp-content\/uploads\/2025\/07\/59-2V-25-6ah-Rechargeable-Lithium-Ion-Battery-Pack-for-18650-Battery-Pack5-800-800-300x300.png",300,300,true],"woocommerce_single":["https:\/\/ecavix.com\/wp-content\/uploads\/2025\/07\/59-2V-25-6ah-Rechargeable-Lithium-Ion-Battery-Pack-for-18650-Battery-Pack5-800-800.png",550,550,false],"woocommerce_gallery_thumbnail":["https:\/\/ecavix.com\/wp-content\/uploads\/2025\/07\/59-2V-25-6ah-Rechargeable-Lithium-Ion-Battery-Pack-for-18650-Battery-Pack5-800-800-100x100.png",100,100,true]},"uagb_author_info":{"display_name":"solvitaenergylimited@gmail.com","author_link":"https:\/\/ecavix.com\/fr\/author\/"},"uagb_comment_info":0,"uagb_excerpt":"High-performance 59.2V 25.6Ah rechargeable Li-ion deep cycle battery pack for electric vehicles, energy storage systems, and high-power applications. Features long cycle life, overcharge protection, and wide temperature range.","_links":{"self":[{"href":"https:\/\/ecavix.com\/fr\/wp-json\/wp\/v2\/product\/2285","targetHints":{"allow":["GET"]}}],"collection":[{"href":"https:\/\/ecavix.com\/fr\/wp-json\/wp\/v2\/product"}],"about":[{"href":"https:\/\/ecavix.com\/fr\/wp-json\/wp\/v2\/types\/product"}],"replies":[{"embeddable":true,"href":"https:\/\/ecavix.com\/fr\/wp-json\/wp\/v2\/comments?post=2285"}],"wp:featuredmedia":[{"embeddable":true,"href":"https:\/\/ecavix.com\/fr\/wp-json\/wp\/v2\/media\/2284"}],"wp:attachment":[{"href":"https:\/\/ecavix.com\/fr\/wp-json\/wp\/v2\/media?parent=2285"}],"wp:term":[{"taxonomy":"product_brand","embeddable":true,"href":"https:\/\/ecavix.com\/fr\/wp-json\/wp\/v2\/product_brand?post=2285"},{"taxonomy":"product_cat","embeddable":true,"href":"https:\/\/ecavix.com\/fr\/wp-json\/wp\/v2\/product_cat?post=2285"},{"taxonomy":"product_tag","embeddable":true,"href":"https:\/\/ecavix.com\/fr\/wp-json\/wp\/v2\/product_tag?post=2285"}],"curies":[{"name":"wp","href":"https:\/\/api.w.org\/{rel}","templated":true}]}}