{"id":2269,"date":"2025-07-18T01:50:31","date_gmt":"2025-07-18T01:50:31","guid":{"rendered":"https:\/\/ecavix.com\/?post_type=product&#038;p=2269"},"modified":"2025-07-18T01:50:31","modified_gmt":"2025-07-18T01:50:31","slug":"batterie-lithium-ion-oem-60-v-14-ah-18650-pour-systeme-de-stockage-de-velos-electriques-et-vehicules-electriques","status":"publish","type":"product","link":"https:\/\/ecavix.com\/fr\/product\/oem-60v-14ah-18650-lithium-ion-battery-pack-for-e-bike-storage-system-electric-vehicle\/","title":{"rendered":"Batterie lithium-ion OEM 60 V 14 Ah 18650 pour syst\u00e8me de stockage pour v\u00e9lo \u00e9lectrique V\u00e9hicule \u00e9lectrique"},"content":{"rendered":"<h1>Batterie lithium-ion OEM 60 V 14 Ah 18650 pour v\u00e9los \u00e9lectriques et v\u00e9hicules \u00e9lectriques<\/h1>\n<h2>Aper\u00e7u du produit<\/h2>\n<table>\n<tr>\n<th>Mod\u00e8le<\/th>\n<td>DL-6014\/16S4P<\/td>\n<\/tr>\n<tr>\n<th>Tension nominale<\/th>\n<td>59.2V<\/td>\n<\/tr>\n<tr>\n<th>Tension de charge<\/th>\n<td>67.2V<\/td>\n<\/tr>\n<tr>\n<th>Capacit\u00e9 nominale<\/th>\n<td>14 Ah<\/td>\n<\/tr>\n<tr>\n<th>Type de batterie<\/th>\n<td>Batterie lithium-ion 18650 de cat\u00e9gorie A<\/td>\n<\/tr>\n<tr>\n<th>Configuration de la batterie<\/th>\n<td>16S4P<\/td>\n<\/tr>\n<tr>\n<th>Poids<\/th>\n<td>3,2 kg<\/td>\n<\/tr>\n<tr>\n<th>Dimensions<\/th>\n<td>Sur mesure<\/td>\n<\/tr>\n<tr>\n<th>Capacit\u00e9 de production<\/th>\n<td>20 000 pcs\/mois<\/td>\n<\/tr>\n<tr>\n<th>Cycle de vie<\/th>\n<td>500 cycles<\/td>\n<\/tr>\n<tr>\n<th>Garantie<\/th>\n<td>1 an<\/td>\n<\/tr>\n<tr>\n<th>Origine<\/th>\n<td>Chine<\/td>\n<\/tr>\n<\/table>\n<h2>Caract\u00e9ristiques de la batterie<\/h2>\n<div class=\"features-grid\">\n<div class=\"feature-box\">\n      <strong>S\u00e9curit\u00e9<\/strong><br \/>\n      Syst\u00e8me de gestion de batterie (BMS) int\u00e9gr\u00e9 avec protection contre la surcharge, la d\u00e9charge excessive, la surintensit\u00e9 et les courts-circuits. Ininflammable et non explosif.\n    <\/div>\n<div class=\"feature-box\">\n      <strong>\u00c9nergie propre et verte<\/strong><br \/>\n      Sans mat\u00e9riaux toxiques, respectueux de l'environnement et s\u00fbr pour une utilisation \u00e0 long terme.\n    <\/div>\n<div class=\"feature-box\">\n      <strong>Cycle de vie long<\/strong><br \/>\n      Plus de 500 cycles de charge profonde, bien plus que les batteries au plomb.\n    <\/div>\n<div class=\"feature-box\">\n      <strong>Pas d'effet m\u00e9moire<\/strong><br \/>\n      Recharge hautement efficace \u00e0 tout moment sans d\u00e9gradation.\n    <\/div>\n<div class=\"feature-box\">\n      <strong>Petite taille, poids l\u00e9ger<\/strong><br \/>\n      Deux fois plus l\u00e9g\u00e8res et deux fois plus petites que les batteries au plomb, elles sont id\u00e9ales pour les v\u00e9los \u00e9lectriques compacts et les v\u00e9hicules \u00e9lectriques.\n    <\/div>\n<div class=\"feature-box\">\n      <strong>R\u00e9sistance aux temp\u00e9ratures \u00e9lev\u00e9es<\/strong><br \/>\n      Fonctionne \u00e0 des temp\u00e9ratures comprises entre -20 \u00b0C et 60 \u00b0C, offrant des performances stables dans des conditions extr\u00eames.\n    <\/div>\n<\/p><\/div>\n<h2>Sp\u00e9cifications \u00e9lectriques<\/h2>\n<table>\n<tr>\n<th>Tension de charge<\/th>\n<td>67.2V<\/td>\n<\/tr>\n<tr>\n<th>Tension de coupure de la d\u00e9charge<\/th>\n<td>44,8 V<\/td>\n<\/tr>\n<tr>\n<th>Courant de charge standard<\/th>\n<td>3A<\/td>\n<\/tr>\n<tr>\n<th>Courant de charge maximal<\/th>\n<td>15A<\/td>\n<\/tr>\n<tr>\n<th>Courant de d\u00e9charge continu<\/th>\n<td>20 A (personnalisable)<\/td>\n<\/tr>\n<tr>\n<th>Courant de d\u00e9charge de pointe<\/th>\n<td>60A<\/td>\n<\/tr>\n<tr>\n<th>M\u00e9thode d'imputation<\/th>\n<td>CC\/CV<\/td>\n<\/tr>\n<tr>\n<th>Temp\u00e9rature de charge<\/th>\n<td>0 ~ 45\u00b0C<\/td>\n<\/tr>\n<tr>\n<th>Temp\u00e9rature de refoulement<\/th>\n<td>-20 ~ 60\u00b0C<\/td>\n<\/tr>\n<\/table>\n<h2>Principales applications<\/h2>\n<ul>\n<li>T\u00e9l\u00e9communications : t\u00e9l\u00e9phones cellulaires, PHS, \u00e9couteurs Bluetooth<\/li>\n<li>Appareils audio et vid\u00e9o : appareils photo num\u00e9riques, cam\u00e9scopes, lecteurs DVD portables<\/li>\n<li>Appareils informatiques : ordinateurs portables, PDA<\/li>\n<li>V\u00e9hicules \u00e9lectriques : v\u00e9los \u00e9lectriques, scooters \u00e9lectriques, voiturettes de golf<\/li>\n<li>Transport personnel : voitures de tourisme, tricycles<\/li>\n<\/ul>\n<h2>Emballage et exp\u00e9dition<\/h2>\n<p>La batterie est soigneusement emball\u00e9e dans du coton EPE et des cartons ou palettes solides pour l'emballage ext\u00e9rieur. Des options d'emballage personnalis\u00e9es sont disponibles sur demande.<\/p>\n<h3>M\u00e9thodes d'exp\u00e9dition<\/h3>\n<ul>\n<li>Pour les \u00e9chantillons : Exp\u00e9dition par UPS ou par ligne sp\u00e9ciale (service porte-\u00e0-porte).<\/li>\n<li>Pour les commandes en gros : Exp\u00e9dition par voie maritime (d\u00e9lai de livraison : 30-45 jours)<\/li>\n<\/ul>\n<h2>Pourquoi nous choisir ?<\/h2>\n<ul>\n<li>Services OEM et ODM disponibles<\/li>\n<li>100% test de qualit\u00e9 avant exp\u00e9dition<\/li>\n<li>Prix comp\u00e9titifs et livraison rapide<\/li>\n<li>Des produits s\u00fbrs et fiables avec une longue dur\u00e9e de vie<\/li>\n<\/ul>","protected":false},"excerpt":{"rendered":"<p>Batterie lithium-ion OEM 60 V 14 Ah pour v\u00e9los \u00e9lectriques, v\u00e9hicules \u00e9lectriques et autres applications, offrant une s\u00e9curit\u00e9 \u00e9lev\u00e9e, une longue dur\u00e9e de vie et d'excellentes performances \u00e0 des temp\u00e9ratures \u00e9lev\u00e9es.<\/p>","protected":false},"featured_media":2271,"comment_status":"open","ping_status":"closed","template":"","meta":{"_uag_custom_page_level_css":"","neve_meta_sidebar":"","neve_meta_container":"","neve_meta_enable_content_width":"off","neve_meta_content_width":100,"neve_meta_title_alignment":"","neve_meta_author_avatar":"","neve_post_elements_order":"","neve_meta_disable_header":"","neve_meta_disable_footer":"","neve_meta_disable_title":""},"product_brand":[],"product_cat":[49,45,43],"product_tag":[],"class_list":{"0":"post-2269","1":"product","2":"type-product","3":"status-publish","4":"has-post-thumbnail","6":"product_cat-60v-e-bike-battery","7":"product_cat-e-bike-battery","8":"product_cat-power-battery","10":"first","11":"instock","12":"shipping-taxable","13":"product-type-simple"},"uagb_featured_image_src":{"full":["https:\/\/ecavix.com\/wp-content\/uploads\/2025\/07\/OEM-60V-14ah-18650-Lithium-Ion-Battery-Pack-for-E-Bike-Storage-System-Electric-Vehicle1-800-800.webp",550,550,false],"thumbnail":["https:\/\/ecavix.com\/wp-content\/uploads\/2025\/07\/OEM-60V-14ah-18650-Lithium-Ion-Battery-Pack-for-E-Bike-Storage-System-Electric-Vehicle1-800-800-150x150.webp",150,150,true],"medium":["https:\/\/ecavix.com\/wp-content\/uploads\/2025\/07\/OEM-60V-14ah-18650-Lithium-Ion-Battery-Pack-for-E-Bike-Storage-System-Electric-Vehicle1-800-800-300x300.webp",300,300,true],"medium_large":["https:\/\/ecavix.com\/wp-content\/uploads\/2025\/07\/OEM-60V-14ah-18650-Lithium-Ion-Battery-Pack-for-E-Bike-Storage-System-Electric-Vehicle1-800-800.webp",550,550,false],"large":["https:\/\/ecavix.com\/wp-content\/uploads\/2025\/07\/OEM-60V-14ah-18650-Lithium-Ion-Battery-Pack-for-E-Bike-Storage-System-Electric-Vehicle1-800-800.webp",550,550,false],"1536x1536":["https:\/\/ecavix.com\/wp-content\/uploads\/2025\/07\/OEM-60V-14ah-18650-Lithium-Ion-Battery-Pack-for-E-Bike-Storage-System-Electric-Vehicle1-800-800.webp",550,550,false],"2048x2048":["https:\/\/ecavix.com\/wp-content\/uploads\/2025\/07\/OEM-60V-14ah-18650-Lithium-Ion-Battery-Pack-for-E-Bike-Storage-System-Electric-Vehicle1-800-800.webp",550,550,false],"trp-custom-language-flag":["https:\/\/ecavix.com\/wp-content\/uploads\/2025\/07\/OEM-60V-14ah-18650-Lithium-Ion-Battery-Pack-for-E-Bike-Storage-System-Electric-Vehicle1-800-800.webp",12,12,false],"neve-blog":["https:\/\/ecavix.com\/wp-content\/uploads\/2025\/07\/OEM-60V-14ah-18650-Lithium-Ion-Battery-Pack-for-E-Bike-Storage-System-Electric-Vehicle1-800-800.webp",550,550,false],"woocommerce_thumbnail":["https:\/\/ecavix.com\/wp-content\/uploads\/2025\/07\/OEM-60V-14ah-18650-Lithium-Ion-Battery-Pack-for-E-Bike-Storage-System-Electric-Vehicle1-800-800-300x300.webp",300,300,true],"woocommerce_single":["https:\/\/ecavix.com\/wp-content\/uploads\/2025\/07\/OEM-60V-14ah-18650-Lithium-Ion-Battery-Pack-for-E-Bike-Storage-System-Electric-Vehicle1-800-800.webp",550,550,false],"woocommerce_gallery_thumbnail":["https:\/\/ecavix.com\/wp-content\/uploads\/2025\/07\/OEM-60V-14ah-18650-Lithium-Ion-Battery-Pack-for-E-Bike-Storage-System-Electric-Vehicle1-800-800-100x100.webp",100,100,true]},"uagb_author_info":{"display_name":"solvitaenergylimited@gmail.com","author_link":"https:\/\/ecavix.com\/fr\/author\/"},"uagb_comment_info":0,"uagb_excerpt":"OEM 60V 14Ah lithium-ion battery pack for electric bikes, electric vehicles, and other applications, featuring high safety, long cycle life, and excellent performance in high temperatures.","_links":{"self":[{"href":"https:\/\/ecavix.com\/fr\/wp-json\/wp\/v2\/product\/2269","targetHints":{"allow":["GET"]}}],"collection":[{"href":"https:\/\/ecavix.com\/fr\/wp-json\/wp\/v2\/product"}],"about":[{"href":"https:\/\/ecavix.com\/fr\/wp-json\/wp\/v2\/types\/product"}],"replies":[{"embeddable":true,"href":"https:\/\/ecavix.com\/fr\/wp-json\/wp\/v2\/comments?post=2269"}],"wp:featuredmedia":[{"embeddable":true,"href":"https:\/\/ecavix.com\/fr\/wp-json\/wp\/v2\/media\/2271"}],"wp:attachment":[{"href":"https:\/\/ecavix.com\/fr\/wp-json\/wp\/v2\/media?parent=2269"}],"wp:term":[{"taxonomy":"product_brand","embeddable":true,"href":"https:\/\/ecavix.com\/fr\/wp-json\/wp\/v2\/product_brand?post=2269"},{"taxonomy":"product_cat","embeddable":true,"href":"https:\/\/ecavix.com\/fr\/wp-json\/wp\/v2\/product_cat?post=2269"},{"taxonomy":"product_tag","embeddable":true,"href":"https:\/\/ecavix.com\/fr\/wp-json\/wp\/v2\/product_tag?post=2269"}],"curies":[{"name":"wp","href":"https:\/\/api.w.org\/{rel}","templated":true}]}}