{"id":2248,"date":"2025-07-17T09:44:57","date_gmt":"2025-07-17T09:44:57","guid":{"rendered":"https:\/\/ecavix.com\/?post_type=product&#038;p=2248"},"modified":"2025-07-17T09:48:02","modified_gmt":"2025-07-17T09:48:02","slug":"36v-hailong-downtube-electric-bike-lithium-ion-battery","status":"publish","type":"product","link":"https:\/\/ecavix.com\/fr\/product\/36v-hailong-downtube-electric-bike-lithium-ion-battery\/","title":{"rendered":"36V Hailong Downtube Electric Bike Lithium Ion Battery"},"content":{"rendered":"<br \/>\n<h1>DL-115 36V 10Ah Hailong Downtube Lithium-Ion Battery for Electric Bike<\/h1>\n<h2>Aper\u00e7u du produit<\/h2>\n<table>\n<tr>\n<th>Mod\u00e8le<\/th>\n<td>DL-115<\/td>\n<\/tr>\n<tr>\n<th>Tension nominale<\/th>\n<td>36V<\/td>\n<\/tr>\n<tr>\n<th>Capacit\u00e9 nominale<\/th>\n<td>10Ah<\/td>\n<\/tr>\n<tr>\n<th>Type de batterie<\/th>\n<td>Batterie au lithium-ion 18650<\/td>\n<\/tr>\n<tr>\n<th>Poids<\/th>\n<td>3,2 kg<\/td>\n<\/tr>\n<tr>\n<th>Dimensions<\/th>\n<td>361*90*92mm<\/td>\n<\/tr>\n<tr>\n<th>Capacit\u00e9 de production<\/th>\n<td>20 000 pcs\/mois<\/td>\n<\/tr>\n<tr>\n<th>Cycle de vie<\/th>\n<td>500 cycles<\/td>\n<\/tr>\n<tr>\n<th>Garantie<\/th>\n<td>1 an<\/td>\n<\/tr>\n<tr>\n<th>Certificats<\/th>\n<td>CE, RoHS, MSDS, UN38.3<\/td>\n<\/tr>\n<tr>\n<th>Origine<\/th>\n<td>Chine<\/td>\n<\/tr>\n<\/table>\n<h2>Caract\u00e9ristiques de la batterie<\/h2>\n<div class=\"features-grid\">\n<div class=\"feature-box\">\n      <strong>Densit\u00e9 \u00e9nerg\u00e9tique \u00e9lev\u00e9e<\/strong><br \/>\n      Conception compacte avec une densit\u00e9 \u00e9nerg\u00e9tique \u00e9lev\u00e9e pour des performances efficaces.\n    <\/div>\n<div class=\"feature-box\">\n      <strong>Long cycle de vie<\/strong><br \/>\n      Plus de 500 cycles de charge\/d\u00e9charge, garantissant une longue dur\u00e9e de vie.\n    <\/div>\n<div class=\"feature-box\">\n      <strong>Chargement intelligent<\/strong><br \/>\n      Le syst\u00e8me de charge intelligent prot\u00e8ge contre la surcharge, les courts-circuits et la surchauffe, garantissant ainsi la s\u00e9curit\u00e9 et une charge \u00e9quilibr\u00e9e.\n    <\/div>\n<div class=\"feature-box\">\n      <strong>S\u00fbre et fiable<\/strong><br \/>\n      Pas de risque d'explosion ou d'incendie dans des conditions normales d'utilisation, ce qui la rend plus s\u00fbre que les batteries plomb-acide.\n    <\/div>\n<div class=\"feature-box\">\n      <strong>BMS personnalisable<\/strong><br \/>\n      Le syst\u00e8me de gestion de la batterie (BMS) peut \u00eatre personnalis\u00e9 pour r\u00e9pondre \u00e0 des besoins sp\u00e9cifiques.\n    <\/div>\n<div class=\"feature-box\">\n      <strong>Respect de l'environnement<\/strong><br \/>\n      La batterie n'a pas d'effet m\u00e9moire, est respectueuse de l'environnement et plus facile \u00e0 recycler.\n    <\/div>\n<\/p><\/div>\n<h2>Sp\u00e9cifications \u00e9lectriques<\/h2>\n<table>\n<tr>\n<th>Tension de charge<\/th>\n<td>42V<\/td>\n<\/tr>\n<tr>\n<th>Tension de coupure de la d\u00e9charge<\/th>\n<td>28V<\/td>\n<\/tr>\n<tr>\n<th>Courant de charge standard<\/th>\n<td>2A<\/td>\n<\/tr>\n<tr>\n<th>Courant de d\u00e9charge continu<\/th>\n<td>15-20A<\/td>\n<\/tr>\n<tr>\n<th>M\u00e9thode d'imputation<\/th>\n<td>CC\/CV<\/td>\n<\/tr>\n<tr>\n<th>Temp\u00e9rature de charge<\/th>\n<td>0 ~ 45\u00b0C<\/td>\n<\/tr>\n<tr>\n<th>Temp\u00e9rature de refoulement<\/th>\n<td>-20 ~ 60\u00b0C<\/td>\n<\/tr>\n<tr>\n<th>Moteur adapt\u00e9<\/th>\n<td>350W, 400W, 500W<\/td>\n<\/tr>\n<\/table>\n<h2>Applications<\/h2>\n<ul>\n<li>V\u00e9los \u00e9lectriques<\/li>\n<li>Scooters \u00e9lectriques<\/li>\n<li>V\u00e9hicules \u00e9lectriques (VE)<\/li>\n<\/ul>\n<h2>Emballage et exp\u00e9dition<\/h2>\n<p>La batterie est solidement emball\u00e9e avec du coton perl\u00e9 EPE pour la protection interne et des cartons solides pour l'emballage ext\u00e9rieur. Nous proposons des options d'emballage personnalisables en fonction des besoins du client.<\/p>\n<h3>M\u00e9thodes d'exp\u00e9dition<\/h3>\n<ul>\n<li>Pour les \u00e9chantillons : Exp\u00e9dition par UPS ou par ligne sp\u00e9ciale (service porte-\u00e0-porte).<\/li>\n<li>Pour les commandes en gros : Exp\u00e9dition par voie maritime (d\u00e9lai de livraison : 30-45 jours)<\/li>\n<\/ul>\n<h2>Pourquoi nous choisir ?<\/h2>\n<ul>\n<li>Services OEM et ODM disponibles<\/li>\n<li>100% test de qualit\u00e9 avant exp\u00e9dition<\/li>\n<li>Prix comp\u00e9titifs et livraison rapide<\/li>\n<li>Des produits s\u00fbrs et fiables avec une longue dur\u00e9e de vie<\/li>\n<\/ul>","protected":false},"excerpt":{"rendered":"<p>DL-115 36V 10Ah Hailong Downtube Lithium-Ion Battery avec une haute densit\u00e9 d'\u00e9nergie, un long cycle de vie et un syst\u00e8me de charge intelligent. Id\u00e9ale pour les v\u00e9los \u00e9lectriques, les scooters et les moteurs de 350W-500W. Certifi\u00e9e CE, RoHS, MSDS.<\/p>","protected":false},"featured_media":2250,"comment_status":"open","ping_status":"closed","template":"","meta":{"_uag_custom_page_level_css":"","neve_meta_sidebar":"","neve_meta_container":"","neve_meta_enable_content_width":"off","neve_meta_content_width":100,"neve_meta_title_alignment":"","neve_meta_author_avatar":"","neve_post_elements_order":"","neve_meta_disable_header":"","neve_meta_disable_footer":"","neve_meta_disable_title":""},"product_brand":[],"product_cat":[47,45,43],"product_tag":[],"class_list":{"0":"post-2248","1":"product","2":"type-product","3":"status-publish","4":"has-post-thumbnail","6":"product_cat-36v-e-bike-battery","7":"product_cat-e-bike-battery","8":"product_cat-power-battery","10":"first","11":"instock","12":"shipping-taxable","13":"product-type-simple"},"uagb_featured_image_src":{"full":["https:\/\/ecavix.com\/wp-content\/uploads\/2025\/07\/36V-Hailong-Downtube-Electric-Bike-Lithium-Ion-Battery2-800-800.webp",550,550,false],"thumbnail":["https:\/\/ecavix.com\/wp-content\/uploads\/2025\/07\/36V-Hailong-Downtube-Electric-Bike-Lithium-Ion-Battery2-800-800-150x150.webp",150,150,true],"medium":["https:\/\/ecavix.com\/wp-content\/uploads\/2025\/07\/36V-Hailong-Downtube-Electric-Bike-Lithium-Ion-Battery2-800-800-300x300.webp",300,300,true],"medium_large":["https:\/\/ecavix.com\/wp-content\/uploads\/2025\/07\/36V-Hailong-Downtube-Electric-Bike-Lithium-Ion-Battery2-800-800.webp",550,550,false],"large":["https:\/\/ecavix.com\/wp-content\/uploads\/2025\/07\/36V-Hailong-Downtube-Electric-Bike-Lithium-Ion-Battery2-800-800.webp",550,550,false],"1536x1536":["https:\/\/ecavix.com\/wp-content\/uploads\/2025\/07\/36V-Hailong-Downtube-Electric-Bike-Lithium-Ion-Battery2-800-800.webp",550,550,false],"2048x2048":["https:\/\/ecavix.com\/wp-content\/uploads\/2025\/07\/36V-Hailong-Downtube-Electric-Bike-Lithium-Ion-Battery2-800-800.webp",550,550,false],"trp-custom-language-flag":["https:\/\/ecavix.com\/wp-content\/uploads\/2025\/07\/36V-Hailong-Downtube-Electric-Bike-Lithium-Ion-Battery2-800-800.webp",12,12,false],"neve-blog":["https:\/\/ecavix.com\/wp-content\/uploads\/2025\/07\/36V-Hailong-Downtube-Electric-Bike-Lithium-Ion-Battery2-800-800.webp",550,550,false],"woocommerce_thumbnail":["https:\/\/ecavix.com\/wp-content\/uploads\/2025\/07\/36V-Hailong-Downtube-Electric-Bike-Lithium-Ion-Battery2-800-800-300x300.webp",300,300,true],"woocommerce_single":["https:\/\/ecavix.com\/wp-content\/uploads\/2025\/07\/36V-Hailong-Downtube-Electric-Bike-Lithium-Ion-Battery2-800-800.webp",550,550,false],"woocommerce_gallery_thumbnail":["https:\/\/ecavix.com\/wp-content\/uploads\/2025\/07\/36V-Hailong-Downtube-Electric-Bike-Lithium-Ion-Battery2-800-800-100x100.webp",100,100,true]},"uagb_author_info":{"display_name":"solvitaenergylimited@gmail.com","author_link":"https:\/\/ecavix.com\/fr\/author\/"},"uagb_comment_info":0,"uagb_excerpt":"DL-115 36V 10Ah Hailong Downtube Lithium-Ion Battery with high energy density, long lifecycle, and intelligent charge system. Ideal for electric bikes, scooters, and 350W-500W motors. CE, RoHS, MSDS certified.","_links":{"self":[{"href":"https:\/\/ecavix.com\/fr\/wp-json\/wp\/v2\/product\/2248","targetHints":{"allow":["GET"]}}],"collection":[{"href":"https:\/\/ecavix.com\/fr\/wp-json\/wp\/v2\/product"}],"about":[{"href":"https:\/\/ecavix.com\/fr\/wp-json\/wp\/v2\/types\/product"}],"replies":[{"embeddable":true,"href":"https:\/\/ecavix.com\/fr\/wp-json\/wp\/v2\/comments?post=2248"}],"wp:featuredmedia":[{"embeddable":true,"href":"https:\/\/ecavix.com\/fr\/wp-json\/wp\/v2\/media\/2250"}],"wp:attachment":[{"href":"https:\/\/ecavix.com\/fr\/wp-json\/wp\/v2\/media?parent=2248"}],"wp:term":[{"taxonomy":"product_brand","embeddable":true,"href":"https:\/\/ecavix.com\/fr\/wp-json\/wp\/v2\/product_brand?post=2248"},{"taxonomy":"product_cat","embeddable":true,"href":"https:\/\/ecavix.com\/fr\/wp-json\/wp\/v2\/product_cat?post=2248"},{"taxonomy":"product_tag","embeddable":true,"href":"https:\/\/ecavix.com\/fr\/wp-json\/wp\/v2\/product_tag?post=2248"}],"curies":[{"name":"wp","href":"https:\/\/api.w.org\/{rel}","templated":true}]}}