{"id":2185,"date":"2025-07-17T06:06:49","date_gmt":"2025-07-17T06:06:49","guid":{"rendered":"https:\/\/ecavix.com\/?post_type=product&#038;p=2185"},"modified":"2025-07-17T08:33:10","modified_gmt":"2025-07-17T08:33:10","slug":"batterie-lithium-24-v-10-ah-pour-velo-electrique","status":"publish","type":"product","link":"https:\/\/ecavix.com\/fr\/product\/24v-10ah-lithium-battery-pack-for-ebike\/","title":{"rendered":"Batterie lithium 24V 10ah pour Ebike"},"content":{"rendered":"<br \/>\n<style>\n<p>        h1, h2 {\n            color: #2c3e50;\n        }\n        h1 {\n            border-bottom: 2px solid #3ca860;\n            padding-bottom: 10px;\n        }\n        h2 {\n            background-color: #f8f9fa;\n            padding: 8px 12px;\n            border-left: 4px solid #3ca860;\n            margin-top: 30px;\n        }\n        table {\n            width: 100%;\n            border-collapse: collapse;\n            margin: 15px 0;\n            box-shadow: 0 1px 3px rgba(0,0,0,0.1);\n        }\n        th, td {\n            padding: 12px 15px;\n            text-align: left;\n            border: 1px solid #ddd;\n        }\n        th {\n            background-color: #3ca860;\n            color: white;\n            width: 25%;\n        }\n        tr:nth-child(even) {\n            background-color: #f2f2f2;\n        }\n        tr:hover {\n            background-color: #e8f5e9;\n        }\n        .specs-table th {\n            width: 30%;\n        }\n        .features {\n            display: grid;\n            grid-template-columns: repeat(2, 1fr);\n            gap: 15px;\n            margin: 20px 0;\n        }\n        .feature-card {\n            background-color: #e8f5e9;\n            padding: 15px;\n            border-radius: 5px;\n            border-left: 4px solid #3ca860;\n        }\n        @media (max-width: 768px) {\n            .features {\n                grid-template-columns: 1fr;\n            }\n        }\n    <\/style>\n<h1>Batterie lithium Solvitaeco 24 V 10 Ah<\/h1>\n<h2>Informations de base<\/h2>\n<table>\n<tr>\n<th>Port<\/th>\n<td>Shenzhen, Chine<\/td>\n<\/tr>\n<tr>\n<th>Capacit\u00e9 de production<\/th>\n<td>1 000 paquets\/semaine<\/td>\n<\/tr>\n<tr>\n<th>Conditions de paiement<\/th>\n<td>T\/T, Paypal<\/td>\n<\/tr>\n<tr>\n<th>Mod\u00e8le NO.<\/th>\n<td>DL-7S4P<\/td>\n<\/tr>\n<tr>\n<th>Marque d\u00e9pos\u00e9e<\/th>\n<td>Solvitaeco<\/td>\n<\/tr>\n<tr>\n<th>Paquet de transport<\/th>\n<td>Paquet standard pour l'exportation<\/td>\n<\/tr>\n<tr>\n<th>Origine<\/th>\n<td>Chine<\/td>\n<\/tr>\n<tr>\n<th>Code SH<\/th>\n<td>8507600090<\/td>\n<\/tr>\n<\/table>\n<h2>Sp\u00e9cifications techniques<\/h2>\n<table class=\"specs-table\">\n<tr>\n<th>Tension nominale<\/th>\n<td>24V<\/td>\n<\/tr>\n<tr>\n<th>Capacit\u00e9 nominale<\/th>\n<td>10 Ah (\u00b11 Ah \u00e0 un taux de d\u00e9charge de 0,2 C)<\/td>\n<\/tr>\n<tr>\n<th>Type de batterie<\/th>\n<td>18650 Li-ion (LiNiCoMnO2)<\/td>\n<\/tr>\n<tr>\n<th>Configuration<\/th>\n<td>7S4P<\/td>\n<\/tr>\n<tr>\n<th>Dimensions<\/th>\n<td>137*90*70 mm (personnalisable)<\/td>\n<\/tr>\n<tr>\n<th>Poids net<\/th>\n<td>1,5 \u00b1 0,1 kg<\/td>\n<\/tr>\n<tr>\n<th>Courant de d\u00e9charge<\/th>\n<td>Normal : 1C | Max continu : 2C (\u22645 min)<\/td>\n<\/tr>\n<tr>\n<th>Tension de coupure de la d\u00e9charge<\/th>\n<td>18.8V<\/td>\n<\/tr>\n<tr>\n<th>Courant de charge<\/th>\n<td>0.5C<\/td>\n<\/tr>\n<tr>\n<th>Tension de coupure de la charge<\/th>\n<td>29.2\u00b10.1V<\/td>\n<\/tr>\n<tr>\n<th>R\u00e9sistance int\u00e9rieure<\/th>\n<td>\u226480m\u03a9<\/td>\n<\/tr>\n<tr>\n<th>Temp\u00e9rature de charge<\/th>\n<td>0\u00baC~+45\u00baC<\/td>\n<\/tr>\n<tr>\n<th>Temp\u00e9rature de refoulement<\/th>\n<td>-20\u00baC~+60\u00baC<\/td>\n<\/tr>\n<tr>\n<th>Plage d'humidit\u00e9<\/th>\n<td>RH \u2264 85%<\/td>\n<\/tr>\n<tr>\n<th>Fonctions de protection<\/th>\n<td>Surcharge, d\u00e9charge excessive, surintensit\u00e9, fonction d'\u00e9quilibrage<\/td>\n<\/tr>\n<tr>\n<th>Mat\u00e9riau de la coque<\/th>\n<td>Enveloppe en PVC bleu<\/td>\n<\/tr>\n<tr>\n<th>Cycle de vie<\/th>\n<td>\u2265500 cycles (taux de r\u00e9tention de capacit\u00e9 \u226580%)<\/td>\n<\/tr>\n<\/table>\n<h2>Caract\u00e9ristiques principales<\/h2>\n<div class=\"features\">\n<div class=\"feature-card\">\n            <strong>Protection avanc\u00e9e du BMS<\/strong><\/p>\n<p>Protection contre les courts-circuits, les surcharges, les d\u00e9charges excessives et les surintensit\u00e9s<\/p>\n<\/p><\/div>\n<div class=\"feature-card\">\n            <strong>Longue dur\u00e9e de vie<\/strong><\/p>\n<p>Plus de 500 cycles de charge avec une capacit\u00e9 \u226580% conserv\u00e9e<\/p>\n<\/p><\/div>\n<div class=\"feature-card\">\n            <strong>Large gamme de temp\u00e9ratures<\/strong><\/p>\n<p>Performances stables de -20 \u00b0C \u00e0 +60 \u00b0C<\/p>\n<\/p><\/div>\n<div class=\"feature-card\">\n            <strong>Pas d'effet m\u00e9moire<\/strong><\/p>\n<p>Chargement \u00e0 tout moment sans perte de capacit\u00e9<\/p>\n<\/p><\/div>\n<div class=\"feature-card\">\n            <strong>Conception l\u00e9g\u00e8re<\/strong><\/p>\n<p>Seulement 1,5 kg pour une manipulation et une installation faciles<\/p>\n<\/p><\/div>\n<div class=\"feature-card\">\n            <strong>Applications polyvalentes<\/strong><\/p>\n<p>Parfait pour les v\u00e9los \u00e9lectriques, les v\u00e9los \u00e0 assistance \u00e9lectrique, les produits solaires et les syst\u00e8mes d'\u00e9clairage<\/p>\n<\/p><\/div>\n<\/p><\/div>\n<h2>Applications<\/h2>\n<table>\n<tr>\n<th>Transport \u00e9lectrique<\/th>\n<td>V\u00e9los \u00e9lectriques, v\u00e9los \u00e0 assistance \u00e9lectrique, scooters \u00e9lectriques<\/td>\n<\/tr>\n<tr>\n<th>Syst\u00e8mes solaires<\/th>\n<td>\u00c9clairage public solaire, stockage d'\u00e9nergie solaire<\/td>\n<\/tr>\n<tr>\n<th>Solutions d'\u00e9clairage<\/th>\n<td>\u00c9clairage LED, \u00e9clairage de secours<\/td>\n<\/tr>\n<tr>\n<th>Alimentation portable<\/th>\n<td>Syst\u00e8mes d'alimentation de secours, appareils mobiles<\/td>\n<\/tr>\n<\/table>","protected":false},"excerpt":{"rendered":"<p>\u2714 Caract\u00e9ristiques principales :<\/p>\n<p>Cellules Li-ion 7S4P 18650 (LiNiCoMnO2)<\/p>\n<p>Dimensions : 137 \u00d7 90 \u00d7 70 mm | Poids : 1,5 kg<\/p>\n<p>Capacit\u00e9 de 10 Ah | Plus de 500 cycles (r\u00e9tention 80%)<\/p>\n<p>D\u00e9charge 1C (2C max) | Charge CC\/CV<\/p>\n<p>\u2714 S\u00e9curit\u00e9 :<\/p>\n<p>Syst\u00e8me de gestion de batterie avec protection contre la surcharge, la d\u00e9charge, le courant et les courts-circuits<\/p>\n<p>Bo\u00eetier en PVC bleu | Conforme \u00e0 la norme UN38.3<\/p>\n<p>\u2714 Applications :<br \/>\nV\u00e9los \u00e9lectriques | Syst\u00e8mes solaires | \u00c9clairage LED<\/p>\n<p>\ud83d\udd27 Personnalisable | \ud83d\udea2 1 000 unit\u00e9s\/semaine | \ud83d\udcb3 T\/T, PayPal<\/p>\n<p>Solvitaeco \u2013 Solutions \u00e9nerg\u00e9tiques vertes<\/p>","protected":false},"featured_media":2186,"comment_status":"open","ping_status":"closed","template":"","meta":{"_uag_custom_page_level_css":"","neve_meta_sidebar":"","neve_meta_container":"","neve_meta_enable_content_width":"off","neve_meta_content_width":100,"neve_meta_title_alignment":"","neve_meta_author_avatar":"","neve_post_elements_order":"","neve_meta_disable_header":"","neve_meta_disable_footer":"","neve_meta_disable_title":""},"product_brand":[],"product_cat":[46,45,43],"product_tag":[],"class_list":{"0":"post-2185","1":"product","2":"type-product","3":"status-publish","4":"has-post-thumbnail","6":"product_cat-24v-e-bike-battery","7":"product_cat-e-bike-battery","8":"product_cat-power-battery","10":"first","11":"instock","12":"shipping-taxable","13":"product-type-simple"},"uagb_featured_image_src":{"full":["https:\/\/ecavix.com\/wp-content\/uploads\/2025\/07\/24V-10ah-Lithium-Battery-Pack-for-Ebike0-800-800.webp",550,550,false],"thumbnail":["https:\/\/ecavix.com\/wp-content\/uploads\/2025\/07\/24V-10ah-Lithium-Battery-Pack-for-Ebike0-800-800-150x150.webp",150,150,true],"medium":["https:\/\/ecavix.com\/wp-content\/uploads\/2025\/07\/24V-10ah-Lithium-Battery-Pack-for-Ebike0-800-800-300x300.webp",300,300,true],"medium_large":["https:\/\/ecavix.com\/wp-content\/uploads\/2025\/07\/24V-10ah-Lithium-Battery-Pack-for-Ebike0-800-800.webp",550,550,false],"large":["https:\/\/ecavix.com\/wp-content\/uploads\/2025\/07\/24V-10ah-Lithium-Battery-Pack-for-Ebike0-800-800.webp",550,550,false],"1536x1536":["https:\/\/ecavix.com\/wp-content\/uploads\/2025\/07\/24V-10ah-Lithium-Battery-Pack-for-Ebike0-800-800.webp",550,550,false],"2048x2048":["https:\/\/ecavix.com\/wp-content\/uploads\/2025\/07\/24V-10ah-Lithium-Battery-Pack-for-Ebike0-800-800.webp",550,550,false],"trp-custom-language-flag":["https:\/\/ecavix.com\/wp-content\/uploads\/2025\/07\/24V-10ah-Lithium-Battery-Pack-for-Ebike0-800-800.webp",12,12,false],"neve-blog":["https:\/\/ecavix.com\/wp-content\/uploads\/2025\/07\/24V-10ah-Lithium-Battery-Pack-for-Ebike0-800-800.webp",550,550,false],"woocommerce_thumbnail":["https:\/\/ecavix.com\/wp-content\/uploads\/2025\/07\/24V-10ah-Lithium-Battery-Pack-for-Ebike0-800-800-300x300.webp",300,300,true],"woocommerce_single":["https:\/\/ecavix.com\/wp-content\/uploads\/2025\/07\/24V-10ah-Lithium-Battery-Pack-for-Ebike0-800-800.webp",550,550,false],"woocommerce_gallery_thumbnail":["https:\/\/ecavix.com\/wp-content\/uploads\/2025\/07\/24V-10ah-Lithium-Battery-Pack-for-Ebike0-800-800-100x100.webp",100,100,true]},"uagb_author_info":{"display_name":"solvitaenergylimited@gmail.com","author_link":"https:\/\/ecavix.com\/fr\/author\/"},"uagb_comment_info":0,"uagb_excerpt":"\u2714 Key Specs: 7S4P 18650 Li-ion cells (LiNiCoMnO2) Dimensions: 137\u00d790\u00d770mm | Weight: 1.5kg 10Ah capacity | 500+ cycles (80% retention) 1C discharge (2C max) | CC\/CV charging \u2714 Safety: BMS with overcharge\/discharge\/current\/short-circuit protection Blue PVC casing | UN38.3 compliant \u2714 Applications: E-bikes | Solar systems | LED lighting \ud83d\udd27 Customizable | \ud83d\udea2 1,000 units\/week |\u2026","_links":{"self":[{"href":"https:\/\/ecavix.com\/fr\/wp-json\/wp\/v2\/product\/2185","targetHints":{"allow":["GET"]}}],"collection":[{"href":"https:\/\/ecavix.com\/fr\/wp-json\/wp\/v2\/product"}],"about":[{"href":"https:\/\/ecavix.com\/fr\/wp-json\/wp\/v2\/types\/product"}],"replies":[{"embeddable":true,"href":"https:\/\/ecavix.com\/fr\/wp-json\/wp\/v2\/comments?post=2185"}],"wp:featuredmedia":[{"embeddable":true,"href":"https:\/\/ecavix.com\/fr\/wp-json\/wp\/v2\/media\/2186"}],"wp:attachment":[{"href":"https:\/\/ecavix.com\/fr\/wp-json\/wp\/v2\/media?parent=2185"}],"wp:term":[{"taxonomy":"product_brand","embeddable":true,"href":"https:\/\/ecavix.com\/fr\/wp-json\/wp\/v2\/product_brand?post=2185"},{"taxonomy":"product_cat","embeddable":true,"href":"https:\/\/ecavix.com\/fr\/wp-json\/wp\/v2\/product_cat?post=2185"},{"taxonomy":"product_tag","embeddable":true,"href":"https:\/\/ecavix.com\/fr\/wp-json\/wp\/v2\/product_tag?post=2185"}],"curies":[{"name":"wp","href":"https:\/\/api.w.org\/{rel}","templated":true}]}}