{"id":3548,"date":"2025-09-05T09:42:08","date_gmt":"2025-09-05T09:42:08","guid":{"rendered":"https:\/\/ecavix.com\/?page_id=3548"},"modified":"2025-09-05T09:44:44","modified_gmt":"2025-09-05T09:44:44","slug":"quelle-est-la-meilleure-batterie-solaire-2025-guide","status":"publish","type":"page","link":"https:\/\/ecavix.com\/fr\/which-solar-battery-is-the-best-2025-guide\/","title":{"rendered":"Which solar battery is the best &#8211; 2025 Guide"},"content":{"rendered":"<div class=\"wp-block-uagb-container uagb-block-b129d934 default uagb-is-root-container\">\n<h2 class=\"wp-block-heading\" style=\"padding-top:0;padding-right:var(--wp--preset--spacing--40);padding-bottom:0;padding-left:var(--wp--preset--spacing--40)\">Introduction<\/h2>\n\n\n\n<p>L'\u00e9nergie solaire est en train de devenir l'une des sources d'\u00e9nergie renouvelable dont la croissance est la plus rapide au monde. Alors que de plus en plus de propri\u00e9taires, d'entreprises et d'utilisateurs hors r\u00e9seau investissent dans des panneaux solaires, la question se pose souvent : <strong>Quelle est la meilleure batterie solaire ?<\/strong><\/p>\n\n\n\n<p>Choisir la bonne batterie solaire peut s'av\u00e9rer difficile car il en existe plusieurs types, chacun ayant ses avantages et ses inconv\u00e9nients. La meilleure batterie solaire pour vous d\u00e9pend de vos <strong>le budget, les besoins \u00e9nerg\u00e9tiques, l'espace d'installation et les objectifs \u00e0 long terme<\/strong>.<\/p>\n\n\n\n<p>Ce guide pr\u00e9sente les options les plus courantes en mati\u00e8re de batteries solaires.<strong>Plomb-acide, AGM, gel et lithium-phosphate de fer (LiFePO4)<\/strong>-pour vous aider \u00e0 prendre la bonne d\u00e9cision.<\/p>\n<\/div>\n\n\n\n<h2 class=\"wp-block-heading\">1. Pourquoi avez-vous besoin d'une batterie solaire ?<\/h2>\n\n\n\n<p>Les batteries solaires vous permettent de <strong>stocker l'exc\u00e9dent <a href=\"https:\/\/ecavix.com\/fr\/\">l'\u00e9nergie<\/a><\/strong> g\u00e9n\u00e9r\u00e9e pendant la journ\u00e9e pour \u00eatre utilis\u00e9e pendant la nuit ou en cas de coupure de courant. Les avantages sont les suivants :<\/p>\n\n\n\n<ul class=\"wp-block-list\">\n<li><strong>Ind\u00e9pendance \u00e9nerg\u00e9tique<\/strong>: R\u00e9duire la d\u00e9pendance \u00e0 l'\u00e9gard du r\u00e9seau.<\/li>\n\n\n\n<li><strong>Alimentation de secours<\/strong>: Prot\u00e9gez-vous contre les pannes et les coupures d'\u00e9lectricit\u00e9.<\/li>\n\n\n\n<li><strong>\u00c9conomies de co\u00fbts<\/strong>: Stocker l'\u00e9nergie solaire lorsqu'elle est abondante et l'utiliser lors des pics de demande.<\/li>\n\n\n\n<li><strong>Durabilit\u00e9<\/strong>: Un pas vers un mode de vie plus propre et plus vert.<\/li>\n<\/ul>\n\n\n\n<p>Sans batterie, votre syst\u00e8me solaire ne fonctionne que lorsque le soleil brille. Avec la bonne batterie, vous pouvez profiter <strong>\u00c9nergie propre 24\/7<\/strong>.<\/p>\n\n\n\n<p><\/p>\n\n\n<div class=\"wp-block-image\">\n<figure class=\"aligncenter size-large\"><img decoding=\"async\" width=\"1024\" height=\"768\" src=\"https:\/\/ecavix.com\/wp-content\/uploads\/2025\/09\/pexels-photo-9875683-9875683-1024x768.jpg\" alt=\"L&#039;\u00e9nergie solaire est en train de devenir l&#039;une des sources d&#039;\u00e9nergie renouvelable qui conna\u00eet la croissance la plus rapide au monde. Alors que de plus en plus de particuliers, d&#039;entreprises et d&#039;utilisateurs hors r\u00e9seau investissent dans des panneaux solaires, la question se pose souvent de savoir quelle est la meilleure batterie solaire.\" class=\"wp-image-3549\" srcset=\"https:\/\/ecavix.com\/wp-content\/uploads\/2025\/09\/pexels-photo-9875683-9875683-1024x768.jpg 1024w, https:\/\/ecavix.com\/wp-content\/uploads\/2025\/09\/pexels-photo-9875683-9875683-300x225.jpg 300w, https:\/\/ecavix.com\/wp-content\/uploads\/2025\/09\/pexels-photo-9875683-9875683-768x576.jpg 768w, https:\/\/ecavix.com\/wp-content\/uploads\/2025\/09\/pexels-photo-9875683-9875683-1536x1152.jpg 1536w, https:\/\/ecavix.com\/wp-content\/uploads\/2025\/09\/pexels-photo-9875683-9875683-2048x1536.jpg 2048w, https:\/\/ecavix.com\/wp-content\/uploads\/2025\/09\/pexels-photo-9875683-9875683-600x450.jpg 600w\" sizes=\"(max-width: 1024px) 100vw, 1024px\" \/><\/figure>\n<\/div>\n\n\n<p><\/p>\n\n\n\n<h2 class=\"wp-block-heading\">2. Types de batteries solaires<\/h2>\n\n\n\n<h3 class=\"wp-block-heading\">2.1 <a href=\"https:\/\/ecavix.com\/fr\/product-category\/batterie-de-stockage-residentielle\/remplacement-de-lacide-plombique\/\">Batteries plomb-acide<\/a><\/h3>\n\n\n\n<p>Les accumulateurs au plomb sont les <strong>le plus ancien et le plus abordable<\/strong> option de stockage solaire.<\/p>\n\n\n\n<ul class=\"wp-block-list\">\n<li><strong>Pour<\/strong>: Faible co\u00fbt initial, technologie largement disponible et \u00e9prouv\u00e9e.<\/li>\n\n\n\n<li><strong>Cons<\/strong>: Dur\u00e9e de vie plus courte, efficacit\u00e9 moindre, poids \u00e9lev\u00e9, entretien n\u00e9cessaire.<\/li>\n\n\n\n<li><strong>Meilleur pour<\/strong>: Petits syst\u00e8mes hors r\u00e9seau avec un budget limit\u00e9.<\/li>\n<\/ul>\n\n\n\n<h3 class=\"wp-block-heading\">2.2 Batteries AGM (Absorbent Glass Mat)<\/h3>\n\n\n\n<p>L'AGM est un type de batterie plomb-acide scell\u00e9e qui est <strong>sans entretien<\/strong>.<\/p>\n\n\n\n<ul class=\"wp-block-list\">\n<li><strong>Pour<\/strong>: Plus s\u00fbr que le plomb-acide traditionnel, r\u00e9sistant aux d\u00e9versements, meilleure dur\u00e9e de vie.<\/li>\n\n\n\n<li><strong>Cons<\/strong>: Toujours lourd, dur\u00e9e de vie plus courte que le lithium.<\/li>\n\n\n\n<li><strong>Meilleur pour<\/strong>: V\u00e9hicules de loisirs, bateaux et stockage de secours.<\/li>\n<\/ul>\n\n\n\n<h3 class=\"wp-block-heading\">2.3 Batteries au gel<\/h3>\n\n\n\n<p>Les batteries au gel sont un autre type de batterie plomb-acide scell\u00e9e, utilisant un \u00e9lectrolyte g\u00e9lifi\u00e9.<\/p>\n\n\n\n<ul class=\"wp-block-list\">\n<li><strong>Pour<\/strong>: Bonne performance en cycle profond, s\u00e9curit\u00e9, entretien minimal.<\/li>\n\n\n\n<li><strong>Cons<\/strong>: Sensible aux taux de charge\/d\u00e9charge \u00e9lev\u00e9s, pas id\u00e9al pour les charges lourdes.<\/li>\n\n\n\n<li><strong>Meilleur pour<\/strong>: Petites installations solaires dans les climats doux.<\/li>\n<\/ul>\n\n\n\n<h3 class=\"wp-block-heading\">2.4 Batteries au phosphate de fer lithi\u00e9 (LiFePO4)<\/h3>\n\n\n\n<p>Les batteries LiFePO4 sont les <strong>les plus avanc\u00e9s et les plus efficaces<\/strong> option de stockage solaire d\u00e8s aujourd'hui.<\/p>\n\n\n\n<ul class=\"wp-block-list\">\n<li><strong>Pour<\/strong>:\n<ul class=\"wp-block-list\">\n<li>Longue dur\u00e9e de vie (plus de 4 000 \u00e0 6 000 cycles)<\/li>\n\n\n\n<li>Densit\u00e9 \u00e9nerg\u00e9tique \u00e9lev\u00e9e (l\u00e9g\u00e8ret\u00e9, compacit\u00e9)<\/li>\n\n\n\n<li>Une chimie s\u00fbre et stable<\/li>\n\n\n\n<li>Chargement et d\u00e9chargement rapides<\/li>\n\n\n\n<li>Sans entretien<\/li>\n<\/ul>\n<\/li>\n\n\n\n<li><strong>Cons<\/strong>: Co\u00fbt initial plus \u00e9lev\u00e9 (mais moins cher sur la dur\u00e9e de vie).<\/li>\n\n\n\n<li><strong>Meilleur pour<\/strong>: Stockage d'\u00e9nergie domestique, syst\u00e8mes hors r\u00e9seau, v\u00e9hicules de loisirs, fermes solaires.<\/li>\n<\/ul>\n\n\n\n<p><\/p>\n\n\n\n<div class=\"wp-block-uagb-image uagb-block-ac5c7928 wp-block-uagb-image--layout-default wp-block-uagb-image--effect-static wp-block-uagb-image--align-none\"><figure class=\"wp-block-uagb-image__figure\"><img decoding=\"async\" srcset=\"https:\/\/ecavix.com\/wp-content\/uploads\/2025\/09\/ga05e2a24434298a52720d5252c4bbcfb71a68135adbbc6fbe8a83b9b6dde503f5d7650e9845a7390faaaad16e4cc1d26cf5366e5647080b3df65c1da9cf0b44b_1280-2138992-1024x674.jpg ,https:\/\/ecavix.com\/wp-content\/uploads\/2025\/09\/ga05e2a24434298a52720d5252c4bbcfb71a68135adbbc6fbe8a83b9b6dde503f5d7650e9845a7390faaaad16e4cc1d26cf5366e5647080b3df65c1da9cf0b44b_1280-2138992.jpg 780w, https:\/\/ecavix.com\/wp-content\/uploads\/2025\/09\/ga05e2a24434298a52720d5252c4bbcfb71a68135adbbc6fbe8a83b9b6dde503f5d7650e9845a7390faaaad16e4cc1d26cf5366e5647080b3df65c1da9cf0b44b_1280-2138992.jpg 360w\" sizes=\"auto, (max-width: 480px) 150px\" src=\"https:\/\/ecavix.com\/wp-content\/uploads\/2025\/09\/ga05e2a24434298a52720d5252c4bbcfb71a68135adbbc6fbe8a83b9b6dde503f5d7650e9845a7390faaaad16e4cc1d26cf5366e5647080b3df65c1da9cf0b44b_1280-2138992-1024x674.jpg\" alt=\"photovolta\u00efque, syst\u00e8me photovolta\u00efque, syst\u00e8me solaire, solaire, \u00e9nergie solaire, cellule solaire, production d&#039;\u00e9lectricit\u00e9, panneau solaire, transition \u00e9nerg\u00e9tique, \u00e9nergie, \u00e9lectricit\u00e9, \u00e9nergie solaire, renouvelable, champ solaire, cellules solaires, soleil, ciel, tension, nature, technologie, environnement, alimentation \u00e9lectrique, lumi\u00e8re, nuages, \u00e9nergie renouvelable\" class=\"uag-image-3550\" width=\"1024\" height=\"674\" title=\"ga05e2a24434298a52720d5252c4bbcfb71a68135adbbc6fbe8a83b9b6dde503f5d7650e9845a7390faaaad16e4cc1d26cf5366e5647080b3df65c1da9cf0b44b_1280-2138992\" loading=\"lazy\" role=\"img\"\/><\/figure><\/div>\n\n\n\n<p><\/p>\n\n\n\n<h2 class=\"wp-block-heading\">3. Facteurs cl\u00e9s \u00e0 prendre en compte lors du choix d'une batterie solaire<\/h2>\n\n\n\n<h3 class=\"wp-block-heading\">3.1 Capacit\u00e9 (kWh)<\/h3>\n\n\n\n<p>La capacit\u00e9 d\u00e9termine la quantit\u00e9 d'\u00e9nergie que votre batterie peut stocker. Les m\u00e9nages ou les entreprises de plus grande taille peuvent avoir besoin de <strong>10 kWh et plus<\/strong>, tandis que les v\u00e9hicules de loisirs ou les cabines peuvent n'avoir besoin que de <strong>2-5kWh<\/strong>.<\/p>\n\n\n\n<h3 class=\"wp-block-heading\">3.2 Profondeur de d\u00e9versement (DoD)<\/h3>\n\n\n\n<p>DoD est la quantit\u00e9 de capacit\u00e9 de la batterie qui peut \u00eatre utilis\u00e9e. Les batteries LiFePO4 offrent jusqu'\u00e0 <strong>90-100% DoD<\/strong>, tandis que le plomb-acide est g\u00e9n\u00e9ralement <strong>50%<\/strong>.<\/p>\n\n\n\n<h3 class=\"wp-block-heading\">3.3 Dur\u00e9e de vie (cycle de vie)<\/h3>\n\n\n\n<p>Le nombre de cycles de charge\/d\u00e9charge qu'une batterie peut supporter.<\/p>\n\n\n\n<ul class=\"wp-block-list\">\n<li>Plomb-acide : ~500-1 000 cycles<\/li>\n\n\n\n<li>AGM\/Gel : ~1 000-1 500 cycles<\/li>\n\n\n\n<li>LiFePO4 : ~4 000-6 000 cycles<\/li>\n<\/ul>\n\n\n\n<h3 class=\"wp-block-heading\">3.4 Efficacit\u00e9<\/h3>\n\n\n\n<p>La quantit\u00e9 d'\u00e9nergie stock\u00e9e qui peut \u00eatre utilis\u00e9e.<\/p>\n\n\n\n<ul class=\"wp-block-list\">\n<li>Plomb-acide : 70-80%<\/li>\n\n\n\n<li>LiFePO4 : 95-98%<\/li>\n<\/ul>\n\n\n\n<h3 class=\"wp-block-heading\">3.5 S\u00e9curit\u00e9<\/h3>\n\n\n\n<p>LiFePO4 est consid\u00e9r\u00e9 comme la chimie la plus s\u00fbre pour le stockage solaire, avec une excellente stabilit\u00e9 thermique.<\/p>\n\n\n\n<p><\/p>\n\n\n<div class=\"wp-block-image\">\n<figure class=\"aligncenter size-large\"><img decoding=\"async\" width=\"1024\" height=\"768\" src=\"https:\/\/ecavix.com\/wp-content\/uploads\/2025\/09\/pexels-photo-9875439-9875439-1024x768.jpg\" alt=\"Gros plan d&#039;un panneau solaire install\u00e9 sur un toit en tuiles, capturant de l&#039;\u00e9nergie propre.\" class=\"wp-image-3551\" srcset=\"https:\/\/ecavix.com\/wp-content\/uploads\/2025\/09\/pexels-photo-9875439-9875439-1024x768.jpg 1024w, https:\/\/ecavix.com\/wp-content\/uploads\/2025\/09\/pexels-photo-9875439-9875439-300x225.jpg 300w, https:\/\/ecavix.com\/wp-content\/uploads\/2025\/09\/pexels-photo-9875439-9875439-768x576.jpg 768w, https:\/\/ecavix.com\/wp-content\/uploads\/2025\/09\/pexels-photo-9875439-9875439-1536x1152.jpg 1536w, https:\/\/ecavix.com\/wp-content\/uploads\/2025\/09\/pexels-photo-9875439-9875439-2048x1536.jpg 2048w, https:\/\/ecavix.com\/wp-content\/uploads\/2025\/09\/pexels-photo-9875439-9875439-600x450.jpg 600w\" sizes=\"(max-width: 1024px) 100vw, 1024px\" \/><\/figure>\n<\/div>\n\n\n<p><\/p>\n\n\n\n<h2 class=\"wp-block-heading\">4. La meilleure batterie solaire pour diff\u00e9rents cas d'utilisation<\/h2>\n\n\n\n<ul class=\"wp-block-list\">\n<li><strong>Meilleur r\u00e9sultat global<\/strong>: Batterie LiFePO4 (longue dur\u00e9e, efficace, s\u00fbre)<\/li>\n\n\n\n<li><strong>Meilleure option budg\u00e9taire<\/strong>: Batterie au plomb (faible co\u00fbt initial)<\/li>\n\n\n\n<li><strong>Le meilleur pour les cabanes\/v\u00e9hicules hors-r\u00e9seau<\/strong>: Batterie LiFePO4 (l\u00e9g\u00e8re et fiable)<\/li>\n\n\n\n<li><strong>Le meilleur pour les petits projets solaires<\/strong>: Batterie gel ou AGM (abordable et n\u00e9cessitant peu d'entretien)<\/li>\n\n\n\n<li><strong>Meilleur investissement \u00e0 long terme<\/strong>: Batterie LiFePO4 (co\u00fbt du cycle de vie le plus bas)<\/li>\n<\/ul>\n\n\n\n<hr class=\"wp-block-separator has-alpha-channel-opacity\"\/>\n\n\n\n<h2 class=\"wp-block-heading\">5. Pourquoi les batteries LiFePO4 sont l'avenir du stockage solaire<\/h2>\n\n\n\n<p>Alors que les batteries plomb-acide dominaient le march\u00e9 dans le pass\u00e9, la tendance \u00e9volue vers les batteries \u00e0 \u00e9lectrolyte liquide. <strong>Technologie LiFePO4<\/strong> en raison de son :<\/p>\n\n\n\n<ul class=\"wp-block-list\">\n<li><strong>Durabilit\u00e9<\/strong> (dur\u00e9e de vie de plus de 10 ans)<\/li>\n\n\n\n<li><strong>Haute efficacit\u00e9<\/strong> (meilleure utilisation de l'\u00e9nergie)<\/li>\n\n\n\n<li><strong>Respect de l'environnement<\/strong> (sans m\u00e9taux lourds nocifs)<\/li>\n\n\n\n<li><strong>Co\u00fbt inf\u00e9rieur par cycle<\/strong> (le moins cher pour une utilisation \u00e0 long terme)<\/li>\n<\/ul>\n\n\n\n<p>De nombreux syst\u00e8mes de stockage solaire de pointe (tels que les alternatives Powerwall de Tesla) utilisent d\u00e9sormais des syst\u00e8mes de stockage de l'\u00e9nergie solaire. <strong>Batteries LiFePO4<\/strong>.<\/p>\n\n\n\n<p><\/p>\n\n\n<div class=\"wp-block-image\">\n<figure class=\"aligncenter size-large\"><img decoding=\"async\" width=\"768\" height=\"1024\" src=\"https:\/\/ecavix.com\/wp-content\/uploads\/2025\/09\/pexels-photo-9875407-9875407-768x1024.jpg\" alt=\"Un ouvrier installe un panneau solaire sur le toit d&#039;une maison, mettant en valeur la technologie des \u00e9nergies renouvelables.\" class=\"wp-image-3552\" srcset=\"https:\/\/ecavix.com\/wp-content\/uploads\/2025\/09\/pexels-photo-9875407-9875407-768x1024.jpg 768w, https:\/\/ecavix.com\/wp-content\/uploads\/2025\/09\/pexels-photo-9875407-9875407-225x300.jpg 225w, https:\/\/ecavix.com\/wp-content\/uploads\/2025\/09\/pexels-photo-9875407-9875407-1152x1536.jpg 1152w, https:\/\/ecavix.com\/wp-content\/uploads\/2025\/09\/pexels-photo-9875407-9875407-1536x2048.jpg 1536w, https:\/\/ecavix.com\/wp-content\/uploads\/2025\/09\/pexels-photo-9875407-9875407-600x800.jpg 600w, https:\/\/ecavix.com\/wp-content\/uploads\/2025\/09\/pexels-photo-9875407-9875407-scaled.jpg 1920w\" sizes=\"(max-width: 768px) 100vw, 768px\" \/><\/figure>\n<\/div>\n\n\n<p><\/p>\n\n\n\n<hr class=\"wp-block-separator has-alpha-channel-opacity\"\/>\n\n\n\n<h2 class=\"wp-block-heading\">6. Comparaison des co\u00fbts (valeur \u00e0 vie)<\/h2>\n\n\n\n<figure class=\"wp-block-table\"><table class=\"has-fixed-layout\"><thead><tr><th>Type de batterie<\/th><th>Co\u00fbt initial<\/th><th>Dur\u00e9e de vie<\/th><th>Co\u00fbt par kWh (dur\u00e9e de vie)<\/th><\/tr><\/thead><tbody><tr><td>Plomb-acide<\/td><td>Faible<\/td><td>3-5 ans<\/td><td>Haut<\/td><\/tr><tr><td>assembl\u00e9e g\u00e9n\u00e9rale annuelle<\/td><td>Mod\u00e9r\u00e9<\/td><td>4-6 ans<\/td><td>Moyen<\/td><\/tr><tr><td>Gel<\/td><td>Mod\u00e9r\u00e9<\/td><td>5 \u00e0 7 ans<\/td><td>Moyen<\/td><\/tr><tr><td>LiFePO4<\/td><td>Plus \u00e9lev\u00e9<\/td><td>10-15 ans<\/td><td>Le plus bas<\/td><\/tr><\/tbody><\/table><\/figure>\n\n\n\n<p>Bien que <strong>L'investissement initial de LiFePO4 est plus \u00e9lev\u00e9.<\/strong>, il devient le <strong>le plus rentable<\/strong> au fil du temps.<\/p>\n\n\n\n<hr class=\"wp-block-separator has-alpha-channel-opacity\"\/>\n\n\n\n<h2 class=\"wp-block-heading\">Conclusion<\/h2>\n\n\n\n<p>Ainsi, <strong>Quelle est la meilleure batterie solaire ?<\/strong><\/p>\n\n\n\n<ul class=\"wp-block-list\">\n<li>Si vous voulez <strong>l'option la plus fiable, la plus durable et la plus efficace<\/strong> \u2192 <strong>Batteries LiFePO4<\/strong> sont le meilleur choix.<\/li>\n\n\n\n<li>Si vous \u00eates sur un <strong>budget serr\u00e9<\/strong> et n'ont besoin que d'un stockage \u00e0 court terme \u2192 <strong>plomb-acide ou AGM<\/strong> peut fonctionner.<\/li>\n\n\n\n<li>Pour tous ceux qui cherchent <strong>l'ind\u00e9pendance \u00e9nerg\u00e9tique \u00e0 long terme<\/strong> et <strong>la durabilit\u00e9<\/strong>, LiFePO4 est le grand gagnant.<\/li>\n<\/ul>\n\n\n\n<p>Investir dans la bonne batterie solaire, c'est bien plus que stocker de l'\u00e9nergie, c'est alimenter votre maison, votre camping-car ou votre entreprise avec <strong>une technologie propre, fiable et \u00e0 l'\u00e9preuve du temps<\/strong>.<\/p>","protected":false},"excerpt":{"rendered":"<p>Introduction Solar energy is becoming one of the fastest-growing renewable power sources in the world. As more homeowners, businesses, and off-grid users invest in solar panels, the question often arises: which solar battery is the best? Choosing the right solar battery can be challenging because there are several types available, each with its pros and&hellip;&nbsp;<a href=\"https:\/\/ecavix.com\/fr\/which-solar-battery-is-the-best-2025-guide\/\" rel=\"bookmark\"><span class=\"screen-reader-text\">Which solar battery is the best &#8211; 2025 Guide<\/span><\/a><\/p>","protected":false},"author":1,"featured_media":3551,"parent":0,"menu_order":0,"comment_status":"closed","ping_status":"closed","template":"","meta":{"_uag_custom_page_level_css":"","neve_meta_sidebar":"","neve_meta_container":"","neve_meta_enable_content_width":"","neve_meta_content_width":0,"neve_meta_title_alignment":"","neve_meta_author_avatar":"","neve_post_elements_order":"","neve_meta_disable_header":"","neve_meta_disable_footer":"","neve_meta_disable_title":"","footnotes":""},"class_list":["post-3548","page","type-page","status-publish","has-post-thumbnail","hentry"],"uagb_featured_image_src":{"full":["https:\/\/ecavix.com\/wp-content\/uploads\/2025\/09\/pexels-photo-9875439-9875439-scaled.jpg",2560,1920,false],"thumbnail":["https:\/\/ecavix.com\/wp-content\/uploads\/2025\/09\/pexels-photo-9875439-9875439-150x150.jpg",150,150,true],"medium":["https:\/\/ecavix.com\/wp-content\/uploads\/2025\/09\/pexels-photo-9875439-9875439-300x225.jpg",300,225,true],"medium_large":["https:\/\/ecavix.com\/wp-content\/uploads\/2025\/09\/pexels-photo-9875439-9875439-768x576.jpg",768,576,true],"large":["https:\/\/ecavix.com\/wp-content\/uploads\/2025\/09\/pexels-photo-9875439-9875439-1024x768.jpg",1024,768,true],"1536x1536":["https:\/\/ecavix.com\/wp-content\/uploads\/2025\/09\/pexels-photo-9875439-9875439-1536x1152.jpg",1536,1152,true],"2048x2048":["https:\/\/ecavix.com\/wp-content\/uploads\/2025\/09\/pexels-photo-9875439-9875439-2048x1536.jpg",2048,1536,true],"trp-custom-language-flag":["https:\/\/ecavix.com\/wp-content\/uploads\/2025\/09\/pexels-photo-9875439-9875439-scaled.jpg",16,12,false],"neve-blog":["https:\/\/ecavix.com\/wp-content\/uploads\/2025\/09\/pexels-photo-9875439-9875439-930x620.jpg",930,620,true],"woocommerce_thumbnail":["https:\/\/ecavix.com\/wp-content\/uploads\/2025\/09\/pexels-photo-9875439-9875439-300x300.jpg",300,300,true],"woocommerce_single":["https:\/\/ecavix.com\/wp-content\/uploads\/2025\/09\/pexels-photo-9875439-9875439-600x450.jpg",600,450,true],"woocommerce_gallery_thumbnail":["https:\/\/ecavix.com\/wp-content\/uploads\/2025\/09\/pexels-photo-9875439-9875439-100x100.jpg",100,100,true]},"uagb_author_info":{"display_name":"solvitaenergylimited@gmail.com","author_link":"https:\/\/ecavix.com\/fr\/author\/solvitaenergylimitedgmail-com\/"},"uagb_comment_info":0,"uagb_excerpt":"Introduction Solar energy is becoming one of the fastest-growing renewable power sources in the world. As more homeowners, businesses, and off-grid users invest in solar panels, the question often arises: which solar battery is the best? Choosing the right solar battery can be challenging because there are several types available, each with its pros and&hellip;&nbsp;Which\u2026","_links":{"self":[{"href":"https:\/\/ecavix.com\/fr\/wp-json\/wp\/v2\/pages\/3548","targetHints":{"allow":["GET"]}}],"collection":[{"href":"https:\/\/ecavix.com\/fr\/wp-json\/wp\/v2\/pages"}],"about":[{"href":"https:\/\/ecavix.com\/fr\/wp-json\/wp\/v2\/types\/page"}],"author":[{"embeddable":true,"href":"https:\/\/ecavix.com\/fr\/wp-json\/wp\/v2\/users\/1"}],"replies":[{"embeddable":true,"href":"https:\/\/ecavix.com\/fr\/wp-json\/wp\/v2\/comments?post=3548"}],"version-history":[{"count":0,"href":"https:\/\/ecavix.com\/fr\/wp-json\/wp\/v2\/pages\/3548\/revisions"}],"wp:featuredmedia":[{"embeddable":true,"href":"https:\/\/ecavix.com\/fr\/wp-json\/wp\/v2\/media\/3551"}],"wp:attachment":[{"href":"https:\/\/ecavix.com\/fr\/wp-json\/wp\/v2\/media?parent=3548"}],"curies":[{"name":"wp","href":"https:\/\/api.w.org\/{rel}","templated":true}]}}