{"id":2929,"date":"2025-07-30T06:05:26","date_gmt":"2025-07-30T06:05:26","guid":{"rendered":"https:\/\/ecavix.com\/?page_id=2929"},"modified":"2025-07-30T06:23:30","modified_gmt":"2025-07-30T06:23:30","slug":"ecavix-battery-facebook","status":"publish","type":"page","link":"https:\/\/ecavix.com\/fr\/ecavix-battery-facebook\/","title":{"rendered":"Ecavix-Battery-facebook"},"content":{"rendered":"<div class=\"wp-block-group alignfull is-content-justification-center\" style=\"margin-top:0;margin-bottom:0;padding-top:calc( 0.5 * var(--wp--style--root--padding-right, var(--wp--custom--gap--horizontal)));padding-right:var(--wp--style--root--padding-right, var(--wp--custom--gap--horizontal));padding-bottom:calc( 0.5 * var(--wp--style--root--padding-right, var(--wp--custom--gap--horizontal)));padding-left:var(--wp--style--root--padding-left, var(--wp--custom--gap--horizontal))\"><div class=\"wp-block-group__inner-container is-layout-constrained wp-container-core-group-is-layout-b073b61b wp-block-group-is-layout-constrained\">\n<div style=\"height:calc( 0.25 * var(--wp--style--root--padding-right, var(--wp--custom--gap--horizontal)))\" aria-hidden=\"true\" class=\"wp-block-spacer\"><\/div>\n\n\n\n<div class=\"wp-block-cover is-light\" style=\"margin-top:0;margin-bottom:0;padding-top:3%;padding-right:0%;padding-bottom:10%;padding-left:5%;min-height:600px;aspect-ratio:unset;\"><img decoding=\"async\" width=\"1024\" height=\"322\" class=\"wp-block-cover__image-background wp-image-2831 size-large\" alt=\"\" src=\"https:\/\/ecavix.com\/wp-content\/uploads\/2025\/07\/\u7535\u6c60-1-1024x322.jpg\" data-object-fit=\"cover\" srcset=\"https:\/\/ecavix.com\/wp-content\/uploads\/2025\/07\/\u7535\u6c60-1-1024x322.jpg 1024w, https:\/\/ecavix.com\/wp-content\/uploads\/2025\/07\/\u7535\u6c60-1-300x94.jpg 300w, https:\/\/ecavix.com\/wp-content\/uploads\/2025\/07\/\u7535\u6c60-1-768x242.jpg 768w, https:\/\/ecavix.com\/wp-content\/uploads\/2025\/07\/\u7535\u6c60-1-1536x484.jpg 1536w, https:\/\/ecavix.com\/wp-content\/uploads\/2025\/07\/\u7535\u6c60-1-600x189.jpg 600w, https:\/\/ecavix.com\/wp-content\/uploads\/2025\/07\/\u7535\u6c60-1.jpg 1906w\" sizes=\"(max-width: 1024px) 100vw, 1024px\" \/><span aria-hidden=\"true\" class=\"wp-block-cover__background has-background-dim\" style=\"background-color:#a2b3af\"><\/span><div class=\"wp-block-cover__inner-container is-layout-flow wp-block-cover-is-layout-flow\">\n<h3 class=\"wp-block-heading has-nv-site-bg-color has-text-color has-link-color wp-elements-191d83879e769d1651888b2c38dee2d4\">Ecavix Energy<\/h3>\n\n\n\n<p class=\"has-nv-site-bg-color has-text-color has-link-color wp-elements-b5f900de0f3eef5fe16366eff5d45ad7\"><br><strong>Ecavix Energy<\/strong> un fabricant professionnel ax\u00e9 sur l'innovation\u00a0<strong>solutions de stockage d'\u00e9nergie \u00e0 domicile<\/strong>.<\/p>\n\n\n\n<div class=\"wp-block-buttons is-layout-flex wp-block-buttons-is-layout-flex\" style=\"margin-top:var(--wp--preset--spacing--30);margin-bottom:var(--wp--preset--spacing--30)\">\n<div class=\"wp-block-button\"><a class=\"wp-block-button__link has-neve-link-hover-color-background-color has-background has-text-align-center wp-element-button\" href=\"https:\/\/ecavix.com\/fr\/products\/\">Tous les produits<\/a><\/div>\n<\/div>\n<\/div><\/div>\n\n\n\n<div style=\"height:calc( 0.25 * var(--wp--style--root--padding-right, var(--wp--custom--gap--horizontal)))\" aria-hidden=\"true\" class=\"wp-block-spacer\"><\/div>\n<\/div><\/div>\n\n\n\n<p><\/p>\n\n\n\n<div class=\"wp-block-uagb-container uagb-block-415fc575 alignfull uagb-is-root-container\"><div class=\"uagb-container-inner-blocks-wrap\">\n<div class=\"wp-block-uagb-container uagb-block-c14f9f43\">\n<div class=\"wp-block-uagb-image uagb-block-692a5d5e wp-block-uagb-image--layout-default wp-block-uagb-image--effect-static wp-block-uagb-image--align-none\"><figure class=\"wp-block-uagb-image__figure\"><img decoding=\"async\" srcset=\"https:\/\/ecavix.com\/wp-content\/uploads\/2025\/07\/PF173-280A.jpg ,https:\/\/ecavix.com\/wp-content\/uploads\/2025\/07\/PF173-280A.jpg 780w, https:\/\/ecavix.com\/wp-content\/uploads\/2025\/07\/PF173-280A.jpg 360w\" sizes=\"auto, (max-width: 480px) 150px\" src=\"https:\/\/ecavix.com\/wp-content\/uploads\/2025\/07\/PF173-280A.jpg\" alt=\"\" class=\"uag-image-2838\" width=\"580\" height=\"610\" title=\"PF173-280A\" loading=\"lazy\" role=\"img\"\/><\/figure><\/div>\n<\/div>\n\n\n\n<div class=\"wp-block-uagb-container uagb-block-e6d368c9\">\n<div class=\"wp-block-uagb-image uagb-block-aa4efea7 wp-block-uagb-image--layout-default wp-block-uagb-image--effect-static wp-block-uagb-image--align-none\"><figure class=\"wp-block-uagb-image__figure\"><img decoding=\"async\" srcset=\"https:\/\/ecavix.com\/wp-content\/uploads\/2025\/07\/Wall-Mount-Lifepo4-Battery-ESS-DL-LFP-HW48200-10.jpg ,https:\/\/ecavix.com\/wp-content\/uploads\/2025\/07\/Wall-Mount-Lifepo4-Battery-ESS-DL-LFP-HW48200-10.jpg 780w, https:\/\/ecavix.com\/wp-content\/uploads\/2025\/07\/Wall-Mount-Lifepo4-Battery-ESS-DL-LFP-HW48200-10.jpg 360w\" sizes=\"auto, (max-width: 480px) 150px\" src=\"https:\/\/ecavix.com\/wp-content\/uploads\/2025\/07\/Wall-Mount-Lifepo4-Battery-ESS-DL-LFP-HW48200-10.jpg\" alt=\"\" class=\"uag-image-2695\" width=\"1000\" height=\"1000\" title=\"Wall-Mount-Lifepo4-Battery-ESS-DL-LFP-HW48200-10\" loading=\"lazy\" role=\"img\"\/><\/figure><\/div>\n<\/div>\n\n\n\n<div class=\"wp-block-uagb-container uagb-block-6a19bc2d\">\n<div class=\"wp-block-uagb-image uagb-block-f17b783e wp-block-uagb-image--layout-default wp-block-uagb-image--effect-static wp-block-uagb-image--align-none\"><figure class=\"wp-block-uagb-image__figure\"><img decoding=\"async\" srcset=\"https:\/\/ecavix.com\/wp-content\/uploads\/2025\/07\/36V-105Ah-Lifepo4-Golf-Cart-Battery-Pack-1024x1024.webp ,https:\/\/ecavix.com\/wp-content\/uploads\/2025\/07\/36V-105Ah-Lifepo4-Golf-Cart-Battery-Pack.webp 780w, https:\/\/ecavix.com\/wp-content\/uploads\/2025\/07\/36V-105Ah-Lifepo4-Golf-Cart-Battery-Pack.webp 360w\" sizes=\"auto, (max-width: 480px) 150px\" src=\"https:\/\/ecavix.com\/wp-content\/uploads\/2025\/07\/36V-105Ah-Lifepo4-Golf-Cart-Battery-Pack-1024x1024.webp\" alt=\"\" class=\"uag-image-2729\" width=\"1024\" height=\"1024\" title=\"36V-105Ah-Lifepo4-Golf-Cart-Battery-Pack\" loading=\"lazy\" role=\"img\"\/><\/figure><\/div>\n<\/div>\n\n\n\n<div class=\"wp-block-uagb-container uagb-block-ff39d4da\">\n<div class=\"wp-block-uagb-image uagb-block-7c9b6f20 wp-block-uagb-image--layout-default wp-block-uagb-image--effect-static wp-block-uagb-image--align-none\"><figure class=\"wp-block-uagb-image__figure\"><img decoding=\"async\" srcset=\"https:\/\/ecavix.com\/wp-content\/uploads\/2025\/07\/12v-100ah-lfp-battery-snr1210043219467469.jpg ,https:\/\/ecavix.com\/wp-content\/uploads\/2025\/07\/12v-100ah-lfp-battery-snr1210043219467469.jpg 780w, https:\/\/ecavix.com\/wp-content\/uploads\/2025\/07\/12v-100ah-lfp-battery-snr1210043219467469.jpg 360w\" sizes=\"auto, (max-width: 480px) 150px\" src=\"https:\/\/ecavix.com\/wp-content\/uploads\/2025\/07\/12v-100ah-lfp-battery-snr1210043219467469.jpg\" alt=\"\" class=\"uag-image-2659\" width=\"567\" height=\"567\" title=\"12v-100ah-lfp-battery-snr1210043219467469\" loading=\"lazy\" role=\"img\"\/><\/figure><\/div>\n<\/div>\n<\/div><\/div>\n\n\n\n<div class=\"wp-block-uagb-container uagb-block-ff4f8692 alignfull uagb-is-root-container\">\n<div class=\"wp-block-uagb-container uagb-block-691e0326\">\n<h2 id=\"wp-block-themeisle-blocks-advanced-heading-9c0b64c0\" class=\"wp-block-themeisle-blocks-advanced-heading wp-block-themeisle-blocks-advanced-heading-9c0b64c0\">\u00c0 PROPOS DE NOUS<\/h2>\n\n\n\n<div id=\"wp-block-themeisle-blocks-advanced-heading-82678f6c\" class=\"wp-block-themeisle-blocks-advanced-heading wp-block-themeisle-blocks-advanced-heading-82678f6c\">Ecavix Energy est un fabricant professionnel qui se concentre sur l'innovation.\u00a0<strong>solutions de stockage d'\u00e9nergie \u00e0 domicile<\/strong>. Forts de plus d'une d\u00e9cennie d'exp\u00e9rience dans le secteur des nouvelles \u00e9nergies, nous nous engageons \u00e0 fournir des syst\u00e8mes de batteries fiables et performants pour les applications r\u00e9sidentielles et de mobilit\u00e9 l\u00e9g\u00e8re.<br>Notre gamme de produits comprend<br>Une gamme compl\u00e8te de\u00a0<strong>batteries de stockage d'\u00e9nergie domestique<\/strong>, construit avec\u00a0<strong>piles au lithium neuves de qualit\u00e9 A<\/strong>\u00a0Durable et efficace\u00a0<strong>Batteries pour v\u00e9los \u00e9lectriques<\/strong> .Personnalis\u00e9\u00a0<strong>Solutions de batteries OEM\/ODM<\/strong>\u00a0pour les partenaires mondiauxAvec un\u00a0<strong>une \u00e9quipe de R&amp;D et d'ing\u00e9nierie qualifi\u00e9e<\/strong>Ecavix Energy est capable de fournir des produits de stockage d'\u00e9nergie sur mesure pour r\u00e9pondre aux divers besoins du march\u00e9. Nos batteries sont largement\u00a0<strong>export\u00e9s vers l'Europe et l'Am\u00e9rique du Nord<\/strong>Ils sont reconnus pour leur s\u00e9curit\u00e9, leur efficacit\u00e9 et leur longue dur\u00e9e de vie.<br>Nous aidons les familles et les communaut\u00e9s \u00e0 progresser vers l'ind\u00e9pendance \u00e9nerg\u00e9tique, de mani\u00e8re efficace, durable et intelligente.<\/div>\n<\/div>\n\n\n\n<div class=\"wp-block-uagb-container uagb-block-36cef292\">\n<div class=\"wp-block-uagb-image uagb-block-af930144 wp-block-uagb-image--layout-default wp-block-uagb-image--effect-static wp-block-uagb-image--align-none\"><figure class=\"wp-block-uagb-image__figure\"><img decoding=\"async\" srcset=\"https:\/\/ecavix.com\/wp-content\/uploads\/2025\/07\/Delongtop-Battery-Factory.jpg ,https:\/\/ecavix.com\/wp-content\/uploads\/2025\/07\/Delongtop-Battery-Factory.jpg 780w, https:\/\/ecavix.com\/wp-content\/uploads\/2025\/07\/Delongtop-Battery-Factory.jpg 360w\" sizes=\"auto, (max-width: 480px) 150px\" src=\"https:\/\/ecavix.com\/wp-content\/uploads\/2025\/07\/Delongtop-Battery-Factory.jpg\" alt=\"\" class=\"uag-image-2746\" width=\"421\" height=\"289\" title=\"Usine de piles Delongtop\" loading=\"lazy\" role=\"img\"\/><\/figure><\/div>\n<\/div>\n<\/div>\n\n\n\n<p><\/p>\n\n\n\n<div class=\"wp-block-uagb-container uagb-block-31b1a1fe alignfull uagb-is-root-container\">\n<h2 id=\"wp-block-themeisle-blocks-advanced-heading-99f91207\" class=\"wp-block-themeisle-blocks-advanced-heading wp-block-themeisle-blocks-advanced-heading-99f91207\">Les certifications Ecavix Energy garantissent la qualit\u00e9 de la batterie<\/h2>\n\n\n\n<div id=\"wp-block-themeisle-blocks-advanced-heading-21766dcd\" class=\"wp-block-themeisle-blocks-advanced-heading wp-block-themeisle-blocks-advanced-heading-21766dcd\">Ecavix Energy contr\u00f4le strictement le processus de production, ce qui garantit la stabilit\u00e9 et la fiabilit\u00e9 de la batterie. Toutes les piles rechargeables sont conformes aux normes de s\u00e9curit\u00e9 internationales, y compris les certifications CB, KC, PSE, CE, IEC, ISO, MSDS et UN38.3.<\/div>\n\n\n\n<div class=\"wp-block-uagb-image uagb-block-a81a2752 wp-block-uagb-image--layout-default wp-block-uagb-image--effect-static wp-block-uagb-image--align-none\"><figure class=\"wp-block-uagb-image__figure\"><img decoding=\"async\" srcset=\"https:\/\/ecavix.com\/wp-content\/uploads\/2025\/07\/Lithium-Battery-Certification-1024x427.webp ,https:\/\/ecavix.com\/wp-content\/uploads\/2025\/07\/Lithium-Battery-Certification.webp 780w, https:\/\/ecavix.com\/wp-content\/uploads\/2025\/07\/Lithium-Battery-Certification.webp 360w\" sizes=\"auto, (max-width: 480px) 150px\" src=\"https:\/\/ecavix.com\/wp-content\/uploads\/2025\/07\/Lithium-Battery-Certification-1024x427.webp\" alt=\"\" class=\"uag-image-1944\" width=\"1024\" height=\"427\" title=\"Certification des piles au lithium\" loading=\"lazy\" role=\"img\"\/><\/figure><\/div>\n<\/div>","protected":false},"excerpt":{"rendered":"","protected":false},"author":1,"featured_media":0,"parent":0,"menu_order":0,"comment_status":"closed","ping_status":"closed","template":"","meta":{"_uag_custom_page_level_css":"","neve_meta_sidebar":"","neve_meta_container":"","neve_meta_enable_content_width":"","neve_meta_content_width":0,"neve_meta_title_alignment":"","neve_meta_author_avatar":"","neve_post_elements_order":"","neve_meta_disable_header":"","neve_meta_disable_footer":"","neve_meta_disable_title":"","footnotes":""},"class_list":["post-2929","page","type-page","status-publish","hentry"],"uagb_featured_image_src":{"full":false,"thumbnail":false,"medium":false,"medium_large":false,"large":false,"1536x1536":false,"2048x2048":false,"trp-custom-language-flag":false,"neve-blog":false,"woocommerce_thumbnail":false,"woocommerce_single":false,"woocommerce_gallery_thumbnail":false},"uagb_author_info":{"display_name":"solvitaenergylimited@gmail.com","author_link":"https:\/\/ecavix.com\/fr\/author\/solvitaenergylimitedgmail-com\/"},"uagb_comment_info":0,"uagb_excerpt":null,"_links":{"self":[{"href":"https:\/\/ecavix.com\/fr\/wp-json\/wp\/v2\/pages\/2929","targetHints":{"allow":["GET"]}}],"collection":[{"href":"https:\/\/ecavix.com\/fr\/wp-json\/wp\/v2\/pages"}],"about":[{"href":"https:\/\/ecavix.com\/fr\/wp-json\/wp\/v2\/types\/page"}],"author":[{"embeddable":true,"href":"https:\/\/ecavix.com\/fr\/wp-json\/wp\/v2\/users\/1"}],"replies":[{"embeddable":true,"href":"https:\/\/ecavix.com\/fr\/wp-json\/wp\/v2\/comments?post=2929"}],"version-history":[{"count":0,"href":"https:\/\/ecavix.com\/fr\/wp-json\/wp\/v2\/pages\/2929\/revisions"}],"wp:attachment":[{"href":"https:\/\/ecavix.com\/fr\/wp-json\/wp\/v2\/media?parent=2929"}],"curies":[{"name":"wp","href":"https:\/\/api.w.org\/{rel}","templated":true}]}}