{"id":22,"date":"2025-07-15T02:57:35","date_gmt":"2025-07-15T02:57:35","guid":{"rendered":"https:\/\/ecavix.com\/company\/"},"modified":"2025-11-04T09:56:32","modified_gmt":"2025-11-04T09:56:32","slug":"a-propos-de-nous","status":"publish","type":"page","link":"https:\/\/ecavix.com\/fr\/about-us\/","title":{"rendered":"A propos de nous"},"content":{"rendered":"<div class=\"wp-block-uagb-container uagb-block-019442a1 alignfull uagb-is-root-container\">\n<style>\n        \/* Scoped Root Element and Reset *\/\n        #ecavix-about-us-embed *, \n        #ecavix-about-us-embed *::before, \n        #ecavix-about-us-embed *::after {\n            margin: 0;\n            padding: 0;\n            box-sizing: border-box;\n        }\n\n        #ecavix-about-us-embed {\n            font-family: 'Inter', -apple-system, BlinkMacSystemFont, sans-serif;\n            background: #000;\n            color: #fff;\n            min-height: 100vh;\n        }\n\n        \/* General Section Styles *\/\n        #ecavix-about-us-embed section {\n            padding: 120px 60px;\n            overflow: hidden;\n            position: relative;\n        }\n        \n        #ecavix-about-us-embed .ecavix-container {\n            max-width: 1200px;\n            margin: 0 auto;\n        }\n\n        \/* General Section Header - Consistent with previous pages *\/\n        #ecavix-about-us-embed .ecavix-section-header {\n            text-align: center;\n            margin-bottom: 80px;\n            padding: 0 20px;\n        }\n\n        #ecavix-about-us-embed .ecavix-section-label {\n            font-size: 0.875rem;\n            font-weight: 600;\n            text-transform: uppercase;\n            letter-spacing: 2px;\n            color: #0066FF; \/* Accent color *\/\n            margin-bottom: 16px;\n        }\n\n        #ecavix-about-us-embed .ecavix-section-title {\n            font-size: 3.5rem;\n            font-weight: 800;\n            letter-spacing: -2px;\n            margin-bottom: 20px;\n            line-height: 1.1;\n            \/* High-end gradient text effect *\/\n            background: linear-gradient(135deg, #fff 0%, #a0a0a0 100%);\n            -webkit-background-clip: text;\n            -webkit-text-fill-color: transparent;\n            background-clip: text;\n        }\n        \n        #ecavix-about-us-embed .ecavix-section-subtitle {\n            font-size: 1.25rem;\n            color: #808080;\n            max-width: 800px;\n            margin: 0 auto;\n        }\n\n        \/* 1. Hero Section - Background Video Banner (Full Screen) *\/\n        #ecavix-about-us-embed .ecavix-hero {\n            height: 100vh; \/* FULL SCREEN \/ FULL VIEWPORT HEIGHT *\/\n            display: flex;\n            align-items: center;\n            justify-content: center;\n            text-align: center;\n            position: relative; \n            border-bottom: 2px solid #0066FF;\n            padding: 0;\n        }\n        \n        \/* Video Wrapper for positioning *\/\n        #ecavix-about-us-embed .video-background-wrapper {\n            position: absolute;\n            top: 0;\n            left: 0;\n            width: 100%;\n            height: 100%;\n            overflow: hidden;\n            z-index: 1; \n        }\n\n        \/* Video element styling *\/\n        #ecavix-about-us-embed .background-video {\n            width: 100%;\n            height: 100%;\n            object-fit: cover; \/* Ensures video covers the area without distortion *\/\n            filter: brightness(0.6); \/* Slightly dim the video for contrast *\/\n        }\n\n        \/* Dark Overlay for readability *\/\n        #ecavix-about-us-embed .video-overlay {\n            position: absolute;\n            top: 0;\n            left: 0;\n            width: 100%;\n            height: 100%;\n            background: rgba(0, 0, 0, 0.45); \/* Overlay color *\/\n            z-index: 2;\n        }\n\n        #ecavix-about-us-embed .ecavix-hero-content {\n            position: relative;\n            z-index: 3; \/* Above the video and overlay *\/\n            max-width: 1000px;\n            padding: 0 20px;\n        }\n        \n        #ecavix-about-us-embed .ecavix-hero-title {\n            font-size: 5rem;\n            font-weight: 900;\n            line-height: 1.1;\n            letter-spacing: -4px;\n            margin-bottom: 30px;\n            color: #fff;\n        }\n        \n        #ecavix-about-us-embed .ecavix-hero-title span {\n            color: #0066FF; \/* Primary accent color *\/\n        }\n        \n        #ecavix-about-us-embed .ecavix-hero-subtitle {\n            font-size: 1.8rem;\n            font-weight: 500;\n            color: #b0b0b0;\n            max-width: 800px;\n            margin: 0 auto;\n        }\n\n        \/* 2. Our Story \/ Vision Section *\/\n#ecavix-about-us-embed .ecavix-vision::before{\ncontent:'';\nbackground-color:rgba(0,0,0,.5);\nposition:absolute;\ntop:0;\nleft:0;\nwidth:100%;\nheight:100%;\n}\n        #ecavix-about-us-embed .ecavix-vision {\n            background: url(https:\/\/ecavix.com\/wp-content\/uploads\/2025\/10\/contact_banner.jpg);\n           height: 100vh;\n           background-repeat: no-repeat;\n           background-size: cover;\nposition:relative;\n            border-bottom: 1px solid #1a1a1a;\n        }\n        \n        #ecavix-about-us-embed .ecavix-vision-grid {\n            display: grid;\n            grid-template-columns: 1fr 1.5fr;\n            gap: 60px;\n            align-items: center;\n            text-align: left;\n        }\n        \n        #ecavix-about-us-embed .ecavix-image-placeholder img {\n            max-width: 100%; \n            height: auto; \n            border-radius: 12px; \n            border: 1px solid #1a1a1a;\n        }\n\n        #ecavix-about-us-embed .ecavix-vision-title {\n            font-size: 2.5rem;\n            font-weight: 900;\n            color: #00d4ff; \/* Secondary accent color *\/\n            margin-bottom: 20px;\n        }\n        #ecavix-about-us-embed .ecavix-vision-text{\nposition: absolute;\n    max-width: 50%;\n}\n        #ecavix-about-us-embed .ecavix-vision-text p {\n            font-size: 1.1rem;\n            line-height: 1.8;\n            color: #b0b0b0;\n            margin-bottom: 20px;\n        }\n        \n        #ecavix-about-us-embed .ecavix-vision-quote {\n            font-style: italic;\n            color: #fff;\n            border-left: 4px solid #0066FF;\n            padding-left: 20px;\n            margin-top: 30px;\n            font-size: 1.15rem;\n        }\n        \n        \/* 3. Video Showcase Section (Internal Embed) *\/\n        #ecavix-about-us-embed .ecavix-video-showcase {\n            background: #000;\n            text-align: center;\n        }\n        \n        #ecavix-about-us-embed .video-wrapper {\n            position: relative;\n            padding-bottom: 56.25%; \/* 16:9 Aspect Ratio *\/\n            height: 0;\n            overflow: hidden;\n            max-width: 1000px;\n            margin: 0 auto;\n            border-radius: 12px;\n            box-shadow: 0 10px 40px rgba(0,0,0,0.5);\n            margin-top: 40px;\n            border: 4px solid #0066FF;\n        }\n        \n        #ecavix-about-us-embed .video-wrapper iframe {\n            position: absolute;\n            top: 0;\n            left: 0;\n            width: 100%;\n            height: 100%;\n            border: none;\n        }\n\n\n        \/* 4. Core Pillars Section (4-Column Grid) *\/\n        #ecavix-about-us-embed .ecavix-pillars {\n            background: #0a0a0a;\n        }\n\n        #ecavix-about-us-embed .ecavix-pillars-grid {\n            display: grid;\n            grid-template-columns: repeat(4, 1fr);\n            gap: 30px;\n            margin-top: 60px;\n        }\n\n        #ecavix-about-us-embed .ecavix-pillar-card {\n            background: linear-gradient(145deg, #181818, #0a0a0a);\n            border: 1px solid #222;\n            border-radius: 16px;\n            padding: 40px;\n            text-align: center;\n            transition: all 0.3s ease;\n        }\n        \n        #ecavix-about-us-embed .ecavix-pillar-card:hover {\n            transform: translateY(-8px);\n            border-color: #0066FF;\n            box-shadow: 0 10px 30px rgba(0,102,255,0.2);\n        }\n\n        #ecavix-about-us-embed .ecavix-pillar-icon {\n            font-size: 2.5rem;\n            color: #0066FF;\n            margin-bottom: 20px;\n            font-weight: 900;\n        }\n\n        #ecavix-about-us-embed .ecavix-pillar-title {\n            font-size: 1.5rem;\n            font-weight: 800;\n            color: #fff;\n            margin-bottom: 15px;\n            letter-spacing: -0.5px;\n        }\n\n        #ecavix-about-us-embed .ecavix-pillar-description {\n            font-size: 0.95rem;\n            color: #b0b0b0;\n            line-height: 1.6;\n        }\n        \n        \/* 5. Global Footprint \/ Call to Action *\/\n        #ecavix-about-us-embed .ecavix-cta {\n             background: #000;\n             text-align: center;\n        }\n\n        #ecavix-about-us-embed .ecavix-cta h3 {\n            font-size: 3rem;\n            font-weight: 900;\n            letter-spacing: -2px;\n            margin-bottom: 30px;\n            color: #00d4ff;\n        }\n\n        #ecavix-about-us-embed .ecavix-btn-primary {\n            padding: 16px 60px;\n            background: #0066FF;\n            color: white;\n            border: none;\n            border-radius: 12px;\n            font-size: 1.125rem;\n            font-weight: 700;\n            cursor: pointer;\n            transition: background 0.3s ease;\n            text-decoration: none;\n            display: inline-flex;\n            justify-content: center;\n            align-items: center;\n            box-shadow: 0 10px 30px rgba(0,102,255,0.4);\n        }\n        \n        \/* Responsive CSS *\/\n        @media (max-width: 1024px) {\n            #ecavix-about-us-embed section { padding: 80px 20px; }\n            #ecavix-about-us-embed .ecavix-hero-title { font-size: 3.5rem; letter-spacing: -2px;}\n            #ecavix-about-us-embed .ecavix-hero-subtitle { font-size: 1.4rem; }\n            #ecavix-about-us-embed .ecavix-vision-grid {\n                grid-template-columns: 1fr;\n            }\n            #ecavix-about-us-embed .ecavix-pillars-grid {\n                grid-template-columns: repeat(2, 1fr);\n            }\n        }\n        \n        @media (max-width: 768px) {\n            \/* Hero height can be reduced slightly on mobile to avoid covering all content *\/\n            #ecavix-about-us-embed .ecavix-hero { height: 75vh; } \n            #ecavix-about-us-embed .ecavix-hero-title { font-size: 2.5rem; letter-spacing: -1px; }\n            #ecavix-about-us-embed .ecavix-hero-subtitle { font-size: 1.1rem; }\n            #ecavix-about-us-embed .ecavix-section-title { font-size: 2.25rem; }\n            #ecavix-about-us-embed .ecavix-pillars-grid {\n                grid-template-columns: 1fr;\n            }\n            #ecavix-about-us-embed .ecavix-cta h3 {\n                font-size: 2rem;\n            }\n        }\n        .ecavix-pillar-icon i{\n  color: #0066FF;\n            font-size: 1.4em;\n        }\n\n    <\/style>\n\n\n\n\n    <div id=\"ecavix-about-us-embed\">\n\n        <section class=\"ecavix-hero\">\n            <div class=\"video-background-wrapper\">\n                <video autoplay loop muted playsinline class=\"background-video\">\n                    <source src=\"https:\/\/ecavix.com\/wp-content\/uploads\/2025\/10\/jimeng-2025-10-21-1211-1.mp4\" type=\"video\/mp4\">\n                    <source src=\"https:\/\/ecavix.com\/wp-content\/uploads\/2025\/10\/jimeng-2025-10-21-1211-1.mp4\" type=\"video\/webm\">\n                    Votre navigateur ne prend pas en charge la balise vid\u00e9o.\n                <\/video>\n                <div class=\"video-overlay\"><\/div>\n            <\/div>\n            \n            <div class=\"ecavix-hero-content\">\n                <h1 class=\"ecavix-hero-title\">Conduire l'avenir, d\u00e9finir les normes de stockage avec <span>S\u00e9curit\u00e9 optimale<\/span>.<\/h1>\n                <p class=\"ecavix-hero-subtitle\">Nous sommes Ecavix, pionnier mondial dans le domaine de la technologie \u00e9nerg\u00e9tique LiFePO\u2084. Nous nous engageons \u00e0 fournir des solutions de stockage d'\u00e9nergie durables, hautement fiables et \u00e0 haute densit\u00e9, afin d'alimenter en \u00e9nergie verte ininterrompue les secteurs r\u00e9sidentiels, commerciaux et industriels du monde entier.<\/p>\n            <\/div>\n        <\/section>\n\n        <section class=\"ecavix-vision\">\n            <div class=\"ecavix-container\">\n               \n                    \n                    <div class=\"ecavix-vision-text\">\n                        <div class=\"ecavix-section-label\">LA FONDATION<\/div>\n                        <h2 class=\"ecavix-vision-title\">COMMENT TOUT A COMMENC\u00c9<\/h2>\n                        <p>Ecavix est n\u00e9e \u00e0 un moment charni\u00e8re de la transition vers les \u00e9nergies propres, reconnaissant le besoin crucial d'une technologie de batterie plus s\u00fbre et plus durable. Nos fondateurs, des v\u00e9t\u00e9rans des industries automobile et des sciences des mat\u00e9riaux, ont cr\u00e9\u00e9 notre premier centre de R&amp;D avec un objectif unique : ma\u00eetriser la chimie du LiFePO\u2084.<\/p>\n                        <p>Notre concentration initiale sur le march\u00e9 int\u00e9rieur nous a permis de perfectionner notre technologie de base et de mettre en place des cha\u00eenes d'approvisionnement solides \u00e0 l'\u00e9chelle nationale. Cette base solide nous a permis de nous d\u00e9velopper rapidement et de garantir une qualit\u00e9 irr\u00e9prochable avant de nous \u00e9tendre \u00e0 l'\u00e9chelle mondiale.<\/p>\n                        <p class=\"ecavix-vision-quote\">\n                            \u201c La gen\u00e8se d'Ecavix \u00e9tait simple : \u00e9tablir des bases solides en mati\u00e8re de s\u00e9curit\u00e9 et de qualit\u00e9 avant d'innover pour le monde entier. \u201d\n                        <\/p>\n                    <\/div>\n              \n            <\/div>\n        <\/section>\n\n\n        <section class=\"ecavix-pillars\">\n            <div class=\"ecavix-section-header\">\n                <div class=\"ecavix-section-label\">NOTRE FONDATION<\/div>\n                <h2 class=\"ecavix-section-title\">Quatre piliers : notre engagement envers l'excellence<\/h2>\n                <p class=\"ecavix-section-subtitle\">La r\u00e9putation mondiale d'Ecavix repose sur notre qu\u00eate incessante de l'excellence dans tous les aspects de nos activit\u00e9s.<\/p>\n            <\/div>\n            \n            <div class=\"ecavix-container\">\n                <div class=\"ecavix-pillars-grid\">\n                    \n                    <div class=\"ecavix-pillar-card\">\n                        <div class=\"ecavix-pillar-icon\">\n                            <i class=\"iconfont icon-safe-f\"><\/i>\n                        <\/div>\n                        <h4 class=\"ecavix-pillar-title\">S\u00e9curit\u00e9 optimale<\/h4>\n                        <p class=\"ecavix-pillar-description\">Nous utilisons des cellules LiFePO\u2084 de qualit\u00e9 automobile de premier ordre, associ\u00e9es \u00e0 notre syst\u00e8me BMS intelligent d\u00e9velopp\u00e9 en interne, pour offrir une protection r\u00e9active \u00e0 l'\u00e9chelle de la milliseconde, minimiser les risques pour la s\u00e9curit\u00e9 et fournir le niveau d'assurance le plus \u00e9lev\u00e9 du secteur.<\/p>\n                    <\/div>\n\n                    <div class=\"ecavix-pillar-card\">\n                        <div class=\"ecavix-pillar-icon\">\n                            <i class=\"iconfont icon-shezhi\"><\/i>\n                        <\/div>\n                        <h4 class=\"ecavix-pillar-title\">Une innovation pionni\u00e8re<\/h4>\n                        <p class=\"ecavix-pillar-description\">Des ressources importantes sont investies chaque ann\u00e9e dans la recherche et le d\u00e9veloppement, en mettant l'accent sur la conception modulaire haute densit\u00e9 et la compatibilit\u00e9 de communication multiprotocole, afin de garantir que nos produits restent \u00e0 la pointe de l'industrie en termes de performances et d'int\u00e9gration.<\/p>\n                    <\/div>\n\n                    <div class=\"ecavix-pillar-card\">\n                        <div class=\"ecavix-pillar-icon\">\n                            <i class=\"iconfont icon-shangwuhezuohezuo\"><\/i>\n                        <\/div>\n                        <h4 class=\"ecavix-pillar-title\">Collaboration mondiale<\/h4>\n                        <p class=\"ecavix-pillar-description\">Nous consid\u00e9rons nos partenaires internationaux comme le c\u0153ur de notre \u00e9cosyst\u00e8me. Gr\u00e2ce \u00e0 des services OEM\/ODM flexibles et \u00e0 une assistance technique multilingue, nous fournissons conjointement des solutions \u00e9nerg\u00e9tiques personnalis\u00e9es aux march\u00e9s locaux.<\/p>\n                    <\/div>\n                    \n                    <div class=\"ecavix-pillar-card\">\n                        <div class=\"ecavix-pillar-icon\">\n                            <i class=\"iconfont icon-diqiu\"><\/i>\n                        <\/div>\n                        <h4 class=\"ecavix-pillar-title\">Engagement \u00e9cologique<\/h4>\n                        <p class=\"ecavix-pillar-description\">Le LiFePO\u2084 est l'une des technologies de batterie les plus \u00e9cologiques et durables qui soient. Nous nous engageons \u00e0 promouvoir l'adoption d'\u00e9nergies propres, \u00e0 r\u00e9duire l'empreinte carbone et \u00e0 b\u00e2tir un avenir neutre en carbone.<\/p>\n                    <\/div>\n                    \n                <\/div>\n            <\/div>\n        <\/section>\n        \n        <section class=\"ecavix-cta\">\n            <div class=\"ecavix-container\">\n                <div class=\"ecavix-section-label\">DEVENEZ NOTRE PARTENAIRE<\/div>\n                <h3>Ecavix : votre partenaire \u00e9nerg\u00e9tique de confiance \u00e0 long terme.<\/h3>\n                <a href=\"\/fr\/contact\/\" class=\"ecavix-btn-primary\">Devenez notre partenaire mondial<\/a>\n            <\/div>\n        <\/section>\n\n    <\/div> \n<\/div>\n\n\n\n<div class=\"wp-block-uagb-image uagb-block-0e5cf8fa wp-block-uagb-image--layout-default wp-block-uagb-image--effect-static wp-block-uagb-image--align-none\"><figure class=\"wp-block-uagb-image__figure\"><\/figure><\/div>","protected":false},"excerpt":{"rendered":"<p>Your browser does not support the video tag. Driving the Future, Defining Storage Standards with Ultimate Safety. We are Ecavix, a global pioneer in LiFePO\u2084 energy technology. We are committed to providing high-density, highly reliable, and sustainable energy storage solutions, delivering uninterrupted green power to residential, commercial, and industrial sectors worldwide. THE FOUNDATION HOW IT&hellip;&nbsp;<a href=\"https:\/\/ecavix.com\/fr\/about-us\/\" rel=\"bookmark\"><span class=\"screen-reader-text\">A propos de nous<\/span><\/a><\/p>","protected":false},"author":1,"featured_media":0,"parent":0,"menu_order":0,"comment_status":"closed","ping_status":"closed","template":"","meta":{"_uag_custom_page_level_css":"","neve_meta_sidebar":"","neve_meta_container":"","neve_meta_enable_content_width":"","neve_meta_content_width":0,"neve_meta_title_alignment":"","neve_meta_author_avatar":"","neve_post_elements_order":"","neve_meta_disable_header":"","neve_meta_disable_footer":"","neve_meta_disable_title":"","footnotes":""},"class_list":["post-22","page","type-page","status-publish","hentry"],"uagb_featured_image_src":{"full":false,"thumbnail":false,"medium":false,"medium_large":false,"large":false,"1536x1536":false,"2048x2048":false,"trp-custom-language-flag":false,"neve-blog":false,"woocommerce_thumbnail":false,"woocommerce_single":false,"woocommerce_gallery_thumbnail":false},"uagb_author_info":{"display_name":"solvitaenergylimited@gmail.com","author_link":"https:\/\/ecavix.com\/fr\/author\/solvitaenergylimitedgmail-com\/"},"uagb_comment_info":0,"uagb_excerpt":"Your browser does not support the video tag. Driving the Future, Defining Storage Standards with Ultimate Safety. We are Ecavix, a global pioneer in LiFePO\u2084 energy technology. We are committed to providing high-density, highly reliable, and sustainable energy storage solutions, delivering uninterrupted green power to residential, commercial, and industrial sectors worldwide. THE FOUNDATION HOW IT&hellip;&nbsp;About\u2026","_links":{"self":[{"href":"https:\/\/ecavix.com\/fr\/wp-json\/wp\/v2\/pages\/22","targetHints":{"allow":["GET"]}}],"collection":[{"href":"https:\/\/ecavix.com\/fr\/wp-json\/wp\/v2\/pages"}],"about":[{"href":"https:\/\/ecavix.com\/fr\/wp-json\/wp\/v2\/types\/page"}],"author":[{"embeddable":true,"href":"https:\/\/ecavix.com\/fr\/wp-json\/wp\/v2\/users\/1"}],"replies":[{"embeddable":true,"href":"https:\/\/ecavix.com\/fr\/wp-json\/wp\/v2\/comments?post=22"}],"version-history":[{"count":1,"href":"https:\/\/ecavix.com\/fr\/wp-json\/wp\/v2\/pages\/22\/revisions"}],"predecessor-version":[{"id":4628,"href":"https:\/\/ecavix.com\/fr\/wp-json\/wp\/v2\/pages\/22\/revisions\/4628"}],"wp:attachment":[{"href":"https:\/\/ecavix.com\/fr\/wp-json\/wp\/v2\/media?parent=22"}],"curies":[{"name":"wp","href":"https:\/\/api.w.org\/{rel}","templated":true}]}}