{"id":3250,"date":"2025-08-18T02:36:34","date_gmt":"2025-08-18T02:36:34","guid":{"rendered":"https:\/\/ecavix.com\/?post_type=product&#038;p=3250"},"modified":"2025-08-18T07:12:32","modified_gmt":"2025-08-18T07:12:32","slug":"ecavix-25-6-v-200-ah-recambio-de-plomo-acido","status":"publish","type":"product","link":"https:\/\/ecavix.com\/es\/product\/ecavix-25-6v-200ah-lead-acid-replacement\/","title":{"rendered":"Recambio de plomo \u00e1cido Ecavix 25.6v 200ah"},"content":{"rendered":"<br \/>\n<h1>Recambio de plomo \u00e1cido Ecavix 25.6v 200ah<\/h1>\n<div class=\"section\">\n<p>En <span class=\"highlight\">Recambio de plomo \u00e1cido Ecavix 25.6v 200ah<\/span> est\u00e1 dise\u00f1ada para ofrecer alta densidad de energ\u00eda, seguridad y ciclos largos. Con un comportamiento electroqu\u00edmico estable y resistencia t\u00e9rmica, funciona de forma fiable en entornos exigentes. Es ideal para una amplia gama de aplicaciones, como barredoras, veh\u00edculos recreativos, carretillas elevadoras, yates, veh\u00edculos autoguiados, etc.<\/p>\n<\/p><\/div>\n<h2>Caracter\u00edsticas principales<\/h2>\n<ul>\n<li>La qu\u00edmica avanzada de LiFePO4 ofrece una gran estabilidad t\u00e9rmica y qu\u00edmica.<\/li>\n<li>Sistema BMS interno para una protecci\u00f3n total contra sobrecargas, sobredescargas, picos de corriente y fluctuaciones de temperatura.<\/li>\n<li>Larga vida \u00fatil - m\u00e1s de 3000 ciclos a 80% de profundidad de descarga (DOD).<\/li>\n<li>El voltaje de descarga estable garantiza una potencia constante hasta que se agota por completo.<\/li>\n<li>No contiene metales t\u00f3xicos: seguro para el medio ambiente y reciclable.<\/li>\n<li>El dise\u00f1o compacto y de alta integraci\u00f3n ahorra espacio de instalaci\u00f3n.<\/li>\n<li>Funcionamiento sin mantenimiento ni efecto memoria.<\/li>\n<\/ul>\n<h2>Ecavix 25,6 V 200 Ah Sustituci\u00f3n de plomo-\u00e1cido Aplicaciones<\/h2>\n<ul>\n<li>Barredoras y aspiradoras<\/li>\n<li>Autocaravanas<\/li>\n<li>Carretillas elevadoras y AGV<\/li>\n<li>Yates y equipamiento n\u00e1utico<\/li>\n<li>El\u00e9ctricos de tres\/cuatro ruedas<\/li>\n<li>Sistemas de almacenamiento de energ\u00eda sin conexi\u00f3n a la red<\/li>\n<\/ul>\n<h2>Especificaciones t\u00e9cnicas<\/h2>\n<table>\n<tr>\n<th>Marca<\/th>\n<td>Ecavix<\/td>\n<\/tr>\n<tr>\n<th>Capacidad de la bater\u00eda<\/th>\n<td>2560Wh<\/td>\n<\/tr>\n<tr>\n<th>Tensi\u00f3n de la bater\u00eda<\/th>\n<td>25.6V<\/td>\n<\/tr>\n<tr>\n<th>Capacidad de la bater\u00eda<\/th>\n<td>200Ah<\/td>\n<\/tr>\n<tr>\n<th>Tecnolog\u00eda celular<\/th>\n<td>LiFePO4<\/td>\n<\/tr>\n<tr>\n<th>Operaci\u00f3n Vida<\/th>\n<td>M\u00e1s de 10 a\u00f1os<\/td>\n<\/tr>\n<tr>\n<th>Vida \u00fatil<\/th>\n<td>M\u00e1s de 3000 veces<\/td>\n<\/tr>\n<tr>\n<th>Configuraci\u00f3n de un solo paquete<\/th>\n<td>8 c\u00e9lulas en serie<\/td>\n<\/tr>\n<tr>\n<th>Tensi\u00f3n l\u00edmite del cargador<\/th>\n<td>29.2V<\/td>\n<\/tr>\n<tr>\n<th>Tensi\u00f3n de corte de descarga<\/th>\n<td>20V<\/td>\n<\/tr>\n<tr>\n<th>Corriente de carga de la bater\u00eda (m\u00e1x.)<\/th>\n<td>50A<\/td>\n<\/tr>\n<tr>\n<th>Corriente de descarga de la bater\u00eda (m\u00e1x.)<\/th>\n<td>100A<\/td>\n<\/tr>\n<tr>\n<th>Temperatura de carga<\/th>\n<td>0~65\u2103<\/td>\n<\/tr>\n<tr>\n<th>Temperatura de descarga<\/th>\n<td>-20~65\u2103<\/td>\n<\/tr>\n<tr>\n<th>Paralelo\/Serie<\/th>\n<td>Soporte<\/td>\n<\/tr>\n<tr>\n<th>Tipo de montaje<\/th>\n<td>Instalaci\u00f3n gratuita<\/td>\n<\/tr>\n<tr>\n<th>Peso<\/th>\n<td>28Kg<\/td>\n<\/tr>\n<tr>\n<th>Dimensiones<\/th>\n<td>L405 \u00d7 A345 \u00d7 A163 mm<\/td>\n<\/tr>\n<tr>\n<th>Certificados<\/th>\n<td>CE, ROHS, UN38.3, MSDS<\/td>\n<\/tr>\n<\/table>","protected":false},"excerpt":{"rendered":"<p>El sustituto de plomo-\u00e1cido Ecavix 25,6 V 200 Ah ofrece una alta densidad energ\u00e9tica, una seguridad excelente y una larga vida \u00fatil, y es ideal para autocaravanas, carretillas elevadoras, yates y barredoras.<\/p>","protected":false},"featured_media":3271,"comment_status":"closed","ping_status":"closed","template":"","meta":{"_uag_custom_page_level_css":"","neve_meta_sidebar":"","neve_meta_container":"","neve_meta_enable_content_width":"off","neve_meta_content_width":100,"neve_meta_title_alignment":"","neve_meta_author_avatar":"","neve_post_elements_order":"","neve_meta_disable_header":"","neve_meta_disable_footer":"","neve_meta_disable_title":""},"product_brand":[],"product_cat":[81,82],"product_tag":[],"class_list":{"0":"post-3250","1":"product","2":"type-product","3":"status-publish","4":"has-post-thumbnail","6":"product_cat-lead-acid-replacement","7":"product_cat-residential-storage-battery","9":"first","10":"instock","11":"shipping-taxable","12":"product-type-simple"},"uagb_featured_image_src":{"full":["https:\/\/ecavix.com\/wp-content\/uploads\/2025\/08\/03-3-scaled.jpg",2560,1844,false],"thumbnail":["https:\/\/ecavix.com\/wp-content\/uploads\/2025\/08\/03-3-150x150.jpg",150,150,true],"medium":["https:\/\/ecavix.com\/wp-content\/uploads\/2025\/08\/03-3-300x216.jpg",300,216,true],"medium_large":["https:\/\/ecavix.com\/wp-content\/uploads\/2025\/08\/03-3-768x553.jpg",768,553,true],"large":["https:\/\/ecavix.com\/wp-content\/uploads\/2025\/08\/03-3-1024x738.jpg",1024,738,true],"1536x1536":["https:\/\/ecavix.com\/wp-content\/uploads\/2025\/08\/03-3-1536x1107.jpg",1536,1107,true],"2048x2048":["https:\/\/ecavix.com\/wp-content\/uploads\/2025\/08\/03-3-2048x1475.jpg",2048,1475,true],"trp-custom-language-flag":["https:\/\/ecavix.com\/wp-content\/uploads\/2025\/08\/03-3-scaled.jpg",18,12,false],"neve-blog":["https:\/\/ecavix.com\/wp-content\/uploads\/2025\/08\/03-3-930x620.jpg",930,620,true],"woocommerce_thumbnail":["https:\/\/ecavix.com\/wp-content\/uploads\/2025\/08\/03-3-300x300.jpg",300,300,true],"woocommerce_single":["https:\/\/ecavix.com\/wp-content\/uploads\/2025\/08\/03-3-600x432.jpg",600,432,true],"woocommerce_gallery_thumbnail":["https:\/\/ecavix.com\/wp-content\/uploads\/2025\/08\/03-3-100x100.jpg",100,100,true]},"uagb_author_info":{"display_name":"solvitaenergylimited@gmail.com","author_link":"https:\/\/ecavix.com\/es\/author\/"},"uagb_comment_info":0,"uagb_excerpt":"Ecavix 25.6v 200ah Lead Acid Replacement offers high energy density, excellent safety, long cycle life, and is ideal for RVs, forklifts, yachts, and sweepers.","_links":{"self":[{"href":"https:\/\/ecavix.com\/es\/wp-json\/wp\/v2\/product\/3250","targetHints":{"allow":["GET"]}}],"collection":[{"href":"https:\/\/ecavix.com\/es\/wp-json\/wp\/v2\/product"}],"about":[{"href":"https:\/\/ecavix.com\/es\/wp-json\/wp\/v2\/types\/product"}],"replies":[{"embeddable":true,"href":"https:\/\/ecavix.com\/es\/wp-json\/wp\/v2\/comments?post=3250"}],"wp:featuredmedia":[{"embeddable":true,"href":"https:\/\/ecavix.com\/es\/wp-json\/wp\/v2\/media\/3271"}],"wp:attachment":[{"href":"https:\/\/ecavix.com\/es\/wp-json\/wp\/v2\/media?parent=3250"}],"wp:term":[{"taxonomy":"product_brand","embeddable":true,"href":"https:\/\/ecavix.com\/es\/wp-json\/wp\/v2\/product_brand?post=3250"},{"taxonomy":"product_cat","embeddable":true,"href":"https:\/\/ecavix.com\/es\/wp-json\/wp\/v2\/product_cat?post=3250"},{"taxonomy":"product_tag","embeddable":true,"href":"https:\/\/ecavix.com\/es\/wp-json\/wp\/v2\/product_tag?post=3250"}],"curies":[{"name":"wp","href":"https:\/\/api.w.org\/{rel}","templated":true}]}}