{"id":3076,"date":"2025-08-05T08:44:08","date_gmt":"2025-08-05T08:44:08","guid":{"rendered":"https:\/\/ecavix.com\/?post_type=product&#038;p=3076"},"modified":"2025-08-12T06:33:14","modified_gmt":"2025-08-12T06:33:14","slug":"48v-51-2v-100ah-5kwh-bateria-domestica-apilable","status":"publish","type":"product","link":"https:\/\/ecavix.com\/es\/product\/48v-51-2v-100ah-5kwh-stackable-home-battery\/","title":{"rendered":"Bater\u00eda de litio apilable 48V\/51.2v 100ah"},"content":{"rendered":"<br \/>\n<h1>Bater\u00eda de litio apilable 48V\/51.2v 100ah<\/h1>\n<p>Para el sistema de almacenamiento de energ\u00eda solar dom\u00e9stico ESS<\/p>\n<div class=\"container\">\n<h2>Productos<\/h2>\n<p>\n    La bater\u00eda dom\u00e9stica apilable de 5,12 kWh fabricada por Ecavix admite el uso en paralelo.<br \/>\n    Se pueden conectar hasta cinco bater\u00edas de 5,12 kWh para alcanzar una capacidad total de 25 kWh.<br \/>\n    Este dise\u00f1o modular garantiza la flexibilidad y adaptabilidad a las distintas necesidades de almacenamiento de energ\u00eda.\n  <\/p>\n<h2>Configuraciones de pilas apilables<\/h2>\n<ul>\n<li>Bater\u00eda dom\u00e9stica apilable x 1P - 51,2V 100Ah - 5,12kWh<\/li>\n<li>Bater\u00eda dom\u00e9stica apilable x 2P - 51,2V 200Ah - 10,24kWh<\/li>\n<li>Bater\u00eda dom\u00e9stica apilable x 3P - 51,2V 300Ah - 15,36kWh<\/li>\n<li>Bater\u00eda dom\u00e9stica apilable x 4P - 51,2V 400Ah - 20,48kWh<\/li>\n<li>Bater\u00eda dom\u00e9stica apilable x 5P - 51,2V 500Ah - 25,6kWh<\/li>\n<\/ul>\n<h2>Principales ventajas<\/h2>\n<ul>\n<li>Dise\u00f1o apilable y m\u00f3vil para ahorrar espacio<\/li>\n<li>Fabricado con celdas LiFePO4 de grado A y 10 a\u00f1os de garant\u00eda<\/li>\n<li>M\u00e1s de 6.500 ciclos profundos y m\u00e1s de 12 a\u00f1os de vida \u00fatil<\/li>\n<li>BMS inteligente para sobretensi\u00f3n, sobrecorriente, sobrecarga, etc.<\/li>\n<li>Admite comunicaci\u00f3n RS485, CAN y WiFi<\/li>\n<li>Ampliable en paralelo hasta 25,6 kWh<\/li>\n<li>Personalizable por un equipo de ingenieros profesionales<\/li>\n<\/ul>\n<h2>Smart BMS integrado<\/h2>\n<p>\n    El sistema inteligente de gesti\u00f3n de bater\u00edas (BMS) integrado proporciona protecci\u00f3n en tiempo real<br \/>\n    contra sobretensi\u00f3n, sobrecorriente, sobredescarga, sobrecalentamiento y otras anomal\u00edas.\n  <\/p>\n<h2>Dise\u00f1o de bater\u00eda m\u00f3vil<\/h2>\n<p>\n    El dise\u00f1o apilable cuenta con poleas montadas en la parte inferior para una c\u00f3moda movilidad en interiores.<br \/>\n    La pantalla LCD integrada permite controlar y gestionar la bater\u00eda en tiempo real.\n  <\/p>\n<h2>Escenarios de aplicaci\u00f3n<\/h2>\n<ul>\n<li>Almacenamiento dom\u00e9stico de energ\u00eda<\/li>\n<li>Sistemas de almacenamiento de energ\u00eda solar<\/li>\n<li>Almacenamiento de energ\u00eda comercial<\/li>\n<li>Sistemas SAI<\/li>\n<li>Oficinas centrales y estaciones de telecomunicaciones<\/li>\n<li>Infraestructura de energ\u00eda el\u00e9ctrica<\/li>\n<\/ul>\n<p class=\"note\">\n    Existe un v\u00eddeo de demostraci\u00f3n que muestra el estado operativo de las bater\u00edas apilables Ecavix cuando se conectan a un inversor.\n  <\/p>\n<\/div>","protected":false},"excerpt":{"rendered":"<p>Bater\u00eda de litio apilable 48V\/51.2v 100ah para el sistema de almacenamiento de energ\u00eda solar dom\u00e9stico ESS de Ecavix, La bater\u00eda dom\u00e9stica apilable de 5,12kWh producida por Ecavix admite el uso en paralelo.<br \/>\n    Se pueden conectar hasta cinco bater\u00edas de 5,12 kWh para alcanzar una capacidad total de 25 kWh.<br \/>\n    Este dise\u00f1o modular garantiza la flexibilidad y adaptabilidad a las distintas necesidades de almacenamiento de energ\u00eda.<\/p>","protected":false},"featured_media":3077,"comment_status":"closed","ping_status":"closed","template":"","meta":{"_uag_custom_page_level_css":"","neve_meta_sidebar":"","neve_meta_container":"","neve_meta_enable_content_width":"off","neve_meta_content_width":100,"neve_meta_title_alignment":"","neve_meta_author_avatar":"","neve_post_elements_order":"","neve_meta_disable_header":"","neve_meta_disable_footer":"","neve_meta_disable_title":""},"product_brand":[],"product_cat":[82,86],"product_tag":[],"class_list":{"0":"post-3076","1":"product","2":"type-product","3":"status-publish","4":"has-post-thumbnail","6":"product_cat-residential-storage-battery","7":"product_cat-stacked-battery-residential-storage-battery","9":"first","10":"instock","11":"shipping-taxable","12":"product-type-simple"},"uagb_featured_image_src":{"full":["https:\/\/ecavix.com\/wp-content\/uploads\/2025\/08\/Stackable-Home-Battery-HS51100-05-.jpg",1000,1000,false],"thumbnail":["https:\/\/ecavix.com\/wp-content\/uploads\/2025\/08\/Stackable-Home-Battery-HS51100-05--150x150.jpg",150,150,true],"medium":["https:\/\/ecavix.com\/wp-content\/uploads\/2025\/08\/Stackable-Home-Battery-HS51100-05--300x300.jpg",300,300,true],"medium_large":["https:\/\/ecavix.com\/wp-content\/uploads\/2025\/08\/Stackable-Home-Battery-HS51100-05--768x768.jpg",768,768,true],"large":["https:\/\/ecavix.com\/wp-content\/uploads\/2025\/08\/Stackable-Home-Battery-HS51100-05-.jpg",1000,1000,false],"1536x1536":["https:\/\/ecavix.com\/wp-content\/uploads\/2025\/08\/Stackable-Home-Battery-HS51100-05-.jpg",1000,1000,false],"2048x2048":["https:\/\/ecavix.com\/wp-content\/uploads\/2025\/08\/Stackable-Home-Battery-HS51100-05-.jpg",1000,1000,false],"trp-custom-language-flag":["https:\/\/ecavix.com\/wp-content\/uploads\/2025\/08\/Stackable-Home-Battery-HS51100-05-.jpg",12,12,false],"neve-blog":["https:\/\/ecavix.com\/wp-content\/uploads\/2025\/08\/Stackable-Home-Battery-HS51100-05--930x620.jpg",930,620,true],"woocommerce_thumbnail":["https:\/\/ecavix.com\/wp-content\/uploads\/2025\/08\/Stackable-Home-Battery-HS51100-05--300x300.jpg",300,300,true],"woocommerce_single":["https:\/\/ecavix.com\/wp-content\/uploads\/2025\/08\/Stackable-Home-Battery-HS51100-05--600x600.jpg",600,600,true],"woocommerce_gallery_thumbnail":["https:\/\/ecavix.com\/wp-content\/uploads\/2025\/08\/Stackable-Home-Battery-HS51100-05--100x100.jpg",100,100,true]},"uagb_author_info":{"display_name":"solvitaenergylimited@gmail.com","author_link":"https:\/\/ecavix.com\/es\/author\/"},"uagb_comment_info":0,"uagb_excerpt":"Stackable Lithium Battery 48V\/51.2v 100ah for Ecavix Home Solar Energy Storage System ESS, The 5.12kWh stackable home battery produced by Ecavix supports parallel use. Up to five 5.12kWh batteries can be connected to reach a total capacity of 25kWh. This modular design ensures flexibility and adaptability for various energy storage needs.","_links":{"self":[{"href":"https:\/\/ecavix.com\/es\/wp-json\/wp\/v2\/product\/3076","targetHints":{"allow":["GET"]}}],"collection":[{"href":"https:\/\/ecavix.com\/es\/wp-json\/wp\/v2\/product"}],"about":[{"href":"https:\/\/ecavix.com\/es\/wp-json\/wp\/v2\/types\/product"}],"replies":[{"embeddable":true,"href":"https:\/\/ecavix.com\/es\/wp-json\/wp\/v2\/comments?post=3076"}],"wp:featuredmedia":[{"embeddable":true,"href":"https:\/\/ecavix.com\/es\/wp-json\/wp\/v2\/media\/3077"}],"wp:attachment":[{"href":"https:\/\/ecavix.com\/es\/wp-json\/wp\/v2\/media?parent=3076"}],"wp:term":[{"taxonomy":"product_brand","embeddable":true,"href":"https:\/\/ecavix.com\/es\/wp-json\/wp\/v2\/product_brand?post=3076"},{"taxonomy":"product_cat","embeddable":true,"href":"https:\/\/ecavix.com\/es\/wp-json\/wp\/v2\/product_cat?post=3076"},{"taxonomy":"product_tag","embeddable":true,"href":"https:\/\/ecavix.com\/es\/wp-json\/wp\/v2\/product_tag?post=3076"}],"curies":[{"name":"wp","href":"https:\/\/api.w.org\/{rel}","templated":true}]}}