{"id":2839,"date":"2025-07-25T05:47:01","date_gmt":"2025-07-25T05:47:01","guid":{"rendered":"https:\/\/ecavix.com\/?post_type=product&#038;p=2839"},"modified":"2025-08-05T09:47:29","modified_gmt":"2025-08-05T09:47:29","slug":"3-pilas-de-2v-170ah","status":"publish","type":"product","link":"https:\/\/ecavix.com\/es\/product\/3-2v-170ah-battery-cell\/","title":{"rendered":"Celda de bater\u00eda de 3,2 V y 180 AH"},"content":{"rendered":"<h1>Celda de bater\u00eda de 3,2 V y 180 AH<\/h1>\n<table class=\"dataTable\" cellpadding=\"0\" cellspacing=\"0\" width=\"100%\">\n<tbody>\n<tr>\n<th><\/th>\n<th colspan=\"2\" class=\"border_right\">Par\u00e1metros b\u00e1sicos<\/th>\n<\/tr>\n<tr>\n<td rowspan=\"12\" class=\"productImg\" style=\"width: 450px;border-bottom: none;text-align: center;background: #FFF;\">\n                                                        <img decoding=\"async\" src=\"\/wp-content\/uploads\/2025\/07\/PF173-280A-285x300.jpg\" alt=\"\" width=\"285\" height=\"300\" class=\"alignnone size-medium wp-image-2838\" srcset=\"https:\/\/ecavix.com\/wp-content\/uploads\/2025\/07\/PF173-280A-285x300.jpg 285w, https:\/\/ecavix.com\/wp-content\/uploads\/2025\/07\/PF173-280A.jpg 580w\" sizes=\"(max-width: 285px) 100vw, 285px\" \/>                                                        <\/td>\n<\/tr>\n<tr>\n<td>Especificaciones del producto<\/td>\n<td>Celda de bater\u00eda de 3,2 V y 170 AH<\/td>\n<\/tr>\n<tr>\n<td>Capacidad nominal (Ah)<\/td>\n<td>180Ah<\/td>\n<\/tr>\n<tr>\n<td>Tasa de carga\/descarga (P) <\/td>\n<td>0,5 P<\/td>\n<\/tr>\n<tr>\n<td>Eficiencia energ\u00e9tica (0,5 P)<\/td>\n<td>95%<\/td>\n<\/tr>\n<tr>\n<td>Ciclo de vida<\/td>\n<td>10000<\/td>\n<\/tr>\n<tr>\n<td>Dimensiones (An*L*Al mm)<\/td>\n<td>71,5*174,4*207,2 mm<\/td>\n<\/tr>\n<tr>\n<td>Peso (kg)<\/td>\n<td>5,49 kg<\/td>\n<\/tr>\n<tr>\n<td>Campos de aplicaci\u00f3n<\/td>\n<td>ESS de red\/ESS comercial e industrial\/Embarcaci\u00f3n<\/td>\n<\/tr>\n<tr>\n<td>Pruebas y certificaci\u00f3n <\/td>\n<td>GB\/CCS\/UN38.3\/UL\/IEC<\/td>\n<\/tr>\n<\/tbody>\n<\/table>","protected":false},"excerpt":{"rendered":"<p>3.2V 180AH C\u00e9lula de la bater\u00eda; Grado de la c\u00e9lula, c\u00e9lula a estrenar del grado A; Qu\u00edmica, fosfato de hierro de litio (LiFePO4 o LFP); Capacidad nominal, 180AH ;<\/p>","protected":false},"featured_media":3089,"comment_status":"closed","ping_status":"closed","template":"","meta":{"_uag_custom_page_level_css":"","neve_meta_sidebar":"","neve_meta_container":"","neve_meta_enable_content_width":"off","neve_meta_content_width":100,"neve_meta_title_alignment":"","neve_meta_author_avatar":"","neve_post_elements_order":"","neve_meta_disable_header":"","neve_meta_disable_footer":"","neve_meta_disable_title":""},"product_brand":[],"product_cat":[87],"product_tag":[],"class_list":{"0":"post-2839","1":"product","2":"type-product","3":"status-publish","4":"has-post-thumbnail","6":"product_cat-battery-cell","8":"first","9":"instock","10":"shipping-taxable","11":"product-type-simple"},"uagb_featured_image_src":{"full":["https:\/\/ecavix.com\/wp-content\/uploads\/2025\/07\/DSC_5589-scaled.jpg",2560,1991,false],"thumbnail":["https:\/\/ecavix.com\/wp-content\/uploads\/2025\/07\/DSC_5589-150x150.jpg",150,150,true],"medium":["https:\/\/ecavix.com\/wp-content\/uploads\/2025\/07\/DSC_5589-300x233.jpg",300,233,true],"medium_large":["https:\/\/ecavix.com\/wp-content\/uploads\/2025\/07\/DSC_5589-768x597.jpg",768,597,true],"large":["https:\/\/ecavix.com\/wp-content\/uploads\/2025\/07\/DSC_5589-1024x796.jpg",1024,796,true],"1536x1536":["https:\/\/ecavix.com\/wp-content\/uploads\/2025\/07\/DSC_5589-1536x1194.jpg",1536,1194,true],"2048x2048":["https:\/\/ecavix.com\/wp-content\/uploads\/2025\/07\/DSC_5589-2048x1592.jpg",2048,1592,true],"trp-custom-language-flag":["https:\/\/ecavix.com\/wp-content\/uploads\/2025\/07\/DSC_5589-scaled.jpg",15,12,false],"neve-blog":["https:\/\/ecavix.com\/wp-content\/uploads\/2025\/07\/DSC_5589-930x620.jpg",930,620,true],"woocommerce_thumbnail":["https:\/\/ecavix.com\/wp-content\/uploads\/2025\/07\/DSC_5589-300x300.jpg",300,300,true],"woocommerce_single":["https:\/\/ecavix.com\/wp-content\/uploads\/2025\/07\/DSC_5589-600x467.jpg",600,467,true],"woocommerce_gallery_thumbnail":["https:\/\/ecavix.com\/wp-content\/uploads\/2025\/07\/DSC_5589-100x100.jpg",100,100,true]},"uagb_author_info":{"display_name":"solvitaenergylimited@gmail.com","author_link":"https:\/\/ecavix.com\/es\/author\/"},"uagb_comment_info":0,"uagb_excerpt":"3.2V 180AH Battery Cell; Cell Grade, Brand New Grade A Cell ; Chemistry, Lithium Iron Phosphate (LiFePO4 or LFP) ; Nominal Capacity, 180AH ;","_links":{"self":[{"href":"https:\/\/ecavix.com\/es\/wp-json\/wp\/v2\/product\/2839","targetHints":{"allow":["GET"]}}],"collection":[{"href":"https:\/\/ecavix.com\/es\/wp-json\/wp\/v2\/product"}],"about":[{"href":"https:\/\/ecavix.com\/es\/wp-json\/wp\/v2\/types\/product"}],"replies":[{"embeddable":true,"href":"https:\/\/ecavix.com\/es\/wp-json\/wp\/v2\/comments?post=2839"}],"wp:featuredmedia":[{"embeddable":true,"href":"https:\/\/ecavix.com\/es\/wp-json\/wp\/v2\/media\/3089"}],"wp:attachment":[{"href":"https:\/\/ecavix.com\/es\/wp-json\/wp\/v2\/media?parent=2839"}],"wp:term":[{"taxonomy":"product_brand","embeddable":true,"href":"https:\/\/ecavix.com\/es\/wp-json\/wp\/v2\/product_brand?post=2839"},{"taxonomy":"product_cat","embeddable":true,"href":"https:\/\/ecavix.com\/es\/wp-json\/wp\/v2\/product_cat?post=2839"},{"taxonomy":"product_tag","embeddable":true,"href":"https:\/\/ecavix.com\/es\/wp-json\/wp\/v2\/product_tag?post=2839"}],"curies":[{"name":"wp","href":"https:\/\/api.w.org\/{rel}","templated":true}]}}