{"id":2693,"date":"2025-07-22T06:08:42","date_gmt":"2025-07-22T06:08:42","guid":{"rendered":"https:\/\/ecavix.com\/?post_type=product&#038;p=2693"},"modified":"2025-08-12T06:31:24","modified_gmt":"2025-08-12T06:31:24","slug":"25-6v-200ah-5-12kwh-montaje-en-pared-bateria-solar-ess-dl-lfp-hw25200","status":"publish","type":"product","link":"https:\/\/ecavix.com\/es\/product\/25-6v-200ah-5-12kwh-wall-mount-solar-battery-ess-dl-lfp-hw25200\/","title":{"rendered":"Bater\u00eda de litio de montaje en pared 25,6 V 200 Ah 5,12 kWh"},"content":{"rendered":"<br \/>\n<h1>Bater\u00eda de litio de montaje en pared 25,6 V 200 Ah 5,12 kWh<\/h1>\n<p>\n    En <span class=\"highlight\">Bater\u00eda de litio de montaje en pared 25,6 V 200 Ah 5,12 kWh<\/span> est\u00e1 dise\u00f1ado para las necesidades de almacenamiento de energ\u00eda residenciales y de peque\u00f1as empresas. Con una capacidad de <strong>5,12 kWh<\/strong>ofrece una soluci\u00f3n de energ\u00eda de reserva estable y eficiente durante los cortes, garantizando la independencia energ\u00e9tica y la flexibilidad de la red.\n  <\/p>\n<h2>Principales ventajas<\/h2>\n<ul>\n<li>Dise\u00f1o compacto montado en la pared: ahorra espacio y es f\u00e1cil de instalar.<\/li>\n<li>BMS integrado para protecci\u00f3n contra sobrecarga, sobredescarga y cortocircuito.<\/li>\n<li>Alta vida \u00fatil de m\u00e1s de 6500 ciclos: fiabilidad duradera.<\/li>\n<li>Admite la ampliaci\u00f3n en paralelo para escalar el almacenamiento de energ\u00eda.<\/li>\n<li>Compatible con inversores RS485 y CAN (por ejemplo, Deye).<\/li>\n<li>Funcionamiento sin mantenimiento y excelente estabilidad t\u00e9rmica.<\/li>\n<\/ul>\n<h2>Bater\u00eda de litio de montaje en pared 25,6 V 200 Ah 5,12 kWh Aplicaciones<\/h2>\n<ul>\n<li>Almacenamiento dom\u00e9stico de energ\u00eda<\/li>\n<li>Sistema de respaldo UPS<\/li>\n<li>Sistema de almacenamiento de energ\u00eda solar<\/li>\n<li>Estaciones transceptoras de base<\/li>\n<li>Sistemas de energ\u00eda el\u00e9ctrica<\/li>\n<li>Equipos de telecomunicaciones<\/li>\n<li>Aplicaciones de conmutaci\u00f3n y m\u00e1s<\/li>\n<\/ul>\n<h2>Especificaciones t\u00e9cnicas<\/h2>\n<table>\n<tr>\n<th>Modelo<\/th>\n<td>DL-LFP-HW25200<\/td>\n<\/tr>\n<tr>\n<th>Tensi\u00f3n nominal<\/th>\n<td>25.6V<\/td>\n<\/tr>\n<tr>\n<th>Capacidad nominal<\/th>\n<td>200Ah<\/td>\n<\/tr>\n<tr>\n<th>Energ\u00eda<\/th>\n<td>5,12 kWh<\/td>\n<\/tr>\n<tr>\n<th>Tipo de c\u00e9lula<\/th>\n<td>LiFePO4<\/td>\n<\/tr>\n<tr>\n<th>Ciclo de vida<\/th>\n<td>\u2265 6500 ciclos<\/td>\n<\/tr>\n<tr>\n<th>Vida dise\u00f1ada<\/th>\n<td>12 a\u00f1os<\/td>\n<\/tr>\n<tr>\n<th>Corriente de carga m\u00e1xima<\/th>\n<td>100A<\/td>\n<\/tr>\n<tr>\n<th>Corriente m\u00e1xima de descarga<\/th>\n<td>200A<\/td>\n<\/tr>\n<tr>\n<th>Carga recomendada<\/th>\n<td>3-5 kW<\/td>\n<\/tr>\n<tr>\n<th>Tensi\u00f3n de corte de carga<\/th>\n<td>28,8V \u00b10,2V<\/td>\n<\/tr>\n<tr>\n<th>Tensi\u00f3n de corte de descarga<\/th>\n<td>22,4V \u00b10,2V<\/td>\n<\/tr>\n<tr>\n<th>Terminal<\/th>\n<td>M8<\/td>\n<\/tr>\n<tr>\n<th>Material del malet\u00edn<\/th>\n<td>Caja met\u00e1lica<\/td>\n<\/tr>\n<tr>\n<th>Comunicaci\u00f3n<\/th>\n<td>RS485 \/ CAN<\/td>\n<\/tr>\n<tr>\n<th>Temperatura de carga<\/th>\n<td>0 ~ 45\u2103<\/td>\n<\/tr>\n<tr>\n<th>Temperatura de descarga<\/th>\n<td>5 ~ 55\u2103<\/td>\n<\/tr>\n<tr>\n<th>Color<\/th>\n<td>Blanco + Negro<\/td>\n<\/tr>\n<tr>\n<th>Peso<\/th>\n<td>36 \u00b10,5 kg<\/td>\n<\/tr>\n<tr>\n<th>Dimensiones (L\u00d7A\u00d7H)<\/th>\n<td>730 \u00d7 330 \u00d7 145\/180 mm<\/td>\n<\/tr>\n<tr>\n<th>Tipo de montaje<\/th>\n<td>Montaje en pared<\/td>\n<\/tr>\n<\/table>\n<h2>Otros modelos horizontales de pared<\/h2>\n<ul>\n<li><strong>DL-LFP-HW51200<\/strong> - 51,2V 200Ah (10,24kWh)<\/li>\n<li><strong>DL-LFP-HW25200<\/strong> - 25,6V 200Ah (5,12kWh)<\/li>\n<\/ul>\n<h2>\u00bfPor qu\u00e9 elegir Delong Energy?<\/h2>\n<ul>\n<li>M\u00e1s de 11 a\u00f1os de experiencia en la fabricaci\u00f3n de bater\u00edas de litio.<\/li>\n<li>Amplia gama de productos: 12V-96V litio, ESS, bancos de energ\u00eda port\u00e1tiles.<\/li>\n<li>Admite servicios OEM, ODM y OBM.<\/li>\n<li>Posibilidad de personalizar el voltaje, la corriente, la capacidad y el aspecto.<\/li>\n<li>10 a\u00f1os de garant\u00eda postventa con asistencia t\u00e9cnica profesional.<\/li>\n<\/ul>","protected":false},"excerpt":{"rendered":"<p>Bater\u00eda de litio de montaje en pared 25,6 V 200 Ah 5,12 kWh para el almacenamiento de energ\u00eda en el hogar. Segura, compacta, de larga duraci\u00f3n y compatible con inversores. Respaldo ideal para hogares y peque\u00f1as empresas.<\/p>","protected":false},"featured_media":3053,"comment_status":"closed","ping_status":"closed","template":"","meta":{"_uag_custom_page_level_css":"","neve_meta_sidebar":"","neve_meta_container":"","neve_meta_enable_content_width":"off","neve_meta_content_width":100,"neve_meta_title_alignment":"","neve_meta_author_avatar":"","neve_post_elements_order":"","neve_meta_disable_header":"","neve_meta_disable_footer":"","neve_meta_disable_title":""},"product_brand":[],"product_cat":[82,85],"product_tag":[],"class_list":{"0":"post-2693","1":"product","2":"type-product","3":"status-publish","4":"has-post-thumbnail","6":"product_cat-residential-storage-battery","7":"product_cat-wall-mounted-battery-residential-storage-battery","9":"first","10":"instock","11":"shipping-taxable","12":"product-type-simple"},"uagb_featured_image_src":{"full":["https:\/\/ecavix.com\/wp-content\/uploads\/2025\/07\/01-2-scaled.jpg",2560,2188,false],"thumbnail":["https:\/\/ecavix.com\/wp-content\/uploads\/2025\/07\/01-2-150x150.jpg",150,150,true],"medium":["https:\/\/ecavix.com\/wp-content\/uploads\/2025\/07\/01-2-300x256.jpg",300,256,true],"medium_large":["https:\/\/ecavix.com\/wp-content\/uploads\/2025\/07\/01-2-768x656.jpg",768,656,true],"large":["https:\/\/ecavix.com\/wp-content\/uploads\/2025\/07\/01-2-1024x875.jpg",1024,875,true],"1536x1536":["https:\/\/ecavix.com\/wp-content\/uploads\/2025\/07\/01-2-1536x1313.jpg",1536,1313,true],"2048x2048":["https:\/\/ecavix.com\/wp-content\/uploads\/2025\/07\/01-2-2048x1750.jpg",2048,1750,true],"trp-custom-language-flag":["https:\/\/ecavix.com\/wp-content\/uploads\/2025\/07\/01-2-scaled.jpg",14,12,false],"neve-blog":["https:\/\/ecavix.com\/wp-content\/uploads\/2025\/07\/01-2-930x620.jpg",930,620,true],"woocommerce_thumbnail":["https:\/\/ecavix.com\/wp-content\/uploads\/2025\/07\/01-2-300x300.jpg",300,300,true],"woocommerce_single":["https:\/\/ecavix.com\/wp-content\/uploads\/2025\/07\/01-2-600x513.jpg",600,513,true],"woocommerce_gallery_thumbnail":["https:\/\/ecavix.com\/wp-content\/uploads\/2025\/07\/01-2-100x100.jpg",100,100,true]},"uagb_author_info":{"display_name":"solvitaenergylimited@gmail.com","author_link":"https:\/\/ecavix.com\/es\/author\/"},"uagb_comment_info":0,"uagb_excerpt":"Wall Mount Lithium Battery 25.6V 200Ah 5.12kWh for household energy storage. Safe, compact, long life, inverter compatible. Ideal backup for homes and small businesses.","_links":{"self":[{"href":"https:\/\/ecavix.com\/es\/wp-json\/wp\/v2\/product\/2693","targetHints":{"allow":["GET"]}}],"collection":[{"href":"https:\/\/ecavix.com\/es\/wp-json\/wp\/v2\/product"}],"about":[{"href":"https:\/\/ecavix.com\/es\/wp-json\/wp\/v2\/types\/product"}],"replies":[{"embeddable":true,"href":"https:\/\/ecavix.com\/es\/wp-json\/wp\/v2\/comments?post=2693"}],"wp:featuredmedia":[{"embeddable":true,"href":"https:\/\/ecavix.com\/es\/wp-json\/wp\/v2\/media\/3053"}],"wp:attachment":[{"href":"https:\/\/ecavix.com\/es\/wp-json\/wp\/v2\/media?parent=2693"}],"wp:term":[{"taxonomy":"product_brand","embeddable":true,"href":"https:\/\/ecavix.com\/es\/wp-json\/wp\/v2\/product_brand?post=2693"},{"taxonomy":"product_cat","embeddable":true,"href":"https:\/\/ecavix.com\/es\/wp-json\/wp\/v2\/product_cat?post=2693"},{"taxonomy":"product_tag","embeddable":true,"href":"https:\/\/ecavix.com\/es\/wp-json\/wp\/v2\/product_tag?post=2693"}],"curies":[{"name":"wp","href":"https:\/\/api.w.org\/{rel}","templated":true}]}}