{"id":2688,"date":"2025-07-22T05:54:22","date_gmt":"2025-07-22T05:54:22","guid":{"rendered":"https:\/\/ecavix.com\/?post_type=product&#038;p=2688"},"modified":"2025-08-12T06:28:10","modified_gmt":"2025-08-12T06:28:10","slug":"bateria-de-litio-de-51-2v-100ah-5-12kwh-para-montaje-en-pared-para-sistemas-de-almacenamiento-de-energia-domesticos-celdas-lifepo4-de-grado-a-proteccion-bms-larga-vida-util-compatibilidad-con-inve","status":"publish","type":"product","link":"https:\/\/ecavix.com\/es\/product\/51-2v-100ah-5-12kwh-wall-mount-lithium-battery-for-home-energy-storage-systems-grade-a-lifepo4-cells-bms-protection-long-lifespan-inverter-compatibility\/","title":{"rendered":"Bater\u00eda de litio de montaje en pared 51,2 V 100 Ah 5,12 kWh"},"content":{"rendered":"<br \/>\n<h1>Bater\u00eda de litio para montaje en pared de 51,2 V, 100 Ah y 5,12 kWh para sistemas de almacenamiento de energ\u00eda dom\u00e9sticos. Celdas LiFePO4 de grado A, protecci\u00f3n BMS, larga vida \u00fatil, compatibilidad con inversores.<\/h1>\n<p>\n    En <span class=\"highlight\">Bater\u00eda de litio de montaje en pared 51,2 V 100 Ah 5,12 kWh<\/span> es un componente esencial de los sistemas modernos de almacenamiento de energ\u00eda dom\u00e9sticos. Con una capacidad de <strong>5,12 kWh<\/strong>, Almacena la energ\u00eda limpia generada por los paneles solares, lo que permite a los hogares reducir su dependencia de la red el\u00e9ctrica, gestionar los picos de consumo el\u00e9ctrico y garantizar la seguridad energ\u00e9tica durante los cortes de suministro. Su dise\u00f1o compacto, su sistema de gesti\u00f3n de bater\u00edas inteligente y su compatibilidad con inversores lo convierten en una soluci\u00f3n ideal para aplicaciones de almacenamiento de energ\u00eda residenciales.\n  <\/p>\n<h2>Principales ventajas<\/h2>\n<ul>\n<li>Dise\u00f1o apilable y montable en pared para una instalaci\u00f3n flexible.<\/li>\n<li>Sistema de gesti\u00f3n de bater\u00eda (BMS) inteligente integrado para una protecci\u00f3n completa.<\/li>\n<li>Alta densidad energ\u00e9tica, rendimiento estable y larga vida \u00fatil.<\/li>\n<li>Admite expansi\u00f3n paralela para satisfacer mayores demandas energ\u00e9ticas.<\/li>\n<li>Compatible con los principales inversores: Deye, Growatt, SMA, Victron, etc.<\/li>\n<li>Protocolos de comunicaci\u00f3n y configuraciones del sistema personalizables.<\/li>\n<li>Funcionamiento ecol\u00f3gico, seguro y sin mantenimiento.<\/li>\n<\/ul>\n<h2>C\u00e9lulas LiFePO4 de grado A<\/h2>\n<p>\n    Para garantizar la durabilidad y la seguridad, esta bater\u00eda utiliza <strong>Celdas de fosfato de hierro y litio de grado A<\/strong> de fabricantes de primer nivel como BYD. Estas celdas ofrecen un rendimiento constante, una baja autodescarga y una vida \u00fatil prolongada, lo que las hace ideales para el almacenamiento de energ\u00eda dom\u00e9stico.\n  <\/p>\n<h2>Sistema inteligente de gesti\u00f3n de energ\u00eda y comunicaci\u00f3n<\/h2>\n<p>\n    El integrado <strong>Sistema de gesti\u00f3n de bater\u00edas (BMS)<\/strong> Evita sobrecargas, descargas excesivas, cortocircuitos y sobrecalentamientos. Es compatible con los protocolos RS485, RS232 y CANBUS para una integraci\u00f3n perfecta con el software de monitorizaci\u00f3n y los inversores. Se pueden configurar ajustes de comunicaci\u00f3n BMS personalizados bajo petici\u00f3n.\n  <\/p>\n<h2>Compatibilidad del inversor<\/h2>\n<p>\n    Esta bater\u00eda est\u00e1 dise\u00f1ada para ser totalmente compatible con las marcas de inversores y controladores MPPT m\u00e1s populares, entre las que se incluyen:\n  <\/p>\n<ul>\n<li>Deye<\/li>\n<li>Growatt<\/li>\n<li>SMA<\/li>\n<li>Victron<\/li>\n<\/ul>\n<p>Si necesita adaptar el inversor o personalizar el protocolo, SUNNEW ofrece soluciones a medida para garantizar una integraci\u00f3n perfecta.<\/p>\n<h2>Capacidad del sistema ampliable<\/h2>\n<p>\n    Mediante la conexi\u00f3n en paralelo, puede ampliar su sistema de bater\u00edas para satisfacer mayores demandas de almacenamiento de energ\u00eda:\n  <\/p>\n<ul>\n<li><strong>DL-LFP51100 \u00d7 1<\/strong> \u2014 5,12 kWh<\/li>\n<li><strong>DL-LFP51100 \u00d7 2<\/strong> \u2014 10,24 kWh<\/li>\n<li><strong>DL-LFP51100 \u00d7 3<\/strong> \u2014 15,36 kWh<\/li>\n<\/ul>\n<h2>Especificaciones t\u00e9cnicas<\/h2>\n<table>\n<tr>\n<th>Modelo<\/th>\n<td>DL-LFP51100<\/td>\n<\/tr>\n<tr>\n<th>Tensi\u00f3n nominal<\/th>\n<td>51.2V<\/td>\n<\/tr>\n<tr>\n<th>Capacidad nominal<\/th>\n<td>100Ah<\/td>\n<\/tr>\n<tr>\n<th>Energ\u00eda<\/th>\n<td>5,12 kWh<\/td>\n<\/tr>\n<tr>\n<th>Tipo de c\u00e9lula<\/th>\n<td>LiFePO4 (Grado A)<\/td>\n<\/tr>\n<tr>\n<th>Ciclo de vida<\/th>\n<td>M\u00e1s de 6500 ciclos<\/td>\n<\/tr>\n<tr>\n<th>Temperatura de carga<\/th>\n<td>0 \u2103 ~ 65 \u2103<\/td>\n<\/tr>\n<tr>\n<th>Temperatura de descarga<\/th>\n<td>-20 \u2103 ~ 65 \u2103<\/td>\n<\/tr>\n<tr>\n<th>Corriente de carga m\u00e1xima<\/th>\n<td>50A<\/td>\n<\/tr>\n<tr>\n<th>Corriente m\u00e1xima de descarga<\/th>\n<td>100A<\/td>\n<\/tr>\n<tr>\n<th>Comunicaci\u00f3n<\/th>\n<td>RS485 \/ RS232 \/ CANBUS<\/td>\n<\/tr>\n<tr>\n<th>Tipo de montaje<\/th>\n<td>Montado en la pared<\/td>\n<\/tr>\n<tr>\n<th>Soporte paralelo<\/th>\n<td>S\u00ed (apilable)<\/td>\n<\/tr>\n<tr>\n<th>Peso<\/th>\n<td>Aproximadamente 45-50 kg.<\/td>\n<\/tr>\n<tr>\n<th>Dimensiones<\/th>\n<td>Personalizado \/ var\u00eda seg\u00fan el caso (por ejemplo, L480 \u00d7 W170 \u00d7 H540 mm)<\/td>\n<\/tr>\n<tr>\n<th>Certificaciones<\/th>\n<td>CE, RoHS, UN38.3, MSDS<\/td>\n<\/tr>\n<\/table>\n<h2>Escenarios de uso<\/h2>\n<ul>\n<li>Sistema de almacenamiento de energ\u00eda solar residencial (ESS)<\/li>\n<li>Energ\u00eda de respaldo para hogares durante cortes de suministro el\u00e9ctrico.<\/li>\n<li>Independencia energ\u00e9tica para vivir sin conexi\u00f3n a la red el\u00e9ctrica<\/li>\n<li>Reducci\u00f3n de picos para disminuir las facturas de electricidad<\/li>\n<\/ul>\n<h2>\u00bfNecesita 48 V y 100 Ah?<\/h2>\n<p>\n    Si su sistema requiere una bater\u00eda de 48 V y 100 Ah, visite nuestro producto relacionado: <strong>DL-LFP48100<\/strong>.\n  <\/p>\n<h2>Especificaciones t\u00e9cnicas<\/h2>\n<table>\n<tr>\n<th>Modelo<\/th>\n<td>DL-LFP51100 \u00d7 1P<\/td>\n<td>DL-LFP51100 \u00d7 2P<\/td>\n<td>DL-LFP51100 \u00d7 3P<\/td>\n<\/tr>\n<tr>\n<th>Tensi\u00f3n nominal<\/th>\n<td>51.2V<\/td>\n<td>51.2V<\/td>\n<td>51.2V<\/td>\n<\/tr>\n<tr>\n<th>Capacidad nominal<\/th>\n<td>100Ah<\/td>\n<td>200Ah<\/td>\n<td>300Ah<\/td>\n<\/tr>\n<tr>\n<th>Energ\u00eda de la bater\u00eda<\/th>\n<td>5,12 kWh<\/td>\n<td>10,24 kWh<\/td>\n<td>15,36 kWh<\/td>\n<\/tr>\n<tr>\n<th>Corriente de carga m\u00e1xima<\/th>\n<td>70A<\/td>\n<td>140A <span style=\"color:#3ca860;\">*<\/span><\/td>\n<td>210A <span style=\"color:#3ca860;\">*<\/span><\/td>\n<\/tr>\n<tr>\n<th>Corriente m\u00e1xima de descarga<\/th>\n<td>100A<\/td>\n<td>200A <span style=\"color:#3ca860;\">*<\/span><\/td>\n<td>300 A <span style=\"color:#3ca860;\">*<\/span><\/td>\n<\/tr>\n<tr>\n<th>Carga recomendada<\/th>\n<td>3~5 kW<\/td>\n<td>5~8 kW<\/td>\n<td>5~12 kW<\/td>\n<\/tr>\n<tr>\n<th>Tensi\u00f3n de corte de carga<\/th>\n<td colspan=\"3\">57,6 V \u00b10,2 V<\/td>\n<\/tr>\n<tr>\n<th>Tensi\u00f3n de corte de descarga<\/th>\n<td colspan=\"3\">44,8 V \u00b10,2 V<\/td>\n<\/tr>\n<tr>\n<th>Tipo de c\u00e9lula<\/th>\n<td colspan=\"3\">Bater\u00eda LiFePO4<\/td>\n<\/tr>\n<tr>\n<th>Terminal<\/th>\n<td colspan=\"3\">M8<\/td>\n<\/tr>\n<tr>\n<th>Material del malet\u00edn<\/th>\n<td colspan=\"3\">Caja met\u00e1lica<\/td>\n<\/tr>\n<tr>\n<th>Comunicaci\u00f3n<\/th>\n<td colspan=\"3\">RS485 \/ CAN<\/td>\n<\/tr>\n<tr>\n<th>Rango de temperatura de carga<\/th>\n<td colspan=\"3\">0\u2103 ~ 45\u2103<\/td>\n<\/tr>\n<tr>\n<th>Rango de temperatura de descarga<\/th>\n<td colspan=\"3\">-5 \u2103 ~ 55 \u2103<\/td>\n<\/tr>\n<tr>\n<th>Ciclo de vida<\/th>\n<td colspan=\"3\">\u22656500 ciclos<\/td>\n<\/tr>\n<tr>\n<th>Dise\u00f1o de vida<\/th>\n<td colspan=\"3\">12 a\u00f1os<\/td>\n<\/tr>\n<tr>\n<th>Color<\/th>\n<td colspan=\"3\">Blanco + Negro<\/td>\n<\/tr>\n<tr>\n<th>Peso<\/th>\n<td>47,5 \u00b1 0,5 kg<\/td>\n<td>92,5 \u00b1 0,5 kg<\/td>\n<td>145,5 \u00b1 0,5 kg<\/td>\n<\/tr>\n<tr>\n<th>Dimensiones (L\u00d7A\u00d7H)<\/th>\n<td>483 \u00d7 220 \u00d7 460\/490 mm<\/td>\n<td>483 \u00d7 220 \u00d7 940 mm<\/td>\n<td>483 \u00d7 220 \u00d7 1400 mm<\/td>\n<\/tr>\n<tr>\n<th>Tipo de montaje<\/th>\n<td colspan=\"3\">Montado en pared \/ Apilable<\/td>\n<\/tr>\n<\/table>\n<p style=\"font-size: 0.95em; margin-top: 8px;\"><span style=\"color:#3ca860;\">*<\/span> Cuando se conecten en paralelo, aseg\u00farese de que el inversor y el sistema admitan una corriente m\u00e1s alta.<\/p>","protected":false},"excerpt":{"rendered":"<p>Bater\u00eda de litio para montaje en pared de 51,2 V, 100 Ah y 5,12 kWh para sistemas de almacenamiento de energ\u00eda dom\u00e9sticos. Celdas LiFePO4 de grado A, protecci\u00f3n BMS, larga vida \u00fatil, compatibilidad con inversores.<\/p>","protected":false},"featured_media":3055,"comment_status":"closed","ping_status":"closed","template":"","meta":{"_uag_custom_page_level_css":"","neve_meta_sidebar":"","neve_meta_container":"","neve_meta_enable_content_width":"off","neve_meta_content_width":100,"neve_meta_title_alignment":"","neve_meta_author_avatar":"","neve_post_elements_order":"","neve_meta_disable_header":"","neve_meta_disable_footer":"","neve_meta_disable_title":""},"product_brand":[],"product_cat":[82,85],"product_tag":[],"class_list":{"0":"post-2688","1":"product","2":"type-product","3":"status-publish","4":"has-post-thumbnail","6":"product_cat-residential-storage-battery","7":"product_cat-wall-mounted-battery-residential-storage-battery","9":"first","10":"instock","11":"shipping-taxable","12":"product-type-simple"},"uagb_featured_image_src":{"full":["https:\/\/ecavix.com\/wp-content\/uploads\/2025\/07\/03-scaled.jpg",2560,2188,false],"thumbnail":["https:\/\/ecavix.com\/wp-content\/uploads\/2025\/07\/03-150x150.jpg",150,150,true],"medium":["https:\/\/ecavix.com\/wp-content\/uploads\/2025\/07\/03-300x256.jpg",300,256,true],"medium_large":["https:\/\/ecavix.com\/wp-content\/uploads\/2025\/07\/03-768x656.jpg",768,656,true],"large":["https:\/\/ecavix.com\/wp-content\/uploads\/2025\/07\/03-1024x875.jpg",1024,875,true],"1536x1536":["https:\/\/ecavix.com\/wp-content\/uploads\/2025\/07\/03-1536x1313.jpg",1536,1313,true],"2048x2048":["https:\/\/ecavix.com\/wp-content\/uploads\/2025\/07\/03-2048x1750.jpg",2048,1750,true],"trp-custom-language-flag":["https:\/\/ecavix.com\/wp-content\/uploads\/2025\/07\/03-scaled.jpg",14,12,false],"neve-blog":["https:\/\/ecavix.com\/wp-content\/uploads\/2025\/07\/03-930x620.jpg",930,620,true],"woocommerce_thumbnail":["https:\/\/ecavix.com\/wp-content\/uploads\/2025\/07\/03-300x300.jpg",300,300,true],"woocommerce_single":["https:\/\/ecavix.com\/wp-content\/uploads\/2025\/07\/03-600x513.jpg",600,513,true],"woocommerce_gallery_thumbnail":["https:\/\/ecavix.com\/wp-content\/uploads\/2025\/07\/03-100x100.jpg",100,100,true]},"uagb_author_info":{"display_name":"solvitaenergylimited@gmail.com","author_link":"https:\/\/ecavix.com\/es\/author\/"},"uagb_comment_info":0,"uagb_excerpt":"Wall Mount Lithium Battery 51.2V 100Ah 5.12kWh for home energy storage systems. Grade A LiFePO4 cells, BMS protection, long lifespan, inverter compatibility.","_links":{"self":[{"href":"https:\/\/ecavix.com\/es\/wp-json\/wp\/v2\/product\/2688","targetHints":{"allow":["GET"]}}],"collection":[{"href":"https:\/\/ecavix.com\/es\/wp-json\/wp\/v2\/product"}],"about":[{"href":"https:\/\/ecavix.com\/es\/wp-json\/wp\/v2\/types\/product"}],"replies":[{"embeddable":true,"href":"https:\/\/ecavix.com\/es\/wp-json\/wp\/v2\/comments?post=2688"}],"wp:featuredmedia":[{"embeddable":true,"href":"https:\/\/ecavix.com\/es\/wp-json\/wp\/v2\/media\/3055"}],"wp:attachment":[{"href":"https:\/\/ecavix.com\/es\/wp-json\/wp\/v2\/media?parent=2688"}],"wp:term":[{"taxonomy":"product_brand","embeddable":true,"href":"https:\/\/ecavix.com\/es\/wp-json\/wp\/v2\/product_brand?post=2688"},{"taxonomy":"product_cat","embeddable":true,"href":"https:\/\/ecavix.com\/es\/wp-json\/wp\/v2\/product_cat?post=2688"},{"taxonomy":"product_tag","embeddable":true,"href":"https:\/\/ecavix.com\/es\/wp-json\/wp\/v2\/product_tag?post=2688"}],"curies":[{"name":"wp","href":"https:\/\/api.w.org\/{rel}","templated":true}]}}