{"id":2675,"date":"2025-07-22T03:36:31","date_gmt":"2025-07-22T03:36:31","guid":{"rendered":"https:\/\/ecavix.com\/?post_type=product&#038;p=2675"},"modified":"2025-08-12T06:25:32","modified_gmt":"2025-08-12T06:25:32","slug":"robot-barredora-ecavix-con-bateria-lifepo4-de-24-v-y-100-ah","status":"publish","type":"product","link":"https:\/\/ecavix.com\/es\/product\/ecavix-sweeper-robot-24v-100ah-lifepo4-battery\/","title":{"rendered":"Recambio de plomo \u00e1cido Ecavix 24v 100ah"},"content":{"rendered":"<br \/>\n<h1>Recambio de plomo \u00e1cido Ecavix 24v 100ah <\/h1>\n<div class=\"section\">\n<p>En <span class=\"highlight\">Bater\u00eda Ecavix 24 V 100 Ah LiFePO4<\/span> Es una soluci\u00f3n de bater\u00eda potente, segura y ecol\u00f3gica que ofrece una larga vida \u00fatil, carga r\u00e1pida y alta estabilidad t\u00e9rmica. Es ideal para una gran variedad de aplicaciones, como barredoras, veh\u00edculos guiados autom\u00e1ticamente (AGV), carritos de golf, veh\u00edculos recreativos (RV), carretillas elevadoras y mucho m\u00e1s. Fabricada con tecnolog\u00eda avanzada de fosfato de hierro y litio, garantiza un almacenamiento de energ\u00eda a largo plazo con un dise\u00f1o ligero y un mantenimiento m\u00ednimo.<\/p>\n<\/p><\/div>\n<h2>Caracter\u00edsticas principales<\/h2>\n<ul>\n<li>La tecnolog\u00eda LiFePO4 garantiza una alta estabilidad t\u00e9rmica y qu\u00edmica.<\/li>\n<li>M\u00e1s de 3000 ciclos a 80% DOD, lo que permite una descarga profunda y una larga vida \u00fatil.<\/li>\n<li>El BMS integrado proporciona protecci\u00f3n contra sobrecargas, descargas excesivas, sobrecorrientes y sobrecalentamientos.<\/li>\n<li>Dise\u00f1o compacto y ligero: de 40% a 50% m\u00e1s ligeras que las bater\u00edas de plomo-\u00e1cido equivalentes.<\/li>\n<li>Respetuoso con el medio ambiente: sin metales pesados nocivos.<\/li>\n<li>Sin mantenimiento y seguro de operar.<\/li>\n<li>Admite conexiones tanto en paralelo como en serie para sistemas escalables.<\/li>\n<\/ul>\n<h2>Ecavix 24 V 100 Ah: aplicaciones de sustituci\u00f3n de bater\u00edas de plomo-\u00e1cido<\/h2>\n<ul>\n<li>Robots barredores y equipos de limpieza<\/li>\n<li>Veh\u00edculos el\u00e9ctricos de tres y cuatro ruedas<\/li>\n<li>Autocaravanas y veh\u00edculos recreativos<\/li>\n<li>Carros de golf y yates<\/li>\n<li>Carretillas elevadoras y AGV<\/li>\n<li>Aspiradoras y equipos industriales<\/li>\n<\/ul>\n<h2>Especificaciones t\u00e9cnicas<\/h2>\n<table>\n<tr>\n<th>Modelo<\/th>\n<td>SNP24100<\/td>\n<\/tr>\n<tr>\n<th>Marca<\/th>\n<td>Ecavix<\/td>\n<\/tr>\n<tr>\n<th>Tensi\u00f3n nominal<\/th>\n<td>25.6V<\/td>\n<\/tr>\n<tr>\n<th>Capacidad nominal<\/th>\n<td>100 Ah \/ 2560 Wh<\/td>\n<\/tr>\n<tr>\n<th>Tecnolog\u00eda celular<\/th>\n<td>LiFePO4<\/td>\n<\/tr>\n<tr>\n<th>Ciclo de vida<\/th>\n<td>M\u00e1s de 3000 ciclos a 80% DOD<\/td>\n<\/tr>\n<tr>\n<th>Operaci\u00f3n Vida<\/th>\n<td>M\u00e1s de 10 a\u00f1os<\/td>\n<\/tr>\n<tr>\n<th>Temperatura de carga<\/th>\n<td>0\u00b0C ~ 65\u00b0C<\/td>\n<\/tr>\n<tr>\n<th>Temperatura de descarga<\/th>\n<td>-20\u00b0C ~ 65\u00b0C<\/td>\n<\/tr>\n<tr>\n<th>Corriente de carga m\u00e1xima<\/th>\n<td>50A<\/td>\n<\/tr>\n<tr>\n<th>Corriente m\u00e1xima de descarga<\/th>\n<td>100A<\/td>\n<\/tr>\n<tr>\n<th>Tensi\u00f3n l\u00edmite del cargador<\/th>\n<td>29.2V<\/td>\n<\/tr>\n<tr>\n<th>Tensi\u00f3n de corte de descarga<\/th>\n<td>20V<\/td>\n<\/tr>\n<tr>\n<th>Dimensiones<\/th>\n<td>L405 \u00d7 A345 \u00d7 A163 mm<\/td>\n<\/tr>\n<tr>\n<th>Peso<\/th>\n<td>28 kg<\/td>\n<\/tr>\n<tr>\n<th>Instalaci\u00f3n<\/th>\n<td>Instalaci\u00f3n gratuita \/ Montaje flexible<\/td>\n<\/tr>\n<tr>\n<th>Soporte serie\/paralelo<\/th>\n<td>S\u00ed<\/td>\n<\/tr>\n<tr>\n<th>Certificaciones<\/th>\n<td>CE, RoHS, UN38.3, MSDS<\/td>\n<\/tr>\n<\/table>","protected":false},"excerpt":{"rendered":"<p>El recambio de plomo-\u00e1cido Ecavix 24 V 100 Ah es ideal para barredoras, veh\u00edculos recreativos, carretillas elevadoras, veh\u00edculos guiados autom\u00e1ticamente (AGV) y mucho m\u00e1s. Larga vida \u00fatil, carga r\u00e1pida, ligero y muy seguro.<\/p>","protected":false},"featured_media":2677,"comment_status":"closed","ping_status":"closed","template":"","meta":{"_uag_custom_page_level_css":"","neve_meta_sidebar":"","neve_meta_container":"","neve_meta_enable_content_width":"off","neve_meta_content_width":100,"neve_meta_title_alignment":"","neve_meta_author_avatar":"","neve_post_elements_order":"","neve_meta_disable_header":"","neve_meta_disable_footer":"","neve_meta_disable_title":""},"product_brand":[],"product_cat":[82],"product_tag":[],"class_list":{"0":"post-2675","1":"product","2":"type-product","3":"status-publish","4":"has-post-thumbnail","6":"product_cat-residential-storage-battery","8":"first","9":"instock","10":"shipping-taxable","11":"product-type-simple"},"uagb_featured_image_src":{"full":["https:\/\/ecavix.com\/wp-content\/uploads\/2025\/07\/cleaning-equipment-battery-pack-24v-50ah11224851254-1.jpg",730,730,false],"thumbnail":["https:\/\/ecavix.com\/wp-content\/uploads\/2025\/07\/cleaning-equipment-battery-pack-24v-50ah11224851254-1-150x150.jpg",150,150,true],"medium":["https:\/\/ecavix.com\/wp-content\/uploads\/2025\/07\/cleaning-equipment-battery-pack-24v-50ah11224851254-1-300x300.jpg",300,300,true],"medium_large":["https:\/\/ecavix.com\/wp-content\/uploads\/2025\/07\/cleaning-equipment-battery-pack-24v-50ah11224851254-1.jpg",730,730,false],"large":["https:\/\/ecavix.com\/wp-content\/uploads\/2025\/07\/cleaning-equipment-battery-pack-24v-50ah11224851254-1.jpg",730,730,false],"1536x1536":["https:\/\/ecavix.com\/wp-content\/uploads\/2025\/07\/cleaning-equipment-battery-pack-24v-50ah11224851254-1.jpg",730,730,false],"2048x2048":["https:\/\/ecavix.com\/wp-content\/uploads\/2025\/07\/cleaning-equipment-battery-pack-24v-50ah11224851254-1.jpg",730,730,false],"trp-custom-language-flag":["https:\/\/ecavix.com\/wp-content\/uploads\/2025\/07\/cleaning-equipment-battery-pack-24v-50ah11224851254-1.jpg",12,12,false],"neve-blog":["https:\/\/ecavix.com\/wp-content\/uploads\/2025\/07\/cleaning-equipment-battery-pack-24v-50ah11224851254-1-730x620.jpg",730,620,true],"woocommerce_thumbnail":["https:\/\/ecavix.com\/wp-content\/uploads\/2025\/07\/cleaning-equipment-battery-pack-24v-50ah11224851254-1-300x300.jpg",300,300,true],"woocommerce_single":["https:\/\/ecavix.com\/wp-content\/uploads\/2025\/07\/cleaning-equipment-battery-pack-24v-50ah11224851254-1-600x600.jpg",600,600,true],"woocommerce_gallery_thumbnail":["https:\/\/ecavix.com\/wp-content\/uploads\/2025\/07\/cleaning-equipment-battery-pack-24v-50ah11224851254-1-100x100.jpg",100,100,true]},"uagb_author_info":{"display_name":"solvitaenergylimited@gmail.com","author_link":"https:\/\/ecavix.com\/es\/author\/"},"uagb_comment_info":0,"uagb_excerpt":"Ecavix 24v 100ah Lead Acid Replacement is ideal for sweepers, RVs, forklifts, AGVs, and more. Long life, fast charging, lightweight and highly safe.","_links":{"self":[{"href":"https:\/\/ecavix.com\/es\/wp-json\/wp\/v2\/product\/2675","targetHints":{"allow":["GET"]}}],"collection":[{"href":"https:\/\/ecavix.com\/es\/wp-json\/wp\/v2\/product"}],"about":[{"href":"https:\/\/ecavix.com\/es\/wp-json\/wp\/v2\/types\/product"}],"replies":[{"embeddable":true,"href":"https:\/\/ecavix.com\/es\/wp-json\/wp\/v2\/comments?post=2675"}],"wp:featuredmedia":[{"embeddable":true,"href":"https:\/\/ecavix.com\/es\/wp-json\/wp\/v2\/media\/2677"}],"wp:attachment":[{"href":"https:\/\/ecavix.com\/es\/wp-json\/wp\/v2\/media?parent=2675"}],"wp:term":[{"taxonomy":"product_brand","embeddable":true,"href":"https:\/\/ecavix.com\/es\/wp-json\/wp\/v2\/product_brand?post=2675"},{"taxonomy":"product_cat","embeddable":true,"href":"https:\/\/ecavix.com\/es\/wp-json\/wp\/v2\/product_cat?post=2675"},{"taxonomy":"product_tag","embeddable":true,"href":"https:\/\/ecavix.com\/es\/wp-json\/wp\/v2\/product_tag?post=2675"}],"curies":[{"name":"wp","href":"https:\/\/api.w.org\/{rel}","templated":true}]}}