{"id":2657,"date":"2025-07-22T03:05:02","date_gmt":"2025-07-22T03:05:02","guid":{"rendered":"https:\/\/ecavix.com\/?post_type=product&#038;p=2657"},"modified":"2026-01-21T09:02:20","modified_gmt":"2026-01-21T09:02:20","slug":"bateria-12v-100ah-lfp","status":"publish","type":"product","link":"https:\/\/ecavix.com\/es\/product\/12v-100ah-lfp-battery\/","title":{"rendered":"Recambio de plomo \u00e1cido Ecavix 12v 100ah"},"content":{"rendered":"<br \/>\n<h1>Recambio de plomo \u00e1cido Ecavix 12v 100ah<\/h1>\n<div class=\"section\">\n<p>En <span class=\"highlight\">Recambio de plomo \u00e1cido Ecavix 12v 100ah<\/span> es una soluci\u00f3n energ\u00e9tica de alto rendimiento y sin mantenimiento, dise\u00f1ada con tecnolog\u00eda avanzada de fosfato de hierro y litio. En comparaci\u00f3n con las bater\u00edas VRLA AGM tradicionales, ofrece una vida \u00fatil m\u00e1s larga, mayor seguridad y mayor tolerancia a la temperatura. Es ideal para caravanas, autocaravanas, barcos, sistemas solares y sistemas aislados de la red.<\/p>\n<p>Equipado con <strong>Control por Bluetooth<\/strong> y un robusto BMS, proporciona una protecci\u00f3n completa que incluye sobrecarga, subtensi\u00f3n, sobredescarga y gesti\u00f3n t\u00e9rmica. Con una vida \u00fatil de m\u00e1s de <strong>6000 ciclos a 80% DOD<\/strong>Esta bater\u00eda ofrece la mejor relaci\u00f3n coste-eficacia para el uso de energ\u00eda a largo plazo, sin la molestia del mantenimiento regular o el riego.<\/p>\n<\/p><\/div>\n<h2>Caracter\u00edsticas y ventajas del producto<\/h2>\n<ul class=\"feature-list\">\n<li>BMS avanzado integrado con funciones de protecci\u00f3n completas: sobretensi\u00f3n\/subtensi\u00f3n, sobrecorriente, sobrecalentamiento, cortocircuito, etc.<\/li>\n<li>Larga vida \u00fatil: hasta <strong>6000+ ciclos<\/strong>... significativamente m\u00e1s largas que las bater\u00edas de plomo-\u00e1cido.<\/li>\n<li>Compatibilidad con m\u00f3dulo Bluetooth para supervisi\u00f3n en tiempo real.<\/li>\n<li>Sin mantenimiento, sin efecto memoria y con materiales reciclables 99%.<\/li>\n<li>Funciona en una amplia gama de temperaturas, de -20 \u00b0C a 65 \u00b0C.<\/li>\n<li>Ampliable hasta <strong>4 en serie y 4 en paralelo<\/strong> (Max 4S4P para 400Ah &amp; 51.2V).<\/li>\n<li>Dise\u00f1o ligero, compacto y resistente a la corrosi\u00f3n.<\/li>\n<\/ul>\n<h2>Escenarios de aplicaci\u00f3n<\/h2>\n<ul class=\"application-list\">\n<li>Autocaravanas<\/li>\n<li>Marina y embarcaciones<\/li>\n<li>Sistemas solares aislados de la red<\/li>\n<li>Autocaravanas y caravanas<\/li>\n<li>Carretillas elevadoras el\u00e9ctricas<\/li>\n<li>Motores para curric\u00e1n<\/li>\n<li>Carros de golf y motos el\u00e9ctricas<\/li>\n<\/ul>\n<h2>Especificaciones t\u00e9cnicas<\/h2>\n<table>\n<tr>\n<th>Marca<\/th>\n<td>Ecavix <\/td>\n<\/tr>\n<tr>\n<th>Tensi\u00f3n nominal<\/th>\n<td>12.8V<\/td>\n<\/tr>\n<tr>\n<th>Capacidad nominal<\/th>\n<td>100Ah \/ 1280Wh<\/td>\n<\/tr>\n<tr>\n<th>Tipo de c\u00e9lula<\/th>\n<td>3,2V 100Ah LiFePO4<\/td>\n<\/tr>\n<tr>\n<th>Corriente de carga m\u00e1xima<\/th>\n<td>50A (0,5C)<\/td>\n<\/tr>\n<tr>\n<th>Corriente m\u00e1xima de descarga<\/th>\n<td>100A (1C)<\/td>\n<\/tr>\n<tr>\n<th>Rango de tensi\u00f3n<\/th>\n<td>10 V - 14,6 V<\/td>\n<\/tr>\n<tr>\n<th>Ciclo de vida<\/th>\n<td>&gt;6000 ciclos (@80% DOD, 0,2C, 25\u00b0C)<\/td>\n<\/tr>\n<tr>\n<th>Dimensiones<\/th>\n<td>L330 \u00d7 An173 \u00d7 Al220 mm<\/td>\n<\/tr>\n<tr>\n<th>Peso neto<\/th>\n<td>12 kg<\/td>\n<\/tr>\n<tr>\n<th>Temperatura de funcionamiento<\/th>\n<td>Carga: 0\u00b0C~65\u00b0C, Descarga: -20\u00b0C~65\u00b0C<\/td>\n<\/tr>\n<tr>\n<th>Ampliable<\/th>\n<td>Admite hasta 4S4P<\/td>\n<\/tr>\n<tr>\n<th>Monitorizaci\u00f3n Bluetooth<\/th>\n<td>Soporte<\/td>\n<\/tr>\n<tr>\n<th>Certificaciones<\/th>\n<td>CE, RoHS, UN38.3, MSDS<\/td>\n<\/tr>\n<\/table>","protected":false},"excerpt":{"rendered":"<p>Ecavix 12v 100ah Lead Acid Replacement cuenta con BMS avanzado, 6000+ ciclos, amplio soporte de temperatura, y monitoreo Bluetooth. Ideal para aplicaciones de veh\u00edculos recreativos, marinas y solares.<\/p>","protected":false},"featured_media":3280,"comment_status":"closed","ping_status":"closed","template":"","meta":{"_uag_custom_page_level_css":"","neve_meta_sidebar":"","neve_meta_container":"","neve_meta_enable_content_width":"off","neve_meta_content_width":100,"neve_meta_title_alignment":"","neve_meta_author_avatar":"","neve_post_elements_order":"","neve_meta_disable_header":"","neve_meta_disable_footer":"","neve_meta_disable_title":""},"product_brand":[],"product_cat":[81,82],"product_tag":[],"class_list":{"0":"post-2657","1":"product","2":"type-product","3":"status-publish","4":"has-post-thumbnail","6":"product_cat-lead-acid-replacement","7":"product_cat-residential-storage-battery","9":"first","10":"instock","11":"shipping-taxable","12":"purchasable","13":"product-type-simple"},"uagb_featured_image_src":{"full":["https:\/\/ecavix.com\/wp-content\/uploads\/2025\/07\/DSC_5533-scaled.jpg",2560,1844,false],"thumbnail":["https:\/\/ecavix.com\/wp-content\/uploads\/2025\/07\/DSC_5533-150x150.jpg",150,150,true],"medium":["https:\/\/ecavix.com\/wp-content\/uploads\/2025\/07\/DSC_5533-300x216.jpg",300,216,true],"medium_large":["https:\/\/ecavix.com\/wp-content\/uploads\/2025\/07\/DSC_5533-768x553.jpg",768,553,true],"large":["https:\/\/ecavix.com\/wp-content\/uploads\/2025\/07\/DSC_5533-1024x738.jpg",1024,738,true],"1536x1536":["https:\/\/ecavix.com\/wp-content\/uploads\/2025\/07\/DSC_5533-1536x1107.jpg",1536,1107,true],"2048x2048":["https:\/\/ecavix.com\/wp-content\/uploads\/2025\/07\/DSC_5533-2048x1475.jpg",2048,1475,true],"trp-custom-language-flag":["https:\/\/ecavix.com\/wp-content\/uploads\/2025\/07\/DSC_5533-scaled.jpg",18,12,false],"neve-blog":["https:\/\/ecavix.com\/wp-content\/uploads\/2025\/07\/DSC_5533-930x620.jpg",930,620,true],"woocommerce_thumbnail":["https:\/\/ecavix.com\/wp-content\/uploads\/2025\/07\/DSC_5533-300x300.jpg",300,300,true],"woocommerce_single":["https:\/\/ecavix.com\/wp-content\/uploads\/2025\/07\/DSC_5533-600x432.jpg",600,432,true],"woocommerce_gallery_thumbnail":["https:\/\/ecavix.com\/wp-content\/uploads\/2025\/07\/DSC_5533-100x100.jpg",100,100,true]},"uagb_author_info":{"display_name":"solvitaenergylimited@gmail.com","author_link":"https:\/\/ecavix.com\/es\/author\/"},"uagb_comment_info":0,"uagb_excerpt":"Ecavix 12v 100ah Lead Acid Replacement features advanced BMS, 6000+ cycles, wide temperature support, and Bluetooth monitoring. Ideal for RV, marine, and solar applications.","_links":{"self":[{"href":"https:\/\/ecavix.com\/es\/wp-json\/wp\/v2\/product\/2657","targetHints":{"allow":["GET"]}}],"collection":[{"href":"https:\/\/ecavix.com\/es\/wp-json\/wp\/v2\/product"}],"about":[{"href":"https:\/\/ecavix.com\/es\/wp-json\/wp\/v2\/types\/product"}],"replies":[{"embeddable":true,"href":"https:\/\/ecavix.com\/es\/wp-json\/wp\/v2\/comments?post=2657"}],"wp:featuredmedia":[{"embeddable":true,"href":"https:\/\/ecavix.com\/es\/wp-json\/wp\/v2\/media\/3280"}],"wp:attachment":[{"href":"https:\/\/ecavix.com\/es\/wp-json\/wp\/v2\/media?parent=2657"}],"wp:term":[{"taxonomy":"product_brand","embeddable":true,"href":"https:\/\/ecavix.com\/es\/wp-json\/wp\/v2\/product_brand?post=2657"},{"taxonomy":"product_cat","embeddable":true,"href":"https:\/\/ecavix.com\/es\/wp-json\/wp\/v2\/product_cat?post=2657"},{"taxonomy":"product_tag","embeddable":true,"href":"https:\/\/ecavix.com\/es\/wp-json\/wp\/v2\/product_tag?post=2657"}],"curies":[{"name":"wp","href":"https:\/\/api.w.org\/{rel}","templated":true}]}}