{"id":2651,"date":"2025-07-22T02:53:48","date_gmt":"2025-07-22T02:53:48","guid":{"rendered":"https:\/\/ecavix.com\/?post_type=product&#038;p=2651"},"modified":"2025-09-01T08:59:57","modified_gmt":"2025-09-01T08:59:57","slug":"lifepo4-bms-bateria-de-litio-12v-50ah","status":"publish","type":"product","link":"https:\/\/ecavix.com\/es\/product\/lifepo4-bms-lithium-battery-pack-12v-50ah\/","title":{"rendered":"Recambio de plomo \u00e1cido Ecavix 12v 80ah"},"content":{"rendered":"<br \/>\n<h1>Recambio de plomo \u00e1cido Ecavix 12v 80ah<\/h1>\n<div class=\"section\">\n<p>En <span class=\"highlight\">Ecavix 12V 80Ah LiFePO4 BMS Bater\u00eda de Litio<\/span> es una soluci\u00f3n energ\u00e9tica de alto rendimiento y respetuosa con el medio ambiente dise\u00f1ada con una avanzada tecnolog\u00eda de n\u00facleo propio. Presenta una baja autodescarga, un BMS integrado para una protecci\u00f3n total y puede admitir con seguridad configuraciones en serie y en paralelo para ampliar la capacidad. Con una vida \u00fatil de hasta 3500 ciclos, es una alternativa duradera y sostenible a las bater\u00edas de plomo-\u00e1cido.<\/p>\n<p>A pesar de su mayor coste inicial en comparaci\u00f3n con los tipos de plomo-\u00e1cido, esta bater\u00eda ofrece una ventaja a largo plazo con una mayor densidad energ\u00e9tica, seguridad medioambiental y mayor reutilizaci\u00f3n. Ideal para una amplia gama de aplicaciones m\u00f3viles y fuera de la red.<\/p>\n<\/p><\/div>\n<h2>Caracter\u00edsticas del producto y aplicaciones<\/h2>\n<div class=\"section\">\n<ul class=\"feature-list\">\n<li>BMS integrado para protecci\u00f3n contra sobretensi\u00f3n, cortocircuito, sobrecarga, sobredescarga y sobrecorriente.<\/li>\n<li>Respetuoso con el medio ambiente: Fabricado con materiales libres de metales pesados y no t\u00f3xicos.<\/li>\n<li>Alta densidad energ\u00e9tica con un tama\u00f1o compacto y un espacio de instalaci\u00f3n reducido.<\/li>\n<li>Amplia gama de temperaturas de funcionamiento: de -20 \u00b0C a 65 \u00b0C.<\/li>\n<li>Sin efecto memoria, sin mantenimiento y con una larga vida \u00fatil de m\u00e1s de 10 a\u00f1os.<\/li>\n<li>Se pueden utilizar en serie o en paralelo para aumentar la capacidad o la tensi\u00f3n.<\/li>\n<\/ul><\/div>\n<h2>Escenarios de aplicaci\u00f3n<\/h2>\n<div class=\"section\">\n<ul class=\"application-list\">\n<li>Veh\u00edculos recreativos<\/li>\n<li>Sistemas de almacenamiento de energ\u00eda solar<\/li>\n<li>Embarcaciones y equipamiento n\u00e1utico<\/li>\n<li>Energ\u00eda de reserva sin conexi\u00f3n a la red<\/li>\n<li>Scooters el\u00e9ctricos y carritos de golf<\/li>\n<li>Centrales el\u00e9ctricas port\u00e1tiles<\/li>\n<\/ul><\/div>\n<h2>Especificaciones t\u00e9cnicas<\/h2>\n<table>\n<tr>\n<th>Marca<\/th>\n<td>Ecavix<\/td>\n<\/tr>\n<tr>\n<th>Tensi\u00f3n nominal<\/th>\n<td>12.8V<\/td>\n<\/tr>\n<tr>\n<th>Capacidad nominal<\/th>\n<td>80Ah \/ 640Wh<\/td>\n<\/tr>\n<tr>\n<th>Ciclo de vida<\/th>\n<td>M\u00e1s de 3000 veces<\/td>\n<\/tr>\n<tr>\n<th>Operaci\u00f3n Vida<\/th>\n<td>M\u00e1s de 10 a\u00f1os<\/td>\n<\/tr>\n<tr>\n<th>Tensi\u00f3n de carga<\/th>\n<td>14.6V<\/td>\n<\/tr>\n<tr>\n<th>Tensi\u00f3n de corte de descarga<\/th>\n<td>10V<\/td>\n<\/tr>\n<tr>\n<th>Corriente de carga m\u00e1xima<\/th>\n<td>80A<\/td>\n<\/tr>\n<tr>\n<th>Corriente m\u00e1xima de descarga<\/th>\n<td>80A<\/td>\n<\/tr>\n<tr>\n<th>Temperatura de carga<\/th>\n<td>0\u00b0C ~ 65\u00b0C<\/td>\n<\/tr>\n<tr>\n<th>Temperatura de descarga<\/th>\n<td>-20\u00b0C ~ 65\u00b0C<\/td>\n<\/tr>\n<tr>\n<th>Dimensiones<\/th>\n<td>L229 \u00d7 An138 \u00d7 Al208mm<\/td>\n<\/tr>\n<tr>\n<th>Peso<\/th>\n<td>6Kg<\/td>\n<\/tr>\n<tr>\n<th>Tipo de montaje<\/th>\n<td>Instalaci\u00f3n gratuita<\/td>\n<\/tr>\n<tr>\n<th>Tipo de c\u00e9lula<\/th>\n<td>LiFePO4, 4S Configuraci\u00f3n<\/td>\n<\/tr>\n<tr>\n<th>Soporte serie\/paralelo<\/th>\n<td>S\u00ed<\/td>\n<\/tr>\n<tr>\n<th>Certificaciones<\/th>\n<td>CE, RoHS, UN38.3, MSDS<\/td>\n<\/tr>\n<\/table>","protected":false},"excerpt":{"rendered":"<p>La bater\u00eda Ecavix 12V 80Ah LiFePO4 es una soluci\u00f3n de energ\u00eda compacta y ecol\u00f3gica con 3500+ ciclos de vida y BMS integrado. Ideal para veh\u00edculos recreativos, barcos, sistemas solares y mucho m\u00e1s.<\/p>","protected":false},"featured_media":3284,"comment_status":"closed","ping_status":"closed","template":"","meta":{"_uag_custom_page_level_css":"","neve_meta_sidebar":"","neve_meta_container":"","neve_meta_enable_content_width":"off","neve_meta_content_width":100,"neve_meta_title_alignment":"","neve_meta_author_avatar":"","neve_post_elements_order":"","neve_meta_disable_header":"","neve_meta_disable_footer":"","neve_meta_disable_title":""},"product_brand":[],"product_cat":[81,82],"product_tag":[],"class_list":{"0":"post-2651","1":"product","2":"type-product","3":"status-publish","4":"has-post-thumbnail","6":"product_cat-lead-acid-replacement","7":"product_cat-residential-storage-battery","9":"first","10":"instock","11":"shipping-taxable","12":"product-type-simple"},"uagb_featured_image_src":{"full":["https:\/\/ecavix.com\/wp-content\/uploads\/2025\/07\/DSC_5524-scaled.jpg",2560,1844,false],"thumbnail":["https:\/\/ecavix.com\/wp-content\/uploads\/2025\/07\/DSC_5524-150x150.jpg",150,150,true],"medium":["https:\/\/ecavix.com\/wp-content\/uploads\/2025\/07\/DSC_5524-300x216.jpg",300,216,true],"medium_large":["https:\/\/ecavix.com\/wp-content\/uploads\/2025\/07\/DSC_5524-768x553.jpg",768,553,true],"large":["https:\/\/ecavix.com\/wp-content\/uploads\/2025\/07\/DSC_5524-1024x738.jpg",1024,738,true],"1536x1536":["https:\/\/ecavix.com\/wp-content\/uploads\/2025\/07\/DSC_5524-1536x1107.jpg",1536,1107,true],"2048x2048":["https:\/\/ecavix.com\/wp-content\/uploads\/2025\/07\/DSC_5524-2048x1475.jpg",2048,1475,true],"trp-custom-language-flag":["https:\/\/ecavix.com\/wp-content\/uploads\/2025\/07\/DSC_5524-scaled.jpg",18,12,false],"neve-blog":["https:\/\/ecavix.com\/wp-content\/uploads\/2025\/07\/DSC_5524-930x620.jpg",930,620,true],"woocommerce_thumbnail":["https:\/\/ecavix.com\/wp-content\/uploads\/2025\/07\/DSC_5524-300x300.jpg",300,300,true],"woocommerce_single":["https:\/\/ecavix.com\/wp-content\/uploads\/2025\/07\/DSC_5524-600x432.jpg",600,432,true],"woocommerce_gallery_thumbnail":["https:\/\/ecavix.com\/wp-content\/uploads\/2025\/07\/DSC_5524-100x100.jpg",100,100,true]},"uagb_author_info":{"display_name":"solvitaenergylimited@gmail.com","author_link":"https:\/\/ecavix.com\/es\/author\/"},"uagb_comment_info":0,"uagb_excerpt":"Ecavix 12V 80Ah LiFePO4 battery is a compact, eco-friendly power solution with 3500+ cycle life and integrated BMS. Ideal for RVs, boats, solar systems, and more.","_links":{"self":[{"href":"https:\/\/ecavix.com\/es\/wp-json\/wp\/v2\/product\/2651","targetHints":{"allow":["GET"]}}],"collection":[{"href":"https:\/\/ecavix.com\/es\/wp-json\/wp\/v2\/product"}],"about":[{"href":"https:\/\/ecavix.com\/es\/wp-json\/wp\/v2\/types\/product"}],"replies":[{"embeddable":true,"href":"https:\/\/ecavix.com\/es\/wp-json\/wp\/v2\/comments?post=2651"}],"wp:featuredmedia":[{"embeddable":true,"href":"https:\/\/ecavix.com\/es\/wp-json\/wp\/v2\/media\/3284"}],"wp:attachment":[{"href":"https:\/\/ecavix.com\/es\/wp-json\/wp\/v2\/media?parent=2651"}],"wp:term":[{"taxonomy":"product_brand","embeddable":true,"href":"https:\/\/ecavix.com\/es\/wp-json\/wp\/v2\/product_brand?post=2651"},{"taxonomy":"product_cat","embeddable":true,"href":"https:\/\/ecavix.com\/es\/wp-json\/wp\/v2\/product_cat?post=2651"},{"taxonomy":"product_tag","embeddable":true,"href":"https:\/\/ecavix.com\/es\/wp-json\/wp\/v2\/product_tag?post=2651"}],"curies":[{"name":"wp","href":"https:\/\/api.w.org\/{rel}","templated":true}]}}