{"id":2647,"date":"2025-07-22T02:44:41","date_gmt":"2025-07-22T02:44:41","guid":{"rendered":"https:\/\/ecavix.com\/?post_type=product&#038;p=2647"},"modified":"2025-08-18T07:34:08","modified_gmt":"2025-08-18T07:34:08","slug":"bateria-rv-lifepo4-12v-100ah-de-ciclo-profundo","status":"publish","type":"product","link":"https:\/\/ecavix.com\/es\/product\/deep-cycle-12v-100ah-lifepo4-rv-battery-pack\/","title":{"rendered":"Bater\u00eda de ciclo profundo 12v 100ah Lifepo4 RV"},"content":{"rendered":"<br \/>\n<h1>12V 100Ah LiFePO4 RV Bater\u00eda<\/h1>\n<div class=\"section\">\n<p>En <span class=\"highlight\">Ecavix 12V 100Ah LiFePO4 RV Bater\u00eda<\/span> es un sustituto ideal de las bater\u00edas tradicionales de plomo-\u00e1cido, AGM y gel. Ofrece un rendimiento y una eficiencia excelentes en diversas aplicaciones, como veh\u00edculos recreativos, monopatines el\u00e9ctricos, carritos de golf, autocaravanas, barcos y veh\u00edculos de camping. Para cualquier consulta o necesidad de personalizaci\u00f3n, no dude en ponerse en contacto con nosotros.<\/p>\n<\/p><\/div>\n<h2>Caracter\u00edsticas del producto y aplicaciones<\/h2>\n<div class=\"section\">\n<ul class=\"feature-list\">\n<li>Alta velocidad de descarga (1C) y vida \u00fatil de m\u00e1s de 3000 ciclos.<\/li>\n<li>BMS integrado para una protecci\u00f3n total contra sobrecarga, sobredescarga, sobrecorriente y cortocircuitos.<\/li>\n<li>Materiales ecol\u00f3gicos: sin metales pesados, no t\u00f3xicos y seguros.<\/li>\n<li>Dise\u00f1o ligero para facilitar la instalaci\u00f3n y ahorrar espacio.<\/li>\n<li>Amplia gama de temperaturas de almacenamiento (de -20 \u00b0C a 60 \u00b0C).<\/li>\n<li>Sin mantenimiento y sin efecto memoria.<\/li>\n<li>Vida \u00fatil superior a 10 a\u00f1os.<\/li>\n<\/ul><\/div>\n<h2>Aplicaciones<\/h2>\n<div class=\"section\">\n<ul class=\"application-list\">\n<li>Veh\u00edculos recreativos<\/li>\n<li>Monopatines el\u00e9ctricos<\/li>\n<li>Carros de golf motorizados<\/li>\n<li>Embarcaciones y equipamiento n\u00e1utico<\/li>\n<li>Sistemas de almacenamiento solar sin conexi\u00f3n a la red<\/li>\n<li>Soluciones de camping y energ\u00eda para exteriores<\/li>\n<\/ul><\/div>\n<h2>Especificaciones t\u00e9cnicas<\/h2>\n<table>\n<tr>\n<th>Modelo<\/th>\n<td>SNR12100<\/td>\n<\/tr>\n<tr>\n<th>Marca<\/th>\n<td>Ecavix<\/td>\n<\/tr>\n<tr>\n<th>Tensi\u00f3n nominal<\/th>\n<td>12.8V<\/td>\n<\/tr>\n<tr>\n<th>Capacidad nominal<\/th>\n<td>100Ah \/ 1280Wh<\/td>\n<\/tr>\n<tr>\n<th>Ciclo de vida<\/th>\n<td>M\u00e1s de 3000 veces<\/td>\n<\/tr>\n<tr>\n<th>Operaci\u00f3n Vida<\/th>\n<td>M\u00e1s de 10 a\u00f1os<\/td>\n<\/tr>\n<tr>\n<th>Tensi\u00f3n de carga<\/th>\n<td>14.6V<\/td>\n<\/tr>\n<tr>\n<th>Tensi\u00f3n de corte de descarga<\/th>\n<td>10V<\/td>\n<\/tr>\n<tr>\n<th>Corriente de carga m\u00e1xima<\/th>\n<td>50A<\/td>\n<\/tr>\n<tr>\n<th>Corriente m\u00e1xima de descarga<\/th>\n<td>100A<\/td>\n<\/tr>\n<tr>\n<th>Temperatura (Carga)<\/th>\n<td>0\u00b0C ~ 65\u00b0C<\/td>\n<\/tr>\n<tr>\n<th>Temperatura (descarga)<\/th>\n<td>-20\u00b0C ~ 65\u00b0C<\/td>\n<\/tr>\n<tr>\n<th>Dimensiones<\/th>\n<td>L330 \u00d7 An173 \u00d7 Al220mm<\/td>\n<\/tr>\n<tr>\n<th>Peso<\/th>\n<td>12Kg (Neto)<\/td>\n<\/tr>\n<tr>\n<th>Tipo de montaje<\/th>\n<td>Instalaci\u00f3n gratuita<\/td>\n<\/tr>\n<tr>\n<th>Tipo de c\u00e9lula<\/th>\n<td>LiFePO4, configuraci\u00f3n 4S<\/td>\n<\/tr>\n<tr>\n<th>Certificaci\u00f3n<\/th>\n<td>CE, RoHS, UN38.3, MSDS<\/td>\n<\/tr>\n<\/table>","protected":false},"excerpt":{"rendered":"<p>La bater\u00eda Ecavix 12V 100Ah LiFePO4 RV es una bater\u00eda ecol\u00f3gica de alto rendimiento ideal para veh\u00edculos recreativos, barcos y carritos de golf. M\u00e1s de 3000 ciclos, m\u00e1s de 10 a\u00f1os de vida \u00fatil, ligera y sin mantenimiento.<\/p>","protected":false},"featured_media":3283,"comment_status":"closed","ping_status":"closed","template":"","meta":{"_uag_custom_page_level_css":"","neve_meta_sidebar":"","neve_meta_container":"","neve_meta_enable_content_width":"off","neve_meta_content_width":100,"neve_meta_title_alignment":"","neve_meta_author_avatar":"","neve_post_elements_order":"","neve_meta_disable_header":"","neve_meta_disable_footer":"","neve_meta_disable_title":""},"product_brand":[],"product_cat":[81,82],"product_tag":[],"class_list":{"0":"post-2647","1":"product","2":"type-product","3":"status-publish","4":"has-post-thumbnail","6":"product_cat-lead-acid-replacement","7":"product_cat-residential-storage-battery","9":"first","10":"instock","11":"shipping-taxable","12":"product-type-simple"},"uagb_featured_image_src":{"full":["https:\/\/ecavix.com\/wp-content\/uploads\/2025\/07\/DSC_5536-scaled.jpg",2560,1844,false],"thumbnail":["https:\/\/ecavix.com\/wp-content\/uploads\/2025\/07\/DSC_5536-150x150.jpg",150,150,true],"medium":["https:\/\/ecavix.com\/wp-content\/uploads\/2025\/07\/DSC_5536-300x216.jpg",300,216,true],"medium_large":["https:\/\/ecavix.com\/wp-content\/uploads\/2025\/07\/DSC_5536-768x553.jpg",768,553,true],"large":["https:\/\/ecavix.com\/wp-content\/uploads\/2025\/07\/DSC_5536-1024x738.jpg",1024,738,true],"1536x1536":["https:\/\/ecavix.com\/wp-content\/uploads\/2025\/07\/DSC_5536-1536x1107.jpg",1536,1107,true],"2048x2048":["https:\/\/ecavix.com\/wp-content\/uploads\/2025\/07\/DSC_5536-2048x1475.jpg",2048,1475,true],"trp-custom-language-flag":["https:\/\/ecavix.com\/wp-content\/uploads\/2025\/07\/DSC_5536-scaled.jpg",18,12,false],"neve-blog":["https:\/\/ecavix.com\/wp-content\/uploads\/2025\/07\/DSC_5536-930x620.jpg",930,620,true],"woocommerce_thumbnail":["https:\/\/ecavix.com\/wp-content\/uploads\/2025\/07\/DSC_5536-300x300.jpg",300,300,true],"woocommerce_single":["https:\/\/ecavix.com\/wp-content\/uploads\/2025\/07\/DSC_5536-600x432.jpg",600,432,true],"woocommerce_gallery_thumbnail":["https:\/\/ecavix.com\/wp-content\/uploads\/2025\/07\/DSC_5536-100x100.jpg",100,100,true]},"uagb_author_info":{"display_name":"solvitaenergylimited@gmail.com","author_link":"https:\/\/ecavix.com\/es\/author\/"},"uagb_comment_info":0,"uagb_excerpt":"Ecavix 12V 100Ah LiFePO4 RV Battery is a high-performance, eco-friendly battery ideal for RVs, boats, and golf carts. Over 3000 cycles, 10+ years life, lightweight and maintenance-free.","_links":{"self":[{"href":"https:\/\/ecavix.com\/es\/wp-json\/wp\/v2\/product\/2647","targetHints":{"allow":["GET"]}}],"collection":[{"href":"https:\/\/ecavix.com\/es\/wp-json\/wp\/v2\/product"}],"about":[{"href":"https:\/\/ecavix.com\/es\/wp-json\/wp\/v2\/types\/product"}],"replies":[{"embeddable":true,"href":"https:\/\/ecavix.com\/es\/wp-json\/wp\/v2\/comments?post=2647"}],"wp:featuredmedia":[{"embeddable":true,"href":"https:\/\/ecavix.com\/es\/wp-json\/wp\/v2\/media\/3283"}],"wp:attachment":[{"href":"https:\/\/ecavix.com\/es\/wp-json\/wp\/v2\/media?parent=2647"}],"wp:term":[{"taxonomy":"product_brand","embeddable":true,"href":"https:\/\/ecavix.com\/es\/wp-json\/wp\/v2\/product_brand?post=2647"},{"taxonomy":"product_cat","embeddable":true,"href":"https:\/\/ecavix.com\/es\/wp-json\/wp\/v2\/product_cat?post=2647"},{"taxonomy":"product_tag","embeddable":true,"href":"https:\/\/ecavix.com\/es\/wp-json\/wp\/v2\/product_tag?post=2647"}],"curies":[{"name":"wp","href":"https:\/\/api.w.org\/{rel}","templated":true}]}}