{"id":2529,"date":"2025-07-18T09:53:04","date_gmt":"2025-07-18T09:53:04","guid":{"rendered":"https:\/\/ecavix.com\/?post_type=product&#038;p=2529"},"modified":"2025-08-25T06:41:39","modified_gmt":"2025-08-25T06:41:39","slug":"32650-celdas-de-bateria-bateria-lifepo4-paquete-de-bateria-de-24-v-y-15-ah-bateria-para-bicicleta-scooter-electrico","status":"publish","type":"product","link":"https:\/\/ecavix.com\/es\/product\/32650-battery-cells-lifepo4-battery-pack-24v-15ah-bicycle-battery-electric-scooter\/","title":{"rendered":"32650 Pilas LiFePO4 Bater\u00eda 24V 15ah Bicicleta Scooter El\u00e9ctrico"},"content":{"rendered":"<br \/>\n<h1>Bater\u00eda de Ion Litio 24V 15Ah para Ebike<\/h1>\n<h2>Productos<\/h2>\n<table>\n<tr>\n<th>Modelo<\/th>\n<td>24 V, 15 Ah<\/td>\n<\/tr>\n<tr>\n<th>Tensi\u00f3n nominal<\/th>\n<td>24V<\/td>\n<\/tr>\n<tr>\n<th>Capacidad nominal<\/th>\n<td>15Ah<\/td>\n<\/tr>\n<tr>\n<th>Combinaci\u00f3n de c\u00e9lulas<\/th>\n<td>5 paralelos, serie 7<\/td>\n<\/tr>\n<tr>\n<th>Tensi\u00f3n de corte de descarga<\/th>\n<td>20V<\/td>\n<\/tr>\n<tr>\n<th>Tensi\u00f3n de corte de carga<\/th>\n<td>29.4V<\/td>\n<\/tr>\n<tr>\n<th>Corriente nominal de descarga<\/th>\n<td>20A<\/td>\n<\/tr>\n<tr>\n<th>Corriente m\u00e1xima de descarga continua<\/th>\n<td>20A<\/td>\n<\/tr>\n<tr>\n<th>Corriente de carga m\u00e1xima<\/th>\n<td>20A<\/td>\n<\/tr>\n<tr>\n<th>Modo de carga<\/th>\n<td>CC-CV<\/td>\n<\/tr>\n<tr>\n<th>Corriente de carga est\u00e1ndar<\/th>\n<td>2A<\/td>\n<\/tr>\n<tr>\n<th>Tiempo de carga (est\u00e1ndar)<\/th>\n<td>6 horas<\/td>\n<\/tr>\n<tr>\n<th>Tiempo de carga (r\u00e1pida)<\/th>\n<td>2,5 horas<\/td>\n<\/tr>\n<tr>\n<th>Rango de temperatura de carga<\/th>\n<td>De -20 \u00b0C a 55 \u00b0C<\/td>\n<\/tr>\n<tr>\n<th>Rango de temperatura de descarga<\/th>\n<td>De -20 \u00b0C a 55 \u00b0C<\/td>\n<\/tr>\n<tr>\n<th>Peso de la bater\u00eda (neto)<\/th>\n<td>Flexible<\/td>\n<\/tr>\n<tr>\n<th>Peso bruto (con embalaje)<\/th>\n<td>4,0 kg<\/td>\n<\/tr>\n<tr>\n<th>Certificaci\u00f3n<\/th>\n<td>CE, FCC, RoHS<\/td>\n<\/tr>\n<tr>\n<th>Tipo de cargador<\/th>\n<td>Cargador el\u00e9ctrico<\/td>\n<\/tr>\n<tr>\n<th>Tipo de enchufe<\/th>\n<td>Global<\/td>\n<\/tr>\n<tr>\n<th>Reciclable<\/th>\n<td>S\u00ed<\/td>\n<\/tr>\n<tr>\n<th>Experiencia en f\u00e1brica<\/th>\n<td>10 a\u00f1os<\/td>\n<\/tr>\n<\/table>\n<h2>Caracter\u00edsticas principales<\/h2>\n<div class=\"features-grid\">\n<div class=\"feature-box\">\n<h3>Alta densidad energ\u00e9tica<\/h3>\n<p>Optimizada para una potencia duradera con alta densidad energ\u00e9tica, perfecta para aplicaciones en bicicletas el\u00e9ctricas.<\/p>\n<\/p><\/div>\n<div class=\"feature-box\">\n<h3>Carga r\u00e1pida<\/h3>\n<p>Opciones de carga r\u00e1pida: 6 horas para la carga est\u00e1ndar y solo 2,5 horas para la carga r\u00e1pida.<\/p>\n<\/p><\/div>\n<div class=\"feature-box\">\n<h3>Protecci\u00f3n fiable<\/h3>\n<p>Incluye protecci\u00f3n PCB integrada contra cortocircuitos, sobrecorriente, sobrecalentamiento, sobrecarga y descarga excesiva.<\/p>\n<\/p><\/div>\n<div class=\"feature-box\">\n<h3>Larga vida \u00fatil<\/h3>\n<p>M\u00e1s de 500 ciclos de carga, lo que garantiza un rendimiento fiable para un uso prolongado.<\/p>\n<\/p><\/div>\n<\/p><\/div>\n<h2>Ventajas<\/h2>\n<ul>\n<li>Respetuoso con el medio ambiente y reciclable.<\/li>\n<li>Dise\u00f1o compacto y ligero para una f\u00e1cil instalaci\u00f3n en bicicletas el\u00e9ctricas.<\/li>\n<li>Sin efecto memoria para mantener la capacidad total de la bater\u00eda.<\/li>\n<li>Protecci\u00f3n fiable y caracter\u00edsticas de seguridad mejoradas.<\/li>\n<li>Precios directos de f\u00e1brica para un valor competitivo.<\/li>\n<\/ul>\n<h2>Aplicaciones<\/h2>\n<ul>\n<li>Bicicletas el\u00e9ctricas<\/li>\n<li>Scooters<\/li>\n<li>Veh\u00edculos el\u00e9ctricos<\/li>\n<li>Bater\u00edas port\u00e1tiles para dispositivos como tabletas, ordenadores port\u00e1tiles y c\u00e1maras.<\/li>\n<\/ul>\n<h2>Embalaje y entrega<\/h2>\n<p>El embalaje est\u00e1ndar incluye una bolsa de PE, una funda de espuma y una caja exterior de cart\u00f3n corrugado de doble capa para garantizar la seguridad durante el transporte. El plazo de entrega es de 5 a 15 d\u00edas laborables, dependiendo de la cantidad.<\/p>","protected":false},"excerpt":{"rendered":"<p>Bater\u00eda de 24 V y 15 Ah para bicicletas el\u00e9ctricas. Alta densidad energ\u00e9tica, larga vida \u00fatil y caracter\u00edsticas de seguridad avanzadas para sistemas de alimentaci\u00f3n de bicicletas el\u00e9ctricas. Opciones de carga r\u00e1pida y protecci\u00f3n fiable.<\/p>","protected":false},"featured_media":2521,"comment_status":"closed","ping_status":"closed","template":"","meta":{"_uag_custom_page_level_css":"","neve_meta_sidebar":"","neve_meta_container":"","neve_meta_enable_content_width":"off","neve_meta_content_width":100,"neve_meta_title_alignment":"","neve_meta_author_avatar":"","neve_post_elements_order":"","neve_meta_disable_header":"","neve_meta_disable_footer":"","neve_meta_disable_title":""},"product_brand":[],"product_cat":[46,45,43],"product_tag":[],"class_list":{"0":"post-2529","1":"product","2":"type-product","3":"status-publish","4":"has-post-thumbnail","6":"product_cat-24v-e-bike-battery","7":"product_cat-e-bike-battery","8":"product_cat-power-battery","10":"first","11":"instock","12":"shipping-taxable","13":"product-type-simple"},"uagb_featured_image_src":{"full":["https:\/\/ecavix.com\/wp-content\/uploads\/2025\/07\/E-Bike-Battery-Pack-32650-LiFePO4-Battery-Cells-24V-10ah-for-Electric-Bicycle-Scooter1-800-800.webp",550,550,false],"thumbnail":["https:\/\/ecavix.com\/wp-content\/uploads\/2025\/07\/E-Bike-Battery-Pack-32650-LiFePO4-Battery-Cells-24V-10ah-for-Electric-Bicycle-Scooter1-800-800-150x150.webp",150,150,true],"medium":["https:\/\/ecavix.com\/wp-content\/uploads\/2025\/07\/E-Bike-Battery-Pack-32650-LiFePO4-Battery-Cells-24V-10ah-for-Electric-Bicycle-Scooter1-800-800-300x300.webp",300,300,true],"medium_large":["https:\/\/ecavix.com\/wp-content\/uploads\/2025\/07\/E-Bike-Battery-Pack-32650-LiFePO4-Battery-Cells-24V-10ah-for-Electric-Bicycle-Scooter1-800-800.webp",550,550,false],"large":["https:\/\/ecavix.com\/wp-content\/uploads\/2025\/07\/E-Bike-Battery-Pack-32650-LiFePO4-Battery-Cells-24V-10ah-for-Electric-Bicycle-Scooter1-800-800.webp",550,550,false],"1536x1536":["https:\/\/ecavix.com\/wp-content\/uploads\/2025\/07\/E-Bike-Battery-Pack-32650-LiFePO4-Battery-Cells-24V-10ah-for-Electric-Bicycle-Scooter1-800-800.webp",550,550,false],"2048x2048":["https:\/\/ecavix.com\/wp-content\/uploads\/2025\/07\/E-Bike-Battery-Pack-32650-LiFePO4-Battery-Cells-24V-10ah-for-Electric-Bicycle-Scooter1-800-800.webp",550,550,false],"trp-custom-language-flag":["https:\/\/ecavix.com\/wp-content\/uploads\/2025\/07\/E-Bike-Battery-Pack-32650-LiFePO4-Battery-Cells-24V-10ah-for-Electric-Bicycle-Scooter1-800-800.webp",12,12,false],"neve-blog":["https:\/\/ecavix.com\/wp-content\/uploads\/2025\/07\/E-Bike-Battery-Pack-32650-LiFePO4-Battery-Cells-24V-10ah-for-Electric-Bicycle-Scooter1-800-800.webp",550,550,false],"woocommerce_thumbnail":["https:\/\/ecavix.com\/wp-content\/uploads\/2025\/07\/E-Bike-Battery-Pack-32650-LiFePO4-Battery-Cells-24V-10ah-for-Electric-Bicycle-Scooter1-800-800-300x300.webp",300,300,true],"woocommerce_single":["https:\/\/ecavix.com\/wp-content\/uploads\/2025\/07\/E-Bike-Battery-Pack-32650-LiFePO4-Battery-Cells-24V-10ah-for-Electric-Bicycle-Scooter1-800-800.webp",550,550,false],"woocommerce_gallery_thumbnail":["https:\/\/ecavix.com\/wp-content\/uploads\/2025\/07\/E-Bike-Battery-Pack-32650-LiFePO4-Battery-Cells-24V-10ah-for-Electric-Bicycle-Scooter1-800-800-100x100.webp",100,100,true]},"uagb_author_info":{"display_name":"solvitaenergylimited@gmail.com","author_link":"https:\/\/ecavix.com\/es\/author\/"},"uagb_comment_info":0,"uagb_excerpt":"24V 15ah Bicycle Battery Pack for Ebike. High energy density, long cycle life, and advanced safety features for e-bike power systems. Fast charging options and reliable protection.","_links":{"self":[{"href":"https:\/\/ecavix.com\/es\/wp-json\/wp\/v2\/product\/2529","targetHints":{"allow":["GET"]}}],"collection":[{"href":"https:\/\/ecavix.com\/es\/wp-json\/wp\/v2\/product"}],"about":[{"href":"https:\/\/ecavix.com\/es\/wp-json\/wp\/v2\/types\/product"}],"replies":[{"embeddable":true,"href":"https:\/\/ecavix.com\/es\/wp-json\/wp\/v2\/comments?post=2529"}],"wp:featuredmedia":[{"embeddable":true,"href":"https:\/\/ecavix.com\/es\/wp-json\/wp\/v2\/media\/2521"}],"wp:attachment":[{"href":"https:\/\/ecavix.com\/es\/wp-json\/wp\/v2\/media?parent=2529"}],"wp:term":[{"taxonomy":"product_brand","embeddable":true,"href":"https:\/\/ecavix.com\/es\/wp-json\/wp\/v2\/product_brand?post=2529"},{"taxonomy":"product_cat","embeddable":true,"href":"https:\/\/ecavix.com\/es\/wp-json\/wp\/v2\/product_cat?post=2529"},{"taxonomy":"product_tag","embeddable":true,"href":"https:\/\/ecavix.com\/es\/wp-json\/wp\/v2\/product_tag?post=2529"}],"curies":[{"name":"wp","href":"https:\/\/api.w.org\/{rel}","templated":true}]}}