{"id":2513,"date":"2025-07-18T09:39:10","date_gmt":"2025-07-18T09:39:10","guid":{"rendered":"https:\/\/ecavix.com\/?post_type=product&#038;p=2513"},"modified":"2025-07-18T09:39:43","modified_gmt":"2025-07-18T09:39:43","slug":"bateria-bicicleta-electrica-24v-10a","status":"publish","type":"product","link":"https:\/\/ecavix.com\/es\/product\/electric-bicycle-battery-pack-24v-10a\/","title":{"rendered":"Bicicleta el\u00e9ctrica Bater\u00eda 24V 10A"},"content":{"rendered":"<br \/>\n<h1>Bicicleta El\u00e9ctrica Bater\u00eda 24V 10A para E-Bikes<\/h1>\n<h2>Productos<\/h2>\n<table>\n<tr>\n<th>Modelo<\/th>\n<td>Bater\u00eda de iones de litio de 24 V<\/td>\n<\/tr>\n<tr>\n<th>Tensi\u00f3n nominal<\/th>\n<td>24 V, 36 V, 48 V (personalizable)<\/td>\n<\/tr>\n<tr>\n<th>Capacidad nominal<\/th>\n<td>10Ah, 12Ah, 20Ah (Opcional)<\/td>\n<\/tr>\n<tr>\n<th>Ciclo de vida<\/th>\n<td>800-1000 Veces<\/td>\n<\/tr>\n<tr>\n<th>Peso<\/th>\n<td>Flexible<\/td>\n<\/tr>\n<tr>\n<th>Tipo de bater\u00eda<\/th>\n<td>Bater\u00eda 18650 Li-ion<\/td>\n<\/tr>\n<tr>\n<th>Tasa de descarga<\/th>\n<td>Tasa de descarga media<\/td>\n<\/tr>\n<tr>\n<th>Forma<\/th>\n<td>Bater\u00eda cuadrada<\/td>\n<\/tr>\n<tr>\n<th>Garant\u00eda<\/th>\n<td>1 a\u00f1o<\/td>\n<\/tr>\n<tr>\n<th>Certificaci\u00f3n<\/th>\n<td>CE, FCC, RoHS<\/td>\n<\/tr>\n<tr>\n<th>Paquete<\/th>\n<td>Bolsa de PE + Funda de espuma + Caja de cart\u00f3n ondulado de dos pisos<\/td>\n<\/tr>\n<\/table>\n<h2>Caracter\u00edsticas principales<\/h2>\n<div class=\"features-grid\">\n<div class=\"feature-box\">\n<h3>Larga vida \u00fatil<\/h3>\n<p>Con una vida \u00fatil de m\u00e1s de 800-1000 ciclos, esta bater\u00eda est\u00e1 fabricada para durar y soportar un uso intensivo en bicicletas el\u00e9ctricas.<\/p>\n<\/p><\/div>\n<div class=\"feature-box\">\n<h3>Protecci\u00f3n BMS estable<\/h3>\n<p>Equipado con un sistema de gesti\u00f3n de la bater\u00eda (BMS) que incluye protecciones contra cortocircuitos, sobrecarga, sobredescarga y sobrecorriente para mayor seguridad.<\/p>\n<\/p><\/div>\n<div class=\"feature-box\">\n<h3>Alta densidad energ\u00e9tica<\/h3>\n<p>Compacta pero potente, la bater\u00eda ofrece una alta densidad de energ\u00eda para una potencia duradera en bicicletas el\u00e9ctricas y otros veh\u00edculos.<\/p>\n<\/p><\/div>\n<div class=\"feature-box\">\n<h3>Flexibilidad de temperatura<\/h3>\n<p>La bater\u00eda funciona eficazmente en diversas condiciones ambientales, garantizando un rendimiento fiable en un amplio rango de temperaturas.<\/p>\n<\/p><\/div>\n<\/p><\/div>\n<h2>Ventajas<\/h2>\n<ul>\n<li>Alta densidad energ\u00e9tica y peso ligero para facilitar la instalaci\u00f3n<\/li>\n<li>Opciones personalizables de voltaje y capacidad<\/li>\n<li>Certificados CE, FCC y RoHS de calidad y seguridad<\/li>\n<li>Excelente vida \u00fatil de 800-1000 ciclos<\/li>\n<li>Precios competitivos directamente de f\u00e1brica<\/li>\n<\/ul>\n<h2>Aplicaciones<\/h2>\n<ul>\n<li>Bicicletas el\u00e9ctricas (E-Bikes)<\/li>\n<li>Scooters el\u00e9ctricos<\/li>\n<li>Motos el\u00e9ctricas<\/li>\n<li>Veh\u00edculos el\u00e9ctricos<\/li>\n<li>Otros transportes el\u00e9ctricos<\/li>\n<\/ul>\n<h2>Pol\u00edticas de pago y env\u00edo<\/h2>\n<ul>\n<li>M\u00e9todos de pago aceptados: T\/T, D\/P, Western Union, Paypal, Moneygram, Efectivo<\/li>\n<li>Env\u00edos: Los art\u00edculos ser\u00e1n enviados dentro de 5-15 d\u00edas h\u00e1biles dependiendo de la cantidad de la orden.<\/li>\n<li>M\u00e9todos de env\u00edo: DHL, FedEx, TNT, UPS, o Por Mar\/Aire.<\/li>\n<li>100% Control de calidad de cada bater\u00eda.<\/li>\n<\/ul>","protected":false},"excerpt":{"rendered":"<p>Bater\u00eda duradera de iones de litio de 24 V para bicicletas el\u00e9ctricas, que ofrece un ciclo de vida elevado, un sistema BMS estable y opciones personalizables para diversas aplicaciones de bicicletas el\u00e9ctricas.<\/p>","protected":false},"featured_media":2515,"comment_status":"open","ping_status":"closed","template":"","meta":{"_uag_custom_page_level_css":"","neve_meta_sidebar":"","neve_meta_container":"","neve_meta_enable_content_width":"off","neve_meta_content_width":100,"neve_meta_title_alignment":"","neve_meta_author_avatar":"","neve_post_elements_order":"","neve_meta_disable_header":"","neve_meta_disable_footer":"","neve_meta_disable_title":""},"product_brand":[],"product_cat":[46,45,43],"product_tag":[],"class_list":{"0":"post-2513","1":"product","2":"type-product","3":"status-publish","4":"has-post-thumbnail","6":"product_cat-24v-e-bike-battery","7":"product_cat-e-bike-battery","8":"product_cat-power-battery","10":"first","11":"instock","12":"shipping-taxable","13":"product-type-simple"},"uagb_featured_image_src":{"full":["https:\/\/ecavix.com\/wp-content\/uploads\/2025\/07\/Electric-Bicycle-Battery-Pack-24V-10A1-800-800.webp",550,550,false],"thumbnail":["https:\/\/ecavix.com\/wp-content\/uploads\/2025\/07\/Electric-Bicycle-Battery-Pack-24V-10A1-800-800-150x150.webp",150,150,true],"medium":["https:\/\/ecavix.com\/wp-content\/uploads\/2025\/07\/Electric-Bicycle-Battery-Pack-24V-10A1-800-800-300x300.webp",300,300,true],"medium_large":["https:\/\/ecavix.com\/wp-content\/uploads\/2025\/07\/Electric-Bicycle-Battery-Pack-24V-10A1-800-800.webp",550,550,false],"large":["https:\/\/ecavix.com\/wp-content\/uploads\/2025\/07\/Electric-Bicycle-Battery-Pack-24V-10A1-800-800.webp",550,550,false],"1536x1536":["https:\/\/ecavix.com\/wp-content\/uploads\/2025\/07\/Electric-Bicycle-Battery-Pack-24V-10A1-800-800.webp",550,550,false],"2048x2048":["https:\/\/ecavix.com\/wp-content\/uploads\/2025\/07\/Electric-Bicycle-Battery-Pack-24V-10A1-800-800.webp",550,550,false],"trp-custom-language-flag":["https:\/\/ecavix.com\/wp-content\/uploads\/2025\/07\/Electric-Bicycle-Battery-Pack-24V-10A1-800-800.webp",12,12,false],"neve-blog":["https:\/\/ecavix.com\/wp-content\/uploads\/2025\/07\/Electric-Bicycle-Battery-Pack-24V-10A1-800-800.webp",550,550,false],"woocommerce_thumbnail":["https:\/\/ecavix.com\/wp-content\/uploads\/2025\/07\/Electric-Bicycle-Battery-Pack-24V-10A1-800-800-300x300.webp",300,300,true],"woocommerce_single":["https:\/\/ecavix.com\/wp-content\/uploads\/2025\/07\/Electric-Bicycle-Battery-Pack-24V-10A1-800-800.webp",550,550,false],"woocommerce_gallery_thumbnail":["https:\/\/ecavix.com\/wp-content\/uploads\/2025\/07\/Electric-Bicycle-Battery-Pack-24V-10A1-800-800-100x100.webp",100,100,true]},"uagb_author_info":{"display_name":"solvitaenergylimited@gmail.com","author_link":"https:\/\/ecavix.com\/es\/author\/"},"uagb_comment_info":0,"uagb_excerpt":"Durable 24V Lithium-Ion Battery Pack for electric bikes, offering high cycle life, stable BMS system, and customizable options for various e-bike applications.","_links":{"self":[{"href":"https:\/\/ecavix.com\/es\/wp-json\/wp\/v2\/product\/2513","targetHints":{"allow":["GET"]}}],"collection":[{"href":"https:\/\/ecavix.com\/es\/wp-json\/wp\/v2\/product"}],"about":[{"href":"https:\/\/ecavix.com\/es\/wp-json\/wp\/v2\/types\/product"}],"replies":[{"embeddable":true,"href":"https:\/\/ecavix.com\/es\/wp-json\/wp\/v2\/comments?post=2513"}],"wp:featuredmedia":[{"embeddable":true,"href":"https:\/\/ecavix.com\/es\/wp-json\/wp\/v2\/media\/2515"}],"wp:attachment":[{"href":"https:\/\/ecavix.com\/es\/wp-json\/wp\/v2\/media?parent=2513"}],"wp:term":[{"taxonomy":"product_brand","embeddable":true,"href":"https:\/\/ecavix.com\/es\/wp-json\/wp\/v2\/product_brand?post=2513"},{"taxonomy":"product_cat","embeddable":true,"href":"https:\/\/ecavix.com\/es\/wp-json\/wp\/v2\/product_cat?post=2513"},{"taxonomy":"product_tag","embeddable":true,"href":"https:\/\/ecavix.com\/es\/wp-json\/wp\/v2\/product_tag?post=2513"}],"curies":[{"name":"wp","href":"https:\/\/api.w.org\/{rel}","templated":true}]}}