{"id":2500,"date":"2025-07-18T09:31:58","date_gmt":"2025-07-18T09:31:58","guid":{"rendered":"https:\/\/ecavix.com\/?post_type=product&#038;p=2500"},"modified":"2025-07-18T09:31:58","modified_gmt":"2025-07-18T09:31:58","slug":"venta-al-por-mayor-silver-fish-36v-17-5ah-lithium-ion-e-bike-battery-pack-li-ion-rechargeable-battery-500w-for-electric-bicycle","status":"publish","type":"product","link":"https:\/\/ecavix.com\/es\/product\/wholesale-silver-fish-36v-17-5ah-lithium-ion-e-bike-battery-pack-li-ion-rechargeable-battery-500w-for-electric-bicycle\/","title":{"rendered":"Mayorista Silver Fish 36V 17.5ah Lithium Ion E-Bike Bater\u00eda Li-ion Recargable 500W para Bicicleta El\u00e9ctrica"},"content":{"rendered":"<br \/>\n<h1>Bater\u00eda Silver Fish 36V 17.5Ah Lithium-Ion E-bike<\/h1>\n<h2>Productos<\/h2>\n<table>\n<tr>\n<th>Modelo<\/th>\n<td>DEL-36V 17,5Ah<\/td>\n<\/tr>\n<tr>\n<th>Tensi\u00f3n nominal<\/th>\n<td>36V<\/td>\n<\/tr>\n<tr>\n<th>Tipo de bater\u00eda<\/th>\n<td>Bater\u00eda Li-ion 18650<\/td>\n<\/tr>\n<tr>\n<th>Capacidad nominal<\/th>\n<td>17,5 Ah<\/td>\n<\/tr>\n<tr>\n<th>Ciclo de vida<\/th>\n<td>500 veces<\/td>\n<\/tr>\n<tr>\n<th>Peso<\/th>\n<td>4,5 kg<\/td>\n<\/tr>\n<tr>\n<th>Tensi\u00f3n de corte de descarga<\/th>\n<td>35.75V<\/td>\n<\/tr>\n<tr>\n<th>Tensi\u00f3n de carga<\/th>\n<td>42V<\/td>\n<\/tr>\n<tr>\n<th>Configuraci\u00f3n de la bater\u00eda<\/th>\n<td>10S7P<\/td>\n<\/tr>\n<tr>\n<th>Corriente de carga<\/th>\n<td>0,2C, 3,5A<\/td>\n<\/tr>\n<tr>\n<th>Temperatura de carga<\/th>\n<td>0~45\u00b0C<\/td>\n<\/tr>\n<tr>\n<th>Temperatura de descarga<\/th>\n<td>-20~60\u00b0C<\/td>\n<\/tr>\n<tr>\n<th>Caja exterior<\/th>\n<td>Pez de plata<\/td>\n<\/tr>\n<tr>\n<th>Protecci\u00f3n<\/th>\n<td>Sobrecarga, sobredescarga, sobrecorriente, cortocircuito, equilibrio<\/td>\n<\/tr>\n<tr>\n<th>OEM\/ODM<\/th>\n<td>Disponible<\/td>\n<\/tr>\n<tr>\n<th>Garant\u00eda<\/th>\n<td>1 a\u00f1o<\/td>\n<\/tr>\n<tr>\n<th>Embalaje<\/th>\n<td>Paquete est\u00e1ndar<\/td>\n<\/tr>\n<\/table>\n<h2>Caracter\u00edsticas principales<\/h2>\n<div class=\"features-grid\">\n<div class=\"feature-box\">\n<h3>Protecci\u00f3n BMS integrada<\/h3>\n<p>Evita la sobrecarga, la sobredescarga, los cortocircuitos y mantiene el equilibrio de la bater\u00eda.<\/p>\n<\/p><\/div>\n<div class=\"feature-box\">\n<h3>Larga vida \u00fatil<\/h3>\n<p>Disfruta de hasta 500 ciclos de carga, proporcionando energ\u00eda duradera y fiable para tu bicicleta el\u00e9ctrica.<\/p>\n<\/p><\/div>\n<div class=\"feature-box\">\n<h3>Resistencia a la temperatura<\/h3>\n<p>Funciona en una amplia gama de temperaturas, de -20 \u00b0C a 60 \u00b0C, lo que garantiza un rendimiento estable en diversos entornos.<\/p>\n<\/p><\/div>\n<div class=\"feature-box\">\n<h3>Tensi\u00f3n y capacidad personalizadas<\/h3>\n<p>Disponibles en varias configuraciones, como 24 V, 36 V, 48 V y 51,2 V, y con capacidades de 10 Ah a 30 Ah.<\/p>\n<\/p><\/div>\n<\/p><\/div>\n<h2>Aplicaciones<\/h2>\n<ul>\n<li>Bicicletas el\u00e9ctricas<\/li>\n<li>Scooters el\u00e9ctricos<\/li>\n<li>Motos el\u00e9ctricas<\/li>\n<li>Otros veh\u00edculos el\u00e9ctricos<\/li>\n<\/ul>\n<h2>Pol\u00edticas de pago y env\u00edo<\/h2>\n<ul>\n<li>M\u00e9todos de pago aceptados: T\/T, Western Union, Paypal<\/li>\n<li>Env\u00edos: Los art\u00edculos ser\u00e1n enviados dentro de 3-5 d\u00edas despu\u00e9s de recibir el pago completo.<\/li>\n<li>M\u00e9todos de env\u00edo: DHL, FedEx, TNT (zonas limitadas)<\/li>\n<li>El n\u00famero de seguimiento se proporcionar\u00e1 despu\u00e9s del env\u00edo.<\/li>\n<\/ul>","protected":false},"excerpt":{"rendered":"<p>Bater\u00eda de alta calidad Silver Fish 36V 17.5Ah Lithium-Ion E-bike. Adecuado para bicicletas el\u00e9ctricas con una larga vida \u00fatil y un rendimiento eficiente.<\/p>","protected":false},"featured_media":2506,"comment_status":"open","ping_status":"closed","template":"","meta":{"_uag_custom_page_level_css":"","neve_meta_sidebar":"","neve_meta_container":"","neve_meta_enable_content_width":"off","neve_meta_content_width":100,"neve_meta_title_alignment":"","neve_meta_author_avatar":"","neve_post_elements_order":"","neve_meta_disable_header":"","neve_meta_disable_footer":"","neve_meta_disable_title":""},"product_brand":[],"product_cat":[47,45,43],"product_tag":[],"class_list":{"0":"post-2500","1":"product","2":"type-product","3":"status-publish","4":"has-post-thumbnail","6":"product_cat-36v-e-bike-battery","7":"product_cat-e-bike-battery","8":"product_cat-power-battery","10":"first","11":"instock","12":"shipping-taxable","13":"product-type-simple"},"uagb_featured_image_src":{"full":["https:\/\/ecavix.com\/wp-content\/uploads\/2025\/07\/Wholesale-Silver-Fish-36V-17-5ah-Lithium-Ion-E-Bike-Battery-Pack-Li-ion-Rechargeable-Battery-500W-fo-800-800.webp",550,550,false],"thumbnail":["https:\/\/ecavix.com\/wp-content\/uploads\/2025\/07\/Wholesale-Silver-Fish-36V-17-5ah-Lithium-Ion-E-Bike-Battery-Pack-Li-ion-Rechargeable-Battery-500W-fo-800-800-150x150.webp",150,150,true],"medium":["https:\/\/ecavix.com\/wp-content\/uploads\/2025\/07\/Wholesale-Silver-Fish-36V-17-5ah-Lithium-Ion-E-Bike-Battery-Pack-Li-ion-Rechargeable-Battery-500W-fo-800-800-300x300.webp",300,300,true],"medium_large":["https:\/\/ecavix.com\/wp-content\/uploads\/2025\/07\/Wholesale-Silver-Fish-36V-17-5ah-Lithium-Ion-E-Bike-Battery-Pack-Li-ion-Rechargeable-Battery-500W-fo-800-800.webp",550,550,false],"large":["https:\/\/ecavix.com\/wp-content\/uploads\/2025\/07\/Wholesale-Silver-Fish-36V-17-5ah-Lithium-Ion-E-Bike-Battery-Pack-Li-ion-Rechargeable-Battery-500W-fo-800-800.webp",550,550,false],"1536x1536":["https:\/\/ecavix.com\/wp-content\/uploads\/2025\/07\/Wholesale-Silver-Fish-36V-17-5ah-Lithium-Ion-E-Bike-Battery-Pack-Li-ion-Rechargeable-Battery-500W-fo-800-800.webp",550,550,false],"2048x2048":["https:\/\/ecavix.com\/wp-content\/uploads\/2025\/07\/Wholesale-Silver-Fish-36V-17-5ah-Lithium-Ion-E-Bike-Battery-Pack-Li-ion-Rechargeable-Battery-500W-fo-800-800.webp",550,550,false],"trp-custom-language-flag":["https:\/\/ecavix.com\/wp-content\/uploads\/2025\/07\/Wholesale-Silver-Fish-36V-17-5ah-Lithium-Ion-E-Bike-Battery-Pack-Li-ion-Rechargeable-Battery-500W-fo-800-800.webp",12,12,false],"neve-blog":["https:\/\/ecavix.com\/wp-content\/uploads\/2025\/07\/Wholesale-Silver-Fish-36V-17-5ah-Lithium-Ion-E-Bike-Battery-Pack-Li-ion-Rechargeable-Battery-500W-fo-800-800.webp",550,550,false],"woocommerce_thumbnail":["https:\/\/ecavix.com\/wp-content\/uploads\/2025\/07\/Wholesale-Silver-Fish-36V-17-5ah-Lithium-Ion-E-Bike-Battery-Pack-Li-ion-Rechargeable-Battery-500W-fo-800-800-300x300.webp",300,300,true],"woocommerce_single":["https:\/\/ecavix.com\/wp-content\/uploads\/2025\/07\/Wholesale-Silver-Fish-36V-17-5ah-Lithium-Ion-E-Bike-Battery-Pack-Li-ion-Rechargeable-Battery-500W-fo-800-800.webp",550,550,false],"woocommerce_gallery_thumbnail":["https:\/\/ecavix.com\/wp-content\/uploads\/2025\/07\/Wholesale-Silver-Fish-36V-17-5ah-Lithium-Ion-E-Bike-Battery-Pack-Li-ion-Rechargeable-Battery-500W-fo-800-800-100x100.webp",100,100,true]},"uagb_author_info":{"display_name":"solvitaenergylimited@gmail.com","author_link":"https:\/\/ecavix.com\/es\/author\/"},"uagb_comment_info":0,"uagb_excerpt":"High-quality Silver Fish 36V 17.5Ah Lithium-Ion E-bike battery pack. Suitable for electric bikes with a long cycle life and efficient performance.","_links":{"self":[{"href":"https:\/\/ecavix.com\/es\/wp-json\/wp\/v2\/product\/2500","targetHints":{"allow":["GET"]}}],"collection":[{"href":"https:\/\/ecavix.com\/es\/wp-json\/wp\/v2\/product"}],"about":[{"href":"https:\/\/ecavix.com\/es\/wp-json\/wp\/v2\/types\/product"}],"replies":[{"embeddable":true,"href":"https:\/\/ecavix.com\/es\/wp-json\/wp\/v2\/comments?post=2500"}],"wp:featuredmedia":[{"embeddable":true,"href":"https:\/\/ecavix.com\/es\/wp-json\/wp\/v2\/media\/2506"}],"wp:attachment":[{"href":"https:\/\/ecavix.com\/es\/wp-json\/wp\/v2\/media?parent=2500"}],"wp:term":[{"taxonomy":"product_brand","embeddable":true,"href":"https:\/\/ecavix.com\/es\/wp-json\/wp\/v2\/product_brand?post=2500"},{"taxonomy":"product_cat","embeddable":true,"href":"https:\/\/ecavix.com\/es\/wp-json\/wp\/v2\/product_cat?post=2500"},{"taxonomy":"product_tag","embeddable":true,"href":"https:\/\/ecavix.com\/es\/wp-json\/wp\/v2\/product_tag?post=2500"}],"curies":[{"name":"wp","href":"https:\/\/api.w.org\/{rel}","templated":true}]}}