{"id":2489,"date":"2025-07-18T09:26:06","date_gmt":"2025-07-18T09:26:06","guid":{"rendered":"https:\/\/ecavix.com\/?post_type=product&#038;p=2489"},"modified":"2025-07-18T09:26:07","modified_gmt":"2025-07-18T09:26:07","slug":"36v-10ah-bateria-electrica-de-litio-ebike-bateria-trasera-para-motor-250w-500w","status":"publish","type":"product","link":"https:\/\/ecavix.com\/es\/product\/36v-10ah-electric-lithium-ebike-battery-rear-rack-battery-for-250w-500w-motor\/","title":{"rendered":"36V 10ah Bateria Electrica Litio Ebike Bateria Trasera para Motor 250W 500W"},"content":{"rendered":"<br \/>\n<h1>Bater\u00eda E-Bike 36V 10Ah Litio El\u00e9ctrica<\/h1>\n<h2>Productos<\/h2>\n<table>\n<tr>\n<th>Modelo<\/th>\n<td>DEL-10S4P<\/td>\n<\/tr>\n<tr>\n<th>Tensi\u00f3n nominal<\/th>\n<td>36V<\/td>\n<\/tr>\n<tr>\n<th>Capacidad nominal<\/th>\n<td>10Ah<\/td>\n<\/tr>\n<tr>\n<th>Tipo de bater\u00eda<\/th>\n<td>I\u00f3n de litio 18650<\/td>\n<\/tr>\n<tr>\n<th>Ciclo de vida<\/th>\n<td>1000 ciclos<\/td>\n<\/tr>\n<tr>\n<th>Tipo de cargador<\/th>\n<td>Cargador USB<\/td>\n<\/tr>\n<tr>\n<th>Tensi\u00f3n del cargador<\/th>\n<td>42V<\/td>\n<\/tr>\n<tr>\n<th>Tensi\u00f3n de corte de descarga<\/th>\n<td>28V<\/td>\n<\/tr>\n<tr>\n<th>Corriente m\u00e1xima de descarga<\/th>\n<td>20A<\/td>\n<\/tr>\n<tr>\n<th>Modo de carga<\/th>\n<td>CC\/CV (corriente constante\/voltaje constante)<\/td>\n<\/tr>\n<tr>\n<th>Peso<\/th>\n<td>3.0kg<\/td>\n<\/tr>\n<tr>\n<th>Dimensiones<\/th>\n<td>295 x 150 x 82 mm<\/td>\n<\/tr>\n<tr>\n<th>Garant\u00eda<\/th>\n<td>1 a\u00f1o<\/td>\n<\/tr>\n<tr>\n<th>Certificaci\u00f3n<\/th>\n<td>CE, RoHS<\/td>\n<\/tr>\n<tr>\n<th>OEM\/ODM<\/th>\n<td>Disponible<\/td>\n<\/tr>\n<tr>\n<th>Capacidad de producci\u00f3n<\/th>\n<td>3000 PCS\/Semana<\/td>\n<\/tr>\n<tr>\n<th>Condiciones de pago<\/th>\n<td>T\/T, D\/P, Western Union, Paypal, Money Gram<\/td>\n<\/tr>\n<tr>\n<th>F\u00e1brica<\/th>\n<td>7 a\u00f1os de f\u00e1brica de bater\u00edas<\/td>\n<\/tr>\n<tr>\n<th>Embalaje<\/th>\n<td>Embalaje est\u00e1ndar<\/td>\n<\/tr>\n<\/table>\n<h2>Caracter\u00edsticas principales<\/h2>\n<div class=\"features-grid\">\n<div class=\"feature-box\">\n<h3>Resistente al agua<\/h3>\n<p>Dise\u00f1ado para soportar diversas condiciones meteorol\u00f3gicas, lo que garantiza su durabilidad y fiabilidad.<\/p>\n<\/p><\/div>\n<div class=\"feature-box\">\n<h3>Protecci\u00f3n BMS integrada<\/h3>\n<p>Protege la bater\u00eda de sobrecargas, sobredescargas, cortocircuitos y sobrecorrientes para prolongar su vida \u00fatil.<\/p>\n<\/p><\/div>\n<div class=\"feature-box\">\n<h3>Alta densidad energ\u00e9tica<\/h3>\n<p>Garantiza potencia y eficiencia duraderas, ideal para bicicletas y scooters el\u00e9ctricos.<\/p>\n<\/p><\/div>\n<div class=\"feature-box\">\n<h3>Larga vida \u00fatil<\/h3>\n<p>Con hasta 1.000 ciclos de carga, esta bater\u00eda garantiza una longevidad excepcional.<\/p>\n<\/p><\/div>\n<\/p><\/div>\n<h2>Ventajas<\/h2>\n<ul>\n<li>Alta densidad energ\u00e9tica y peso ligero<\/li>\n<li>Ciclo de vida largo y sin efecto memoria<\/li>\n<li>Fiable y seguro con funciones de protecci\u00f3n integradas<\/li>\n<li>Excelente consistencia en capacidad, resistencia y tensi\u00f3n<\/li>\n<li>Sin contaminaci\u00f3n y respetuoso con el medio ambiente<\/li>\n<li>Disponible para una amplia gama de configuraciones de voltaje (12 V, 24 V, 36 V, 48 V)<\/li>\n<\/ul>\n<h2>Aplicaciones<\/h2>\n<ul>\n<li>Bicicletas el\u00e9ctricas (E-bikes)<\/li>\n<li>Scooters el\u00e9ctricos<\/li>\n<li>Otros veh\u00edculos el\u00e9ctricos<\/li>\n<\/ul>","protected":false},"excerpt":{"rendered":"<p>Bater\u00eda de i\u00f3n-litio de 36V y 10Ah para bicicletas el\u00e9ctricas. Ofrece alta densidad energ\u00e9tica, larga vida \u00fatil y protecci\u00f3n BMS. Disponible para motores de 250W y 500W.<\/p>","protected":false},"featured_media":2492,"comment_status":"open","ping_status":"closed","template":"","meta":{"_uag_custom_page_level_css":"","neve_meta_sidebar":"","neve_meta_container":"","neve_meta_enable_content_width":"off","neve_meta_content_width":100,"neve_meta_title_alignment":"","neve_meta_author_avatar":"","neve_post_elements_order":"","neve_meta_disable_header":"","neve_meta_disable_footer":"","neve_meta_disable_title":""},"product_brand":[],"product_cat":[47,45,43],"product_tag":[],"class_list":{"0":"post-2489","1":"product","2":"type-product","3":"status-publish","4":"has-post-thumbnail","6":"product_cat-36v-e-bike-battery","7":"product_cat-e-bike-battery","8":"product_cat-power-battery","10":"first","11":"instock","12":"shipping-taxable","13":"product-type-simple"},"uagb_featured_image_src":{"full":["https:\/\/ecavix.com\/wp-content\/uploads\/2025\/07\/36V-10ah-Electric-Lithium-Ebike-Battery-Rear-Rack-Battery-for-250W-500W-Motor3-800-800.webp",550,550,false],"thumbnail":["https:\/\/ecavix.com\/wp-content\/uploads\/2025\/07\/36V-10ah-Electric-Lithium-Ebike-Battery-Rear-Rack-Battery-for-250W-500W-Motor3-800-800-150x150.webp",150,150,true],"medium":["https:\/\/ecavix.com\/wp-content\/uploads\/2025\/07\/36V-10ah-Electric-Lithium-Ebike-Battery-Rear-Rack-Battery-for-250W-500W-Motor3-800-800-300x300.webp",300,300,true],"medium_large":["https:\/\/ecavix.com\/wp-content\/uploads\/2025\/07\/36V-10ah-Electric-Lithium-Ebike-Battery-Rear-Rack-Battery-for-250W-500W-Motor3-800-800.webp",550,550,false],"large":["https:\/\/ecavix.com\/wp-content\/uploads\/2025\/07\/36V-10ah-Electric-Lithium-Ebike-Battery-Rear-Rack-Battery-for-250W-500W-Motor3-800-800.webp",550,550,false],"1536x1536":["https:\/\/ecavix.com\/wp-content\/uploads\/2025\/07\/36V-10ah-Electric-Lithium-Ebike-Battery-Rear-Rack-Battery-for-250W-500W-Motor3-800-800.webp",550,550,false],"2048x2048":["https:\/\/ecavix.com\/wp-content\/uploads\/2025\/07\/36V-10ah-Electric-Lithium-Ebike-Battery-Rear-Rack-Battery-for-250W-500W-Motor3-800-800.webp",550,550,false],"trp-custom-language-flag":["https:\/\/ecavix.com\/wp-content\/uploads\/2025\/07\/36V-10ah-Electric-Lithium-Ebike-Battery-Rear-Rack-Battery-for-250W-500W-Motor3-800-800.webp",12,12,false],"neve-blog":["https:\/\/ecavix.com\/wp-content\/uploads\/2025\/07\/36V-10ah-Electric-Lithium-Ebike-Battery-Rear-Rack-Battery-for-250W-500W-Motor3-800-800.webp",550,550,false],"woocommerce_thumbnail":["https:\/\/ecavix.com\/wp-content\/uploads\/2025\/07\/36V-10ah-Electric-Lithium-Ebike-Battery-Rear-Rack-Battery-for-250W-500W-Motor3-800-800-300x300.webp",300,300,true],"woocommerce_single":["https:\/\/ecavix.com\/wp-content\/uploads\/2025\/07\/36V-10ah-Electric-Lithium-Ebike-Battery-Rear-Rack-Battery-for-250W-500W-Motor3-800-800.webp",550,550,false],"woocommerce_gallery_thumbnail":["https:\/\/ecavix.com\/wp-content\/uploads\/2025\/07\/36V-10ah-Electric-Lithium-Ebike-Battery-Rear-Rack-Battery-for-250W-500W-Motor3-800-800-100x100.webp",100,100,true]},"uagb_author_info":{"display_name":"solvitaenergylimited@gmail.com","author_link":"https:\/\/ecavix.com\/es\/author\/"},"uagb_comment_info":0,"uagb_excerpt":"36V 10Ah lithium-ion rear rack battery for electric bicycles. Features high energy density, long cycle life, and BMS protection. Available for 250W and 500W motors.","_links":{"self":[{"href":"https:\/\/ecavix.com\/es\/wp-json\/wp\/v2\/product\/2489","targetHints":{"allow":["GET"]}}],"collection":[{"href":"https:\/\/ecavix.com\/es\/wp-json\/wp\/v2\/product"}],"about":[{"href":"https:\/\/ecavix.com\/es\/wp-json\/wp\/v2\/types\/product"}],"replies":[{"embeddable":true,"href":"https:\/\/ecavix.com\/es\/wp-json\/wp\/v2\/comments?post=2489"}],"wp:featuredmedia":[{"embeddable":true,"href":"https:\/\/ecavix.com\/es\/wp-json\/wp\/v2\/media\/2492"}],"wp:attachment":[{"href":"https:\/\/ecavix.com\/es\/wp-json\/wp\/v2\/media?parent=2489"}],"wp:term":[{"taxonomy":"product_brand","embeddable":true,"href":"https:\/\/ecavix.com\/es\/wp-json\/wp\/v2\/product_brand?post=2489"},{"taxonomy":"product_cat","embeddable":true,"href":"https:\/\/ecavix.com\/es\/wp-json\/wp\/v2\/product_cat?post=2489"},{"taxonomy":"product_tag","embeddable":true,"href":"https:\/\/ecavix.com\/es\/wp-json\/wp\/v2\/product_tag?post=2489"}],"curies":[{"name":"wp","href":"https:\/\/api.w.org\/{rel}","templated":true}]}}