{"id":2480,"date":"2025-07-18T09:19:20","date_gmt":"2025-07-18T09:19:20","guid":{"rendered":"https:\/\/ecavix.com\/?post_type=product&#038;p=2480"},"modified":"2025-07-18T09:19:20","modified_gmt":"2025-07-18T09:19:20","slug":"bateria-recargable-de-36-v-y-15-ah-para-bicicleta-de-montana","status":"publish","type":"product","link":"https:\/\/ecavix.com\/es\/product\/rechargeable-battery-pack-36v-15ah-for-mountain-bike\/","title":{"rendered":"Bater\u00eda recargable 36V 15ah para bicicleta de monta\u00f1a"},"content":{"rendered":"<br \/>\n<h1>Bater\u00eda recargable de 36 V y 15 Ah para motocicleta<\/h1>\n<h2>Productos<\/h2>\n<table>\n<tr>\n<th>Modelo<\/th>\n<td>DL-3615<\/td>\n<\/tr>\n<tr>\n<th>Tensi\u00f3n nominal<\/th>\n<td>36V<\/td>\n<\/tr>\n<tr>\n<th>Capacidad nominal<\/th>\n<td>15Ah<\/td>\n<\/tr>\n<tr>\n<th>Tipo de c\u00e9lula<\/th>\n<td>18650 Li-ion<\/td>\n<\/tr>\n<tr>\n<th>Cantidad de c\u00e9lulas<\/th>\n<td>60 (10 series, 6 paralelas)<\/td>\n<\/tr>\n<tr>\n<th>Especificaci\u00f3n celular<\/th>\n<td>3,7 V, 2500 mAh<\/td>\n<\/tr>\n<tr>\n<th>Tensi\u00f3n de carga<\/th>\n<td>42V<\/td>\n<\/tr>\n<tr>\n<th>Voltaje de descarga<\/th>\n<td>28V<\/td>\n<\/tr>\n<tr>\n<th>Corriente de descarga<\/th>\n<td>15 A (continuo)<\/td>\n<\/tr>\n<tr>\n<th>Corriente m\u00e1xima de descarga<\/th>\n<td>15A<\/td>\n<\/tr>\n<tr>\n<th>Modo de carga<\/th>\n<td>CC\/CV (corriente constante\/voltaje constante)<\/td>\n<\/tr>\n<tr>\n<th>Corriente de carga est\u00e1ndar<\/th>\n<td>2A<\/td>\n<\/tr>\n<tr>\n<th>Corriente de carga r\u00e1pida<\/th>\n<td>5A<\/td>\n<\/tr>\n<tr>\n<th>Ciclo de vida<\/th>\n<td>M\u00e1s de 500 veces<\/td>\n<\/tr>\n<tr>\n<th>Rango de temperatura de carga<\/th>\n<td>-20 ~ 60\u00b0C<\/td>\n<\/tr>\n<tr>\n<th>Rango de temperatura de descarga<\/th>\n<td>-20 ~ 60\u00b0C<\/td>\n<\/tr>\n<tr>\n<th>Peso (neto)<\/th>\n<td>3,5 kg<\/td>\n<\/tr>\n<tr>\n<th>Dimensiones<\/th>\n<td>107,31 \u00d7 75,38 \u00d7 285 mm<\/td>\n<\/tr>\n<tr>\n<th>Embalaje<\/th>\n<td>Cajas de cart\u00f3n grueso y algod\u00f3n perlado EPE<\/td>\n<\/tr>\n<tr>\n<th>Certificaciones<\/th>\n<td>CE, RoHS<\/td>\n<\/tr>\n<tr>\n<th>Origen<\/th>\n<td>China<\/td>\n<\/tr>\n<tr>\n<th>Capacidad de producci\u00f3n<\/th>\n<td>5000 unidades por semana<\/td>\n<\/tr>\n<tr>\n<th>Condiciones de pago<\/th>\n<td>L\/C, T\/T, D\/P, Western Union, Paypal, Money Gram, efectivo<\/td>\n<\/tr>\n<\/table>\n<h2>Caracter\u00edsticas principales<\/h2>\n<div class=\"features-grid\">\n<div class=\"feature-box\">\n<h3>Alta capacidad<\/h3>\n<p>La capacidad de 15 Ah garantiza una mayor autonom\u00eda para bicicletas el\u00e9ctricas y motocicletas el\u00e9ctricas, ideal para viajes de larga distancia.<\/p>\n<\/p><\/div>\n<div class=\"feature-box\">\n<h3>Carga r\u00e1pida<\/h3>\n<p>Capacidad de carga r\u00e1pida con entrada de 5 A, lo que reduce el tiempo de carga a 4 horas para una r\u00e1pida recuperaci\u00f3n.<\/p>\n<\/p><\/div>\n<div class=\"feature-box\">\n<h3>Dise\u00f1o duradero<\/h3>\n<p>Fabricado para durar, con una carcasa de ABS resistente y una larga vida \u00fatil de m\u00e1s de 500 ciclos de carga.<\/p>\n<\/p><\/div>\n<div class=\"feature-box\">\n<h3>Amplia gama de temperaturas<\/h3>\n<p>Puede funcionar eficazmente entre -20 \u00b0C y 60 \u00b0C, lo que lo hace adecuado para una amplia gama de climas.<\/p>\n<\/p><\/div>\n<\/p><\/div>\n<h2>Aplicaciones<\/h2>\n<ul>\n<li>Motos el\u00e9ctricas<\/li>\n<li>Bicicletas el\u00e9ctricas<\/li>\n<li>Scooters el\u00e9ctricos<\/li>\n<li>Triciclos y otros veh\u00edculos el\u00e9ctricos<\/li>\n<\/ul>","protected":false},"excerpt":{"rendered":"<p>Bater\u00eda recargable de 36 V y 15 Ah para motocicletas el\u00e9ctricas. Larga vida \u00fatil, carga r\u00e1pida y rendimiento robusto. Certificaci\u00f3n CE y RoHS.<\/p>","protected":false},"featured_media":2481,"comment_status":"open","ping_status":"closed","template":"","meta":{"_uag_custom_page_level_css":"","neve_meta_sidebar":"","neve_meta_container":"","neve_meta_enable_content_width":"off","neve_meta_content_width":100,"neve_meta_title_alignment":"","neve_meta_author_avatar":"","neve_post_elements_order":"","neve_meta_disable_header":"","neve_meta_disable_footer":"","neve_meta_disable_title":""},"product_brand":[],"product_cat":[47,45,43],"product_tag":[],"class_list":{"0":"post-2480","1":"product","2":"type-product","3":"status-publish","4":"has-post-thumbnail","6":"product_cat-36v-e-bike-battery","7":"product_cat-e-bike-battery","8":"product_cat-power-battery","10":"first","11":"instock","12":"shipping-taxable","13":"product-type-simple"},"uagb_featured_image_src":{"full":["https:\/\/ecavix.com\/wp-content\/uploads\/2025\/07\/Rechargeable-Battery-Pack-36V-15ah-for-Mountain-Bike1-800-800.webp",550,550,false],"thumbnail":["https:\/\/ecavix.com\/wp-content\/uploads\/2025\/07\/Rechargeable-Battery-Pack-36V-15ah-for-Mountain-Bike1-800-800-150x150.webp",150,150,true],"medium":["https:\/\/ecavix.com\/wp-content\/uploads\/2025\/07\/Rechargeable-Battery-Pack-36V-15ah-for-Mountain-Bike1-800-800-300x300.webp",300,300,true],"medium_large":["https:\/\/ecavix.com\/wp-content\/uploads\/2025\/07\/Rechargeable-Battery-Pack-36V-15ah-for-Mountain-Bike1-800-800.webp",550,550,false],"large":["https:\/\/ecavix.com\/wp-content\/uploads\/2025\/07\/Rechargeable-Battery-Pack-36V-15ah-for-Mountain-Bike1-800-800.webp",550,550,false],"1536x1536":["https:\/\/ecavix.com\/wp-content\/uploads\/2025\/07\/Rechargeable-Battery-Pack-36V-15ah-for-Mountain-Bike1-800-800.webp",550,550,false],"2048x2048":["https:\/\/ecavix.com\/wp-content\/uploads\/2025\/07\/Rechargeable-Battery-Pack-36V-15ah-for-Mountain-Bike1-800-800.webp",550,550,false],"trp-custom-language-flag":["https:\/\/ecavix.com\/wp-content\/uploads\/2025\/07\/Rechargeable-Battery-Pack-36V-15ah-for-Mountain-Bike1-800-800.webp",12,12,false],"neve-blog":["https:\/\/ecavix.com\/wp-content\/uploads\/2025\/07\/Rechargeable-Battery-Pack-36V-15ah-for-Mountain-Bike1-800-800.webp",550,550,false],"woocommerce_thumbnail":["https:\/\/ecavix.com\/wp-content\/uploads\/2025\/07\/Rechargeable-Battery-Pack-36V-15ah-for-Mountain-Bike1-800-800-300x300.webp",300,300,true],"woocommerce_single":["https:\/\/ecavix.com\/wp-content\/uploads\/2025\/07\/Rechargeable-Battery-Pack-36V-15ah-for-Mountain-Bike1-800-800.webp",550,550,false],"woocommerce_gallery_thumbnail":["https:\/\/ecavix.com\/wp-content\/uploads\/2025\/07\/Rechargeable-Battery-Pack-36V-15ah-for-Mountain-Bike1-800-800-100x100.webp",100,100,true]},"uagb_author_info":{"display_name":"solvitaenergylimited@gmail.com","author_link":"https:\/\/ecavix.com\/es\/author\/"},"uagb_comment_info":0,"uagb_excerpt":"36V 15Ah rechargeable battery pack for electric motorcycles. Long cycle life, fast charging, and robust performance. CE & RoHS certified.","_links":{"self":[{"href":"https:\/\/ecavix.com\/es\/wp-json\/wp\/v2\/product\/2480","targetHints":{"allow":["GET"]}}],"collection":[{"href":"https:\/\/ecavix.com\/es\/wp-json\/wp\/v2\/product"}],"about":[{"href":"https:\/\/ecavix.com\/es\/wp-json\/wp\/v2\/types\/product"}],"replies":[{"embeddable":true,"href":"https:\/\/ecavix.com\/es\/wp-json\/wp\/v2\/comments?post=2480"}],"wp:featuredmedia":[{"embeddable":true,"href":"https:\/\/ecavix.com\/es\/wp-json\/wp\/v2\/media\/2481"}],"wp:attachment":[{"href":"https:\/\/ecavix.com\/es\/wp-json\/wp\/v2\/media?parent=2480"}],"wp:term":[{"taxonomy":"product_brand","embeddable":true,"href":"https:\/\/ecavix.com\/es\/wp-json\/wp\/v2\/product_brand?post=2480"},{"taxonomy":"product_cat","embeddable":true,"href":"https:\/\/ecavix.com\/es\/wp-json\/wp\/v2\/product_cat?post=2480"},{"taxonomy":"product_tag","embeddable":true,"href":"https:\/\/ecavix.com\/es\/wp-json\/wp\/v2\/product_tag?post=2480"}],"curies":[{"name":"wp","href":"https:\/\/api.w.org\/{rel}","templated":true}]}}