{"id":2459,"date":"2025-07-18T08:54:10","date_gmt":"2025-07-18T08:54:10","guid":{"rendered":"https:\/\/ecavix.com\/?post_type=product&#038;p=2459"},"modified":"2025-07-18T08:55:34","modified_gmt":"2025-07-18T08:55:34","slug":"2025-nuevo-producto-bateria-de-iones-de-litio-18650-para-bicicleta-electrica-36-v-10-ah","status":"publish","type":"product","link":"https:\/\/ecavix.com\/es\/product\/2025-new-product-lithium-ion-18650-cell-electric-ebike-36v-10ah-battery\/","title":{"rendered":"2025 Nuevo Producto Ion de Litio 18650 Celda El\u00e9ctrica Ebike 36V 10ah Bater\u00eda"},"content":{"rendered":"<br \/>\n<h1>Bater\u00eda de iones de litio de 36 V y 10 Ah para portaequipajes trasero<\/h1>\n<h2>Productos<\/h2>\n<table>\n<tr>\n<th>Modelo<\/th>\n<td>DL-3610<\/td>\n<\/tr>\n<tr>\n<th>Tipo de bater\u00eda<\/th>\n<td>I\u00f3n-litio (tipo portaequipajes trasero)<\/td>\n<\/tr>\n<tr>\n<th>Tensi\u00f3n nominal<\/th>\n<td>36V<\/td>\n<\/tr>\n<tr>\n<th>Capacidad nominal<\/th>\n<td>10Ah<\/td>\n<\/tr>\n<tr>\n<th>Especificaci\u00f3n celular<\/th>\n<td>Celdas 18650 de 3,6 V<\/td>\n<\/tr>\n<tr>\n<th>Combinaci\u00f3n de c\u00e9lulas<\/th>\n<td>10S5P<\/td>\n<\/tr>\n<tr>\n<th>Cantidad total de c\u00e9lulas<\/th>\n<td>50 celdas<\/td>\n<\/tr>\n<tr>\n<th>Corriente de carga m\u00e1xima<\/th>\n<td>5A<\/td>\n<\/tr>\n<tr>\n<th>Corriente de carga est\u00e1ndar<\/th>\n<td>2A<\/td>\n<\/tr>\n<tr>\n<th>Tensi\u00f3n de carga<\/th>\n<td>42V<\/td>\n<\/tr>\n<tr>\n<th>Tensi\u00f3n de corte de descarga<\/th>\n<td>28 V (t\u00edpico)<\/td>\n<\/tr>\n<tr>\n<th>Ciclo de vida<\/th>\n<td>&gt;500 ciclos<\/td>\n<\/tr>\n<tr>\n<th>Opciones de color<\/th>\n<td>Plata \/ Negro<\/td>\n<\/tr>\n<tr>\n<th>Material del malet\u00edn<\/th>\n<td>Aleaci\u00f3n + PC\/ABS<\/td>\n<\/tr>\n<tr>\n<th>Dimensiones<\/th>\n<td>385 \u00d7 115 \u00d7 80 mm<\/td>\n<\/tr>\n<tr>\n<th>Peso<\/th>\n<td>Aproximadamente 3,5 kg.<\/td>\n<\/tr>\n<tr>\n<th>Garant\u00eda<\/th>\n<td>1 a\u00f1o<\/td>\n<\/tr>\n<tr>\n<th>Origen<\/th>\n<td>China<\/td>\n<\/tr>\n<tr>\n<th>Puerto<\/th>\n<td>Shenzhen, China<\/td>\n<\/tr>\n<tr>\n<th>Capacidad de producci\u00f3n<\/th>\n<td>10 000 juegos por semana<\/td>\n<\/tr>\n<tr>\n<th>Condiciones de pago<\/th>\n<td>T\/T, Western Union, Paypal<\/td>\n<\/tr>\n<\/table>\n<h2>Caracter\u00edsticas principales<\/h2>\n<div class=\"features-grid\">\n<div class=\"feature-box\">\n<h3>Dise\u00f1o de la cremallera trasera<\/h3>\n<p>Integraci\u00f3n c\u00f3moda y elegante en los portaequipajes traseros de las bicicletas el\u00e9ctricas.<\/p>\n<\/p><\/div>\n<div class=\"feature-box\">\n<h3>Energ\u00eda fiable<\/h3>\n<p>La salida de 36 V admite motores de hasta 500 W con una fuerte aceleraci\u00f3n.<\/p>\n<\/p><\/div>\n<div class=\"feature-box\">\n<h3>Construcci\u00f3n duradera<\/h3>\n<p>La resistente carcasa de PC+ABS y aleaci\u00f3n de aluminio garantiza una protecci\u00f3n duradera.<\/p>\n<\/p><\/div>\n<div class=\"feature-box\">\n<h3>Sistema inteligente de gesti\u00f3n de energ\u00eda (BMS)<\/h3>\n<p>Incluye protecci\u00f3n contra sobrecarga, descarga excesiva, cortocircuito y corriente.<\/p>\n<\/p><\/div>\n<\/p><\/div>\n<h2>Aplicaciones<\/h2>\n<ul>\n<li>Bicicletas el\u00e9ctricas urbanas<\/li>\n<li>Bicicletas el\u00e9ctricas con portaequipajes trasero<\/li>\n<li>Conversiones de bicicletas el\u00e9ctricas DIY<\/li>\n<li>Bicicletas el\u00e9ctricas ligeras para turismo<\/li>\n<\/ul>","protected":false},"excerpt":{"rendered":"<p>Bater\u00eda de iones de litio de 36 V y 10 Ah con dise\u00f1o de portaequipajes trasero. Bater\u00eda de alto rendimiento con carcasa de ABS + aleaci\u00f3n para bicicletas el\u00e9ctricas.<\/p>","protected":false},"featured_media":2462,"comment_status":"open","ping_status":"closed","template":"","meta":{"_uag_custom_page_level_css":"","neve_meta_sidebar":"","neve_meta_container":"","neve_meta_enable_content_width":"off","neve_meta_content_width":100,"neve_meta_title_alignment":"","neve_meta_author_avatar":"","neve_post_elements_order":"","neve_meta_disable_header":"","neve_meta_disable_footer":"","neve_meta_disable_title":""},"product_brand":[],"product_cat":[47,45,43],"product_tag":[],"class_list":{"0":"post-2459","1":"product","2":"type-product","3":"status-publish","4":"has-post-thumbnail","6":"product_cat-36v-e-bike-battery","7":"product_cat-e-bike-battery","8":"product_cat-power-battery","10":"first","11":"instock","12":"shipping-taxable","13":"product-type-simple"},"uagb_featured_image_src":{"full":["https:\/\/ecavix.com\/wp-content\/uploads\/2025\/07\/2020-New-Product-Lithium-Ion-18650-Cell-Electric-Ebike-36V-10ah-Battery6-800-800.webp",550,550,false],"thumbnail":["https:\/\/ecavix.com\/wp-content\/uploads\/2025\/07\/2020-New-Product-Lithium-Ion-18650-Cell-Electric-Ebike-36V-10ah-Battery6-800-800-150x150.webp",150,150,true],"medium":["https:\/\/ecavix.com\/wp-content\/uploads\/2025\/07\/2020-New-Product-Lithium-Ion-18650-Cell-Electric-Ebike-36V-10ah-Battery6-800-800-300x300.webp",300,300,true],"medium_large":["https:\/\/ecavix.com\/wp-content\/uploads\/2025\/07\/2020-New-Product-Lithium-Ion-18650-Cell-Electric-Ebike-36V-10ah-Battery6-800-800.webp",550,550,false],"large":["https:\/\/ecavix.com\/wp-content\/uploads\/2025\/07\/2020-New-Product-Lithium-Ion-18650-Cell-Electric-Ebike-36V-10ah-Battery6-800-800.webp",550,550,false],"1536x1536":["https:\/\/ecavix.com\/wp-content\/uploads\/2025\/07\/2020-New-Product-Lithium-Ion-18650-Cell-Electric-Ebike-36V-10ah-Battery6-800-800.webp",550,550,false],"2048x2048":["https:\/\/ecavix.com\/wp-content\/uploads\/2025\/07\/2020-New-Product-Lithium-Ion-18650-Cell-Electric-Ebike-36V-10ah-Battery6-800-800.webp",550,550,false],"trp-custom-language-flag":["https:\/\/ecavix.com\/wp-content\/uploads\/2025\/07\/2020-New-Product-Lithium-Ion-18650-Cell-Electric-Ebike-36V-10ah-Battery6-800-800.webp",12,12,false],"neve-blog":["https:\/\/ecavix.com\/wp-content\/uploads\/2025\/07\/2020-New-Product-Lithium-Ion-18650-Cell-Electric-Ebike-36V-10ah-Battery6-800-800.webp",550,550,false],"woocommerce_thumbnail":["https:\/\/ecavix.com\/wp-content\/uploads\/2025\/07\/2020-New-Product-Lithium-Ion-18650-Cell-Electric-Ebike-36V-10ah-Battery6-800-800-300x300.webp",300,300,true],"woocommerce_single":["https:\/\/ecavix.com\/wp-content\/uploads\/2025\/07\/2020-New-Product-Lithium-Ion-18650-Cell-Electric-Ebike-36V-10ah-Battery6-800-800.webp",550,550,false],"woocommerce_gallery_thumbnail":["https:\/\/ecavix.com\/wp-content\/uploads\/2025\/07\/2020-New-Product-Lithium-Ion-18650-Cell-Electric-Ebike-36V-10ah-Battery6-800-800-100x100.webp",100,100,true]},"uagb_author_info":{"display_name":"solvitaenergylimited@gmail.com","author_link":"https:\/\/ecavix.com\/es\/author\/"},"uagb_comment_info":0,"uagb_excerpt":"36V 10Ah lithium-ion battery pack in rear rack design. High-performance battery with ABS+Alloy case for electric bicycles.","_links":{"self":[{"href":"https:\/\/ecavix.com\/es\/wp-json\/wp\/v2\/product\/2459","targetHints":{"allow":["GET"]}}],"collection":[{"href":"https:\/\/ecavix.com\/es\/wp-json\/wp\/v2\/product"}],"about":[{"href":"https:\/\/ecavix.com\/es\/wp-json\/wp\/v2\/types\/product"}],"replies":[{"embeddable":true,"href":"https:\/\/ecavix.com\/es\/wp-json\/wp\/v2\/comments?post=2459"}],"wp:featuredmedia":[{"embeddable":true,"href":"https:\/\/ecavix.com\/es\/wp-json\/wp\/v2\/media\/2462"}],"wp:attachment":[{"href":"https:\/\/ecavix.com\/es\/wp-json\/wp\/v2\/media?parent=2459"}],"wp:term":[{"taxonomy":"product_brand","embeddable":true,"href":"https:\/\/ecavix.com\/es\/wp-json\/wp\/v2\/product_brand?post=2459"},{"taxonomy":"product_cat","embeddable":true,"href":"https:\/\/ecavix.com\/es\/wp-json\/wp\/v2\/product_cat?post=2459"},{"taxonomy":"product_tag","embeddable":true,"href":"https:\/\/ecavix.com\/es\/wp-json\/wp\/v2\/product_tag?post=2459"}],"curies":[{"name":"wp","href":"https:\/\/api.w.org\/{rel}","templated":true}]}}