{"id":2449,"date":"2025-07-18T08:22:52","date_gmt":"2025-07-18T08:22:52","guid":{"rendered":"https:\/\/ecavix.com\/?post_type=product&#038;p=2449"},"modified":"2025-08-05T06:50:08","modified_gmt":"2025-08-05T06:50:08","slug":"bateria-recargable-de-litio-para-bicicleta-electrica-250-1000w","status":"publish","type":"product","link":"https:\/\/ecavix.com\/es\/product\/lithium-rechargeable-battery-for-250-1000w-electric-bike\/","title":{"rendered":"Bater\u00eda recargable de litio para bicicleta el\u00e9ctrica de 250-1000W"},"content":{"rendered":"<br \/>\n<h1>Bater\u00eda de litio de 36 V para bicicleta el\u00e9ctrica<\/h1>\n<h2>Productos<\/h2>\n<table>\n<tr>\n<th>Modelo<\/th>\n<td>DL-3610<\/td>\n<\/tr>\n<tr>\n<th>Tipo de bater\u00eda<\/th>\n<td>Bater\u00eda de litio 18650<\/td>\n<\/tr>\n<tr>\n<th>Tensi\u00f3n nominal<\/th>\n<td>36V<\/td>\n<\/tr>\n<tr>\n<th>Capacidad nominal<\/th>\n<td>10Ah,15Ah<\/td>\n<\/tr>\n<tr>\n<th>Configuraci\u00f3n<\/th>\n<td>10S4P (10 en serie, 4 en paralelo)<\/td>\n<\/tr>\n<tr>\n<th>Tensi\u00f3n de carga<\/th>\n<td>42V<\/td>\n<\/tr>\n<tr>\n<th>Corriente de carga est\u00e1ndar<\/th>\n<td>2A<\/td>\n<\/tr>\n<tr>\n<th>Corriente de descarga continua<\/th>\n<td>15A,30A<\/td>\n<\/tr>\n<tr>\n<th>Tensi\u00f3n de corte de descarga<\/th>\n<td>28V<\/td>\n<\/tr>\n<tr>\n<th>Ciclo de vida<\/th>\n<td>500 ciclos<\/td>\n<\/tr>\n<tr>\n<th>Garant\u00eda<\/th>\n<td>1 a\u00f1o<\/td>\n<\/tr>\n<tr>\n<th>Protecci\u00f3n BMS<\/th>\n<td>Sobrecarga, descarga excesiva, sobrecorriente, cortocircuito.<\/td>\n<\/tr>\n<tr>\n<th>Ajustar la potencia del motor<\/th>\n<td>250W-1000W<\/td>\n<\/tr>\n<tr>\n<th>Temperatura de carga<\/th>\n<td>0\u00b0C ~ 45\u00b0C<\/td>\n<\/tr>\n<tr>\n<th>Temperatura de descarga<\/th>\n<td>-20\u00b0C ~ 60\u00b0C<\/td>\n<\/tr>\n<tr>\n<th>Peso<\/th>\n<td>3,5 kg - 4 kg<\/td>\n<\/tr>\n<tr>\n<th>Dimensiones<\/th>\n<td>367 \u00d7 90 \u00d7 111 mm<\/td>\n<\/tr>\n<tr>\n<th>Color<\/th>\n<td>Negro<\/td>\n<\/tr>\n<tr>\n<th>Origen<\/th>\n<td>China<\/td>\n<\/tr>\n<tr>\n<th>Puerto<\/th>\n<td>Shenzhen, China<\/td>\n<\/tr>\n<tr>\n<th>Capacidad de producci\u00f3n<\/th>\n<td>5000 unidades por semana<\/td>\n<\/tr>\n<tr>\n<th>Condiciones de pago<\/th>\n<td>L\/C, T\/T, D\/P, Western Union, Paypal, Money Gram, efectivo<\/td>\n<\/tr>\n<tr>\n<th>Embalaje<\/th>\n<td>EPE Pearl Algod\u00f3n + Cart\u00f3n Grueso<\/td>\n<\/tr>\n<\/table>\n<h2>Caracter\u00edsticas principales<\/h2>\n<div class=\"features-grid\">\n<div class=\"feature-box\">\n<h3>Energ\u00eda fiable<\/h3>\n<p>Salida estable de 36V con capacidad de 10Ah, ideal para e-bikes de hasta 1000W de potencia de motor.<\/p>\n<\/p><\/div>\n<div class=\"feature-box\">\n<h3>Carcasa duradera<\/h3>\n<p>La carcasa protectora con embalaje de espuma EPE garantiza un transporte seguro y un uso duradero.<\/p>\n<\/p><\/div>\n<div class=\"feature-box\">\n<h3>Protecci\u00f3n BMS segura<\/h3>\n<p>BMS integrado para protecci\u00f3n contra sobrecarga, sobredescarga y cortocircuito.<\/p>\n<\/p><\/div>\n<div class=\"feature-box\">\n<h3>Compacto y ligero<\/h3>\n<p>S\u00f3lo pesa 3,5 kg y es f\u00e1cil de instalar en bicicletas el\u00e9ctricas est\u00e1ndar.<\/p>\n<\/p><\/div>\n<\/p><\/div>\n<h2>Aplicaciones<\/h2>\n<ul>\n<li>Bicicletas el\u00e9ctricas (motores de 250W - 1000W)<\/li>\n<li>Dispositivos personales de movilidad el\u00e9ctrica<\/li>\n<li>Bicicletas el\u00e9ctricas de paseo y de uso recreativo<\/li>\n<li>Veh\u00edculos el\u00e9ctricos ligeros<\/li>\n<\/ul>","protected":false},"excerpt":{"rendered":"<p>Bater\u00eda de litio recargable de 36V 10Ah 15AH con celdas 18650 y configuraci\u00f3n 10S4P, ideal para bicicletas el\u00e9ctricas de 250W-1000W. Fiable, ligera y de larga duraci\u00f3n.<\/p>","protected":false},"featured_media":3052,"comment_status":"closed","ping_status":"closed","template":"","meta":{"_uag_custom_page_level_css":"","neve_meta_sidebar":"","neve_meta_container":"","neve_meta_enable_content_width":"off","neve_meta_content_width":100,"neve_meta_title_alignment":"","neve_meta_author_avatar":"","neve_post_elements_order":"","neve_meta_disable_header":"","neve_meta_disable_footer":"","neve_meta_disable_title":""},"product_brand":[],"product_cat":[47,45,43],"product_tag":[],"class_list":{"0":"post-2449","1":"product","2":"type-product","3":"status-publish","4":"has-post-thumbnail","6":"product_cat-36v-e-bike-battery","7":"product_cat-e-bike-battery","8":"product_cat-power-battery","10":"first","11":"instock","12":"shipping-taxable","13":"product-type-simple"},"uagb_featured_image_src":{"full":["https:\/\/ecavix.com\/wp-content\/uploads\/2025\/07\/ElectricBicycle04-scaled.jpg",2560,1844,false],"thumbnail":["https:\/\/ecavix.com\/wp-content\/uploads\/2025\/07\/ElectricBicycle04-150x150.jpg",150,150,true],"medium":["https:\/\/ecavix.com\/wp-content\/uploads\/2025\/07\/ElectricBicycle04-300x216.jpg",300,216,true],"medium_large":["https:\/\/ecavix.com\/wp-content\/uploads\/2025\/07\/ElectricBicycle04-768x553.jpg",768,553,true],"large":["https:\/\/ecavix.com\/wp-content\/uploads\/2025\/07\/ElectricBicycle04-1024x738.jpg",1024,738,true],"1536x1536":["https:\/\/ecavix.com\/wp-content\/uploads\/2025\/07\/ElectricBicycle04-1536x1107.jpg",1536,1107,true],"2048x2048":["https:\/\/ecavix.com\/wp-content\/uploads\/2025\/07\/ElectricBicycle04-2048x1475.jpg",2048,1475,true],"trp-custom-language-flag":["https:\/\/ecavix.com\/wp-content\/uploads\/2025\/07\/ElectricBicycle04-scaled.jpg",18,12,false],"neve-blog":["https:\/\/ecavix.com\/wp-content\/uploads\/2025\/07\/ElectricBicycle04-930x620.jpg",930,620,true],"woocommerce_thumbnail":["https:\/\/ecavix.com\/wp-content\/uploads\/2025\/07\/ElectricBicycle04-300x300.jpg",300,300,true],"woocommerce_single":["https:\/\/ecavix.com\/wp-content\/uploads\/2025\/07\/ElectricBicycle04-600x432.jpg",600,432,true],"woocommerce_gallery_thumbnail":["https:\/\/ecavix.com\/wp-content\/uploads\/2025\/07\/ElectricBicycle04-100x100.jpg",100,100,true]},"uagb_author_info":{"display_name":"solvitaenergylimited@gmail.com","author_link":"https:\/\/ecavix.com\/es\/author\/"},"uagb_comment_info":0,"uagb_excerpt":"36V 10Ah 15AH rechargeable lithium battery with 18650 cells and 10S4P configuration, ideal for 250W\u20131000W electric bikes. Reliable, lightweight, and long-lasting.","_links":{"self":[{"href":"https:\/\/ecavix.com\/es\/wp-json\/wp\/v2\/product\/2449","targetHints":{"allow":["GET"]}}],"collection":[{"href":"https:\/\/ecavix.com\/es\/wp-json\/wp\/v2\/product"}],"about":[{"href":"https:\/\/ecavix.com\/es\/wp-json\/wp\/v2\/types\/product"}],"replies":[{"embeddable":true,"href":"https:\/\/ecavix.com\/es\/wp-json\/wp\/v2\/comments?post=2449"}],"wp:featuredmedia":[{"embeddable":true,"href":"https:\/\/ecavix.com\/es\/wp-json\/wp\/v2\/media\/3052"}],"wp:attachment":[{"href":"https:\/\/ecavix.com\/es\/wp-json\/wp\/v2\/media?parent=2449"}],"wp:term":[{"taxonomy":"product_brand","embeddable":true,"href":"https:\/\/ecavix.com\/es\/wp-json\/wp\/v2\/product_brand?post=2449"},{"taxonomy":"product_cat","embeddable":true,"href":"https:\/\/ecavix.com\/es\/wp-json\/wp\/v2\/product_cat?post=2449"},{"taxonomy":"product_tag","embeddable":true,"href":"https:\/\/ecavix.com\/es\/wp-json\/wp\/v2\/product_tag?post=2449"}],"curies":[{"name":"wp","href":"https:\/\/api.w.org\/{rel}","templated":true}]}}