{"id":2439,"date":"2025-07-18T07:20:18","date_gmt":"2025-07-18T07:20:18","guid":{"rendered":"https:\/\/ecavix.com\/?post_type=product&#038;p=2439"},"modified":"2025-07-18T07:20:19","modified_gmt":"2025-07-18T07:20:19","slug":"personalizado-60v-20ah-moto-electrica-bateria-de-litio","status":"publish","type":"product","link":"https:\/\/ecavix.com\/es\/product\/customized-60v-20ah-electric-motorcycle-lithium-battery-pack\/","title":{"rendered":"Personalizado 60V 20ah Motocicleta El\u00e9ctrica Bater\u00eda de Litio"},"content":{"rendered":"<br \/>\n<h1>60V 20Ah Moto El\u00e9ctrica Bater\u00eda de Litio<\/h1>\n<h2>Productos<\/h2>\n<table>\n<tr>\n<th>Modelo<\/th>\n<td>DL-6020LP\/16S2P<\/td>\n<\/tr>\n<tr>\n<th>Tensi\u00f3n nominal<\/th>\n<td>60 V<\/td>\n<\/tr>\n<tr>\n<th>Capacidad nominal<\/th>\n<td>20Ah<\/td>\n<\/tr>\n<tr>\n<th>Qu\u00edmica de la bater\u00eda<\/th>\n<td>Pol\u00edmero de litio (LiPo)<\/td>\n<\/tr>\n<tr>\n<th>Configuraci\u00f3n de la bater\u00eda<\/th>\n<td>16S2P<\/td>\n<\/tr>\n<tr>\n<th>Tensi\u00f3n de carga<\/th>\n<td>67.2V<\/td>\n<\/tr>\n<tr>\n<th>M\u00e9todo de cobro<\/th>\n<td>CC\/CV<\/td>\n<\/tr>\n<tr>\n<th>Corriente de carga est\u00e1ndar<\/th>\n<td>4A<\/td>\n<\/tr>\n<tr>\n<th>Corriente de carga m\u00e1xima<\/th>\n<td>20A<\/td>\n<\/tr>\n<tr>\n<th>Corriente de fin de carga<\/th>\n<td>200 mA<\/td>\n<\/tr>\n<tr>\n<th>Corriente de descarga continua<\/th>\n<td>30A<\/td>\n<\/tr>\n<tr>\n<th>Corriente m\u00e1xima de descarga<\/th>\n<td>90A<\/td>\n<\/tr>\n<tr>\n<th>Tensi\u00f3n de corte de descarga<\/th>\n<td>45V<\/td>\n<\/tr>\n<tr>\n<th>Resistencia interna<\/th>\n<td>\u2264 420m\u03a9<\/td>\n<\/tr>\n<tr>\n<th>Ciclo de vida<\/th>\n<td>500 ciclos<\/td>\n<\/tr>\n<tr>\n<th>Talla<\/th>\n<td>220 \u00d7 140 \u00d7 135 mm<\/td>\n<\/tr>\n<tr>\n<th>Peso<\/th>\n<td>7,2 kg<\/td>\n<\/tr>\n<tr>\n<th>Color<\/th>\n<td>PVC retr\u00e1ctil azul<\/td>\n<\/tr>\n<tr>\n<th>Garant\u00eda<\/th>\n<td>1 a\u00f1o<\/td>\n<\/tr>\n<tr>\n<th>Puerto<\/th>\n<td>Shenzhen, China<\/td>\n<\/tr>\n<tr>\n<th>Condiciones de pago<\/th>\n<td>L\/C, T\/T, Paypal, Money Gram<\/td>\n<\/tr>\n<tr>\n<th>Paquete de transporte<\/th>\n<td>Cart\u00f3n est\u00e1ndar para exportaci\u00f3n<\/td>\n<\/tr>\n<\/table>\n<h2>Caracter\u00edsticas principales<\/h2>\n<div class=\"features-grid\">\n<div class=\"feature-box\">\n<h3>Alto rendimiento<\/h3>\n<p>Proporciona hasta 30 A de corriente de descarga continua y 90 A de corriente de pico, ideal para motocicletas y scooters el\u00e9ctricos.<\/p>\n<\/p><\/div>\n<div class=\"feature-box\">\n<h3>Protecci\u00f3n BMS fiable<\/h3>\n<p>El BMS integrado protege contra sobrecarga, sobredescarga, sobrecorriente y cortocircuitos.<\/p>\n<\/p><\/div>\n<div class=\"feature-box\">\n<h3>Bater\u00eda de larga duraci\u00f3n<\/h3>\n<p>Ofrece hasta 500 ciclos de carga\/descarga con retenci\u00f3n de capacidad 80%.<\/p>\n<\/p><\/div>\n<div class=\"feature-box\">\n<h3>Compacto y ligero<\/h3>\n<p>Factor de forma optimizado de 220\u00d7140\u00d7135 mm y peso de 7,2 kg para un dise\u00f1o del veh\u00edculo que ahorre espacio.<\/p>\n<\/p><\/div>\n<\/p><\/div>\n<h2>Principales aplicaciones<\/h2>\n<ul>\n<li>Motocicletas y scooters el\u00e9ctricos<\/li>\n<li>Alumbrado p\u00fablico solar y sistemas aislados de la red<\/li>\n<li>Sistemas port\u00e1tiles de alimentaci\u00f3n y reserva de emergencia<\/li>\n<li>Dispositivos m\u00e9dicos y herramientas electr\u00f3nicas<\/li>\n<li>Electr\u00f3nica de consumo y aplicaciones RC<\/li>\n<\/ul>\n<h2>\u00bfPor qu\u00e9 elegir esta bater\u00eda?<\/h2>\n<ul>\n<li>Sin efecto memoria - recargable en cualquier momento<\/li>\n<li>Qu\u00edmica de pol\u00edmero de litio respetuosa con el medio ambiente<\/li>\n<li>Alta seguridad sin riesgo de incendio o explosi\u00f3n<\/li>\n<li>Baja tasa de autodescarga (\u22643% al mes)<\/li>\n<li>Tama\u00f1o, voltaje y capacidad totalmente personalizables<\/li>\n<\/ul>","protected":false},"excerpt":{"rendered":"<p>Bater\u00eda de pol\u00edmero de litio de 60 V y 20 Ah de alto rendimiento dise\u00f1ada para motocicletas el\u00e9ctricas. Larga vida \u00fatil, alta velocidad de descarga, dise\u00f1o compacto y protecci\u00f3n BMS fiable.<\/p>","protected":false},"featured_media":2431,"comment_status":"open","ping_status":"closed","template":"","meta":{"_uag_custom_page_level_css":"","neve_meta_sidebar":"","neve_meta_container":"","neve_meta_enable_content_width":"off","neve_meta_content_width":100,"neve_meta_title_alignment":"","neve_meta_author_avatar":"","neve_post_elements_order":"","neve_meta_disable_header":"","neve_meta_disable_footer":"","neve_meta_disable_title":""},"product_brand":[],"product_cat":[49,45,43],"product_tag":[],"class_list":{"0":"post-2439","1":"product","2":"type-product","3":"status-publish","4":"has-post-thumbnail","6":"product_cat-60v-e-bike-battery","7":"product_cat-e-bike-battery","8":"product_cat-power-battery","10":"first","11":"instock","12":"shipping-taxable","13":"product-type-simple"},"uagb_featured_image_src":{"full":["https:\/\/ecavix.com\/wp-content\/uploads\/2025\/07\/60V-20ah-Lithium-Polymer-Battery-Battery-for-Electric-Tricycle2-800-800.webp",550,550,false],"thumbnail":["https:\/\/ecavix.com\/wp-content\/uploads\/2025\/07\/60V-20ah-Lithium-Polymer-Battery-Battery-for-Electric-Tricycle2-800-800-150x150.webp",150,150,true],"medium":["https:\/\/ecavix.com\/wp-content\/uploads\/2025\/07\/60V-20ah-Lithium-Polymer-Battery-Battery-for-Electric-Tricycle2-800-800-300x300.webp",300,300,true],"medium_large":["https:\/\/ecavix.com\/wp-content\/uploads\/2025\/07\/60V-20ah-Lithium-Polymer-Battery-Battery-for-Electric-Tricycle2-800-800.webp",550,550,false],"large":["https:\/\/ecavix.com\/wp-content\/uploads\/2025\/07\/60V-20ah-Lithium-Polymer-Battery-Battery-for-Electric-Tricycle2-800-800.webp",550,550,false],"1536x1536":["https:\/\/ecavix.com\/wp-content\/uploads\/2025\/07\/60V-20ah-Lithium-Polymer-Battery-Battery-for-Electric-Tricycle2-800-800.webp",550,550,false],"2048x2048":["https:\/\/ecavix.com\/wp-content\/uploads\/2025\/07\/60V-20ah-Lithium-Polymer-Battery-Battery-for-Electric-Tricycle2-800-800.webp",550,550,false],"trp-custom-language-flag":["https:\/\/ecavix.com\/wp-content\/uploads\/2025\/07\/60V-20ah-Lithium-Polymer-Battery-Battery-for-Electric-Tricycle2-800-800.webp",12,12,false],"neve-blog":["https:\/\/ecavix.com\/wp-content\/uploads\/2025\/07\/60V-20ah-Lithium-Polymer-Battery-Battery-for-Electric-Tricycle2-800-800.webp",550,550,false],"woocommerce_thumbnail":["https:\/\/ecavix.com\/wp-content\/uploads\/2025\/07\/60V-20ah-Lithium-Polymer-Battery-Battery-for-Electric-Tricycle2-800-800-300x300.webp",300,300,true],"woocommerce_single":["https:\/\/ecavix.com\/wp-content\/uploads\/2025\/07\/60V-20ah-Lithium-Polymer-Battery-Battery-for-Electric-Tricycle2-800-800.webp",550,550,false],"woocommerce_gallery_thumbnail":["https:\/\/ecavix.com\/wp-content\/uploads\/2025\/07\/60V-20ah-Lithium-Polymer-Battery-Battery-for-Electric-Tricycle2-800-800-100x100.webp",100,100,true]},"uagb_author_info":{"display_name":"solvitaenergylimited@gmail.com","author_link":"https:\/\/ecavix.com\/es\/author\/"},"uagb_comment_info":0,"uagb_excerpt":"High-performance 60V 20Ah lithium polymer battery pack designed for electric motorcycles. Long cycle life, high discharge rate, compact design, and reliable BMS protection.","_links":{"self":[{"href":"https:\/\/ecavix.com\/es\/wp-json\/wp\/v2\/product\/2439","targetHints":{"allow":["GET"]}}],"collection":[{"href":"https:\/\/ecavix.com\/es\/wp-json\/wp\/v2\/product"}],"about":[{"href":"https:\/\/ecavix.com\/es\/wp-json\/wp\/v2\/types\/product"}],"replies":[{"embeddable":true,"href":"https:\/\/ecavix.com\/es\/wp-json\/wp\/v2\/comments?post=2439"}],"wp:featuredmedia":[{"embeddable":true,"href":"https:\/\/ecavix.com\/es\/wp-json\/wp\/v2\/media\/2431"}],"wp:attachment":[{"href":"https:\/\/ecavix.com\/es\/wp-json\/wp\/v2\/media?parent=2439"}],"wp:term":[{"taxonomy":"product_brand","embeddable":true,"href":"https:\/\/ecavix.com\/es\/wp-json\/wp\/v2\/product_brand?post=2439"},{"taxonomy":"product_cat","embeddable":true,"href":"https:\/\/ecavix.com\/es\/wp-json\/wp\/v2\/product_cat?post=2439"},{"taxonomy":"product_tag","embeddable":true,"href":"https:\/\/ecavix.com\/es\/wp-json\/wp\/v2\/product_tag?post=2439"}],"curies":[{"name":"wp","href":"https:\/\/api.w.org\/{rel}","templated":true}]}}