{"id":2409,"date":"2025-07-18T06:53:51","date_gmt":"2025-07-18T06:53:51","guid":{"rendered":"https:\/\/ecavix.com\/?post_type=product&#038;p=2409"},"modified":"2025-07-18T06:54:52","modified_gmt":"2025-07-18T06:54:52","slug":"bateria-de-litio-recargable-59-2v-23-2ah-li-ion-18650-bateria-para-la-venta-al-por-mayor","status":"publish","type":"product","link":"https:\/\/ecavix.com\/es\/product\/rechargeable-lithium-battery-pack-59-2v-23-2ah-li-ion-18650-battery-for-wholesale\/","title":{"rendered":"Bater\u00eda recargable de litio 59.2V 23.2ah Li Ion 18650 Bater\u00eda para la venta al por mayor"},"content":{"rendered":"<br \/>\n<h1>59.2V 23.2Ah Li-ion 18650 Bater\u00eda para E-Bike y Scooter<\/h1>\n<h2>Productos<\/h2>\n<table>\n<tr>\n<th>Modelo<\/th>\n<td>DL-5923<\/td>\n<\/tr>\n<tr>\n<th>Tensi\u00f3n nominal<\/th>\n<td>59.2V<\/td>\n<\/tr>\n<tr>\n<th>Capacidad nominal<\/th>\n<td>23.2Ah<\/td>\n<\/tr>\n<tr>\n<th>Qu\u00edmica de la bater\u00eda<\/th>\n<td>Li-ion (18650)<\/td>\n<\/tr>\n<tr>\n<th>Configuraci\u00f3n<\/th>\n<td>16S8P<\/td>\n<\/tr>\n<tr>\n<th>Tensi\u00f3n m\u00e1xima de protecci\u00f3n de carga<\/th>\n<td>59.2V<\/td>\n<\/tr>\n<tr>\n<th>Corriente de carga est\u00e1ndar<\/th>\n<td>1C<\/td>\n<\/tr>\n<tr>\n<th>Corriente m\u00e1xima de descarga<\/th>\n<td>2A<\/td>\n<\/tr>\n<tr>\n<th>Tiempo de carga<\/th>\n<td>1-2 horas<\/td>\n<\/tr>\n<tr>\n<th>M\u00e9todo de cobro<\/th>\n<td>CC-CV (Corriente constante - Tensi\u00f3n constante)<\/td>\n<\/tr>\n<tr>\n<th>Ciclo de vida<\/th>\n<td>M\u00e1s de 500 ciclos<\/td>\n<\/tr>\n<tr>\n<th>Recargable<\/th>\n<td>S\u00ed<\/td>\n<\/tr>\n<tr>\n<th>Talla<\/th>\n<td>435 \u00d7 140 \u00d7 60 mm<\/td>\n<\/tr>\n<tr>\n<th>Peso<\/th>\n<td>6,5 kg<\/td>\n<\/tr>\n<tr>\n<th>Garant\u00eda<\/th>\n<td>12 meses<\/td>\n<\/tr>\n<tr>\n<th>Puerto<\/th>\n<td>Shenzhen, China<\/td>\n<\/tr>\n<tr>\n<th>Capacidad de producci\u00f3n<\/th>\n<td>1000 PCS\/Semana<\/td>\n<\/tr>\n<tr>\n<th>Condiciones de pago<\/th>\n<td>Transferencia bancaria, PayPal<\/td>\n<\/tr>\n<\/table>\n<h2>Caracter\u00edsticas principales<\/h2>\n<div class=\"features-grid\">\n<div class=\"feature-box\">\n<h3>Salida de alta tensi\u00f3n<\/h3>\n<p>La tensi\u00f3n nominal de 59,2 V proporciona una energ\u00eda potente para aplicaciones de alto rendimiento.<\/p>\n<\/p><\/div>\n<div class=\"feature-box\">\n<h3>Circuito de protecci\u00f3n avanzado<\/h3>\n<p>Equipado con BMS que ofrece protecci\u00f3n contra sobrecarga, sobredescarga, cortocircuito y sobrecarga.<\/p>\n<\/p><\/div>\n<div class=\"feature-box\">\n<h3>Larga vida \u00fatil<\/h3>\n<p>M\u00e1s de 500 ciclos de carga\/descarga con retenci\u00f3n de capacidad de hasta 80%.<\/p>\n<\/p><\/div>\n<div class=\"feature-box\">\n<h3>Amplia gama de temperaturas<\/h3>\n<p>Funciona de forma fiable tanto en condiciones de carga (0-45\u00b0C) como de descarga (-20-60\u00b0C).<\/p>\n<\/p><\/div>\n<\/p><\/div>\n<h2>\u00c1mbitos de aplicaci\u00f3n<\/h2>\n<ul>\n<li>Scooters el\u00e9ctricos<\/li>\n<li>Bicicletas el\u00e9ctricas<\/li>\n<li>Sistemas de almacenamiento de energ\u00eda<\/li>\n<li>Centrales el\u00e9ctricas port\u00e1tiles<\/li>\n<li>Proyectos de bricolaje<\/li>\n<\/ul>\n<h2>\u00bfPor qu\u00e9 elegir esta bater\u00eda?<\/h2>\n<ul>\n<li>Salida estable de 59,2 V con alta eficiencia energ\u00e9tica<\/li>\n<li>Autodescarga mensual m\u00ednima (&lt;10%)<\/li>\n<li>Tama\u00f1o compacto para facilitar la integraci\u00f3n en m\u00faltiples sistemas<\/li>\n<li>Materiales ecol\u00f3gicos y reciclables<\/li>\n<li>Compatible con personalizaci\u00f3n OEM y branding<\/li>\n<\/ul>","protected":false},"excerpt":{"rendered":"<p>Bater\u00eda recargable Li-ion 18650 de 59,2 V y 23,2 Ah de alto rendimiento con protecci\u00f3n BMS para bicicletas el\u00e9ctricas, scooters y aplicaciones de almacenamiento de energ\u00eda.<\/p>","protected":false},"featured_media":2284,"comment_status":"open","ping_status":"closed","template":"","meta":{"_uag_custom_page_level_css":"","neve_meta_sidebar":"","neve_meta_container":"","neve_meta_enable_content_width":"off","neve_meta_content_width":100,"neve_meta_title_alignment":"","neve_meta_author_avatar":"","neve_post_elements_order":"","neve_meta_disable_header":"","neve_meta_disable_footer":"","neve_meta_disable_title":""},"product_brand":[],"product_cat":[49,45,43],"product_tag":[],"class_list":{"0":"post-2409","1":"product","2":"type-product","3":"status-publish","4":"has-post-thumbnail","6":"product_cat-60v-e-bike-battery","7":"product_cat-e-bike-battery","8":"product_cat-power-battery","10":"first","11":"instock","12":"shipping-taxable","13":"product-type-simple"},"uagb_featured_image_src":{"full":["https:\/\/ecavix.com\/wp-content\/uploads\/2025\/07\/59-2V-25-6ah-Rechargeable-Lithium-Ion-Battery-Pack-for-18650-Battery-Pack5-800-800.png",550,550,false],"thumbnail":["https:\/\/ecavix.com\/wp-content\/uploads\/2025\/07\/59-2V-25-6ah-Rechargeable-Lithium-Ion-Battery-Pack-for-18650-Battery-Pack5-800-800-150x150.png",150,150,true],"medium":["https:\/\/ecavix.com\/wp-content\/uploads\/2025\/07\/59-2V-25-6ah-Rechargeable-Lithium-Ion-Battery-Pack-for-18650-Battery-Pack5-800-800-300x300.png",300,300,true],"medium_large":["https:\/\/ecavix.com\/wp-content\/uploads\/2025\/07\/59-2V-25-6ah-Rechargeable-Lithium-Ion-Battery-Pack-for-18650-Battery-Pack5-800-800.png",550,550,false],"large":["https:\/\/ecavix.com\/wp-content\/uploads\/2025\/07\/59-2V-25-6ah-Rechargeable-Lithium-Ion-Battery-Pack-for-18650-Battery-Pack5-800-800.png",550,550,false],"1536x1536":["https:\/\/ecavix.com\/wp-content\/uploads\/2025\/07\/59-2V-25-6ah-Rechargeable-Lithium-Ion-Battery-Pack-for-18650-Battery-Pack5-800-800.png",550,550,false],"2048x2048":["https:\/\/ecavix.com\/wp-content\/uploads\/2025\/07\/59-2V-25-6ah-Rechargeable-Lithium-Ion-Battery-Pack-for-18650-Battery-Pack5-800-800.png",550,550,false],"trp-custom-language-flag":["https:\/\/ecavix.com\/wp-content\/uploads\/2025\/07\/59-2V-25-6ah-Rechargeable-Lithium-Ion-Battery-Pack-for-18650-Battery-Pack5-800-800.png",12,12,false],"neve-blog":["https:\/\/ecavix.com\/wp-content\/uploads\/2025\/07\/59-2V-25-6ah-Rechargeable-Lithium-Ion-Battery-Pack-for-18650-Battery-Pack5-800-800.png",550,550,false],"woocommerce_thumbnail":["https:\/\/ecavix.com\/wp-content\/uploads\/2025\/07\/59-2V-25-6ah-Rechargeable-Lithium-Ion-Battery-Pack-for-18650-Battery-Pack5-800-800-300x300.png",300,300,true],"woocommerce_single":["https:\/\/ecavix.com\/wp-content\/uploads\/2025\/07\/59-2V-25-6ah-Rechargeable-Lithium-Ion-Battery-Pack-for-18650-Battery-Pack5-800-800.png",550,550,false],"woocommerce_gallery_thumbnail":["https:\/\/ecavix.com\/wp-content\/uploads\/2025\/07\/59-2V-25-6ah-Rechargeable-Lithium-Ion-Battery-Pack-for-18650-Battery-Pack5-800-800-100x100.png",100,100,true]},"uagb_author_info":{"display_name":"solvitaenergylimited@gmail.com","author_link":"https:\/\/ecavix.com\/es\/author\/"},"uagb_comment_info":0,"uagb_excerpt":"High-performance 59.2V 23.2Ah rechargeable Li-ion 18650 battery pack with BMS protection for electric bikes, scooters, and energy storage applications.","_links":{"self":[{"href":"https:\/\/ecavix.com\/es\/wp-json\/wp\/v2\/product\/2409","targetHints":{"allow":["GET"]}}],"collection":[{"href":"https:\/\/ecavix.com\/es\/wp-json\/wp\/v2\/product"}],"about":[{"href":"https:\/\/ecavix.com\/es\/wp-json\/wp\/v2\/types\/product"}],"replies":[{"embeddable":true,"href":"https:\/\/ecavix.com\/es\/wp-json\/wp\/v2\/comments?post=2409"}],"wp:featuredmedia":[{"embeddable":true,"href":"https:\/\/ecavix.com\/es\/wp-json\/wp\/v2\/media\/2284"}],"wp:attachment":[{"href":"https:\/\/ecavix.com\/es\/wp-json\/wp\/v2\/media?parent=2409"}],"wp:term":[{"taxonomy":"product_brand","embeddable":true,"href":"https:\/\/ecavix.com\/es\/wp-json\/wp\/v2\/product_brand?post=2409"},{"taxonomy":"product_cat","embeddable":true,"href":"https:\/\/ecavix.com\/es\/wp-json\/wp\/v2\/product_cat?post=2409"},{"taxonomy":"product_tag","embeddable":true,"href":"https:\/\/ecavix.com\/es\/wp-json\/wp\/v2\/product_tag?post=2409"}],"curies":[{"name":"wp","href":"https:\/\/api.w.org\/{rel}","templated":true}]}}