{"id":2401,"date":"2025-07-18T06:35:49","date_gmt":"2025-07-18T06:35:49","guid":{"rendered":"https:\/\/ecavix.com\/?post_type=product&#038;p=2401"},"modified":"2025-07-18T06:35:49","modified_gmt":"2025-07-18T06:35:49","slug":"paquete-de-baterias-para-vehiculos-electricos-personalizado-48v-15ah-750w","status":"publish","type":"product","link":"https:\/\/ecavix.com\/es\/product\/customized-48v-15ah-750w-electric-vehicle-battery-pack\/","title":{"rendered":"Bater\u00eda para veh\u00edculo el\u00e9ctrico 48V 15ah 750W personalizada"},"content":{"rendered":"<h1>Bater\u00eda para veh\u00edculo el\u00e9ctrico de 48V 15Ah 750W<\/h1>\n<h2>Productos<\/h2>\n<table>\n<tr>\n<th>Modelo<\/th>\n<td>DL-4815\/13S6P<\/td>\n<\/tr>\n<tr>\n<th>Tensi\u00f3n nominal<\/th>\n<td>48V<\/td>\n<\/tr>\n<tr>\n<th>Tensi\u00f3n de carga<\/th>\n<td>54.6V<\/td>\n<\/tr>\n<tr>\n<th>Capacidad nominal<\/th>\n<td>15Ah<\/td>\n<\/tr>\n<tr>\n<th>Tipo de bater\u00eda<\/th>\n<td>Bater\u00eda de litio 18650 de grado A<\/td>\n<\/tr>\n<tr>\n<th>Configuraci\u00f3n de la bater\u00eda<\/th>\n<td>13S6P<\/td>\n<\/tr>\n<tr>\n<th>Energ\u00eda de la bater\u00eda<\/th>\n<td>~720Wh<\/td>\n<\/tr>\n<tr>\n<th>Corriente de descarga continua<\/th>\n<td>15A<\/td>\n<\/tr>\n<tr>\n<th>Corriente de descarga moment\u00e1nea<\/th>\n<td>45A<\/td>\n<\/tr>\n<tr>\n<th>Corriente de carga est\u00e1ndar<\/th>\n<td>3A<\/td>\n<\/tr>\n<tr>\n<th>Tiempo de carga<\/th>\n<td>5-6 horas (con cargador de 54,6 V y 3 A)<\/td>\n<\/tr>\n<tr>\n<th>Tensi\u00f3n de corte de descarga<\/th>\n<td>36.4V<\/td>\n<\/tr>\n<tr>\n<th>Temperatura de carga<\/th>\n<td>0~45\u00b0C<\/td>\n<\/tr>\n<tr>\n<th>Temperatura de descarga<\/th>\n<td>-20~60\u00b0C<\/td>\n<\/tr>\n<tr>\n<th>Ciclo de vida<\/th>\n<td>500 veces<\/td>\n<\/tr>\n<tr>\n<th>Protecci\u00f3n BMS<\/th>\n<td>Sobrecarga, sobredescarga, sobrecorriente, cortocircuito<\/td>\n<\/tr>\n<tr>\n<th>Color<\/th>\n<td>PVC azul<\/td>\n<\/tr>\n<tr>\n<th>Peso neto<\/th>\n<td>4 kg<\/td>\n<\/tr>\n<tr>\n<th>Dimensiones<\/th>\n<td>200\u00d7180\u00d770mm<\/td>\n<\/tr>\n<\/table>\n<h2>Caracter\u00edsticas principales<\/h2>\n<div class=\"features-grid\">\n<div class=\"feature-box\">\n<h3>Alta seguridad<\/h3>\n<p>Equipada con BMS integrado para garantizar la protecci\u00f3n contra sobrecargas, descargas y cortocircuitos. Dise\u00f1o no explosivo y a prueba de incendios.<\/p>\n<\/p><\/div>\n<div class=\"feature-box\">\n<h3>Respetuoso con el medio ambiente<\/h3>\n<p>Energ\u00eda limpia y ecol\u00f3gica sin materiales t\u00f3xicos. Seguro tanto para uso en interiores como en exteriores.<\/p>\n<\/p><\/div>\n<div class=\"feature-box\">\n<h3>Alta compatibilidad<\/h3>\n<p>Admite conectores Anderson, DC5521 y otros conectores personalizados. Perfecto para una gran variedad de veh\u00edculos y herramientas el\u00e9ctricas.<\/p>\n<\/p><\/div>\n<div class=\"feature-box\">\n<h3>Eficaz y duradero<\/h3>\n<p>M\u00e1s de 500 ciclos con retenci\u00f3n de capacidad de 70-80%. Baja tasa de autodescarga por debajo de 3% al mes.<\/p>\n<\/p><\/div>\n<\/p><\/div>\n<h2>Principales aplicaciones<\/h2>\n<ul>\n<li>Bicicletas y scooters el\u00e9ctricos<\/li>\n<li>Iluminaci\u00f3n solar y luces de emergencia<\/li>\n<li>Electr\u00f3nica port\u00e1til: Port\u00e1tiles, Tablets, Power Banks<\/li>\n<li>Electrodom\u00e9sticos: Aspiradoras, fregonas el\u00e9ctricas<\/li>\n<li>Productos sanitarios<\/li>\n<li>Herramientas el\u00e9ctricas: Taladros, Cortac\u00e9spedes<\/li>\n<li>Transporte el\u00e9ctrico: Bicicletas el\u00e9ctricas, motocicletas el\u00e9ctricas, carritos de golf y sillas de ruedas el\u00e9ctricas.<\/li>\n<\/ul>\n<h2>\u00bfPor qu\u00e9 elegir esta bater\u00eda?<\/h2>\n<ul>\n<li>Configuraci\u00f3n personalizada con 13S6P y 750 W de potencia<\/li>\n<li>Excelente rendimiento a temperaturas extremas (-20~60\u00b0C)<\/li>\n<li>Tama\u00f1o peque\u00f1o, ligero y compacto<\/li>\n<li>Certificaciones CE, RoHS y MSDS superadas<\/li>\n<li>12 meses de garant\u00eda con asistencia t\u00e9cnica completa<\/li>\n<\/ul>","protected":false},"excerpt":{"rendered":"<p>pack de bater\u00edas de iones de litio personalizado de 48V 15Ah 750W para bicicletas y scooters el\u00e9ctricos con BMS integrado y celdas 18650.<\/p>","protected":false},"featured_media":2405,"comment_status":"open","ping_status":"closed","template":"","meta":{"_uag_custom_page_level_css":"","neve_meta_sidebar":"","neve_meta_container":"","neve_meta_enable_content_width":"off","neve_meta_content_width":100,"neve_meta_title_alignment":"","neve_meta_author_avatar":"","neve_post_elements_order":"","neve_meta_disable_header":"","neve_meta_disable_footer":"","neve_meta_disable_title":""},"product_brand":[],"product_cat":[53,43,55],"product_tag":[],"class_list":{"0":"post-2401","1":"product","2":"type-product","3":"status-publish","4":"has-post-thumbnail","6":"product_cat-low-speed-electric-vehicle-battery","7":"product_cat-power-battery","8":"product_cat-scooter-battery","10":"first","11":"instock","12":"shipping-taxable","13":"product-type-simple"},"uagb_featured_image_src":{"full":["https:\/\/ecavix.com\/wp-content\/uploads\/2025\/07\/Customized-48V-15ah-750W-Electric-Vehicle-Battery-Pack4-800-800.webp",550,550,false],"thumbnail":["https:\/\/ecavix.com\/wp-content\/uploads\/2025\/07\/Customized-48V-15ah-750W-Electric-Vehicle-Battery-Pack4-800-800-150x150.webp",150,150,true],"medium":["https:\/\/ecavix.com\/wp-content\/uploads\/2025\/07\/Customized-48V-15ah-750W-Electric-Vehicle-Battery-Pack4-800-800-300x300.webp",300,300,true],"medium_large":["https:\/\/ecavix.com\/wp-content\/uploads\/2025\/07\/Customized-48V-15ah-750W-Electric-Vehicle-Battery-Pack4-800-800.webp",550,550,false],"large":["https:\/\/ecavix.com\/wp-content\/uploads\/2025\/07\/Customized-48V-15ah-750W-Electric-Vehicle-Battery-Pack4-800-800.webp",550,550,false],"1536x1536":["https:\/\/ecavix.com\/wp-content\/uploads\/2025\/07\/Customized-48V-15ah-750W-Electric-Vehicle-Battery-Pack4-800-800.webp",550,550,false],"2048x2048":["https:\/\/ecavix.com\/wp-content\/uploads\/2025\/07\/Customized-48V-15ah-750W-Electric-Vehicle-Battery-Pack4-800-800.webp",550,550,false],"trp-custom-language-flag":["https:\/\/ecavix.com\/wp-content\/uploads\/2025\/07\/Customized-48V-15ah-750W-Electric-Vehicle-Battery-Pack4-800-800.webp",12,12,false],"neve-blog":["https:\/\/ecavix.com\/wp-content\/uploads\/2025\/07\/Customized-48V-15ah-750W-Electric-Vehicle-Battery-Pack4-800-800.webp",550,550,false],"woocommerce_thumbnail":["https:\/\/ecavix.com\/wp-content\/uploads\/2025\/07\/Customized-48V-15ah-750W-Electric-Vehicle-Battery-Pack4-800-800-300x300.webp",300,300,true],"woocommerce_single":["https:\/\/ecavix.com\/wp-content\/uploads\/2025\/07\/Customized-48V-15ah-750W-Electric-Vehicle-Battery-Pack4-800-800.webp",550,550,false],"woocommerce_gallery_thumbnail":["https:\/\/ecavix.com\/wp-content\/uploads\/2025\/07\/Customized-48V-15ah-750W-Electric-Vehicle-Battery-Pack4-800-800-100x100.webp",100,100,true]},"uagb_author_info":{"display_name":"solvitaenergylimited@gmail.com","author_link":"https:\/\/ecavix.com\/es\/author\/"},"uagb_comment_info":0,"uagb_excerpt":"customized 48V 15Ah 750W lithium-ion battery pack for electric bicycles and scooters with built-in BMS and 18650 cells.","_links":{"self":[{"href":"https:\/\/ecavix.com\/es\/wp-json\/wp\/v2\/product\/2401","targetHints":{"allow":["GET"]}}],"collection":[{"href":"https:\/\/ecavix.com\/es\/wp-json\/wp\/v2\/product"}],"about":[{"href":"https:\/\/ecavix.com\/es\/wp-json\/wp\/v2\/types\/product"}],"replies":[{"embeddable":true,"href":"https:\/\/ecavix.com\/es\/wp-json\/wp\/v2\/comments?post=2401"}],"wp:featuredmedia":[{"embeddable":true,"href":"https:\/\/ecavix.com\/es\/wp-json\/wp\/v2\/media\/2405"}],"wp:attachment":[{"href":"https:\/\/ecavix.com\/es\/wp-json\/wp\/v2\/media?parent=2401"}],"wp:term":[{"taxonomy":"product_brand","embeddable":true,"href":"https:\/\/ecavix.com\/es\/wp-json\/wp\/v2\/product_brand?post=2401"},{"taxonomy":"product_cat","embeddable":true,"href":"https:\/\/ecavix.com\/es\/wp-json\/wp\/v2\/product_cat?post=2401"},{"taxonomy":"product_tag","embeddable":true,"href":"https:\/\/ecavix.com\/es\/wp-json\/wp\/v2\/product_tag?post=2401"}],"curies":[{"name":"wp","href":"https:\/\/api.w.org\/{rel}","templated":true}]}}