{"id":2396,"date":"2025-07-18T06:26:27","date_gmt":"2025-07-18T06:26:27","guid":{"rendered":"https:\/\/ecavix.com\/?post_type=product&#038;p=2396"},"modified":"2025-07-18T06:26:28","modified_gmt":"2025-07-18T06:26:28","slug":"oem-36v-10ah-20ah-30ah-paquete-de-baterias-recargables-de-iones-de-litio-18650-paquete-de-baterias","status":"publish","type":"product","link":"https:\/\/ecavix.com\/es\/product\/oem-36v-10ah-20ah-30ah-battery-pack-rechargeable-lithium-ion-18650-battery-pack\/","title":{"rendered":"OEM 36V 10ah 20ah 30ah Paquete de bater\u00edas recargables de iones de litio 18650 Paquete de bater\u00edas"},"content":{"rendered":"<h1>Bater\u00eda de iones de litio 36V 10Ah 20Ah 30Ah<\/h1>\n<h2>Productos<\/h2>\n<table>\n<tr>\n<th>Modelo de bater\u00eda<\/th>\n<td>DL-3615<\/td>\n<\/tr>\n<tr>\n<th>Tensi\u00f3n nominal<\/th>\n<td>36V<\/td>\n<\/tr>\n<tr>\n<th>Capacidad nominal<\/th>\n<td>10Ah \/ 20Ah \/ 30Ah (Personalizable)<\/td>\n<\/tr>\n<tr>\n<th>Tipo de bater\u00eda<\/th>\n<td>18650 Pilas de iones de litio<\/td>\n<\/tr>\n<tr>\n<th>Configuraci\u00f3n de la bater\u00eda<\/th>\n<td>10S6P (o personalizar)<\/td>\n<\/tr>\n<tr>\n<th>Voltaje de carga completa<\/th>\n<td>42V<\/td>\n<\/tr>\n<tr>\n<th>Tensi\u00f3n de corte de descarga<\/th>\n<td>25V<\/td>\n<\/tr>\n<tr>\n<th>Corriente de carga<\/th>\n<td>3A (Est\u00e1ndar)<\/td>\n<\/tr>\n<tr>\n<th>Corriente de descarga continua<\/th>\n<td>Personalizable a petici\u00f3n del cliente<\/td>\n<\/tr>\n<tr>\n<th>Temperatura de trabajo (carga)<\/th>\n<td>0\u00b0C ~ 45\u00b0C<\/td>\n<\/tr>\n<tr>\n<th>Temperatura de trabajo (descarga)<\/th>\n<td>-10\u00b0C ~ 55\u00b0C<\/td>\n<\/tr>\n<tr>\n<th>Peso neto<\/th>\n<td>2.812kg<\/td>\n<\/tr>\n<tr>\n<th>Talla<\/th>\n<td>196 x 115 x 67 mm (personalizable)<\/td>\n<\/tr>\n<tr>\n<th>Ciclo de vida<\/th>\n<td>M\u00e1s de 500 veces<\/td>\n<\/tr>\n<tr>\n<th>Garant\u00eda<\/th>\n<td>1 a\u00f1o<\/td>\n<\/tr>\n<tr>\n<th>C\u00f3digo SA<\/th>\n<td>8507600090<\/td>\n<\/tr>\n<\/table>\n<h2>Aplicaciones<\/h2>\n<ul>\n<li>Farolas solares<\/li>\n<li>Veh\u00edculos el\u00e9ctricos<\/li>\n<li>Herramientas el\u00e9ctricas<\/li>\n<li>Coches de golf<\/li>\n<li>Juguetes electr\u00f3nicos<\/li>\n<\/ul>\n<h2>\u00bfPor qu\u00e9 elegirnos?<\/h2>\n<ul>\n<li>Soluciones de bater\u00edas a medida para diversas aplicaciones<\/li>\n<li>Pilas Li-ion 18650 de alta calidad<\/li>\n<li>Capacidad, tensi\u00f3n y configuraciones personalizadas<\/li>\n<li>Rendimiento eficaz y duradero<\/li>\n<li>Protecci\u00f3n contra sobrecarga, sobredescarga y sobrecalentamiento para mayor seguridad<\/li>\n<li>1 a\u00f1o de garant\u00eda con un excelente servicio de atenci\u00f3n al cliente<\/li>\n<\/ul>\n<h2>Env\u00edos y embalajes<\/h2>\n<p>Ofrecemos embalaje seguro y opciones de env\u00edo r\u00e1pido tanto para pedidos peque\u00f1os como grandes:<\/p>\n<ul>\n<li>Pedidos peque\u00f1os: Env\u00edo por v\u00eda a\u00e9rea (DHL, UPS, FedEx)<\/li>\n<li>Pedidos grandes: Enviados por mar (Plazo de entrega: 30-45 d\u00edas)<\/li>\n<\/ul>","protected":false},"excerpt":{"rendered":"<p>Bater\u00eda de iones de litio de 36 V de alto rendimiento para farolas solares, veh\u00edculos el\u00e9ctricos y otras aplicaciones.<\/p>","protected":false},"featured_media":2399,"comment_status":"open","ping_status":"closed","template":"","meta":{"_uag_custom_page_level_css":"","neve_meta_sidebar":"","neve_meta_container":"","neve_meta_enable_content_width":"off","neve_meta_content_width":100,"neve_meta_title_alignment":"","neve_meta_author_avatar":"","neve_post_elements_order":"","neve_meta_disable_header":"","neve_meta_disable_footer":"","neve_meta_disable_title":""},"product_brand":[],"product_cat":[47,45,53,43,55],"product_tag":[],"class_list":{"0":"post-2396","1":"product","2":"type-product","3":"status-publish","4":"has-post-thumbnail","6":"product_cat-36v-e-bike-battery","7":"product_cat-e-bike-battery","8":"product_cat-low-speed-electric-vehicle-battery","9":"product_cat-power-battery","10":"product_cat-scooter-battery","12":"first","13":"instock","14":"shipping-taxable","15":"product-type-simple"},"uagb_featured_image_src":{"full":["https:\/\/ecavix.com\/wp-content\/uploads\/2025\/07\/36V-High-Capacity-Lithium-Battery-Pack-for-Electricnics2-800-800-1.webp",550,550,false],"thumbnail":["https:\/\/ecavix.com\/wp-content\/uploads\/2025\/07\/36V-High-Capacity-Lithium-Battery-Pack-for-Electricnics2-800-800-1-150x150.webp",150,150,true],"medium":["https:\/\/ecavix.com\/wp-content\/uploads\/2025\/07\/36V-High-Capacity-Lithium-Battery-Pack-for-Electricnics2-800-800-1-300x300.webp",300,300,true],"medium_large":["https:\/\/ecavix.com\/wp-content\/uploads\/2025\/07\/36V-High-Capacity-Lithium-Battery-Pack-for-Electricnics2-800-800-1.webp",550,550,false],"large":["https:\/\/ecavix.com\/wp-content\/uploads\/2025\/07\/36V-High-Capacity-Lithium-Battery-Pack-for-Electricnics2-800-800-1.webp",550,550,false],"1536x1536":["https:\/\/ecavix.com\/wp-content\/uploads\/2025\/07\/36V-High-Capacity-Lithium-Battery-Pack-for-Electricnics2-800-800-1.webp",550,550,false],"2048x2048":["https:\/\/ecavix.com\/wp-content\/uploads\/2025\/07\/36V-High-Capacity-Lithium-Battery-Pack-for-Electricnics2-800-800-1.webp",550,550,false],"trp-custom-language-flag":["https:\/\/ecavix.com\/wp-content\/uploads\/2025\/07\/36V-High-Capacity-Lithium-Battery-Pack-for-Electricnics2-800-800-1.webp",12,12,false],"neve-blog":["https:\/\/ecavix.com\/wp-content\/uploads\/2025\/07\/36V-High-Capacity-Lithium-Battery-Pack-for-Electricnics2-800-800-1.webp",550,550,false],"woocommerce_thumbnail":["https:\/\/ecavix.com\/wp-content\/uploads\/2025\/07\/36V-High-Capacity-Lithium-Battery-Pack-for-Electricnics2-800-800-1-300x300.webp",300,300,true],"woocommerce_single":["https:\/\/ecavix.com\/wp-content\/uploads\/2025\/07\/36V-High-Capacity-Lithium-Battery-Pack-for-Electricnics2-800-800-1.webp",550,550,false],"woocommerce_gallery_thumbnail":["https:\/\/ecavix.com\/wp-content\/uploads\/2025\/07\/36V-High-Capacity-Lithium-Battery-Pack-for-Electricnics2-800-800-1-100x100.webp",100,100,true]},"uagb_author_info":{"display_name":"solvitaenergylimited@gmail.com","author_link":"https:\/\/ecavix.com\/es\/author\/"},"uagb_comment_info":0,"uagb_excerpt":"High-performance 36V lithium-ion battery pack for solar street lamps, electric vehicles, and other applications.","_links":{"self":[{"href":"https:\/\/ecavix.com\/es\/wp-json\/wp\/v2\/product\/2396","targetHints":{"allow":["GET"]}}],"collection":[{"href":"https:\/\/ecavix.com\/es\/wp-json\/wp\/v2\/product"}],"about":[{"href":"https:\/\/ecavix.com\/es\/wp-json\/wp\/v2\/types\/product"}],"replies":[{"embeddable":true,"href":"https:\/\/ecavix.com\/es\/wp-json\/wp\/v2\/comments?post=2396"}],"wp:featuredmedia":[{"embeddable":true,"href":"https:\/\/ecavix.com\/es\/wp-json\/wp\/v2\/media\/2399"}],"wp:attachment":[{"href":"https:\/\/ecavix.com\/es\/wp-json\/wp\/v2\/media?parent=2396"}],"wp:term":[{"taxonomy":"product_brand","embeddable":true,"href":"https:\/\/ecavix.com\/es\/wp-json\/wp\/v2\/product_brand?post=2396"},{"taxonomy":"product_cat","embeddable":true,"href":"https:\/\/ecavix.com\/es\/wp-json\/wp\/v2\/product_cat?post=2396"},{"taxonomy":"product_tag","embeddable":true,"href":"https:\/\/ecavix.com\/es\/wp-json\/wp\/v2\/product_tag?post=2396"}],"curies":[{"name":"wp","href":"https:\/\/api.w.org\/{rel}","templated":true}]}}