{"id":2391,"date":"2025-07-18T06:22:44","date_gmt":"2025-07-18T06:22:44","guid":{"rendered":"https:\/\/ecavix.com\/?post_type=product&#038;p=2391"},"modified":"2025-07-18T06:22:45","modified_gmt":"2025-07-18T06:22:45","slug":"10s5p-36v-12ah-bateria-recargable-de-iones-de-litio-18650","status":"publish","type":"product","link":"https:\/\/ecavix.com\/es\/product\/10s5p-36v-12ah-rechargeable-18650-lithium-ion-battery-pack\/","title":{"rendered":"10s5p 36V 12ah Bater\u00eda recargable 18650 de iones de litio"},"content":{"rendered":"<br \/>\n<h1>Bater\u00eda de iones de litio de 36 V y 12 Ah<\/h1>\n<h2>Productos<\/h2>\n<table>\n<tr>\n<th>Modelo de bater\u00eda<\/th>\n<td>DEL-36V12AH<\/td>\n<\/tr>\n<tr>\n<th>Tensi\u00f3n nominal<\/th>\n<td>36V<\/td>\n<\/tr>\n<tr>\n<th>Tensi\u00f3n de carga completa<\/th>\n<td>42V<\/td>\n<\/tr>\n<tr>\n<th>Capacidad nominal<\/th>\n<td>12Ah<\/td>\n<\/tr>\n<tr>\n<th>Tipo de bater\u00eda<\/th>\n<td>18650 Pilas de iones de litio<\/td>\n<\/tr>\n<tr>\n<th>Configuraci\u00f3n de la bater\u00eda<\/th>\n<td>10S5P (o personalizar)<\/td>\n<\/tr>\n<tr>\n<th>Corriente m\u00e1xima de carga\/descarga<\/th>\n<td>5A (ajustable)<\/td>\n<\/tr>\n<tr>\n<th>Pilas de bater\u00eda<\/th>\n<td>Pilas de iones de litio 18650 de grado A<\/td>\n<\/tr>\n<tr>\n<th>PCM<\/th>\n<td>PCM de grado A de 36 V con protecci\u00f3n contra sobrecarga\/descarga y sobrecalentamiento<\/td>\n<\/tr>\n<tr>\n<th>Peso<\/th>\n<td>No proporcionado<\/td>\n<\/tr>\n<tr>\n<th>Dimensiones<\/th>\n<td>Personalizable<\/td>\n<\/tr>\n<tr>\n<th>Color<\/th>\n<td>Azul o personalizado<\/td>\n<\/tr>\n<tr>\n<th>Garant\u00eda<\/th>\n<td>1 a\u00f1o<\/td>\n<\/tr>\n<\/table>\n<h2>Aplicaciones<\/h2>\n<ul>\n<li>Sistemas de iluminaci\u00f3n LED y farolas solares<\/li>\n<li>VTR\/TV port\u00e1tiles, grabadoras, radios<\/li>\n<li>Herramientas el\u00e9ctricas, cortac\u00e9spedes, aspiradoras<\/li>\n<li>C\u00e1maras y equipos fotogr\u00e1ficos<\/li>\n<li>Equipos de medici\u00f3n port\u00e1tiles<\/li>\n<li>Varios juguetes el\u00e9ctricos y equipos recreativos<\/li>\n<li>Sistema de alimentaci\u00f3n ininterrumpida (SAI)<\/li>\n<li>Comunicaciones y equipos el\u00e9ctricos<\/li>\n<li>Sistemas de alumbrado de emergencia<\/li>\n<\/ul>\n<h2>\u00bfPor qu\u00e9 elegirnos?<\/h2>\n<ul>\n<li>Soluciones de bater\u00edas a medida desde 2007<\/li>\n<li>C\u00e9lulas de litio 18650 de grado A de alta calidad<\/li>\n<li>PCM integrado para mayor seguridad: Protecci\u00f3n contra sobrecarga, sobredescarga y sobrecalentamiento<\/li>\n<li>1 a\u00f1o de garant\u00eda con un excelente servicio de atenci\u00f3n al cliente<\/li>\n<li>Configuraciones y tama\u00f1os de bater\u00eda personalizables<\/li>\n<li>Alta eficiencia y larga duraci\u00f3n de la bater\u00eda<\/li>\n<\/ul>\n<h2>Env\u00edos y embalajes<\/h2>\n<p>Nuestras bater\u00edas se embalan de forma segura con embalaje de exportaci\u00f3n est\u00e1ndar, lo que garantiza un transporte seguro. Ofrecemos env\u00edos r\u00e1pidos a trav\u00e9s de DHL, UPS, FedEx o transporte mar\u00edtimo para pedidos al por mayor.<\/p>\n<h3>M\u00e9todos de env\u00edo<\/h3>\n<ul>\n<li>Pedidos peque\u00f1os: Env\u00edo por v\u00eda a\u00e9rea (DHL, UPS, FedEx)<\/li>\n<li>Pedidos grandes: Enviados por mar (Plazo de entrega: 30-45 d\u00edas)<\/li>\n<\/ul>","protected":false},"excerpt":{"rendered":"<p>Bater\u00eda de iones de litio de 36 V y 12 Ah de alto rendimiento para herramientas el\u00e9ctricas, luces solares y otras aplicaciones.<\/p>","protected":false},"featured_media":2395,"comment_status":"open","ping_status":"closed","template":"","meta":{"_uag_custom_page_level_css":"","neve_meta_sidebar":"","neve_meta_container":"","neve_meta_enable_content_width":"off","neve_meta_content_width":100,"neve_meta_title_alignment":"","neve_meta_author_avatar":"","neve_post_elements_order":"","neve_meta_disable_header":"","neve_meta_disable_footer":"","neve_meta_disable_title":""},"product_brand":[],"product_cat":[53,43,55],"product_tag":[],"class_list":{"0":"post-2391","1":"product","2":"type-product","3":"status-publish","4":"has-post-thumbnail","6":"product_cat-low-speed-electric-vehicle-battery","7":"product_cat-power-battery","8":"product_cat-scooter-battery","10":"first","11":"instock","12":"shipping-taxable","13":"product-type-simple"},"uagb_featured_image_src":{"full":["https:\/\/ecavix.com\/wp-content\/uploads\/2025\/07\/10s5p-36V-12ah-Rechargeable-18650-Lithium-Ion-Battery-Pack3-800-800.webp",550,550,false],"thumbnail":["https:\/\/ecavix.com\/wp-content\/uploads\/2025\/07\/10s5p-36V-12ah-Rechargeable-18650-Lithium-Ion-Battery-Pack3-800-800-150x150.webp",150,150,true],"medium":["https:\/\/ecavix.com\/wp-content\/uploads\/2025\/07\/10s5p-36V-12ah-Rechargeable-18650-Lithium-Ion-Battery-Pack3-800-800-300x300.webp",300,300,true],"medium_large":["https:\/\/ecavix.com\/wp-content\/uploads\/2025\/07\/10s5p-36V-12ah-Rechargeable-18650-Lithium-Ion-Battery-Pack3-800-800.webp",550,550,false],"large":["https:\/\/ecavix.com\/wp-content\/uploads\/2025\/07\/10s5p-36V-12ah-Rechargeable-18650-Lithium-Ion-Battery-Pack3-800-800.webp",550,550,false],"1536x1536":["https:\/\/ecavix.com\/wp-content\/uploads\/2025\/07\/10s5p-36V-12ah-Rechargeable-18650-Lithium-Ion-Battery-Pack3-800-800.webp",550,550,false],"2048x2048":["https:\/\/ecavix.com\/wp-content\/uploads\/2025\/07\/10s5p-36V-12ah-Rechargeable-18650-Lithium-Ion-Battery-Pack3-800-800.webp",550,550,false],"trp-custom-language-flag":["https:\/\/ecavix.com\/wp-content\/uploads\/2025\/07\/10s5p-36V-12ah-Rechargeable-18650-Lithium-Ion-Battery-Pack3-800-800.webp",12,12,false],"neve-blog":["https:\/\/ecavix.com\/wp-content\/uploads\/2025\/07\/10s5p-36V-12ah-Rechargeable-18650-Lithium-Ion-Battery-Pack3-800-800.webp",550,550,false],"woocommerce_thumbnail":["https:\/\/ecavix.com\/wp-content\/uploads\/2025\/07\/10s5p-36V-12ah-Rechargeable-18650-Lithium-Ion-Battery-Pack3-800-800-300x300.webp",300,300,true],"woocommerce_single":["https:\/\/ecavix.com\/wp-content\/uploads\/2025\/07\/10s5p-36V-12ah-Rechargeable-18650-Lithium-Ion-Battery-Pack3-800-800.webp",550,550,false],"woocommerce_gallery_thumbnail":["https:\/\/ecavix.com\/wp-content\/uploads\/2025\/07\/10s5p-36V-12ah-Rechargeable-18650-Lithium-Ion-Battery-Pack3-800-800-100x100.webp",100,100,true]},"uagb_author_info":{"display_name":"solvitaenergylimited@gmail.com","author_link":"https:\/\/ecavix.com\/es\/author\/"},"uagb_comment_info":0,"uagb_excerpt":"High-performance 36V 12Ah lithium-ion battery pack for electric tools, solar lights, and other applications.","_links":{"self":[{"href":"https:\/\/ecavix.com\/es\/wp-json\/wp\/v2\/product\/2391","targetHints":{"allow":["GET"]}}],"collection":[{"href":"https:\/\/ecavix.com\/es\/wp-json\/wp\/v2\/product"}],"about":[{"href":"https:\/\/ecavix.com\/es\/wp-json\/wp\/v2\/types\/product"}],"replies":[{"embeddable":true,"href":"https:\/\/ecavix.com\/es\/wp-json\/wp\/v2\/comments?post=2391"}],"wp:featuredmedia":[{"embeddable":true,"href":"https:\/\/ecavix.com\/es\/wp-json\/wp\/v2\/media\/2395"}],"wp:attachment":[{"href":"https:\/\/ecavix.com\/es\/wp-json\/wp\/v2\/media?parent=2391"}],"wp:term":[{"taxonomy":"product_brand","embeddable":true,"href":"https:\/\/ecavix.com\/es\/wp-json\/wp\/v2\/product_brand?post=2391"},{"taxonomy":"product_cat","embeddable":true,"href":"https:\/\/ecavix.com\/es\/wp-json\/wp\/v2\/product_cat?post=2391"},{"taxonomy":"product_tag","embeddable":true,"href":"https:\/\/ecavix.com\/es\/wp-json\/wp\/v2\/product_tag?post=2391"}],"curies":[{"name":"wp","href":"https:\/\/api.w.org\/{rel}","templated":true}]}}