{"id":2385,"date":"2025-07-18T06:19:22","date_gmt":"2025-07-18T06:19:22","guid":{"rendered":"https:\/\/ecavix.com\/?post_type=product&#038;p=2385"},"modified":"2025-07-18T06:20:12","modified_gmt":"2025-07-18T06:20:12","slug":"36v-10ah-alto-voltaje-lifepo4-litio-li-ion-bateria-con-cables-pcb","status":"publish","type":"product","link":"https:\/\/ecavix.com\/es\/product\/36v-10ah-high-voltage-lifepo4-lithium-li-ion-battery-with-pcb-wires\/","title":{"rendered":"Bater\u00eda de alto voltaje LiFePO4 Li-Ion de 36V 10ah con cables PCB"},"content":{"rendered":"<br \/>\n<h1>Bater\u00eda de litio LiFePO4 36V 10Ah<\/h1>\n<h2>Productos<\/h2>\n<table>\n<tr>\n<th>Modelo de bater\u00eda<\/th>\n<td>Del-3610E<\/td>\n<\/tr>\n<tr>\n<th>Tensi\u00f3n nominal<\/th>\n<td>36V<\/td>\n<\/tr>\n<tr>\n<th>Capacidad nominal<\/th>\n<td>10Ah<\/td>\n<\/tr>\n<tr>\n<th>Tipo de bater\u00eda<\/th>\n<td>LiFePO4 (fosfato de litio y hierro)<\/td>\n<\/tr>\n<tr>\n<th>Configuraci\u00f3n de la bater\u00eda<\/th>\n<td>11S3P + PCM<\/td>\n<\/tr>\n<tr>\n<th>Corriente m\u00e1xima de descarga<\/th>\n<td>2C (20A)<\/td>\n<\/tr>\n<tr>\n<th>Corriente de carga<\/th>\n<td>0,2C (2A), Carga r\u00e1pida: 0,5C (5A)<\/td>\n<\/tr>\n<tr>\n<th>Peso<\/th>\n<td>2,7 kg<\/td>\n<\/tr>\n<tr>\n<th>Dimensiones<\/th>\n<td>294 mm x 83 mm x 70 mm<\/td>\n<\/tr>\n<tr>\n<th>Resistencia interior<\/th>\n<td>150m\u03a9<\/td>\n<\/tr>\n<tr>\n<th>Tensi\u00f3n de corte de descarga<\/th>\n<td>2.0 \u00b1 0.06V<\/td>\n<\/tr>\n<tr>\n<th>Tensi\u00f3n de protecci\u00f3n de carga<\/th>\n<td>3.65 \u00b1 0.03V<\/td>\n<\/tr>\n<tr>\n<th>Temperatura de funcionamiento (descarga)<\/th>\n<td>-20\u00b0C a 60\u00b0C<\/td>\n<\/tr>\n<tr>\n<th>Temperatura de funcionamiento (carga)<\/th>\n<td>0\u00b0C a 45\u00b0C<\/td>\n<\/tr>\n<tr>\n<th>Temperatura de almacenamiento<\/th>\n<td>23 \u00b1 5\u00b0C<\/td>\n<\/tr>\n<tr>\n<th>Ciclo de vida<\/th>\n<td>800 ciclos<\/td>\n<\/tr>\n<tr>\n<th>Garant\u00eda<\/th>\n<td>13 meses<\/td>\n<\/tr>\n<tr>\n<th>Certificaci\u00f3n<\/th>\n<td>CE, RoHS, MSDS, UN38.3, FCC, KC<\/td>\n<\/tr>\n<\/table>\n<h2>\u00bfPor qu\u00e9 elegirnos?<\/h2>\n<ul>\n<li>Establecidos en el sector de las bater\u00edas personalizadas desde 2007<\/li>\n<li>Muestras gratuitas para pedidos inferiores a 5 USD<\/li>\n<li>Especificaciones precisas y honestas de la capacidad de la bater\u00eda<\/li>\n<li>Sistemas de gesti\u00f3n de bater\u00edas (BMS) de alta calidad equivalentes a los de Seiko<\/li>\n<li>Rendimiento final de la bater\u00eda probado seg\u00fan las normas UL, CE, KPS, KC<\/li>\n<li>Certificaci\u00f3n ISO9001-2008 de gesti\u00f3n de la calidad<\/li>\n<li>F\u00e1brica 5S libre de polvo con dise\u00f1o de procesos de vanguardia<\/li>\n<li>100% inspecci\u00f3n de calidad<\/li>\n<li>Un a\u00f1o de garant\u00eda, con 10 a\u00f1os de asistencia para el mantenimiento<\/li>\n<\/ul>\n<h2>Caracter\u00edsticas principales<\/h2>\n<div class=\"features-grid\">\n<div class=\"feature-box\">\n      <strong>Reciclable y respetuoso con el medio ambiente<\/strong><br \/>\n      La bater\u00eda LiFePO4 es reciclable y tiene un menor impacto ambiental que otras qu\u00edmicas de iones de litio.\n    <\/div>\n<div class=\"feature-box\">\n      <strong>Seguro y fiable<\/strong><br \/>\n      El BMS garantiza la protecci\u00f3n contra sobredescargas, sobrecargas y cortocircuitos para ofrecer un alto nivel de seguridad.\n    <\/div>\n<div class=\"feature-box\">\n      <strong>Larga vida \u00fatil<\/strong><br \/>\n      Con 800 ciclos, la bater\u00eda sigue siendo eficaz durante muchos a\u00f1os, lo que reduce la necesidad de sustituciones frecuentes.\n    <\/div>\n<div class=\"feature-box\">\n      <strong>Amplia tolerancia a la temperatura<\/strong><br \/>\n      Funciona tanto a altas como a bajas temperaturas, por lo que es adecuado para diversas aplicaciones en exteriores.\n    <\/div>\n<div class=\"feature-box\">\n      <strong>Capacidad de carga r\u00e1pida<\/strong><br \/>\n      Admite carga r\u00e1pida, lo que reduce el tiempo de inactividad entre usos.\n    <\/div>\n<div class=\"feature-box\">\n      <strong>Compacto y ligero<\/strong><br \/>\n      La bater\u00eda es ligera (2,7 kg) y de tama\u00f1o compacto, ideal para bicicletas el\u00e9ctricas, herramientas el\u00e9ctricas y almacenamiento de energ\u00eda solar.\n    <\/div>\n<\/p><\/div>\n<h2>Aplicaciones<\/h2>\n<ul>\n<li>Bicicletas el\u00e9ctricas<\/li>\n<li>Sistemas de almacenamiento de energ\u00eda solar<\/li>\n<li>Herramientas el\u00e9ctricas<\/li>\n<\/ul>\n<h2>Env\u00edos y embalajes<\/h2>\n<p>El paquete de bater\u00edas de litio LiFePO4 36V 10Ah est\u00e1 embalado de forma segura con embalaje est\u00e1ndar para exportaci\u00f3n. Ofrecemos el env\u00edo a trav\u00e9s de diversos transportistas como DHL, UPS, FedEx, o el env\u00edo del mar para los pedidos a granel.<\/p>\n<h3>M\u00e9todos de env\u00edo<\/h3>\n<ul>\n<li>Pedidos peque\u00f1os: Env\u00edo por v\u00eda a\u00e9rea (DHL, UPS, FedEx)<\/li>\n<li>Pedidos grandes: Enviados por mar (Plazo de entrega: 30-45 d\u00edas)<\/li>\n<\/ul>","protected":false},"excerpt":{"rendered":"<p>Bater\u00eda de litio LiFePO4 de 36 V y 10 Ah de alto rendimiento para bicicletas el\u00e9ctricas, almacenamiento de energ\u00eda solar y herramientas el\u00e9ctricas.<\/p>","protected":false},"featured_media":2389,"comment_status":"open","ping_status":"closed","template":"","meta":{"_uag_custom_page_level_css":"","neve_meta_sidebar":"","neve_meta_container":"","neve_meta_enable_content_width":"off","neve_meta_content_width":100,"neve_meta_title_alignment":"","neve_meta_author_avatar":"","neve_post_elements_order":"","neve_meta_disable_header":"","neve_meta_disable_footer":"","neve_meta_disable_title":""},"product_brand":[],"product_cat":[53,43,55],"product_tag":[],"class_list":{"0":"post-2385","1":"product","2":"type-product","3":"status-publish","4":"has-post-thumbnail","6":"product_cat-low-speed-electric-vehicle-battery","7":"product_cat-power-battery","8":"product_cat-scooter-battery","10":"first","11":"instock","12":"shipping-taxable","13":"product-type-simple"},"uagb_featured_image_src":{"full":["https:\/\/ecavix.com\/wp-content\/uploads\/2025\/07\/36V-10ah-High-Voltage-LiFePO4-Lithium-Li-Ion-Battery-with-PCB-Wires5-800-800.webp",550,550,false],"thumbnail":["https:\/\/ecavix.com\/wp-content\/uploads\/2025\/07\/36V-10ah-High-Voltage-LiFePO4-Lithium-Li-Ion-Battery-with-PCB-Wires5-800-800-150x150.webp",150,150,true],"medium":["https:\/\/ecavix.com\/wp-content\/uploads\/2025\/07\/36V-10ah-High-Voltage-LiFePO4-Lithium-Li-Ion-Battery-with-PCB-Wires5-800-800-300x300.webp",300,300,true],"medium_large":["https:\/\/ecavix.com\/wp-content\/uploads\/2025\/07\/36V-10ah-High-Voltage-LiFePO4-Lithium-Li-Ion-Battery-with-PCB-Wires5-800-800.webp",550,550,false],"large":["https:\/\/ecavix.com\/wp-content\/uploads\/2025\/07\/36V-10ah-High-Voltage-LiFePO4-Lithium-Li-Ion-Battery-with-PCB-Wires5-800-800.webp",550,550,false],"1536x1536":["https:\/\/ecavix.com\/wp-content\/uploads\/2025\/07\/36V-10ah-High-Voltage-LiFePO4-Lithium-Li-Ion-Battery-with-PCB-Wires5-800-800.webp",550,550,false],"2048x2048":["https:\/\/ecavix.com\/wp-content\/uploads\/2025\/07\/36V-10ah-High-Voltage-LiFePO4-Lithium-Li-Ion-Battery-with-PCB-Wires5-800-800.webp",550,550,false],"trp-custom-language-flag":["https:\/\/ecavix.com\/wp-content\/uploads\/2025\/07\/36V-10ah-High-Voltage-LiFePO4-Lithium-Li-Ion-Battery-with-PCB-Wires5-800-800.webp",12,12,false],"neve-blog":["https:\/\/ecavix.com\/wp-content\/uploads\/2025\/07\/36V-10ah-High-Voltage-LiFePO4-Lithium-Li-Ion-Battery-with-PCB-Wires5-800-800.webp",550,550,false],"woocommerce_thumbnail":["https:\/\/ecavix.com\/wp-content\/uploads\/2025\/07\/36V-10ah-High-Voltage-LiFePO4-Lithium-Li-Ion-Battery-with-PCB-Wires5-800-800-300x300.webp",300,300,true],"woocommerce_single":["https:\/\/ecavix.com\/wp-content\/uploads\/2025\/07\/36V-10ah-High-Voltage-LiFePO4-Lithium-Li-Ion-Battery-with-PCB-Wires5-800-800.webp",550,550,false],"woocommerce_gallery_thumbnail":["https:\/\/ecavix.com\/wp-content\/uploads\/2025\/07\/36V-10ah-High-Voltage-LiFePO4-Lithium-Li-Ion-Battery-with-PCB-Wires5-800-800-100x100.webp",100,100,true]},"uagb_author_info":{"display_name":"solvitaenergylimited@gmail.com","author_link":"https:\/\/ecavix.com\/es\/author\/"},"uagb_comment_info":0,"uagb_excerpt":"High-performance 36V 10Ah LiFePO4 lithium battery pack for e-bikes, solar power storage, and power tools.","_links":{"self":[{"href":"https:\/\/ecavix.com\/es\/wp-json\/wp\/v2\/product\/2385","targetHints":{"allow":["GET"]}}],"collection":[{"href":"https:\/\/ecavix.com\/es\/wp-json\/wp\/v2\/product"}],"about":[{"href":"https:\/\/ecavix.com\/es\/wp-json\/wp\/v2\/types\/product"}],"replies":[{"embeddable":true,"href":"https:\/\/ecavix.com\/es\/wp-json\/wp\/v2\/comments?post=2385"}],"wp:featuredmedia":[{"embeddable":true,"href":"https:\/\/ecavix.com\/es\/wp-json\/wp\/v2\/media\/2389"}],"wp:attachment":[{"href":"https:\/\/ecavix.com\/es\/wp-json\/wp\/v2\/media?parent=2385"}],"wp:term":[{"taxonomy":"product_brand","embeddable":true,"href":"https:\/\/ecavix.com\/es\/wp-json\/wp\/v2\/product_brand?post=2385"},{"taxonomy":"product_cat","embeddable":true,"href":"https:\/\/ecavix.com\/es\/wp-json\/wp\/v2\/product_cat?post=2385"},{"taxonomy":"product_tag","embeddable":true,"href":"https:\/\/ecavix.com\/es\/wp-json\/wp\/v2\/product_tag?post=2385"}],"curies":[{"name":"wp","href":"https:\/\/api.w.org\/{rel}","templated":true}]}}