{"id":2372,"date":"2025-07-18T06:05:42","date_gmt":"2025-07-18T06:05:42","guid":{"rendered":"https:\/\/ecavix.com\/?post_type=product&#038;p=2372"},"modified":"2025-07-18T06:06:04","modified_gmt":"2025-07-18T06:06:04","slug":"18650-marca-de-celulas-36v10ah-paquete-de-baterias-de-iones-de-litio-para-ebike","status":"publish","type":"product","link":"https:\/\/ecavix.com\/es\/product\/18650-brand-cells-36v10ah-lithium-ion-battery-pack-for-ebike\/","title":{"rendered":"18650 Brand Cells 36V10ah Lithium Ion Bater\u00eda para Ebike"},"content":{"rendered":"<br \/>\n<h1>Bater\u00eda 36V 10Ah Lithium-Ion para E-Bike<\/h1>\n<h2>Productos<\/h2>\n<table>\n<tr>\n<th>Modelo de bater\u00eda<\/th>\n<td>Del-3610P<\/td>\n<\/tr>\n<tr>\n<th>Tensi\u00f3n nominal<\/th>\n<td>36V<\/td>\n<\/tr>\n<tr>\n<th>Capacidad nominal<\/th>\n<td>10Ah<\/td>\n<\/tr>\n<tr>\n<th>Configuraci\u00f3n de la bater\u00eda<\/th>\n<td>10S5P (pilas 18650)<\/td>\n<\/tr>\n<tr>\n<th>Tipo de bater\u00eda<\/th>\n<td>Li-ion (Ion de litio)<\/td>\n<\/tr>\n<tr>\n<th>Tensi\u00f3n de carga est\u00e1ndar<\/th>\n<td>42V \u00b1 0,05V<\/td>\n<\/tr>\n<tr>\n<th>Tensi\u00f3n de descarga est\u00e1ndar<\/th>\n<td>30 V \u00b1 0,05 V<\/td>\n<\/tr>\n<tr>\n<th>Corriente de carga est\u00e1ndar<\/th>\n<td>0.5C<\/td>\n<\/tr>\n<tr>\n<th>Corriente de carga m\u00e1xima<\/th>\n<td>&lt;5A (ajustable)<\/td>\n<\/tr>\n<tr>\n<th>Corriente m\u00e1xima de descarga<\/th>\n<td>&lt;15A (ajustable)<\/td>\n<\/tr>\n<tr>\n<th>Corriente m\u00e1xima de descarga de impulsos<\/th>\n<td>\u2264 35A (ajustable)<\/td>\n<\/tr>\n<tr>\n<th>Peso<\/th>\n<td>2,5 kg<\/td>\n<\/tr>\n<tr>\n<th>Dimensiones<\/th>\n<td>495 mm x 70 mm x 38 mm<\/td>\n<\/tr>\n<tr>\n<th>Impedancia<\/th>\n<td>\u2264 150 m\u03a9<\/td>\n<\/tr>\n<tr>\n<th>Temperatura de funcionamiento (carga)<\/th>\n<td>0\u00b0C ~ 45\u00b0C<\/td>\n<\/tr>\n<tr>\n<th>Temperatura de funcionamiento (descarga)<\/th>\n<td>-20\u00b0C ~ 60\u00b0C<\/td>\n<\/tr>\n<tr>\n<th>Temperatura de almacenamiento<\/th>\n<td>-20\u00b0C ~ 40\u00b0C (durante 3 meses)<\/td>\n<\/tr>\n<tr>\n<th>Ciclo de vida<\/th>\n<td>1000 ciclos<\/td>\n<\/tr>\n<tr>\n<th>Garant\u00eda<\/th>\n<td>1 a\u00f1o<\/td>\n<\/tr>\n<tr>\n<th>Certificaci\u00f3n<\/th>\n<td>CE, RoHS, MSDS, UN38.3, FCC<\/td>\n<\/tr>\n<\/table>\n<h2>Caracter\u00edsticas principales<\/h2>\n<div class=\"features-grid\">\n<div class=\"feature-box\">\n      <strong>Larga vida \u00fatil<\/strong><br \/>\n      Soporta hasta 1000 ciclos de carga con una p\u00e9rdida de capacidad m\u00ednima.\n    <\/div>\n<div class=\"feature-box\">\n      <strong>Corrientes de descarga ajustables<\/strong><br \/>\n      Personalice la velocidad de descarga para diferentes aplicaciones, garantizando una mayor eficiencia y rendimiento.\n    <\/div>\n<div class=\"feature-box\">\n      <strong>Protecci\u00f3n BMS integrada<\/strong><br \/>\n      Protege la bater\u00eda de sobrecargas, sobredescargas y cortocircuitos.\n    <\/div>\n<div class=\"feature-box\">\n      <strong>Amplia gama de temperaturas de funcionamiento<\/strong><br \/>\n      Funciona sin problemas a temperaturas comprendidas entre -20 \u00b0C y 60 \u00b0C durante la descarga.\n    <\/div>\n<\/p><\/div>\n<h2>Aplicaciones<\/h2>\n<ul>\n<li>Bicicletas el\u00e9ctricas<\/li>\n<li>Scooters el\u00e9ctricos<\/li>\n<li>Veh\u00edculos el\u00e9ctricos<\/li>\n<li>Sistemas port\u00e1tiles de almacenamiento de energ\u00eda<\/li>\n<\/ul>\n<h2>Env\u00edos y embalajes<\/h2>\n<p>La bater\u00eda Del-3610P 36V 10Ah est\u00e1 embalada en cajas de exportaci\u00f3n est\u00e1ndar con espuma protectora para garantizar una entrega segura. Ofrecemos env\u00edo por aire (DHL, UPS, FedEx) para pedidos peque\u00f1os, o por mar para cantidades mayores.<\/p>\n<h3>M\u00e9todos de env\u00edo<\/h3>\n<ul>\n<li>Pedidos peque\u00f1os: Env\u00edo por v\u00eda a\u00e9rea (DHL, UPS, FedEx)<\/li>\n<li>Pedidos grandes: Enviados por mar (Plazo de entrega: 30-45 d\u00edas)<\/li>\n<\/ul>","protected":false},"excerpt":{"rendered":"<p>Bater\u00eda de iones de litio de 36 V y 10 Ah de alto rendimiento para bicicletas el\u00e9ctricas. Larga vida \u00fatil, corrientes de descarga ajustables y protecci\u00f3n BMS segura.<\/p>","protected":false},"featured_media":2374,"comment_status":"open","ping_status":"closed","template":"","meta":{"_uag_custom_page_level_css":"","neve_meta_sidebar":"","neve_meta_container":"","neve_meta_enable_content_width":"off","neve_meta_content_width":100,"neve_meta_title_alignment":"","neve_meta_author_avatar":"","neve_post_elements_order":"","neve_meta_disable_header":"","neve_meta_disable_footer":"","neve_meta_disable_title":""},"product_brand":[],"product_cat":[53,43,55],"product_tag":[64,67,69,68,66],"class_list":{"0":"post-2372","1":"product","2":"type-product","3":"status-publish","4":"has-post-thumbnail","6":"product_cat-low-speed-electric-vehicle-battery","7":"product_cat-power-battery","8":"product_cat-scooter-battery","9":"product_tag-battery","10":"product_tag-eco","11":"product_tag-energy","12":"product_tag-green","13":"product_tag-scooter-battery","15":"first","16":"instock","17":"shipping-taxable","18":"product-type-simple"},"uagb_featured_image_src":{"full":["https:\/\/ecavix.com\/wp-content\/uploads\/2025\/07\/18650-Brand-Cells-36V10ah-Lithium-Ion-Battery-Pack-for-Ebike0-800-800.webp",550,411,false],"thumbnail":["https:\/\/ecavix.com\/wp-content\/uploads\/2025\/07\/18650-Brand-Cells-36V10ah-Lithium-Ion-Battery-Pack-for-Ebike0-800-800-150x150.webp",150,150,true],"medium":["https:\/\/ecavix.com\/wp-content\/uploads\/2025\/07\/18650-Brand-Cells-36V10ah-Lithium-Ion-Battery-Pack-for-Ebike0-800-800-300x224.webp",300,224,true],"medium_large":["https:\/\/ecavix.com\/wp-content\/uploads\/2025\/07\/18650-Brand-Cells-36V10ah-Lithium-Ion-Battery-Pack-for-Ebike0-800-800.webp",550,411,false],"large":["https:\/\/ecavix.com\/wp-content\/uploads\/2025\/07\/18650-Brand-Cells-36V10ah-Lithium-Ion-Battery-Pack-for-Ebike0-800-800.webp",550,411,false],"1536x1536":["https:\/\/ecavix.com\/wp-content\/uploads\/2025\/07\/18650-Brand-Cells-36V10ah-Lithium-Ion-Battery-Pack-for-Ebike0-800-800.webp",550,411,false],"2048x2048":["https:\/\/ecavix.com\/wp-content\/uploads\/2025\/07\/18650-Brand-Cells-36V10ah-Lithium-Ion-Battery-Pack-for-Ebike0-800-800.webp",550,411,false],"trp-custom-language-flag":["https:\/\/ecavix.com\/wp-content\/uploads\/2025\/07\/18650-Brand-Cells-36V10ah-Lithium-Ion-Battery-Pack-for-Ebike0-800-800.webp",16,12,false],"neve-blog":["https:\/\/ecavix.com\/wp-content\/uploads\/2025\/07\/18650-Brand-Cells-36V10ah-Lithium-Ion-Battery-Pack-for-Ebike0-800-800.webp",550,411,false],"woocommerce_thumbnail":["https:\/\/ecavix.com\/wp-content\/uploads\/2025\/07\/18650-Brand-Cells-36V10ah-Lithium-Ion-Battery-Pack-for-Ebike0-800-800-300x300.webp",300,300,true],"woocommerce_single":["https:\/\/ecavix.com\/wp-content\/uploads\/2025\/07\/18650-Brand-Cells-36V10ah-Lithium-Ion-Battery-Pack-for-Ebike0-800-800.webp",550,411,false],"woocommerce_gallery_thumbnail":["https:\/\/ecavix.com\/wp-content\/uploads\/2025\/07\/18650-Brand-Cells-36V10ah-Lithium-Ion-Battery-Pack-for-Ebike0-800-800-100x100.webp",100,100,true]},"uagb_author_info":{"display_name":"solvitaenergylimited@gmail.com","author_link":"https:\/\/ecavix.com\/es\/author\/"},"uagb_comment_info":0,"uagb_excerpt":"High-performance 36V 10Ah lithium-ion battery pack for electric bikes. Long cycle life, adjustable discharge currents, and safe BMS protection.","_links":{"self":[{"href":"https:\/\/ecavix.com\/es\/wp-json\/wp\/v2\/product\/2372","targetHints":{"allow":["GET"]}}],"collection":[{"href":"https:\/\/ecavix.com\/es\/wp-json\/wp\/v2\/product"}],"about":[{"href":"https:\/\/ecavix.com\/es\/wp-json\/wp\/v2\/types\/product"}],"replies":[{"embeddable":true,"href":"https:\/\/ecavix.com\/es\/wp-json\/wp\/v2\/comments?post=2372"}],"wp:featuredmedia":[{"embeddable":true,"href":"https:\/\/ecavix.com\/es\/wp-json\/wp\/v2\/media\/2374"}],"wp:attachment":[{"href":"https:\/\/ecavix.com\/es\/wp-json\/wp\/v2\/media?parent=2372"}],"wp:term":[{"taxonomy":"product_brand","embeddable":true,"href":"https:\/\/ecavix.com\/es\/wp-json\/wp\/v2\/product_brand?post=2372"},{"taxonomy":"product_cat","embeddable":true,"href":"https:\/\/ecavix.com\/es\/wp-json\/wp\/v2\/product_cat?post=2372"},{"taxonomy":"product_tag","embeddable":true,"href":"https:\/\/ecavix.com\/es\/wp-json\/wp\/v2\/product_tag?post=2372"}],"curies":[{"name":"wp","href":"https:\/\/api.w.org\/{rel}","templated":true}]}}