{"id":2344,"date":"2025-07-18T05:37:24","date_gmt":"2025-07-18T05:37:24","guid":{"rendered":"https:\/\/ecavix.com\/?post_type=product&#038;p=2344"},"modified":"2025-07-18T05:37:24","modified_gmt":"2025-07-18T05:37:24","slug":"10s6p-venta-caliente-recargable-36v-15ah-18650-bateria-de-litio-para-bicicleta-electrica","status":"publish","type":"product","link":"https:\/\/ecavix.com\/es\/product\/10s6p-hot-selling-rechargeable-36v-15ah-18650-lithium-battery-pack-for-electric-bike\/","title":{"rendered":"10s6p Venta caliente recargable 36V 15ah 18650 bater\u00eda de litio para bicicleta el\u00e9ctrica"},"content":{"rendered":"<br \/>\n<h1>Bater\u00eda de Litio 36V 15Ah para Bicicleta El\u00e9ctrica (DL-3615)<\/h1>\n<h2>Productos<\/h2>\n<table>\n<tr>\n<th>Tensi\u00f3n nominal<\/th>\n<td>36V<\/td>\n<\/tr>\n<tr>\n<th>Tensi\u00f3n de carga<\/th>\n<td>42V<\/td>\n<\/tr>\n<tr>\n<th>Capacidad nominal<\/th>\n<td>15Ah<\/td>\n<\/tr>\n<tr>\n<th>Qu\u00edmica de la bater\u00eda<\/th>\n<td>Li-ion<\/td>\n<\/tr>\n<tr>\n<th>Configuraci\u00f3n de la bater\u00eda<\/th>\n<td>10S6P<\/td>\n<\/tr>\n<tr>\n<th>Dimensiones de la bater\u00eda<\/th>\n<td>196 x 115 x 67 mm<\/td>\n<\/tr>\n<tr>\n<th>Peso<\/th>\n<td>2.812 kg<\/td>\n<\/tr>\n<tr>\n<th>Corriente de carga est\u00e1ndar<\/th>\n<td>3A<\/td>\n<\/tr>\n<tr>\n<th>Corriente de descarga continua<\/th>\n<td>15A-20A<\/td>\n<\/tr>\n<tr>\n<th>Tensi\u00f3n de corte de descarga<\/th>\n<td>25V<\/td>\n<\/tr>\n<tr>\n<th>M\u00e9todo de cobro<\/th>\n<td>CC\/CV<\/td>\n<\/tr>\n<tr>\n<th>Ciclo de vida<\/th>\n<td>500 ciclos<\/td>\n<\/tr>\n<tr>\n<th>Temperatura de carga<\/th>\n<td>0\u00b0C ~ +45\u00b0C<\/td>\n<\/tr>\n<tr>\n<th>Temperatura de descarga<\/th>\n<td>-10\u00b0C ~ +60\u00b0C<\/td>\n<\/tr>\n<\/table>\n<h2>Rendimiento de seguridad<\/h2>\n<ul>\n<li>Prueba de sobrecarga: sin incendio ni explosi\u00f3n<\/li>\n<li>Prueba de sobredescarga: sin incendio ni explosi\u00f3n<\/li>\n<li>Prueba de cortocircuito: sin incendio ni explosi\u00f3n<\/li>\n<li>Prueba de ca\u00edda: sin incendio ni explosi\u00f3n<\/li>\n<li>Prueba de aplastamiento: sin incendio ni explosi\u00f3n<\/li>\n<li>Prueba de punci\u00f3n con aguja: sin incendio ni explosi\u00f3n<\/li>\n<\/ul>\n<h2>Caracter\u00edsticas principales<\/h2>\n<div class=\"features-grid\">\n<div class=\"feature-box\">\n      <strong>Larga vida \u00fatil y gran capacidad<\/strong><br \/>\n      C\u00e9lulas de alta calidad para una larga vida \u00fatil y un gran almacenamiento de energ\u00eda.\n    <\/div>\n<div class=\"feature-box\">\n      <strong>Baja autodescarga<\/strong><br \/>\n      Gran rendimiento incluso a bajas temperaturas, con una autodescarga m\u00ednima.\n    <\/div>\n<div class=\"feature-box\">\n      <strong>Fuerte aceptaci\u00f3n de la carga<\/strong><br \/>\n      Admite capacidades de carga r\u00e1pida para una respuesta m\u00e1s r\u00e1pida.\n    <\/div>\n<div class=\"feature-box\">\n      <strong>Resistencia a la sobredescarga<\/strong><br \/>\n      Fabricadas para resistir la sobredescarga y ofrecer una excelente retenci\u00f3n de la carga.\n    <\/div>\n<div class=\"feature-box\">\n      <strong>Sin mantenimiento<\/strong><br \/>\n      No necesita mantenimiento con \u00e1cido o agua durante su uso.\n    <\/div>\n<div class=\"feature-box\">\n      <strong>Excelente descarga de grandes corrientes<\/strong><br \/>\n      Ideal para aplicaciones que requieren arranques y subidas de alta corriente.\n    <\/div>\n<\/p><\/div>\n<h2>Aplicaciones<\/h2>\n<ul>\n<li>Veh\u00edculos el\u00e9ctricos (e-bikes, e-scooters, motos el\u00e9ctricas, carritos de golf)<\/li>\n<li>Herramientas el\u00e9ctricas (taladros, sierras, cortac\u00e9spedes)<\/li>\n<li>Veh\u00edculos y juguetes teledirigidos<\/li>\n<li>Sistemas de energ\u00eda solar y equipos de almacenamiento de energ\u00eda<\/li>\n<li>Dispositivos electr\u00f3nicos y m\u00e9dicos (luces LED, luces de emergencia)<\/li>\n<\/ul>\n<h2>Ventajas<\/h2>\n<ul>\n<li>Alta densidad energ\u00e9tica para dise\u00f1os compactos y ligeros<\/li>\n<li>Larga vida \u00fatil: M\u00e1s de 500 ciclos de carga y descarga<\/li>\n<li>Seguro y fiable con protecci\u00f3n integrada contra sobrecarga, sobredescarga y cortocircuito.<\/li>\n<li>Buen rendimiento en una amplia gama de temperaturas<\/li>\n<li>Respetuoso con el medio ambiente, sin materiales peligrosos<\/li>\n<\/ul>\n<h2>Embalaje y env\u00edo<\/h2>\n<p>La bater\u00eda de litio de 36V 15Ah est\u00e1 embalada en una caja de cart\u00f3n est\u00e1ndar de exportaci\u00f3n para mayor seguridad durante el transporte. Ofrecemos varias opciones de env\u00edo en funci\u00f3n de la cantidad del pedido.<\/p>\n<h3>M\u00e9todos de env\u00edo<\/h3>\n<ul>\n<li>Para pedidos peque\u00f1os: env\u00edo por v\u00eda a\u00e9rea (DHL, FedEx, UPS)<\/li>\n<li>Para pedidos grandes: env\u00edo por mar (plazo de entrega estimado: 30-45 d\u00edas)<\/li>\n<\/ul>","protected":false},"excerpt":{"rendered":"<p>Bater\u00eda de iones de litio de 36 V y 15 Ah de alta calidad para veh\u00edculos el\u00e9ctricos, que ofrece ciclos de larga duraci\u00f3n, un excelente rendimiento de descarga y funciones de seguridad. Ideal para bicicletas el\u00e9ctricas, scooters y herramientas el\u00e9ctricas.<\/p>","protected":false},"featured_media":2245,"comment_status":"open","ping_status":"closed","template":"","meta":{"_uag_custom_page_level_css":"","neve_meta_sidebar":"","neve_meta_container":"","neve_meta_enable_content_width":"off","neve_meta_content_width":100,"neve_meta_title_alignment":"","neve_meta_author_avatar":"","neve_post_elements_order":"","neve_meta_disable_header":"","neve_meta_disable_footer":"","neve_meta_disable_title":""},"product_brand":[],"product_cat":[47,45,53,43,55],"product_tag":[],"class_list":{"0":"post-2344","1":"product","2":"type-product","3":"status-publish","4":"has-post-thumbnail","6":"product_cat-36v-e-bike-battery","7":"product_cat-e-bike-battery","8":"product_cat-low-speed-electric-vehicle-battery","9":"product_cat-power-battery","10":"product_cat-scooter-battery","12":"first","13":"instock","14":"shipping-taxable","15":"product-type-simple"},"uagb_featured_image_src":{"full":["https:\/\/ecavix.com\/wp-content\/uploads\/2025\/07\/36V-15ah-Electric-Bike-Li-Ion-Battery1-800-800.webp",550,550,false],"thumbnail":["https:\/\/ecavix.com\/wp-content\/uploads\/2025\/07\/36V-15ah-Electric-Bike-Li-Ion-Battery1-800-800-150x150.webp",150,150,true],"medium":["https:\/\/ecavix.com\/wp-content\/uploads\/2025\/07\/36V-15ah-Electric-Bike-Li-Ion-Battery1-800-800-300x300.webp",300,300,true],"medium_large":["https:\/\/ecavix.com\/wp-content\/uploads\/2025\/07\/36V-15ah-Electric-Bike-Li-Ion-Battery1-800-800.webp",550,550,false],"large":["https:\/\/ecavix.com\/wp-content\/uploads\/2025\/07\/36V-15ah-Electric-Bike-Li-Ion-Battery1-800-800.webp",550,550,false],"1536x1536":["https:\/\/ecavix.com\/wp-content\/uploads\/2025\/07\/36V-15ah-Electric-Bike-Li-Ion-Battery1-800-800.webp",550,550,false],"2048x2048":["https:\/\/ecavix.com\/wp-content\/uploads\/2025\/07\/36V-15ah-Electric-Bike-Li-Ion-Battery1-800-800.webp",550,550,false],"trp-custom-language-flag":["https:\/\/ecavix.com\/wp-content\/uploads\/2025\/07\/36V-15ah-Electric-Bike-Li-Ion-Battery1-800-800.webp",12,12,false],"neve-blog":["https:\/\/ecavix.com\/wp-content\/uploads\/2025\/07\/36V-15ah-Electric-Bike-Li-Ion-Battery1-800-800.webp",550,550,false],"woocommerce_thumbnail":["https:\/\/ecavix.com\/wp-content\/uploads\/2025\/07\/36V-15ah-Electric-Bike-Li-Ion-Battery1-800-800-300x300.webp",300,300,true],"woocommerce_single":["https:\/\/ecavix.com\/wp-content\/uploads\/2025\/07\/36V-15ah-Electric-Bike-Li-Ion-Battery1-800-800.webp",550,550,false],"woocommerce_gallery_thumbnail":["https:\/\/ecavix.com\/wp-content\/uploads\/2025\/07\/36V-15ah-Electric-Bike-Li-Ion-Battery1-800-800-100x100.webp",100,100,true]},"uagb_author_info":{"display_name":"solvitaenergylimited@gmail.com","author_link":"https:\/\/ecavix.com\/es\/author\/"},"uagb_comment_info":0,"uagb_excerpt":"High-quality 36V 15Ah lithium-ion battery pack for electric vehicles, offering long cycle life, excellent discharge performance, and safety features. Ideal for e-bikes, scooters, and power tools.","_links":{"self":[{"href":"https:\/\/ecavix.com\/es\/wp-json\/wp\/v2\/product\/2344","targetHints":{"allow":["GET"]}}],"collection":[{"href":"https:\/\/ecavix.com\/es\/wp-json\/wp\/v2\/product"}],"about":[{"href":"https:\/\/ecavix.com\/es\/wp-json\/wp\/v2\/types\/product"}],"replies":[{"embeddable":true,"href":"https:\/\/ecavix.com\/es\/wp-json\/wp\/v2\/comments?post=2344"}],"wp:featuredmedia":[{"embeddable":true,"href":"https:\/\/ecavix.com\/es\/wp-json\/wp\/v2\/media\/2245"}],"wp:attachment":[{"href":"https:\/\/ecavix.com\/es\/wp-json\/wp\/v2\/media?parent=2344"}],"wp:term":[{"taxonomy":"product_brand","embeddable":true,"href":"https:\/\/ecavix.com\/es\/wp-json\/wp\/v2\/product_brand?post=2344"},{"taxonomy":"product_cat","embeddable":true,"href":"https:\/\/ecavix.com\/es\/wp-json\/wp\/v2\/product_cat?post=2344"},{"taxonomy":"product_tag","embeddable":true,"href":"https:\/\/ecavix.com\/es\/wp-json\/wp\/v2\/product_tag?post=2344"}],"curies":[{"name":"wp","href":"https:\/\/api.w.org\/{rel}","templated":true}]}}