{"id":2341,"date":"2025-07-18T03:45:37","date_gmt":"2025-07-18T03:45:37","guid":{"rendered":"https:\/\/ecavix.com\/?post_type=product&#038;p=2341"},"modified":"2025-07-18T03:45:37","modified_gmt":"2025-07-18T03:45:37","slug":"deep-cycle-24v-custom-lithium-ion-battery-pack-20ah-18650-rechargeable-lithium-battery-pack-for-e-bike","status":"publish","type":"product","link":"https:\/\/ecavix.com\/es\/product\/deep-cycle-24v-custom-lithium-ion-battery-pack-20ah-18650-rechargeable-lithium-battery-pack-for-e-bike\/","title":{"rendered":"Bater\u00eda de iones de litio personalizada de ciclo profundo de 24 V, 20 Ah, 18650, recargable, para bicicletas el\u00e9ctricas."},"content":{"rendered":"<h1>Bater\u00eda de iones de litio de 24 V y 20 Ah (DL-2420)<\/h1>\n<h2>Productos<\/h2>\n<table>\n<tr>\n<th>Tensi\u00f3n nominal<\/th>\n<td>24V<\/td>\n<\/tr>\n<tr>\n<th>Capacidad nominal<\/th>\n<td>20Ah<\/td>\n<\/tr>\n<tr>\n<th>Ciclo de vida<\/th>\n<td>M\u00e1s de 500 ciclos<\/td>\n<\/tr>\n<tr>\n<th>Vida \u00fatil de almacenamiento<\/th>\n<td>1 a\u00f1o a 25\u00b0C<\/td>\n<\/tr>\n<tr>\n<th>Dimensiones<\/th>\n<td>43x21x27 cm (personalizable)<\/td>\n<\/tr>\n<tr>\n<th>Corriente de carga<\/th>\n<td>4 A m\u00e1x.<\/td>\n<\/tr>\n<tr>\n<th>Tiempo de carga<\/th>\n<td>2-3 horas<\/td>\n<\/tr>\n<tr>\n<th>Temperatura de funcionamiento<\/th>\n<td>Carga: -20\u00baC ~ 45\u00baC, Descarga: -30\u00baC ~ 55\u00baC<\/td>\n<\/tr>\n<tr>\n<th>Peso<\/th>\n<td>Aprox. 3 kg<\/td>\n<\/tr>\n<\/table>\n<h2>Caracter\u00edsticas principales<\/h2>\n<div class=\"features-grid\">\n<div class=\"feature-box\">\n      <strong>Alta densidad energ\u00e9tica<\/strong><br \/>\n      El pack de bater\u00edas presenta una alta densidad de energ\u00eda para una potencia duradera.\n    <\/div>\n<div class=\"feature-box\">\n      <strong>Carga r\u00e1pida<\/strong><br \/>\n      Puede cargarse completamente en 2-3 horas con un voltaje nominal de 4,2 por c\u00e9lula.\n    <\/div>\n<div class=\"feature-box\">\n      <strong>Larga vida \u00fatil<\/strong><br \/>\n      M\u00e1s de 500 ciclos de carga y descarga, manteniendo \u226560% de la capacidad original.\n    <\/div>\n<div class=\"feature-box\">\n      <strong>Respetuoso con el medio ambiente<\/strong><br \/>\n      No contiene mercurio y no presenta riesgo de incendio, explosi\u00f3n o fuga.\n    <\/div>\n<div class=\"feature-box\">\n      <strong>Excelente seguridad<\/strong><br \/>\n      Incorpora chips IC duales con protecci\u00f3n contra cortocircuitos, sobrecarga, sobrecorriente y sobrecarga.\n    <\/div>\n<div class=\"feature-box\">\n      <strong>Baja tasa de autodescarga<\/strong><br \/>\n      La bater\u00eda tiene un bajo \u00edndice de autodescarga, por lo que mantiene la energ\u00eda a lo largo del tiempo.\n    <\/div>\n<\/p><\/div>\n<h2>Aplicaciones<\/h2>\n<h3>Veh\u00edculos y herramientas el\u00e9ctricas<\/h3>\n<ul>\n<li>Scooters el\u00e9ctricos, motos y barcos<\/li>\n<li>Veh\u00edculos el\u00e9ctricos: Bicicletas el\u00e9ctricas, carritos de golf<\/li>\n<li>Herramientas el\u00e9ctricas: Taladros, sierras, etc.<\/li>\n<\/ul>\n<h3>Almacenamiento de energ\u00eda<\/h3>\n<ul>\n<li>Sistemas de energ\u00eda solar y e\u00f3lica<\/li>\n<li>Sistemas de alimentaci\u00f3n de reserva<\/li>\n<\/ul>\n<h3>Otras aplicaciones<\/h3>\n<ul>\n<li>Juguetes electr\u00f3nicos<\/li>\n<li>SAI y sistemas de telecomunicaciones<\/li>\n<\/ul>\n<h2>Ventajas<\/h2>\n<ul>\n<li>Alta densidad de energ\u00eda y tensi\u00f3n de salida<\/li>\n<li>Capacidad de carga r\u00e1pida, puede cargar hasta 90% en s\u00f3lo 10 minutos<\/li>\n<li>Respetuoso con el medio ambiente, seguro y sin materiales nocivos como el Pb o el Cd.<\/li>\n<li>Fiable, duradera y capaz de alcanzar altas velocidades de descarga<\/li>\n<li>Funciones de protecci\u00f3n avanzadas para garantizar la seguridad y fiabilidad durante el uso<\/li>\n<\/ul>\n<h2>Embalaje y env\u00edo<\/h2>\n<p>La bater\u00eda de iones de litio de 24 V y 20 Ah est\u00e1 embalada de forma segura en cajas de cart\u00f3n para exportaci\u00f3n. Existen opciones de env\u00edo por v\u00eda a\u00e9rea o mar\u00edtima en funci\u00f3n del volumen y la urgencia del pedido.<\/p>\n<h3>M\u00e9todos de env\u00edo<\/h3>\n<ul>\n<li>Pedidos peque\u00f1os: env\u00edo por avi\u00f3n (DHL, FedEx, UPS)<\/li>\n<li>Pedidos grandes: env\u00edo por mar (plazo de entrega estimado: 30-45 d\u00edas)<\/li>\n<\/ul>","protected":false},"excerpt":{"rendered":"<p>Bater\u00eda de iones de litio de 24 V y 20 Ah para scooters el\u00e9ctricos, motocicletas, embarcaciones, etc. Recargable, alta densidad de energ\u00eda, carga r\u00e1pida, con excelentes caracter\u00edsticas de seguridad.<\/p>","protected":false},"featured_media":2244,"comment_status":"open","ping_status":"closed","template":"","meta":{"_uag_custom_page_level_css":"","neve_meta_sidebar":"","neve_meta_container":"","neve_meta_enable_content_width":"off","neve_meta_content_width":100,"neve_meta_title_alignment":"","neve_meta_author_avatar":"","neve_post_elements_order":"","neve_meta_disable_header":"","neve_meta_disable_footer":"","neve_meta_disable_title":""},"product_brand":[],"product_cat":[53,43,55],"product_tag":[],"class_list":{"0":"post-2341","1":"product","2":"type-product","3":"status-publish","4":"has-post-thumbnail","6":"product_cat-low-speed-electric-vehicle-battery","7":"product_cat-power-battery","8":"product_cat-scooter-battery","10":"first","11":"instock","12":"shipping-taxable","13":"product-type-simple"},"uagb_featured_image_src":{"full":["https:\/\/ecavix.com\/wp-content\/uploads\/2025\/07\/36V-15ah-Electric-Bike-Li-Ion-Battery0-800-800.webp",550,550,false],"thumbnail":["https:\/\/ecavix.com\/wp-content\/uploads\/2025\/07\/36V-15ah-Electric-Bike-Li-Ion-Battery0-800-800-150x150.webp",150,150,true],"medium":["https:\/\/ecavix.com\/wp-content\/uploads\/2025\/07\/36V-15ah-Electric-Bike-Li-Ion-Battery0-800-800-300x300.webp",300,300,true],"medium_large":["https:\/\/ecavix.com\/wp-content\/uploads\/2025\/07\/36V-15ah-Electric-Bike-Li-Ion-Battery0-800-800.webp",550,550,false],"large":["https:\/\/ecavix.com\/wp-content\/uploads\/2025\/07\/36V-15ah-Electric-Bike-Li-Ion-Battery0-800-800.webp",550,550,false],"1536x1536":["https:\/\/ecavix.com\/wp-content\/uploads\/2025\/07\/36V-15ah-Electric-Bike-Li-Ion-Battery0-800-800.webp",550,550,false],"2048x2048":["https:\/\/ecavix.com\/wp-content\/uploads\/2025\/07\/36V-15ah-Electric-Bike-Li-Ion-Battery0-800-800.webp",550,550,false],"trp-custom-language-flag":["https:\/\/ecavix.com\/wp-content\/uploads\/2025\/07\/36V-15ah-Electric-Bike-Li-Ion-Battery0-800-800.webp",12,12,false],"neve-blog":["https:\/\/ecavix.com\/wp-content\/uploads\/2025\/07\/36V-15ah-Electric-Bike-Li-Ion-Battery0-800-800.webp",550,550,false],"woocommerce_thumbnail":["https:\/\/ecavix.com\/wp-content\/uploads\/2025\/07\/36V-15ah-Electric-Bike-Li-Ion-Battery0-800-800-300x300.webp",300,300,true],"woocommerce_single":["https:\/\/ecavix.com\/wp-content\/uploads\/2025\/07\/36V-15ah-Electric-Bike-Li-Ion-Battery0-800-800.webp",550,550,false],"woocommerce_gallery_thumbnail":["https:\/\/ecavix.com\/wp-content\/uploads\/2025\/07\/36V-15ah-Electric-Bike-Li-Ion-Battery0-800-800-100x100.webp",100,100,true]},"uagb_author_info":{"display_name":"solvitaenergylimited@gmail.com","author_link":"https:\/\/ecavix.com\/es\/author\/"},"uagb_comment_info":0,"uagb_excerpt":"24V 20Ah lithium-ion battery pack for electric scooters, motorcycles, boats, and more. Rechargeable, high energy density, fast charging, with excellent safety features.","_links":{"self":[{"href":"https:\/\/ecavix.com\/es\/wp-json\/wp\/v2\/product\/2341","targetHints":{"allow":["GET"]}}],"collection":[{"href":"https:\/\/ecavix.com\/es\/wp-json\/wp\/v2\/product"}],"about":[{"href":"https:\/\/ecavix.com\/es\/wp-json\/wp\/v2\/types\/product"}],"replies":[{"embeddable":true,"href":"https:\/\/ecavix.com\/es\/wp-json\/wp\/v2\/comments?post=2341"}],"wp:featuredmedia":[{"embeddable":true,"href":"https:\/\/ecavix.com\/es\/wp-json\/wp\/v2\/media\/2244"}],"wp:attachment":[{"href":"https:\/\/ecavix.com\/es\/wp-json\/wp\/v2\/media?parent=2341"}],"wp:term":[{"taxonomy":"product_brand","embeddable":true,"href":"https:\/\/ecavix.com\/es\/wp-json\/wp\/v2\/product_brand?post=2341"},{"taxonomy":"product_cat","embeddable":true,"href":"https:\/\/ecavix.com\/es\/wp-json\/wp\/v2\/product_cat?post=2341"},{"taxonomy":"product_tag","embeddable":true,"href":"https:\/\/ecavix.com\/es\/wp-json\/wp\/v2\/product_tag?post=2341"}],"curies":[{"name":"wp","href":"https:\/\/api.w.org\/{rel}","templated":true}]}}