{"id":2340,"date":"2025-07-18T03:43:36","date_gmt":"2025-07-18T03:43:36","guid":{"rendered":"https:\/\/ecavix.com\/?post_type=product&#038;p=2340"},"modified":"2025-07-18T03:43:36","modified_gmt":"2025-07-18T03:43:36","slug":"baterias-de-iones-de-litio-12v-20ah-30ah-40ah-18650-paquete-de-baterias-de-iones-de-litio-para-scooter-ebike","status":"publish","type":"product","link":"https:\/\/ecavix.com\/es\/product\/li-ion-batteries-12v-20ah-30ah-40ah-18650-lithium-ion-battery-pack-for-scooter-ebike\/","title":{"rendered":"Bater\u00edas de iones de litio 12 V 20 Ah 30 Ah 40 Ah 18650 Paquete de bater\u00edas de iones de litio para scooter Ebike"},"content":{"rendered":"<h1>Bater\u00eda de iones de litio de 12 V y 20 Ah (DL-1220)<\/h1>\n<h2>Productos<\/h2>\n<table>\n<tr>\n<th>Tensi\u00f3n nominal<\/th>\n<td>12V<\/td>\n<\/tr>\n<tr>\n<th>Capacidad nominal<\/th>\n<td>20Ah<\/td>\n<\/tr>\n<tr>\n<th>Tensi\u00f3n de entrada<\/th>\n<td>12.6V<\/td>\n<\/tr>\n<tr>\n<th>Tensi\u00f3n de salida<\/th>\n<td>9V - 12,6V<\/td>\n<\/tr>\n<tr>\n<th>Dimensiones<\/th>\n<td>145 mm x 85 mm x 70 mm (personalizable)<\/td>\n<\/tr>\n<tr>\n<th>Corriente de carga continua m\u00e1xima<\/th>\n<td>20A - 40A<\/td>\n<\/tr>\n<tr>\n<th>Corriente m\u00e1xima de descarga<\/th>\n<td>60A<\/td>\n<\/tr>\n<tr>\n<th>Corriente de carga<\/th>\n<td>4A<\/td>\n<\/tr>\n<tr>\n<th>Tiempo de carga<\/th>\n<td>Alrededor de 6 horas<\/td>\n<\/tr>\n<tr>\n<th>Temperatura de funcionamiento<\/th>\n<td>Carga: -20\u00baC ~ 45\u00baC, Descarga: -30\u00baC ~ 55\u00baC<\/td>\n<\/tr>\n<tr>\n<th>Ciclo de vida<\/th>\n<td>M\u00e1s de 500 ciclos<\/td>\n<\/tr>\n<tr>\n<th>Peso<\/th>\n<td>1,5 kg (aprox.)<\/td>\n<\/tr>\n<\/table>\n<h2>Caracter\u00edsticas principales<\/h2>\n<div class=\"features-grid\">\n<div class=\"feature-box\">\n      <strong>Largo ciclo de vida y alta capacidad<\/strong><br \/>\n      Proporciona una larga vida \u00fatil y gran capacidad para uso intensivo.\n    <\/div>\n<div class=\"feature-box\">\n      <strong>Rendimiento a baja temperatura<\/strong><br \/>\n      Excelente rendimiento de descarga incluso a bajas temperaturas.\n    <\/div>\n<div class=\"feature-box\">\n      <strong>Carga r\u00e1pida<\/strong><br \/>\n      Gran aceptaci\u00f3n de carga y capacidad de carga r\u00e1pida.\n    <\/div>\n<div class=\"feature-box\">\n      <strong>Sin mantenimiento<\/strong><br \/>\n      No necesita mantenimiento con \u00e1cido o agua durante su uso.\n    <\/div>\n<div class=\"feature-box\">\n      <strong>Excelente rendimiento de descarga<\/strong><br \/>\n      Extraordinaria descarga de gran corriente, ideal para el arranque y la escalada.\n    <\/div>\n<div class=\"feature-box\">\n      <strong>Seguro y respetuoso con el medio ambiente<\/strong><br \/>\n      Sin riesgo de explosi\u00f3n o incendio, y respetuoso con el medio ambiente.\n    <\/div>\n<\/p><\/div>\n<h2>Aplicaciones<\/h2>\n<h3>Aplicaciones de propulsi\u00f3n el\u00e9ctrica<\/h3>\n<ul>\n<li>Bater\u00edas de arranque<\/li>\n<li>Autobuses comerciales y tr\u00e1nsito<\/li>\n<li>Bicicletas el\u00e9ctricas, patinetes el\u00e9ctricos, carritos de golf y mucho m\u00e1s<\/li>\n<li>Camiones, barredoras y fregadoras de suelos el\u00e9ctricas<\/li>\n<li>Robots intelectuales<\/li>\n<li>Herramientas el\u00e9ctricas (taladros el\u00e9ctricos, juguetes, etc.)<\/li>\n<\/ul>\n<h3>Almacenamiento de energ\u00eda<\/h3>\n<ul>\n<li>Sistemas de energ\u00eda solar-e\u00f3lica<\/li>\n<li>Red urbana (activada\/desactivada)<\/li>\n<\/ul>\n<h3>Sistemas de reserva y SAI<\/h3>\n<ul>\n<li>Bases de telecomunicaciones, sistemas de CATV, equipos m\u00e9dicos<\/li>\n<li>Equipos militares, Centros de servidores<\/li>\n<\/ul>\n<h3>Otras aplicaciones<\/h3>\n<ul>\n<li>Seguridad y electr\u00f3nica<\/li>\n<li>POS m\u00f3vil, Luz para miner\u00eda, Luces LED de emergencia<\/li>\n<\/ul>\n<h2>\u00bfPor qu\u00e9 elegir nuestra bater\u00eda de iones de litio de 12 V?<\/h2>\n<ul>\n<li>Capacidad de carga r\u00e1pida y baja tasa de autodescarga<\/li>\n<li>M\u00e1s de 500 ciclos de carga y descarga para una mayor durabilidad<\/li>\n<li>Amplia gama de temperaturas para un rendimiento fiable<\/li>\n<li>Dise\u00f1o seguro y ecol\u00f3gico sin riesgo de incendio ni explosi\u00f3n<\/li>\n<li>Disponible en tama\u00f1os y configuraciones personalizables<\/li>\n<\/ul>\n<h2>Embalaje y env\u00edo<\/h2>\n<p>La bater\u00eda de iones de litio de 12 V y 20 Ah viene embalada en una caja de cart\u00f3n para exportaci\u00f3n. Ofrecemos m\u00e9todos de env\u00edo fiables en funci\u00f3n del tama\u00f1o del pedido y la urgencia.<\/p>\n<h3>M\u00e9todos de env\u00edo<\/h3>\n<ul>\n<li>Pedidos peque\u00f1os: env\u00edo por avi\u00f3n (DHL, FedEx, UPS)<\/li>\n<li>Pedidos grandes: env\u00edo por mar (plazo de entrega estimado: 30-45 d\u00edas)<\/li>\n<\/ul>","protected":false},"excerpt":{"rendered":"<p>Bater\u00eda recargable de iones de litio de 12V 20Ah, dise\u00f1ada para sistemas solares, barcos teledirigidos y diversos veh\u00edculos el\u00e9ctricos con un ciclo de vida largo, excelente rendimiento de descarga y beneficios medioambientales.<\/p>","protected":false},"featured_media":2296,"comment_status":"open","ping_status":"closed","template":"","meta":{"_uag_custom_page_level_css":"","neve_meta_sidebar":"","neve_meta_container":"","neve_meta_enable_content_width":"off","neve_meta_content_width":100,"neve_meta_title_alignment":"","neve_meta_author_avatar":"","neve_post_elements_order":"","neve_meta_disable_header":"","neve_meta_disable_footer":"","neve_meta_disable_title":""},"product_brand":[],"product_cat":[53,43,55],"product_tag":[],"class_list":{"0":"post-2340","1":"product","2":"type-product","3":"status-publish","4":"has-post-thumbnail","6":"product_cat-low-speed-electric-vehicle-battery","7":"product_cat-power-battery","8":"product_cat-scooter-battery","10":"first","11":"instock","12":"shipping-taxable","13":"product-type-simple"},"uagb_featured_image_src":{"full":["https:\/\/ecavix.com\/wp-content\/uploads\/2025\/07\/Rechargeable-Electric-Bike-Battery-12V-24ah0-800-800.webp",550,550,false],"thumbnail":["https:\/\/ecavix.com\/wp-content\/uploads\/2025\/07\/Rechargeable-Electric-Bike-Battery-12V-24ah0-800-800-150x150.webp",150,150,true],"medium":["https:\/\/ecavix.com\/wp-content\/uploads\/2025\/07\/Rechargeable-Electric-Bike-Battery-12V-24ah0-800-800-300x300.webp",300,300,true],"medium_large":["https:\/\/ecavix.com\/wp-content\/uploads\/2025\/07\/Rechargeable-Electric-Bike-Battery-12V-24ah0-800-800.webp",550,550,false],"large":["https:\/\/ecavix.com\/wp-content\/uploads\/2025\/07\/Rechargeable-Electric-Bike-Battery-12V-24ah0-800-800.webp",550,550,false],"1536x1536":["https:\/\/ecavix.com\/wp-content\/uploads\/2025\/07\/Rechargeable-Electric-Bike-Battery-12V-24ah0-800-800.webp",550,550,false],"2048x2048":["https:\/\/ecavix.com\/wp-content\/uploads\/2025\/07\/Rechargeable-Electric-Bike-Battery-12V-24ah0-800-800.webp",550,550,false],"trp-custom-language-flag":["https:\/\/ecavix.com\/wp-content\/uploads\/2025\/07\/Rechargeable-Electric-Bike-Battery-12V-24ah0-800-800.webp",12,12,false],"neve-blog":["https:\/\/ecavix.com\/wp-content\/uploads\/2025\/07\/Rechargeable-Electric-Bike-Battery-12V-24ah0-800-800.webp",550,550,false],"woocommerce_thumbnail":["https:\/\/ecavix.com\/wp-content\/uploads\/2025\/07\/Rechargeable-Electric-Bike-Battery-12V-24ah0-800-800-300x300.webp",300,300,true],"woocommerce_single":["https:\/\/ecavix.com\/wp-content\/uploads\/2025\/07\/Rechargeable-Electric-Bike-Battery-12V-24ah0-800-800.webp",550,550,false],"woocommerce_gallery_thumbnail":["https:\/\/ecavix.com\/wp-content\/uploads\/2025\/07\/Rechargeable-Electric-Bike-Battery-12V-24ah0-800-800-100x100.webp",100,100,true]},"uagb_author_info":{"display_name":"solvitaenergylimited@gmail.com","author_link":"https:\/\/ecavix.com\/es\/author\/"},"uagb_comment_info":0,"uagb_excerpt":"12V 20Ah rechargeable lithium-ion battery pack, designed for solar systems, remote control boats, and various electric vehicles with long cycle life, excellent discharge performance, and environmental benefits.","_links":{"self":[{"href":"https:\/\/ecavix.com\/es\/wp-json\/wp\/v2\/product\/2340","targetHints":{"allow":["GET"]}}],"collection":[{"href":"https:\/\/ecavix.com\/es\/wp-json\/wp\/v2\/product"}],"about":[{"href":"https:\/\/ecavix.com\/es\/wp-json\/wp\/v2\/types\/product"}],"replies":[{"embeddable":true,"href":"https:\/\/ecavix.com\/es\/wp-json\/wp\/v2\/comments?post=2340"}],"wp:featuredmedia":[{"embeddable":true,"href":"https:\/\/ecavix.com\/es\/wp-json\/wp\/v2\/media\/2296"}],"wp:attachment":[{"href":"https:\/\/ecavix.com\/es\/wp-json\/wp\/v2\/media?parent=2340"}],"wp:term":[{"taxonomy":"product_brand","embeddable":true,"href":"https:\/\/ecavix.com\/es\/wp-json\/wp\/v2\/product_brand?post=2340"},{"taxonomy":"product_cat","embeddable":true,"href":"https:\/\/ecavix.com\/es\/wp-json\/wp\/v2\/product_cat?post=2340"},{"taxonomy":"product_tag","embeddable":true,"href":"https:\/\/ecavix.com\/es\/wp-json\/wp\/v2\/product_tag?post=2340"}],"curies":[{"name":"wp","href":"https:\/\/api.w.org\/{rel}","templated":true}]}}