{"id":2335,"date":"2025-07-18T03:34:48","date_gmt":"2025-07-18T03:34:48","guid":{"rendered":"https:\/\/ecavix.com\/?post_type=product&#038;p=2335"},"modified":"2025-07-18T03:34:48","modified_gmt":"2025-07-18T03:34:48","slug":"mayoristas-12v-10ah-bateria-de-litio-para-la-agricultura-pulverizador","status":"publish","type":"product","link":"https:\/\/ecavix.com\/es\/product\/wholesales-12v-10ah-lithium-battery-pack-for-agriculture-sprayer\/","title":{"rendered":"Venta al por mayor de bater\u00edas de litio de 12 V y 10 Ah para pulverizadores agr\u00edcolas"},"content":{"rendered":"<h1>Bater\u00eda de iones de litio 12V 10Ah para pulverizador agr\u00edcola (del18650)<\/h1>\n<h2>Productos<\/h2>\n<table>\n<tr>\n<th>Tensi\u00f3n nominal<\/th>\n<td>12V<\/td>\n<\/tr>\n<tr>\n<th>Tensi\u00f3n de trabajo<\/th>\n<td>12,6V-9V<\/td>\n<\/tr>\n<tr>\n<th>Capacidad nominal<\/th>\n<td>10Ah (personalizable 7Ah-18Ah)<\/td>\n<\/tr>\n<tr>\n<th>Corriente de descarga<\/th>\n<td>0,5C-1C (personalizable hasta 3C para el arranque del motor)<\/td>\n<\/tr>\n<tr>\n<th>Tensi\u00f3n de corte de carga<\/th>\n<td>12.6V<\/td>\n<\/tr>\n<tr>\n<th>Corriente de carga<\/th>\n<td>M\u00e1x. 2,5 A<\/td>\n<\/tr>\n<tr>\n<th>M\u00e9todo de cobro<\/th>\n<td>CC\/CV-Corriente constante\/Tensi\u00f3n constante<\/td>\n<\/tr>\n<tr>\n<th>Temperatura de carga<\/th>\n<td>0\u00baC - 40\u00baC<\/td>\n<\/tr>\n<tr>\n<th>Temperatura de descarga<\/th>\n<td>-20\u00baC - +60\u00baC<\/td>\n<\/tr>\n<tr>\n<th>Carga Duraci\u00f3n<\/th>\n<td>4-5 horas (est\u00e1ndar)<\/td>\n<\/tr>\n<tr>\n<th>Ciclo de vida<\/th>\n<td>M\u00e1s de 500 ciclos<\/td>\n<\/tr>\n<tr>\n<th>Dimensiones<\/th>\n<td>148 mm x 64 mm x 94 mm (largo x ancho x alto)<\/td>\n<\/tr>\n<\/table>\n<h2>Caracter\u00edsticas principales<\/h2>\n<div class=\"features-grid\">\n<div class=\"feature-box\">\n      <strong>Sistema BMS estable<\/strong><br \/>\n      Equipado con protecci\u00f3n contra cortocircuitos, sobrecarga, sobredescarga y sobrecorriente, junto con un BMS integrado de 60 A para el equilibrio.\n    <\/div>\n<div class=\"feature-box\">\n      <strong>Larga vida \u00fatil<\/strong><br \/>\n      Proporciona m\u00e1s de 500 ciclos, ofreciendo fiabilidad a largo plazo.\n    <\/div>\n<div class=\"feature-box\">\n      <strong>Tolerancia t\u00e9rmica<\/strong><br \/>\n      Funciona bien en temperaturas extremas, de -20\u00baC a +60\u00baC para descarga y de 0\u00baC a 40\u00baC para carga.\n    <\/div>\n<div class=\"feature-box\">\n      <strong>Sin efecto memoria<\/strong><br \/>\n      Garantiza un rendimiento \u00f3ptimo sin riesgo de efectos memoria.\n    <\/div>\n<div class=\"feature-box\">\n      <strong>Capacidades personalizables<\/strong><br \/>\n      Disponibles en capacidades personalizables de 7Ah a 18Ah en funci\u00f3n de sus necesidades espec\u00edficas.\n    <\/div>\n<div class=\"feature-box\">\n      <strong>Aplicaciones vers\u00e1tiles<\/strong><br \/>\n      Adecuado para pulverizadores agr\u00edcolas, dispositivos de iluminaci\u00f3n, inversores, c\u00e1maras de vigilancia y otros dispositivos alimentados.\n    <\/div>\n<\/p><\/div>\n<h2>Aplicaciones<\/h2>\n<ul>\n<li>Pulverizadores agr\u00edcolas<\/li>\n<li>Sistemas de energ\u00eda solar<\/li>\n<li>Veh\u00edculos el\u00e9ctricos<\/li>\n<li>Dispositivos port\u00e1tiles (luces, c\u00e1maras, etc.)<\/li>\n<li>Herramientas el\u00e9ctricas<\/li>\n<\/ul>\n<h2>\u00bfPor qu\u00e9 elegir nuestra bater\u00eda de iones de litio de 12 V y 10 Ah?<\/h2>\n<ul>\n<li>Sistema BMS estable y fiable para una mayor seguridad<\/li>\n<li>Capacidad y tasas de descarga personalizables para diferentes aplicaciones<\/li>\n<li>Adecuado para su uso en condiciones ambientales adversas<\/li>\n<li>Su larga vida \u00fatil garantiza ahorro y eficiencia a largo plazo<\/li>\n<li>La ausencia de efecto memoria garantiza la m\u00e1xima capacidad a lo largo del tiempo<\/li>\n<\/ul>\n<h2>Embalaje y env\u00edo<\/h2>\n<p>El paquete de bater\u00edas de iones de litio de 12V 10Ah est\u00e1 cuidadosamente embalado en embalaje est\u00e1ndar de exportaci\u00f3n para garantizar una entrega segura. Las opciones de env\u00edo incluyen flete a\u00e9reo y mar\u00edtimo en funci\u00f3n del tama\u00f1o y la urgencia del pedido.<\/p>\n<h3>M\u00e9todos de env\u00edo<\/h3>\n<ul>\n<li>Pedidos peque\u00f1os: env\u00edo por avi\u00f3n (DHL, FedEx, UPS)<\/li>\n<li>Pedidos grandes: env\u00edo por mar (plazo de entrega estimado: 30-45 d\u00edas)<\/li>\n<\/ul>","protected":false},"excerpt":{"rendered":"<p>Bater\u00eda de iones de litio de 12 V y 10 Ah para pulverizadores agr\u00edcolas, con un sistema BMS estable, larga vida \u00fatil y excelente resistencia a la temperatura. Personalizable para diversas aplicaciones.<\/p>","protected":false},"featured_media":2337,"comment_status":"open","ping_status":"closed","template":"","meta":{"_uag_custom_page_level_css":"","neve_meta_sidebar":"","neve_meta_container":"","neve_meta_enable_content_width":"off","neve_meta_content_width":100,"neve_meta_title_alignment":"","neve_meta_author_avatar":"","neve_post_elements_order":"","neve_meta_disable_header":"","neve_meta_disable_footer":"","neve_meta_disable_title":""},"product_brand":[],"product_cat":[53,43,55],"product_tag":[],"class_list":{"0":"post-2335","1":"product","2":"type-product","3":"status-publish","4":"has-post-thumbnail","6":"product_cat-low-speed-electric-vehicle-battery","7":"product_cat-power-battery","8":"product_cat-scooter-battery","10":"first","11":"instock","12":"shipping-taxable","13":"product-type-simple"},"uagb_featured_image_src":{"full":["https:\/\/ecavix.com\/wp-content\/uploads\/2025\/07\/Wholesales-12V-10ah-Lithium-Battery-Pack-for-Agriculture-Sprayer4-800-800.webp",550,467,false],"thumbnail":["https:\/\/ecavix.com\/wp-content\/uploads\/2025\/07\/Wholesales-12V-10ah-Lithium-Battery-Pack-for-Agriculture-Sprayer4-800-800-150x150.webp",150,150,true],"medium":["https:\/\/ecavix.com\/wp-content\/uploads\/2025\/07\/Wholesales-12V-10ah-Lithium-Battery-Pack-for-Agriculture-Sprayer4-800-800-300x255.webp",300,255,true],"medium_large":["https:\/\/ecavix.com\/wp-content\/uploads\/2025\/07\/Wholesales-12V-10ah-Lithium-Battery-Pack-for-Agriculture-Sprayer4-800-800.webp",550,467,false],"large":["https:\/\/ecavix.com\/wp-content\/uploads\/2025\/07\/Wholesales-12V-10ah-Lithium-Battery-Pack-for-Agriculture-Sprayer4-800-800.webp",550,467,false],"1536x1536":["https:\/\/ecavix.com\/wp-content\/uploads\/2025\/07\/Wholesales-12V-10ah-Lithium-Battery-Pack-for-Agriculture-Sprayer4-800-800.webp",550,467,false],"2048x2048":["https:\/\/ecavix.com\/wp-content\/uploads\/2025\/07\/Wholesales-12V-10ah-Lithium-Battery-Pack-for-Agriculture-Sprayer4-800-800.webp",550,467,false],"trp-custom-language-flag":["https:\/\/ecavix.com\/wp-content\/uploads\/2025\/07\/Wholesales-12V-10ah-Lithium-Battery-Pack-for-Agriculture-Sprayer4-800-800.webp",14,12,false],"neve-blog":["https:\/\/ecavix.com\/wp-content\/uploads\/2025\/07\/Wholesales-12V-10ah-Lithium-Battery-Pack-for-Agriculture-Sprayer4-800-800.webp",550,467,false],"woocommerce_thumbnail":["https:\/\/ecavix.com\/wp-content\/uploads\/2025\/07\/Wholesales-12V-10ah-Lithium-Battery-Pack-for-Agriculture-Sprayer4-800-800-300x300.webp",300,300,true],"woocommerce_single":["https:\/\/ecavix.com\/wp-content\/uploads\/2025\/07\/Wholesales-12V-10ah-Lithium-Battery-Pack-for-Agriculture-Sprayer4-800-800.webp",550,467,false],"woocommerce_gallery_thumbnail":["https:\/\/ecavix.com\/wp-content\/uploads\/2025\/07\/Wholesales-12V-10ah-Lithium-Battery-Pack-for-Agriculture-Sprayer4-800-800-100x100.webp",100,100,true]},"uagb_author_info":{"display_name":"solvitaenergylimited@gmail.com","author_link":"https:\/\/ecavix.com\/es\/author\/"},"uagb_comment_info":0,"uagb_excerpt":"12V 10Ah lithium-ion battery pack for agriculture sprayers, featuring a stable BMS system, long cycle life, and excellent temperature resistance. Customizable for various applications.","_links":{"self":[{"href":"https:\/\/ecavix.com\/es\/wp-json\/wp\/v2\/product\/2335","targetHints":{"allow":["GET"]}}],"collection":[{"href":"https:\/\/ecavix.com\/es\/wp-json\/wp\/v2\/product"}],"about":[{"href":"https:\/\/ecavix.com\/es\/wp-json\/wp\/v2\/types\/product"}],"replies":[{"embeddable":true,"href":"https:\/\/ecavix.com\/es\/wp-json\/wp\/v2\/comments?post=2335"}],"wp:featuredmedia":[{"embeddable":true,"href":"https:\/\/ecavix.com\/es\/wp-json\/wp\/v2\/media\/2337"}],"wp:attachment":[{"href":"https:\/\/ecavix.com\/es\/wp-json\/wp\/v2\/media?parent=2335"}],"wp:term":[{"taxonomy":"product_brand","embeddable":true,"href":"https:\/\/ecavix.com\/es\/wp-json\/wp\/v2\/product_brand?post=2335"},{"taxonomy":"product_cat","embeddable":true,"href":"https:\/\/ecavix.com\/es\/wp-json\/wp\/v2\/product_cat?post=2335"},{"taxonomy":"product_tag","embeddable":true,"href":"https:\/\/ecavix.com\/es\/wp-json\/wp\/v2\/product_tag?post=2335"}],"curies":[{"name":"wp","href":"https:\/\/api.w.org\/{rel}","templated":true}]}}