{"id":2328,"date":"2025-07-18T03:29:02","date_gmt":"2025-07-18T03:29:02","guid":{"rendered":"https:\/\/ecavix.com\/?post_type=product&#038;p=2328"},"modified":"2025-07-18T03:30:18","modified_gmt":"2025-07-18T03:30:18","slug":"oem-personalizado-bateria-de-iones-de-litio-12v-20ah-30ah-40ah-recargable-li-ion-18650-bateria","status":"publish","type":"product","link":"https:\/\/ecavix.com\/es\/product\/oem-customized-lithium-ion-battery-12v-20ah-30ah-40ah-rechargeable-li-ion-18650-battery\/","title":{"rendered":"Bater\u00eda personalizada de iones de litio de 12 V y 4 Ah para scooter el\u00e9ctrico"},"content":{"rendered":"<br \/>\n<h1>Bater\u00eda de iones de litio de 12 V y 20 Ah (DL-12V20AH)<\/h1>\n<h2>Productos<\/h2>\n<table>\n<tr>\n<th>Tensi\u00f3n nominal<\/th>\n<td>12V<\/td>\n<\/tr>\n<tr>\n<th>Tensi\u00f3n de trabajo<\/th>\n<td>12V<\/td>\n<\/tr>\n<tr>\n<th>Capacidad nominal<\/th>\n<td>20Ah (t\u00edpico)<\/td>\n<\/tr>\n<tr>\n<th>Tensi\u00f3n m\u00e1xima de carga<\/th>\n<td>12.6V<\/td>\n<\/tr>\n<tr>\n<th>Tensi\u00f3n de descarga m\u00ednima<\/th>\n<td>12.6V<\/td>\n<\/tr>\n<tr>\n<th>Corriente de carga constante m\u00e1xima<\/th>\n<td>13.2A<\/td>\n<\/tr>\n<tr>\n<th>Corriente de descarga constante m\u00e1xima<\/th>\n<td>13.2A<\/td>\n<\/tr>\n<tr>\n<th>Temperatura de trabajo<\/th>\n<td>Carga: 0\u00baC ~ 45\u00baC, Descarga: -20\u00baC ~ 60\u00baC<\/td>\n<\/tr>\n<tr>\n<th>Temperatura de almacenamiento<\/th>\n<td>1 Mes: -20\u00baC ~ 45\u00baC, 6 Meses: -20\u00baC ~ 35\u00baC<\/td>\n<\/tr>\n<tr>\n<th>Peso<\/th>\n<td>6.5KG<\/td>\n<\/tr>\n<tr>\n<th>Tensi\u00f3n de almacenamiento<\/th>\n<td>12,0V - 12,6V<\/td>\n<\/tr>\n<tr>\n<th>Ciclo de vida<\/th>\n<td>M\u00e1s de 500 ciclos<\/td>\n<\/tr>\n<\/table>\n<h2>Caracter\u00edsticas principales<\/h2>\n<div class=\"features-grid\">\n<div class=\"feature-box\">\n      <strong>Larga vida \u00fatil<\/strong><br \/>\n      M\u00e1s de 500 ciclos, proporcionando un rendimiento duradero para una gran variedad de aplicaciones.\n    <\/div>\n<div class=\"feature-box\">\n      <strong>Protecci\u00f3n BMS estable<\/strong><br \/>\n      Dispone de BMS con protecci\u00f3n contra cortocircuitos, sobrecarga, sobredescarga y sobrecorriente.\n    <\/div>\n<div class=\"feature-box\">\n      <strong>Alta densidad energ\u00e9tica<\/strong><br \/>\n      Mayor densidad energ\u00e9tica por volumen para un almacenamiento de energ\u00eda compacto y eficiente.\n    <\/div>\n<div class=\"feature-box\">\n      <strong>Amplia gama de temperaturas<\/strong><br \/>\n      Puede funcionar en diversas condiciones ambientales: Carga (0~45\u00baC), Descarga (-20~60\u00baC).\n    <\/div>\n<div class=\"feature-box\">\n      <strong>Ligero<\/strong><br \/>\n      Bater\u00eda de pol\u00edmero de litio que ofrece una soluci\u00f3n ligera con alta densidad energ\u00e9tica.\n    <\/div>\n<div class=\"feature-box\">\n      <strong>Sin efectos en la memoria<\/strong><br \/>\n      Rendimiento constante sin riesgo de efectos memoria, a diferencia de otros tipos de pilas.\n    <\/div>\n<\/p><\/div>\n<h2>Aplicaciones<\/h2>\n<ul>\n<li>Veh\u00edculos el\u00e9ctricos (bicicletas el\u00e9ctricas, patinetes)<\/li>\n<li>Luces LED<\/li>\n<li>Luces mineras<\/li>\n<li>Luces solares<\/li>\n<li>Herramientas el\u00e9ctricas<\/li>\n<li>Otros dispositivos port\u00e1tiles que requieren alta densidad energ\u00e9tica<\/li>\n<\/ul>\n<h2>\u00bfPor qu\u00e9 elegir nuestra bater\u00eda de iones de litio de 12 V y 20 Ah?<\/h2>\n<ul>\n<li>Larga duraci\u00f3n con m\u00e1s de 500 ciclos de carga<\/li>\n<li>Compacto y ligero con alta densidad energ\u00e9tica<\/li>\n<li>Sistema BMS robusto para mayor seguridad y fiabilidad<\/li>\n<li>Funciona bien en diversas condiciones ambientales<\/li>\n<li>Ideal para su uso en diversos dispositivos, como veh\u00edculos el\u00e9ctricos e iluminaci\u00f3n<\/li>\n<\/ul>\n<h2>Embalaje y env\u00edo<\/h2>\n<p>Disponemos de embalaje est\u00e1ndar o podemos personalizarlo seg\u00fan sus necesidades. Ofrecemos env\u00edos internacionales por v\u00eda a\u00e9rea o mar\u00edtima.<\/p>\n<h3>M\u00e9todos de env\u00edo<\/h3>\n<ul>\n<li>Pedidos peque\u00f1os: env\u00edo por avi\u00f3n (DHL, FedEx, UPS)<\/li>\n<li>Pedidos grandes: env\u00edo por mar (plazo de entrega: 30-45 d\u00edas)<\/li>\n<\/ul>","protected":false},"excerpt":{"rendered":"<p>Bater\u00eda recargable de iones de litio de 12V 20Ah con BMS. Alto ciclo de vida, rendimiento estable, y ampliamente utilizado en veh\u00edculos el\u00e9ctricos, luces LED, y m\u00e1s.<\/p>","protected":false},"featured_media":2313,"comment_status":"open","ping_status":"closed","template":"","meta":{"_uag_custom_page_level_css":"","neve_meta_sidebar":"","neve_meta_container":"","neve_meta_enable_content_width":"off","neve_meta_content_width":100,"neve_meta_title_alignment":"","neve_meta_author_avatar":"","neve_post_elements_order":"","neve_meta_disable_header":"","neve_meta_disable_footer":"","neve_meta_disable_title":""},"product_brand":[],"product_cat":[53,43,55],"product_tag":[],"class_list":{"0":"post-2328","1":"product","2":"type-product","3":"status-publish","4":"has-post-thumbnail","6":"product_cat-low-speed-electric-vehicle-battery","7":"product_cat-power-battery","8":"product_cat-scooter-battery","10":"first","11":"instock","12":"shipping-taxable","13":"product-type-simple"},"uagb_featured_image_src":{"full":["https:\/\/ecavix.com\/wp-content\/uploads\/2025\/07\/Wholesale-Li-ion-12V-20ah-Lithium-Ion-Battery-Pack-for-Electric-Bike0-800-800.webp",550,550,false],"thumbnail":["https:\/\/ecavix.com\/wp-content\/uploads\/2025\/07\/Wholesale-Li-ion-12V-20ah-Lithium-Ion-Battery-Pack-for-Electric-Bike0-800-800-150x150.webp",150,150,true],"medium":["https:\/\/ecavix.com\/wp-content\/uploads\/2025\/07\/Wholesale-Li-ion-12V-20ah-Lithium-Ion-Battery-Pack-for-Electric-Bike0-800-800-300x300.webp",300,300,true],"medium_large":["https:\/\/ecavix.com\/wp-content\/uploads\/2025\/07\/Wholesale-Li-ion-12V-20ah-Lithium-Ion-Battery-Pack-for-Electric-Bike0-800-800.webp",550,550,false],"large":["https:\/\/ecavix.com\/wp-content\/uploads\/2025\/07\/Wholesale-Li-ion-12V-20ah-Lithium-Ion-Battery-Pack-for-Electric-Bike0-800-800.webp",550,550,false],"1536x1536":["https:\/\/ecavix.com\/wp-content\/uploads\/2025\/07\/Wholesale-Li-ion-12V-20ah-Lithium-Ion-Battery-Pack-for-Electric-Bike0-800-800.webp",550,550,false],"2048x2048":["https:\/\/ecavix.com\/wp-content\/uploads\/2025\/07\/Wholesale-Li-ion-12V-20ah-Lithium-Ion-Battery-Pack-for-Electric-Bike0-800-800.webp",550,550,false],"trp-custom-language-flag":["https:\/\/ecavix.com\/wp-content\/uploads\/2025\/07\/Wholesale-Li-ion-12V-20ah-Lithium-Ion-Battery-Pack-for-Electric-Bike0-800-800.webp",12,12,false],"neve-blog":["https:\/\/ecavix.com\/wp-content\/uploads\/2025\/07\/Wholesale-Li-ion-12V-20ah-Lithium-Ion-Battery-Pack-for-Electric-Bike0-800-800.webp",550,550,false],"woocommerce_thumbnail":["https:\/\/ecavix.com\/wp-content\/uploads\/2025\/07\/Wholesale-Li-ion-12V-20ah-Lithium-Ion-Battery-Pack-for-Electric-Bike0-800-800-300x300.webp",300,300,true],"woocommerce_single":["https:\/\/ecavix.com\/wp-content\/uploads\/2025\/07\/Wholesale-Li-ion-12V-20ah-Lithium-Ion-Battery-Pack-for-Electric-Bike0-800-800.webp",550,550,false],"woocommerce_gallery_thumbnail":["https:\/\/ecavix.com\/wp-content\/uploads\/2025\/07\/Wholesale-Li-ion-12V-20ah-Lithium-Ion-Battery-Pack-for-Electric-Bike0-800-800-100x100.webp",100,100,true]},"uagb_author_info":{"display_name":"solvitaenergylimited@gmail.com","author_link":"https:\/\/ecavix.com\/es\/author\/"},"uagb_comment_info":0,"uagb_excerpt":"Rechargeable 12V 20Ah lithium-ion battery pack with BMS. High cycle life, stable performance, and widely used in electric vehicles, LED lights, and more.","_links":{"self":[{"href":"https:\/\/ecavix.com\/es\/wp-json\/wp\/v2\/product\/2328","targetHints":{"allow":["GET"]}}],"collection":[{"href":"https:\/\/ecavix.com\/es\/wp-json\/wp\/v2\/product"}],"about":[{"href":"https:\/\/ecavix.com\/es\/wp-json\/wp\/v2\/types\/product"}],"replies":[{"embeddable":true,"href":"https:\/\/ecavix.com\/es\/wp-json\/wp\/v2\/comments?post=2328"}],"wp:featuredmedia":[{"embeddable":true,"href":"https:\/\/ecavix.com\/es\/wp-json\/wp\/v2\/media\/2313"}],"wp:attachment":[{"href":"https:\/\/ecavix.com\/es\/wp-json\/wp\/v2\/media?parent=2328"}],"wp:term":[{"taxonomy":"product_brand","embeddable":true,"href":"https:\/\/ecavix.com\/es\/wp-json\/wp\/v2\/product_brand?post=2328"},{"taxonomy":"product_cat","embeddable":true,"href":"https:\/\/ecavix.com\/es\/wp-json\/wp\/v2\/product_cat?post=2328"},{"taxonomy":"product_tag","embeddable":true,"href":"https:\/\/ecavix.com\/es\/wp-json\/wp\/v2\/product_tag?post=2328"}],"curies":[{"name":"wp","href":"https:\/\/api.w.org\/{rel}","templated":true}]}}