{"id":2322,"date":"2025-07-18T03:10:28","date_gmt":"2025-07-18T03:10:28","guid":{"rendered":"https:\/\/ecavix.com\/?post_type=product&#038;p=2322"},"modified":"2025-07-18T03:10:28","modified_gmt":"2025-07-18T03:10:28","slug":"bateria-recargable-de-iones-de-litio-18650-12v-16ah-para-herramientas-electricas","status":"publish","type":"product","link":"https:\/\/ecavix.com\/es\/product\/rechargeable-18650-lithium-ion-battery-pack-12v-16ah-for-electric-tools\/","title":{"rendered":"Bater\u00eda recargable de iones de litio 18650 12V 16ah para herramientas el\u00e9ctricas"},"content":{"rendered":"<h1>Bater\u00eda de iones de litio de 12 V y 16 Ah para herramientas el\u00e9ctricas<\/h1>\n<h2>Productos<\/h2>\n<table>\n<tr>\n<th>Tensi\u00f3n nominal<\/th>\n<td>12V<\/td>\n<\/tr>\n<tr>\n<th>Capacidad nominal<\/th>\n<td>16Ah (personalizable)<\/td>\n<\/tr>\n<tr>\n<th>Tensi\u00f3n de carga<\/th>\n<td>12.6V<\/td>\n<\/tr>\n<tr>\n<th>Construcci\u00f3n<\/th>\n<td>3S6P<\/td>\n<\/tr>\n<tr>\n<th>Dimensi\u00f3n<\/th>\n<td>15*9.5*6.5cm (Personalizable)<\/td>\n<\/tr>\n<tr>\n<th>Peso<\/th>\n<td>1kg<\/td>\n<\/tr>\n<tr>\n<th>Tensi\u00f3n de corte de descarga<\/th>\n<td>8.25V<\/td>\n<\/tr>\n<tr>\n<th>Corriente m\u00e1xima de descarga<\/th>\n<td>32A<\/td>\n<\/tr>\n<tr>\n<th>Corriente de carga est\u00e1ndar<\/th>\n<td>3.2A<\/td>\n<\/tr>\n<tr>\n<th>Temperatura de carga<\/th>\n<td>0\u00baC a 40\u00baC<\/td>\n<\/tr>\n<tr>\n<th>Temperatura de descarga<\/th>\n<td>-20\u00baC a +60\u00baC<\/td>\n<\/tr>\n<tr>\n<th>Ciclo de vida<\/th>\n<td>M\u00e1s de 500 ciclos<\/td>\n<\/tr>\n<tr>\n<th>Certificaci\u00f3n<\/th>\n<td>CE, RoHS, UN38.3, MSDS<\/td>\n<\/tr>\n<\/table>\n<h2>Caracter\u00edsticas principales<\/h2>\n<div class=\"features-grid\">\n<div class=\"feature-box\">\n      <strong>Larga vida \u00fatil<\/strong><br \/>\n      M\u00e1s de 500 ciclos con m\u00e1s de 95% de retenci\u00f3n de capacidad.\n    <\/div>\n<div class=\"feature-box\">\n      <strong>Estable y seguro<\/strong><br \/>\n      Incorpora un sistema de gesti\u00f3n de la bater\u00eda (BMS) para protegerla de sobrecargas, sobredescargas y cortocircuitos.\n    <\/div>\n<div class=\"feature-box\">\n      <strong>Amplia gama de temperaturas<\/strong><br \/>\n      Funciona eficazmente a temperaturas comprendidas entre -20\u00baC y +60\u00baC.\n    <\/div>\n<div class=\"feature-box\">\n      <strong>Dimensiones personalizables<\/strong><br \/>\n      Dimensiones de 15*9,5*6,5 cm, con opciones de personalizaci\u00f3n para adaptarse a requisitos espec\u00edficos.\n    <\/div>\n<div class=\"feature-box\">\n      <strong>Baja tasa de descarga<\/strong><br \/>\n      Ideal para pulverizadores el\u00e9ctricos y herramientas el\u00e9ctricas que requieren una descarga de potencia moderada.\n    <\/div>\n<div class=\"feature-box\">\n      <strong>Ecol\u00f3gico<\/strong><br \/>\n      Cumple las normas medioambientales internacionales, incluidas CE, RoHS, UN38.3 y MSDS.\n    <\/div>\n<\/p><\/div>\n<h2>Aplicaciones<\/h2>\n<ul>\n<li>Pulverizadores el\u00e9ctricos<\/li>\n<li>Herramientas el\u00e9ctricas<\/li>\n<li>Equipamiento el\u00e9ctrico<\/li>\n<li>Proyectos de bricolaje y hobby<\/li>\n<\/ul>\n<h2>\u00bfPor qu\u00e9 elegir nuestra bater\u00eda de 12 V y 16 Ah?<\/h2>\n<ul>\n<li>Duradero con m\u00e1s de 500 ciclos de carga\/descarga<\/li>\n<li>Personalizable para diversas aplicaciones<\/li>\n<li>BMS integrado para mayor protecci\u00f3n y fiabilidad<\/li>\n<li>Amplia gama de temperaturas de funcionamiento para mayor versatilidad<\/li>\n<li>Cumple las certificaciones CE, RoHS y otras certificaciones de seguridad<\/li>\n<\/ul>\n<h2>Embalaje y env\u00edo<\/h2>\n<p>Ofrecemos embalaje est\u00e1ndar o personalizado en funci\u00f3n de sus necesidades. Realizamos env\u00edos a todo el mundo con opciones de entrega por aire o mar.<\/p>\n<h3>M\u00e9todos de env\u00edo<\/h3>\n<ul>\n<li>Pedidos de muestras: Env\u00edo a trav\u00e9s de UPS, DHL o FedEx (servicio puerta a puerta)<\/li>\n<li>Pedidos al por mayor: Env\u00edo por mar (plazo de entrega: 30-45 d\u00edas)<\/li>\n<\/ul>","protected":false},"excerpt":{"rendered":"<p>Bater\u00eda recargable de iones de litio de 12 V y 16 Ah para herramientas el\u00e9ctricas y pulverizadores. Ofrece ciclos de larga duraci\u00f3n, descarga estable y tolerancia a la temperatura para un rendimiento fiable en diversas aplicaciones.<\/p>","protected":false},"featured_media":2326,"comment_status":"open","ping_status":"closed","template":"","meta":{"_uag_custom_page_level_css":"","neve_meta_sidebar":"","neve_meta_container":"","neve_meta_enable_content_width":"off","neve_meta_content_width":100,"neve_meta_title_alignment":"","neve_meta_author_avatar":"","neve_post_elements_order":"","neve_meta_disable_header":"","neve_meta_disable_footer":"","neve_meta_disable_title":""},"product_brand":[],"product_cat":[53,43,55],"product_tag":[65,64,62,67,69,68],"class_list":{"0":"post-2322","1":"product","2":"type-product","3":"status-publish","4":"has-post-thumbnail","6":"product_cat-low-speed-electric-vehicle-battery","7":"product_cat-power-battery","8":"product_cat-scooter-battery","9":"product_tag-12v","10":"product_tag-battery","11":"product_tag-ebike","12":"product_tag-eco","13":"product_tag-energy","14":"product_tag-green","16":"first","17":"instock","18":"shipping-taxable","19":"product-type-simple"},"uagb_featured_image_src":{"full":["https:\/\/ecavix.com\/wp-content\/uploads\/2025\/07\/Rechargeable-18650-Lithium-Ion-Battery-Pack-12V-16ah-for-Electric-Tools5-800-800.webp",550,550,false],"thumbnail":["https:\/\/ecavix.com\/wp-content\/uploads\/2025\/07\/Rechargeable-18650-Lithium-Ion-Battery-Pack-12V-16ah-for-Electric-Tools5-800-800-150x150.webp",150,150,true],"medium":["https:\/\/ecavix.com\/wp-content\/uploads\/2025\/07\/Rechargeable-18650-Lithium-Ion-Battery-Pack-12V-16ah-for-Electric-Tools5-800-800-300x300.webp",300,300,true],"medium_large":["https:\/\/ecavix.com\/wp-content\/uploads\/2025\/07\/Rechargeable-18650-Lithium-Ion-Battery-Pack-12V-16ah-for-Electric-Tools5-800-800.webp",550,550,false],"large":["https:\/\/ecavix.com\/wp-content\/uploads\/2025\/07\/Rechargeable-18650-Lithium-Ion-Battery-Pack-12V-16ah-for-Electric-Tools5-800-800.webp",550,550,false],"1536x1536":["https:\/\/ecavix.com\/wp-content\/uploads\/2025\/07\/Rechargeable-18650-Lithium-Ion-Battery-Pack-12V-16ah-for-Electric-Tools5-800-800.webp",550,550,false],"2048x2048":["https:\/\/ecavix.com\/wp-content\/uploads\/2025\/07\/Rechargeable-18650-Lithium-Ion-Battery-Pack-12V-16ah-for-Electric-Tools5-800-800.webp",550,550,false],"trp-custom-language-flag":["https:\/\/ecavix.com\/wp-content\/uploads\/2025\/07\/Rechargeable-18650-Lithium-Ion-Battery-Pack-12V-16ah-for-Electric-Tools5-800-800.webp",12,12,false],"neve-blog":["https:\/\/ecavix.com\/wp-content\/uploads\/2025\/07\/Rechargeable-18650-Lithium-Ion-Battery-Pack-12V-16ah-for-Electric-Tools5-800-800.webp",550,550,false],"woocommerce_thumbnail":["https:\/\/ecavix.com\/wp-content\/uploads\/2025\/07\/Rechargeable-18650-Lithium-Ion-Battery-Pack-12V-16ah-for-Electric-Tools5-800-800-300x300.webp",300,300,true],"woocommerce_single":["https:\/\/ecavix.com\/wp-content\/uploads\/2025\/07\/Rechargeable-18650-Lithium-Ion-Battery-Pack-12V-16ah-for-Electric-Tools5-800-800.webp",550,550,false],"woocommerce_gallery_thumbnail":["https:\/\/ecavix.com\/wp-content\/uploads\/2025\/07\/Rechargeable-18650-Lithium-Ion-Battery-Pack-12V-16ah-for-Electric-Tools5-800-800-100x100.webp",100,100,true]},"uagb_author_info":{"display_name":"solvitaenergylimited@gmail.com","author_link":"https:\/\/ecavix.com\/es\/author\/"},"uagb_comment_info":0,"uagb_excerpt":"Rechargeable 12V 16Ah Lithium-ion battery pack for electric tools and sprayers. Features long cycle life, stable discharge, and temperature tolerance for reliable performance in various applications.","_links":{"self":[{"href":"https:\/\/ecavix.com\/es\/wp-json\/wp\/v2\/product\/2322","targetHints":{"allow":["GET"]}}],"collection":[{"href":"https:\/\/ecavix.com\/es\/wp-json\/wp\/v2\/product"}],"about":[{"href":"https:\/\/ecavix.com\/es\/wp-json\/wp\/v2\/types\/product"}],"replies":[{"embeddable":true,"href":"https:\/\/ecavix.com\/es\/wp-json\/wp\/v2\/comments?post=2322"}],"wp:featuredmedia":[{"embeddable":true,"href":"https:\/\/ecavix.com\/es\/wp-json\/wp\/v2\/media\/2326"}],"wp:attachment":[{"href":"https:\/\/ecavix.com\/es\/wp-json\/wp\/v2\/media?parent=2322"}],"wp:term":[{"taxonomy":"product_brand","embeddable":true,"href":"https:\/\/ecavix.com\/es\/wp-json\/wp\/v2\/product_brand?post=2322"},{"taxonomy":"product_cat","embeddable":true,"href":"https:\/\/ecavix.com\/es\/wp-json\/wp\/v2\/product_cat?post=2322"},{"taxonomy":"product_tag","embeddable":true,"href":"https:\/\/ecavix.com\/es\/wp-json\/wp\/v2\/product_tag?post=2322"}],"curies":[{"name":"wp","href":"https:\/\/api.w.org\/{rel}","templated":true}]}}