{"id":2317,"date":"2025-07-18T03:03:22","date_gmt":"2025-07-18T03:03:22","guid":{"rendered":"https:\/\/ecavix.com\/?post_type=product&#038;p=2317"},"modified":"2025-07-18T03:06:09","modified_gmt":"2025-07-18T03:06:09","slug":"bateria-recargable-de-iones-de-litio-18650-de-12-v-y-6600-mah-a-precio-de-fabrica-para-herramientas-electricas-con-luz-led","status":"publish","type":"product","link":"https:\/\/ecavix.com\/es\/product\/factory-price-rechargeable-18650-lithium-ion-12v-6600mah-li-ion-battery-pack-for-led-light-power-tools-batteries\/","title":{"rendered":"Precio de f\u00e1brica recargable 18650 de iones de litio 12V 6600mAh Li Ion Pack de bater\u00edas para la luz LED Power Tools Bater\u00edas"},"content":{"rendered":"<br \/>\n<h1>Precio de f\u00e1brica recargable 18650 de iones de litio 12V 6600mAh Li Ion Pack de bater\u00edas para la luz LED Power Tools Bater\u00edas <\/h1>\n<h2>Productos<\/h2>\n<table>\n<tr>\n<th>Tensi\u00f3n nominal<\/th>\n<td>12V<\/td>\n<\/tr>\n<tr>\n<th>Capacidad nominal<\/th>\n<td>6600 mAh (personalizable)<\/td>\n<\/tr>\n<tr>\n<th>Resistencia interna<\/th>\n<td>150m\u03a9<\/td>\n<\/tr>\n<tr>\n<th>Descarga de tensi\u00f3n limitada<\/th>\n<td>11 V<\/td>\n<\/tr>\n<tr>\n<th>Carga de voltaje limitado<\/th>\n<td>16.8V<\/td>\n<\/tr>\n<tr>\n<th>Corriente de carga est\u00e1ndar<\/th>\n<td>0,5 A<\/td>\n<\/tr>\n<tr>\n<th>Corriente de trabajo continua<\/th>\n<td>7,8 A<\/td>\n<\/tr>\n<tr>\n<th>Corriente de descarga en r\u00e1faga<\/th>\n<td>1,5 A<\/td>\n<\/tr>\n<tr>\n<th>M\u00e9todo de cobro<\/th>\n<td>CC\/CV (corriente constante\/voltaje constante)<\/td>\n<\/tr>\n<tr>\n<th>Peso<\/th>\n<td>1,5 kg<\/td>\n<\/tr>\n<tr>\n<th>Temperatura de funcionamiento (carga)<\/th>\n<td>0 \u00baC a 50 \u00baC<\/td>\n<\/tr>\n<tr>\n<th>Temperatura de funcionamiento (descarga)<\/th>\n<td>-20 \u00baC a 60 \u00baC<\/td>\n<\/tr>\n<tr>\n<th>Temperatura de almacenamiento<\/th>\n<td>-10 \u00baC a 40 \u00baC<\/td>\n<\/tr>\n<tr>\n<th>Ciclo de vida<\/th>\n<td>M\u00e1s de 500-800 ciclos (con una capacidad restante &gt;95%)<\/td>\n<\/tr>\n<tr>\n<th>Certificaci\u00f3n<\/th>\n<td>CE, RoHS, UN38.3, MSDS<\/td>\n<\/tr>\n<\/table>\n<h2>Caracter\u00edsticas principales<\/h2>\n<div class=\"features-grid\">\n<div class=\"feature-box\">\n      <strong>Larga vida \u00fatil<\/strong><br \/>\n      M\u00e1s de 500-800 ciclos de carga\/descarga, lo que garantiza un rendimiento fiable y duradero.\n    <\/div>\n<div class=\"feature-box\">\n      <strong>Tasa de descarga media<\/strong><br \/>\n      Adecuado para una amplia gama de aplicaciones, como luces LED, herramientas el\u00e9ctricas y veh\u00edculos el\u00e9ctricos.\n    <\/div>\n<div class=\"feature-box\">\n      <strong>Estable y seguro<\/strong><br \/>\n      El sistema de gesti\u00f3n de bater\u00eda (BMS) integrado garantiza la protecci\u00f3n contra sobrecargas, descargas excesivas y cortocircuitos.\n    <\/div>\n<div class=\"feature-box\">\n      <strong>Amplia gama de temperaturas<\/strong><br \/>\n      Puede funcionar eficazmente en temperaturas que oscilan entre -20 \u00baC y 60 \u00baC.\n    <\/div>\n<div class=\"feature-box\">\n      <strong>Personalizable<\/strong><br \/>\n      Capacidad y dimensiones personalizables para adaptarse a requisitos espec\u00edficos.\n    <\/div>\n<div class=\"feature-box\">\n      <strong>Ecol\u00f3gico<\/strong><br \/>\n      Cumple con las certificaciones CE, RoHS, UN38.3 y MSDS para un uso seguro y respetuoso con el medio ambiente.\n    <\/div>\n<\/p><\/div>\n<h2>Aplicaciones<\/h2>\n<ul>\n<li>L\u00e1mparas LED<\/li>\n<li>Herramientas el\u00e9ctricas<\/li>\n<li>Bicicletas el\u00e9ctricas<\/li>\n<li>Dispositivos GPS<\/li>\n<\/ul>\n<h2>\u00bfPor qu\u00e9 elegir nuestra bater\u00eda de 12 V y 6600 mAh?<\/h2>\n<ul>\n<li>Rendimiento fiable con m\u00e1s de 500-800 ciclos de carga.<\/li>\n<li>Opciones OEM\/ODM flexibles para satisfacer necesidades espec\u00edficas.<\/li>\n<li>Sistema robusto de gesti\u00f3n de bater\u00edas (BMS) para protecci\u00f3n<\/li>\n<li>Amplio rango de temperaturas de funcionamiento para una mayor versatilidad.<\/li>\n<li>Cumple con las certificaciones internacionales (CE, RoHS, UN38.3, MSDS).<\/li>\n<\/ul>\n<h2>Embalaje y env\u00edo<\/h2>\n<p>Ofrecemos embalajes est\u00e1ndar o personalizados seg\u00fan sus necesidades. Realizamos env\u00edos a todo el mundo, con opciones de entrega por v\u00eda a\u00e9rea o mar\u00edtima.<\/p>\n<h3>M\u00e9todos de env\u00edo<\/h3>\n<ul>\n<li>Pedidos de muestras: Env\u00edo a trav\u00e9s de UPS, DHL o FedEx (servicio puerta a puerta)<\/li>\n<li>Pedidos al por mayor: Env\u00edo por mar (plazo de entrega: 30-45 d\u00edas)<\/li>\n<\/ul>","protected":false},"excerpt":{"rendered":"<p>Bater\u00eda recargable de iones de litio 18650 de 12 V y 6600 mAh a precio de f\u00e1brica para luces LED, herramientas el\u00e9ctricas, bicicletas el\u00e9ctricas, GPS y otras aplicaciones. Fiable y duradera, con una vida \u00fatil de entre 500 y 800 ciclos.<\/p>","protected":false},"featured_media":2320,"comment_status":"open","ping_status":"closed","template":"","meta":{"_uag_custom_page_level_css":"","neve_meta_sidebar":"","neve_meta_container":"","neve_meta_enable_content_width":"off","neve_meta_content_width":100,"neve_meta_title_alignment":"","neve_meta_author_avatar":"","neve_post_elements_order":"","neve_meta_disable_header":"","neve_meta_disable_footer":"","neve_meta_disable_title":""},"product_brand":[],"product_cat":[53,43,55],"product_tag":[64,67,68],"class_list":{"0":"post-2317","1":"product","2":"type-product","3":"status-publish","4":"has-post-thumbnail","6":"product_cat-low-speed-electric-vehicle-battery","7":"product_cat-power-battery","8":"product_cat-scooter-battery","9":"product_tag-battery","10":"product_tag-eco","11":"product_tag-green","13":"first","14":"instock","15":"shipping-taxable","16":"product-type-simple"},"uagb_featured_image_src":{"full":["https:\/\/ecavix.com\/wp-content\/uploads\/2025\/07\/Factory-Price-Rechargeable-18650-Lithium-Ion-12V-6600mAh-Li-Ion-Battery-Pack-for-LED-Light-Power-Too-800-800-3.webp",550,550,false],"thumbnail":["https:\/\/ecavix.com\/wp-content\/uploads\/2025\/07\/Factory-Price-Rechargeable-18650-Lithium-Ion-12V-6600mAh-Li-Ion-Battery-Pack-for-LED-Light-Power-Too-800-800-3-150x150.webp",150,150,true],"medium":["https:\/\/ecavix.com\/wp-content\/uploads\/2025\/07\/Factory-Price-Rechargeable-18650-Lithium-Ion-12V-6600mAh-Li-Ion-Battery-Pack-for-LED-Light-Power-Too-800-800-3-300x300.webp",300,300,true],"medium_large":["https:\/\/ecavix.com\/wp-content\/uploads\/2025\/07\/Factory-Price-Rechargeable-18650-Lithium-Ion-12V-6600mAh-Li-Ion-Battery-Pack-for-LED-Light-Power-Too-800-800-3.webp",550,550,false],"large":["https:\/\/ecavix.com\/wp-content\/uploads\/2025\/07\/Factory-Price-Rechargeable-18650-Lithium-Ion-12V-6600mAh-Li-Ion-Battery-Pack-for-LED-Light-Power-Too-800-800-3.webp",550,550,false],"1536x1536":["https:\/\/ecavix.com\/wp-content\/uploads\/2025\/07\/Factory-Price-Rechargeable-18650-Lithium-Ion-12V-6600mAh-Li-Ion-Battery-Pack-for-LED-Light-Power-Too-800-800-3.webp",550,550,false],"2048x2048":["https:\/\/ecavix.com\/wp-content\/uploads\/2025\/07\/Factory-Price-Rechargeable-18650-Lithium-Ion-12V-6600mAh-Li-Ion-Battery-Pack-for-LED-Light-Power-Too-800-800-3.webp",550,550,false],"trp-custom-language-flag":["https:\/\/ecavix.com\/wp-content\/uploads\/2025\/07\/Factory-Price-Rechargeable-18650-Lithium-Ion-12V-6600mAh-Li-Ion-Battery-Pack-for-LED-Light-Power-Too-800-800-3.webp",12,12,false],"neve-blog":["https:\/\/ecavix.com\/wp-content\/uploads\/2025\/07\/Factory-Price-Rechargeable-18650-Lithium-Ion-12V-6600mAh-Li-Ion-Battery-Pack-for-LED-Light-Power-Too-800-800-3.webp",550,550,false],"woocommerce_thumbnail":["https:\/\/ecavix.com\/wp-content\/uploads\/2025\/07\/Factory-Price-Rechargeable-18650-Lithium-Ion-12V-6600mAh-Li-Ion-Battery-Pack-for-LED-Light-Power-Too-800-800-3-300x300.webp",300,300,true],"woocommerce_single":["https:\/\/ecavix.com\/wp-content\/uploads\/2025\/07\/Factory-Price-Rechargeable-18650-Lithium-Ion-12V-6600mAh-Li-Ion-Battery-Pack-for-LED-Light-Power-Too-800-800-3.webp",550,550,false],"woocommerce_gallery_thumbnail":["https:\/\/ecavix.com\/wp-content\/uploads\/2025\/07\/Factory-Price-Rechargeable-18650-Lithium-Ion-12V-6600mAh-Li-Ion-Battery-Pack-for-LED-Light-Power-Too-800-800-3-100x100.webp",100,100,true]},"uagb_author_info":{"display_name":"solvitaenergylimited@gmail.com","author_link":"https:\/\/ecavix.com\/es\/author\/"},"uagb_comment_info":0,"uagb_excerpt":"Factory price rechargeable 18650 lithium ion 12V 6600mAh battery pack for LED lights, power tools, E-bikes, GPS, and other applications. Reliable and durable with a cycle life of 500-800 times.","_links":{"self":[{"href":"https:\/\/ecavix.com\/es\/wp-json\/wp\/v2\/product\/2317","targetHints":{"allow":["GET"]}}],"collection":[{"href":"https:\/\/ecavix.com\/es\/wp-json\/wp\/v2\/product"}],"about":[{"href":"https:\/\/ecavix.com\/es\/wp-json\/wp\/v2\/types\/product"}],"replies":[{"embeddable":true,"href":"https:\/\/ecavix.com\/es\/wp-json\/wp\/v2\/comments?post=2317"}],"wp:featuredmedia":[{"embeddable":true,"href":"https:\/\/ecavix.com\/es\/wp-json\/wp\/v2\/media\/2320"}],"wp:attachment":[{"href":"https:\/\/ecavix.com\/es\/wp-json\/wp\/v2\/media?parent=2317"}],"wp:term":[{"taxonomy":"product_brand","embeddable":true,"href":"https:\/\/ecavix.com\/es\/wp-json\/wp\/v2\/product_brand?post=2317"},{"taxonomy":"product_cat","embeddable":true,"href":"https:\/\/ecavix.com\/es\/wp-json\/wp\/v2\/product_cat?post=2317"},{"taxonomy":"product_tag","embeddable":true,"href":"https:\/\/ecavix.com\/es\/wp-json\/wp\/v2\/product_tag?post=2317"}],"curies":[{"name":"wp","href":"https:\/\/api.w.org\/{rel}","templated":true}]}}